{"id":6560,"date":"2025-08-28T11:29:06","date_gmt":"2025-08-28T09:29:06","guid":{"rendered":"https:\/\/www.siprem.it\/?post_type=product&#038;p=6560"},"modified":"2025-08-28T17:21:24","modified_gmt":"2025-08-28T15:21:24","slug":"lance-de-lavage-barrique-avec-aspiration-simultanee-rotoklin-0-flex","status":"publish","type":"product","link":"https:\/\/www.siprem.it\/fr\/prodotto\/lance-de-lavage-barrique-avec-aspiration-simultanee-rotoklin-0-flex\/","title":{"rendered":"Lance de lavage Barrique avec aspiration simultan\u00e9e ROTOKLIN 0 FLEX"},"content":{"rendered":"<p data-start=\"1761\" data-end=\"1927\"><strong data-start=\"1761\" data-end=\"1823\">Lance de lavage avec aspiration simultan\u00e9e des eaux us\u00e9es.<\/strong><br data-start=\"1823\" data-end=\"1826\" \/>Mod\u00e8le Flex dot\u00e9 d\u2019un tuyau d\u2019aspiration flexible pour une utilisation dans des espaces restreints.<\/p>\n<p data-start=\"1929\" data-end=\"2357\">Permet le lavage des barriques avec de l\u2019eau chaude et\/ou froide sous pression sans qu\u2019il soit n\u00e9cessaire de les d\u00e9placer. Gr\u00e2ce \u00e0 l\u2019eau sous pression fournie par un nettoyeur haute pression standard et \u00e0 un syst\u00e8me d\u2019injection int\u00e9gr\u00e9 \u00e0 la machine, un effet de vide est cr\u00e9\u00e9, permettant l\u2019aspiration compl\u00e8te des eaux us\u00e9es (vanne ferm\u00e9e), ou le maintien d\u2019un faible niveau d\u2019eau \u00e0 l\u2019int\u00e9rieur de la barrique (vanne ouverte).<\/p>\n<ul data-start=\"2359\" data-end=\"2625\">\n<li data-start=\"2359\" data-end=\"2396\">\n<p data-start=\"2361\" data-end=\"2396\">Nettoyage interne efficace \u00e0 360\u00b0<\/p>\n<\/li>\n<li data-start=\"2397\" data-end=\"2456\">\n<p data-start=\"2399\" data-end=\"2456\">Adapt\u00e9 \u00e0 toutes les barriques avec trou de bonde &gt;37 mm<\/p>\n<\/li>\n<li data-start=\"2457\" data-end=\"2505\">\n<p data-start=\"2459\" data-end=\"2505\">Syst\u00e8me d\u2019aspiration int\u00e9gr\u00e9 pour eaux us\u00e9es<\/p>\n<\/li>\n<li data-start=\"2506\" data-end=\"2562\">\n<p data-start=\"2508\" data-end=\"2562\">Pas besoin de retourner la barrique pour le drainage<\/p>\n<\/li>\n<li data-start=\"2563\" data-end=\"2625\">\n<p data-start=\"2565\" data-end=\"2625\">Nettoyage avec tout nettoyeur haute pression professionnel<\/p>\n<\/li>\n<\/ul>\n","protected":false},"excerpt":{"rendered":"<p>TECME<\/p>\n","protected":false},"featured_media":6563,"template":"","meta":{"_acf_changed":false,"_et_pb_use_builder":"","_et_pb_old_content":"","_et_gb_content_width":""},"product_cat":[91],"product_tag":[],"class_list":{"0":"post-6560","1":"product","2":"type-product","3":"status-publish","4":"has-post-thumbnail","6":"product_cat-occasions","8":"first","9":"instock","10":"product-type-simple"},"acf":[],"yoast_head":"<!-- This site is optimized with the Yoast SEO plugin v22.4 - https:\/\/yoast.com\/wordpress\/plugins\/seo\/ -->\n<title>Lance de lavage Barrique avec aspiration simultan\u00e9e ROTOKLIN 0 FLEX - Impianti per la vinificazione - Siprem International Spa<\/title>\n<meta name=\"robots\" content=\"index, follow, max-snippet:-1, max-image-preview:large, max-video-preview:-1\" \/>\n<link rel=\"canonical\" href=\"https:\/\/www.siprem.it\/fr\/prodotto\/lance-de-lavage-barrique-avec-aspiration-simultanee-rotoklin-0-flex\/\" \/>\n<meta property=\"og:locale\" content=\"fr_FR\" \/>\n<meta property=\"og:type\" content=\"article\" \/>\n<meta property=\"og:title\" content=\"Lance de lavage Barrique avec aspiration simultan\u00e9e ROTOKLIN 0 FLEX - Impianti per la vinificazione - Siprem International Spa\" \/>\n<meta property=\"og:description\" content=\"TECME\" \/>\n<meta property=\"og:site_name\" content=\"Impianti per la vinificazione - Siprem International Spa\" \/>\n<meta property=\"article:modified_time\" content=\"2025-08-28T15:21:24+00:00\" \/>\n<meta property=\"og:image\" content=\"https:\/\/www.siprem.it\/wp-content\/uploads\/2025\/08\/Rotoklin0-rotated-1.jpeg\" \/>\n\t<meta property=\"og:image:width\" content=\"824\" \/>\n\t<meta property=\"og:image:height\" content=\"1600\" \/>\n\t<meta property=\"og:image:type\" content=\"image\/jpeg\" \/>\n<meta name=\"twitter:card\" content=\"summary_large_image\" \/>\n<meta name=\"twitter:label1\" content=\"Dur\u00e9e de lecture estim\u00e9e\" \/>\n\t<meta name=\"twitter:data1\" content=\"1 minute\" \/>\n<script type=\"application\/ld+json\" class=\"yoast-schema-graph\">{\"@context\":\"https:\/\/schema.org\",\"@graph\":[{\"@type\":\"WebPage\",\"@id\":\"https:\/\/www.siprem.it\/fr\/prodotto\/lance-de-lavage-barrique-avec-aspiration-simultanee-rotoklin-0-flex\/\",\"url\":\"https:\/\/www.siprem.it\/fr\/prodotto\/lance-de-lavage-barrique-avec-aspiration-simultanee-rotoklin-0-flex\/\",\"name\":\"Lance de lavage Barrique avec aspiration simultan\u00e9e ROTOKLIN 0 FLEX - Impianti per la vinificazione - Siprem International Spa\",\"isPartOf\":{\"@id\":\"https:\/\/www.siprem.it\/fr\/#website\"},\"primaryImageOfPage\":{\"@id\":\"https:\/\/www.siprem.it\/fr\/prodotto\/lance-de-lavage-barrique-avec-aspiration-simultanee-rotoklin-0-flex\/#primaryimage\"},\"image\":{\"@id\":\"https:\/\/www.siprem.it\/fr\/prodotto\/lance-de-lavage-barrique-avec-aspiration-simultanee-rotoklin-0-flex\/#primaryimage\"},\"thumbnailUrl\":\"https:\/\/www.siprem.it\/wp-content\/uploads\/2025\/08\/Rotoklin0-rotated-1.jpeg\",\"datePublished\":\"2025-08-28T09:29:06+00:00\",\"dateModified\":\"2025-08-28T15:21:24+00:00\",\"breadcrumb\":{\"@id\":\"https:\/\/www.siprem.it\/fr\/prodotto\/lance-de-lavage-barrique-avec-aspiration-simultanee-rotoklin-0-flex\/#breadcrumb\"},\"inLanguage\":\"fr-FR\",\"potentialAction\":[{\"@type\":\"ReadAction\",\"target\":[\"https:\/\/www.siprem.it\/fr\/prodotto\/lance-de-lavage-barrique-avec-aspiration-simultanee-rotoklin-0-flex\/\"]}]},{\"@type\":\"ImageObject\",\"inLanguage\":\"fr-FR\",\"@id\":\"https:\/\/www.siprem.it\/fr\/prodotto\/lance-de-lavage-barrique-avec-aspiration-simultanee-rotoklin-0-flex\/#primaryimage\",\"url\":\"https:\/\/www.siprem.it\/wp-content\/uploads\/2025\/08\/Rotoklin0-rotated-1.jpeg\",\"contentUrl\":\"https:\/\/www.siprem.it\/wp-content\/uploads\/2025\/08\/Rotoklin0-rotated-1.jpeg\",\"width\":824,\"height\":1600},{\"@type\":\"BreadcrumbList\",\"@id\":\"https:\/\/www.siprem.it\/fr\/prodotto\/lance-de-lavage-barrique-avec-aspiration-simultanee-rotoklin-0-flex\/#breadcrumb\",\"itemListElement\":[{\"@type\":\"ListItem\",\"position\":1,\"name\":\"Home\",\"item\":\"https:\/\/www.siprem.it\/fr\/\"},{\"@type\":\"ListItem\",\"position\":2,\"name\":\"Produits\",\"item\":\"https:\/\/www.siprem.it\/fr\/shop\/\"},{\"@type\":\"ListItem\",\"position\":3,\"name\":\"Lance de lavage Barrique avec aspiration simultan\u00e9e ROTOKLIN 0 FLEX\"}]},{\"@type\":\"WebSite\",\"@id\":\"https:\/\/www.siprem.it\/fr\/#website\",\"url\":\"https:\/\/www.siprem.it\/fr\/\",\"name\":\"Impianti per la vinificazione - Siprem International Spa\",\"description\":\"Pressatura Soffice per vini di qualit\u00e0\",\"publisher\":{\"@id\":\"https:\/\/www.siprem.it\/fr\/#organization\"},\"potentialAction\":[{\"@type\":\"SearchAction\",\"target\":{\"@type\":\"EntryPoint\",\"urlTemplate\":\"https:\/\/www.siprem.it\/fr\/?s={search_term_string}\"},\"query-input\":\"required name=search_term_string\"}],\"inLanguage\":\"fr-FR\"},{\"@type\":\"Organization\",\"@id\":\"https:\/\/www.siprem.it\/fr\/#organization\",\"name\":\"Impianti per la vinificazione - Siprem International Spa\",\"url\":\"https:\/\/www.siprem.it\/fr\/\",\"logo\":{\"@type\":\"ImageObject\",\"inLanguage\":\"fr-FR\",\"@id\":\"https:\/\/www.siprem.it\/fr\/#\/schema\/logo\/image\/\",\"url\":\"https:\/\/www.siprem.it\/wp-content\/uploads\/2023\/03\/LOGO_BACKEND2.png\",\"contentUrl\":\"https:\/\/www.siprem.it\/wp-content\/uploads\/2023\/03\/LOGO_BACKEND2.png\",\"width\":381,\"height\":167,\"caption\":\"Impianti per la vinificazione - Siprem International Spa\"},\"image\":{\"@id\":\"https:\/\/www.siprem.it\/fr\/#\/schema\/logo\/image\/\"},\"sameAs\":[\"https:\/\/www.youtube.com\/channel\/UCw84hI8aGt0-S-05oMK1Z2g\",\"https:\/\/www.linkedin.com\/company\/siprem-international-s.p.a\/\"]}]}<\/script>\n<!-- \/ Yoast SEO plugin. -->","yoast_head_json":{"title":"Lance de lavage Barrique avec aspiration simultan\u00e9e ROTOKLIN 0 FLEX - Impianti per la vinificazione - Siprem International Spa","robots":{"index":"index","follow":"follow","max-snippet":"max-snippet:-1","max-image-preview":"max-image-preview:large","max-video-preview":"max-video-preview:-1"},"canonical":"https:\/\/www.siprem.it\/fr\/prodotto\/lance-de-lavage-barrique-avec-aspiration-simultanee-rotoklin-0-flex\/","og_locale":"fr_FR","og_type":"article","og_title":"Lance de lavage Barrique avec aspiration simultan\u00e9e ROTOKLIN 0 FLEX - Impianti per la vinificazione - Siprem International Spa","og_description":"TECME","og_site_name":"Impianti per la vinificazione - Siprem International Spa","article_modified_time":"2025-08-28T15:21:24+00:00","og_image":[{"width":824,"height":1600,"url":"https:\/\/www.siprem.it\/wp-content\/uploads\/2025\/08\/Rotoklin0-rotated-1.jpeg","type":"image\/jpeg"}],"twitter_card":"summary_large_image","twitter_misc":{"Dur\u00e9e de lecture estim\u00e9e":"1 minute"},"schema":{"@context":"https:\/\/schema.org","@graph":[{"@type":"WebPage","@id":"https:\/\/www.siprem.it\/fr\/prodotto\/lance-de-lavage-barrique-avec-aspiration-simultanee-rotoklin-0-flex\/","url":"https:\/\/www.siprem.it\/fr\/prodotto\/lance-de-lavage-barrique-avec-aspiration-simultanee-rotoklin-0-flex\/","name":"Lance de lavage Barrique avec aspiration simultan\u00e9e ROTOKLIN 0 FLEX - Impianti per la vinificazione - Siprem International Spa","isPartOf":{"@id":"https:\/\/www.siprem.it\/fr\/#website"},"primaryImageOfPage":{"@id":"https:\/\/www.siprem.it\/fr\/prodotto\/lance-de-lavage-barrique-avec-aspiration-simultanee-rotoklin-0-flex\/#primaryimage"},"image":{"@id":"https:\/\/www.siprem.it\/fr\/prodotto\/lance-de-lavage-barrique-avec-aspiration-simultanee-rotoklin-0-flex\/#primaryimage"},"thumbnailUrl":"https:\/\/www.siprem.it\/wp-content\/uploads\/2025\/08\/Rotoklin0-rotated-1.jpeg","datePublished":"2025-08-28T09:29:06+00:00","dateModified":"2025-08-28T15:21:24+00:00","breadcrumb":{"@id":"https:\/\/www.siprem.it\/fr\/prodotto\/lance-de-lavage-barrique-avec-aspiration-simultanee-rotoklin-0-flex\/#breadcrumb"},"inLanguage":"fr-FR","potentialAction":[{"@type":"ReadAction","target":["https:\/\/www.siprem.it\/fr\/prodotto\/lance-de-lavage-barrique-avec-aspiration-simultanee-rotoklin-0-flex\/"]}]},{"@type":"ImageObject","inLanguage":"fr-FR","@id":"https:\/\/www.siprem.it\/fr\/prodotto\/lance-de-lavage-barrique-avec-aspiration-simultanee-rotoklin-0-flex\/#primaryimage","url":"https:\/\/www.siprem.it\/wp-content\/uploads\/2025\/08\/Rotoklin0-rotated-1.jpeg","contentUrl":"https:\/\/www.siprem.it\/wp-content\/uploads\/2025\/08\/Rotoklin0-rotated-1.jpeg","width":824,"height":1600},{"@type":"BreadcrumbList","@id":"https:\/\/www.siprem.it\/fr\/prodotto\/lance-de-lavage-barrique-avec-aspiration-simultanee-rotoklin-0-flex\/#breadcrumb","itemListElement":[{"@type":"ListItem","position":1,"name":"Home","item":"https:\/\/www.siprem.it\/fr\/"},{"@type":"ListItem","position":2,"name":"Produits","item":"https:\/\/www.siprem.it\/fr\/shop\/"},{"@type":"ListItem","position":3,"name":"Lance de lavage Barrique avec aspiration simultan\u00e9e ROTOKLIN 0 FLEX"}]},{"@type":"WebSite","@id":"https:\/\/www.siprem.it\/fr\/#website","url":"https:\/\/www.siprem.it\/fr\/","name":"Impianti per la vinificazione - Siprem International Spa","description":"Pressatura Soffice per vini di qualit\u00e0","publisher":{"@id":"https:\/\/www.siprem.it\/fr\/#organization"},"potentialAction":[{"@type":"SearchAction","target":{"@type":"EntryPoint","urlTemplate":"https:\/\/www.siprem.it\/fr\/?s={search_term_string}"},"query-input":"required name=search_term_string"}],"inLanguage":"fr-FR"},{"@type":"Organization","@id":"https:\/\/www.siprem.it\/fr\/#organization","name":"Impianti per la vinificazione - Siprem International Spa","url":"https:\/\/www.siprem.it\/fr\/","logo":{"@type":"ImageObject","inLanguage":"fr-FR","@id":"https:\/\/www.siprem.it\/fr\/#\/schema\/logo\/image\/","url":"https:\/\/www.siprem.it\/wp-content\/uploads\/2023\/03\/LOGO_BACKEND2.png","contentUrl":"https:\/\/www.siprem.it\/wp-content\/uploads\/2023\/03\/LOGO_BACKEND2.png","width":381,"height":167,"caption":"Impianti per la vinificazione - Siprem International Spa"},"image":{"@id":"https:\/\/www.siprem.it\/fr\/#\/schema\/logo\/image\/"},"sameAs":["https:\/\/www.youtube.com\/channel\/UCw84hI8aGt0-S-05oMK1Z2g","https:\/\/www.linkedin.com\/company\/siprem-international-s.p.a\/"]}]}},"_links":{"self":[{"href":"https:\/\/www.siprem.it\/fr\/wp-json\/wp\/v2\/product\/6560","targetHints":{"allow":["GET"]}}],"collection":[{"href":"https:\/\/www.siprem.it\/fr\/wp-json\/wp\/v2\/product"}],"about":[{"href":"https:\/\/www.siprem.it\/fr\/wp-json\/wp\/v2\/types\/product"}],"wp:featuredmedia":[{"embeddable":true,"href":"https:\/\/www.siprem.it\/fr\/wp-json\/wp\/v2\/media\/6563"}],"wp:attachment":[{"href":"https:\/\/www.siprem.it\/fr\/wp-json\/wp\/v2\/media?parent=6560"}],"wp:term":[{"taxonomy":"product_cat","embeddable":true,"href":"https:\/\/www.siprem.it\/fr\/wp-json\/wp\/v2\/product_cat?post=6560"},{"taxonomy":"product_tag","embeddable":true,"href":"https:\/\/www.siprem.it\/fr\/wp-json\/wp\/v2\/product_tag?post=6560"}],"curies":[{"name":"wp","href":"https:\/\/api.w.org\/{rel}","templated":true}]}}