{"id":6531,"date":"2025-08-28T10:26:33","date_gmt":"2025-08-28T08:26:33","guid":{"rendered":"https:\/\/www.siprem.it\/?post_type=product&#038;p=6531"},"modified":"2025-08-28T10:38:27","modified_gmt":"2025-08-28T08:38:27","slug":"lave-caisses-lp-simplex","status":"publish","type":"product","link":"https:\/\/www.siprem.it\/fr\/prodotto\/lave-caisses-lp-simplex\/","title":{"rendered":"N. 2 lave-caisses, mod\u00e8le LP Simplex"},"content":{"rendered":"<p data-start=\"2126\" data-end=\"2342\">N. 2 lave-caisses, mod\u00e8le LP Simplex, r\u00e9alis\u00e9s avec des panneaux en poly\u00e9thyl\u00e8ne PE500 thermosoud\u00e9s, renforc\u00e9s ext\u00e9rieurement par un ch\u00e2ssis en acier inoxydable AISI 304, mont\u00e9s sur un chariot \u00e0 4 roues pivotantes.<\/p>\n<p data-start=\"2344\" data-end=\"2402\">Le circuit de lavage, en circuit ferm\u00e9, est compos\u00e9 de :<\/p>\n<ul data-start=\"2403\" data-end=\"2978\">\n<li data-start=\"2403\" data-end=\"2487\">\n<p data-start=\"2405\" data-end=\"2487\">un r\u00e9servoir d\u2019eau int\u00e9gr\u00e9 \u00e0 la structure, \u00e9quip\u00e9 d\u2019un embout de vidange totale.<\/p>\n<\/li>\n<li data-start=\"2488\" data-end=\"2588\">\n<p data-start=\"2490\" data-end=\"2588\">une pompe centrifuge avec roue en acier inoxydable, entra\u00een\u00e9e par un moteur \u00e9lectrique triphas\u00e9.<\/p>\n<\/li>\n<li data-start=\"2589\" data-end=\"2832\">\n<p data-start=\"2591\" data-end=\"2832\">un collecteur de raccordement et 8 tubes dispos\u00e9s parall\u00e8lement aux guides de glissement des caisses ; les tubes sont pourvus de fentes qui g\u00e9n\u00e8rent des jets d\u2019eau pour laver efficacement aussi bien l\u2019int\u00e9rieur que l\u2019ext\u00e9rieur des caisses.<\/p>\n<\/li>\n<li data-start=\"2833\" data-end=\"2978\">\n<p data-start=\"2835\" data-end=\"2978\">un tiroir avec grille d\u2019\u00e9gouttage, \u00e0 travers lequel l\u2019eau retombe dans le r\u00e9servoir de r\u00e9tention tandis que les r\u00e9sidus solides sont retenus.<\/p>\n<\/li>\n<\/ul>\n<p data-start=\"2980\" data-end=\"3083\">Groupe avec cha\u00eene de translation des caisses, complet avec moteur et variateur m\u00e9canique de vitesse.<\/p>\n","protected":false},"excerpt":{"rendered":"<p>TECME<\/p>\n","protected":false},"featured_media":6534,"template":"","meta":{"_acf_changed":false,"_et_pb_use_builder":"","_et_pb_old_content":"","_et_gb_content_width":""},"product_cat":[91],"product_tag":[],"class_list":{"0":"post-6531","1":"product","2":"type-product","3":"status-publish","4":"has-post-thumbnail","6":"product_cat-occasions","8":"first","9":"instock","10":"product-type-simple"},"acf":[],"yoast_head":"<!-- This site is optimized with the Yoast SEO plugin v22.4 - https:\/\/yoast.com\/wordpress\/plugins\/seo\/ -->\n<title>N. 2 lave-caisses, mod\u00e8le LP Simplex - Impianti per la vinificazione - Siprem International Spa<\/title>\n<meta name=\"robots\" content=\"index, follow, max-snippet:-1, max-image-preview:large, max-video-preview:-1\" \/>\n<link rel=\"canonical\" href=\"https:\/\/www.siprem.it\/fr\/prodotto\/lave-caisses-lp-simplex\/\" \/>\n<meta property=\"og:locale\" content=\"fr_FR\" \/>\n<meta property=\"og:type\" content=\"article\" \/>\n<meta property=\"og:title\" content=\"N. 2 lave-caisses, mod\u00e8le LP Simplex - Impianti per la vinificazione - Siprem International Spa\" \/>\n<meta property=\"og:description\" content=\"TECME\" \/>\n<meta property=\"og:site_name\" content=\"Impianti per la vinificazione - Siprem International Spa\" \/>\n<meta property=\"article:modified_time\" content=\"2025-08-28T08:38:27+00:00\" \/>\n<meta property=\"og:image\" content=\"https:\/\/www.siprem.it\/wp-content\/uploads\/2025\/08\/Lp-Simplex.jpg\" \/>\n\t<meta property=\"og:image:width\" content=\"640\" \/>\n\t<meta property=\"og:image:height\" content=\"480\" \/>\n\t<meta property=\"og:image:type\" content=\"image\/jpeg\" \/>\n<meta name=\"twitter:card\" content=\"summary_large_image\" \/>\n<meta name=\"twitter:label1\" content=\"Dur\u00e9e de lecture estim\u00e9e\" \/>\n\t<meta name=\"twitter:data1\" content=\"1 minute\" \/>\n<script type=\"application\/ld+json\" class=\"yoast-schema-graph\">{\"@context\":\"https:\/\/schema.org\",\"@graph\":[{\"@type\":\"WebPage\",\"@id\":\"https:\/\/www.siprem.it\/fr\/prodotto\/lave-caisses-lp-simplex\/\",\"url\":\"https:\/\/www.siprem.it\/fr\/prodotto\/lave-caisses-lp-simplex\/\",\"name\":\"N. 2 lave-caisses, mod\u00e8le LP Simplex - Impianti per la vinificazione - Siprem International Spa\",\"isPartOf\":{\"@id\":\"https:\/\/www.siprem.it\/fr\/#website\"},\"primaryImageOfPage\":{\"@id\":\"https:\/\/www.siprem.it\/fr\/prodotto\/lave-caisses-lp-simplex\/#primaryimage\"},\"image\":{\"@id\":\"https:\/\/www.siprem.it\/fr\/prodotto\/lave-caisses-lp-simplex\/#primaryimage\"},\"thumbnailUrl\":\"https:\/\/www.siprem.it\/wp-content\/uploads\/2025\/08\/Lp-Simplex.jpg\",\"datePublished\":\"2025-08-28T08:26:33+00:00\",\"dateModified\":\"2025-08-28T08:38:27+00:00\",\"breadcrumb\":{\"@id\":\"https:\/\/www.siprem.it\/fr\/prodotto\/lave-caisses-lp-simplex\/#breadcrumb\"},\"inLanguage\":\"fr-FR\",\"potentialAction\":[{\"@type\":\"ReadAction\",\"target\":[\"https:\/\/www.siprem.it\/fr\/prodotto\/lave-caisses-lp-simplex\/\"]}]},{\"@type\":\"ImageObject\",\"inLanguage\":\"fr-FR\",\"@id\":\"https:\/\/www.siprem.it\/fr\/prodotto\/lave-caisses-lp-simplex\/#primaryimage\",\"url\":\"https:\/\/www.siprem.it\/wp-content\/uploads\/2025\/08\/Lp-Simplex.jpg\",\"contentUrl\":\"https:\/\/www.siprem.it\/wp-content\/uploads\/2025\/08\/Lp-Simplex.jpg\",\"width\":640,\"height\":480},{\"@type\":\"BreadcrumbList\",\"@id\":\"https:\/\/www.siprem.it\/fr\/prodotto\/lave-caisses-lp-simplex\/#breadcrumb\",\"itemListElement\":[{\"@type\":\"ListItem\",\"position\":1,\"name\":\"Home\",\"item\":\"https:\/\/www.siprem.it\/fr\/\"},{\"@type\":\"ListItem\",\"position\":2,\"name\":\"Produits\",\"item\":\"https:\/\/www.siprem.it\/fr\/shop\/\"},{\"@type\":\"ListItem\",\"position\":3,\"name\":\"N. 2 lave-caisses, mod\u00e8le LP Simplex\"}]},{\"@type\":\"WebSite\",\"@id\":\"https:\/\/www.siprem.it\/fr\/#website\",\"url\":\"https:\/\/www.siprem.it\/fr\/\",\"name\":\"Impianti per la vinificazione - Siprem International Spa\",\"description\":\"Pressatura Soffice per vini di qualit\u00e0\",\"publisher\":{\"@id\":\"https:\/\/www.siprem.it\/fr\/#organization\"},\"potentialAction\":[{\"@type\":\"SearchAction\",\"target\":{\"@type\":\"EntryPoint\",\"urlTemplate\":\"https:\/\/www.siprem.it\/fr\/?s={search_term_string}\"},\"query-input\":\"required name=search_term_string\"}],\"inLanguage\":\"fr-FR\"},{\"@type\":\"Organization\",\"@id\":\"https:\/\/www.siprem.it\/fr\/#organization\",\"name\":\"Impianti per la vinificazione - Siprem International Spa\",\"url\":\"https:\/\/www.siprem.it\/fr\/\",\"logo\":{\"@type\":\"ImageObject\",\"inLanguage\":\"fr-FR\",\"@id\":\"https:\/\/www.siprem.it\/fr\/#\/schema\/logo\/image\/\",\"url\":\"https:\/\/www.siprem.it\/wp-content\/uploads\/2023\/03\/LOGO_BACKEND2.png\",\"contentUrl\":\"https:\/\/www.siprem.it\/wp-content\/uploads\/2023\/03\/LOGO_BACKEND2.png\",\"width\":381,\"height\":167,\"caption\":\"Impianti per la vinificazione - Siprem International Spa\"},\"image\":{\"@id\":\"https:\/\/www.siprem.it\/fr\/#\/schema\/logo\/image\/\"},\"sameAs\":[\"https:\/\/www.youtube.com\/channel\/UCw84hI8aGt0-S-05oMK1Z2g\",\"https:\/\/www.linkedin.com\/company\/siprem-international-s.p.a\/\"]}]}<\/script>\n<!-- \/ Yoast SEO plugin. -->","yoast_head_json":{"title":"N. 2 lave-caisses, mod\u00e8le LP Simplex - Impianti per la vinificazione - Siprem International Spa","robots":{"index":"index","follow":"follow","max-snippet":"max-snippet:-1","max-image-preview":"max-image-preview:large","max-video-preview":"max-video-preview:-1"},"canonical":"https:\/\/www.siprem.it\/fr\/prodotto\/lave-caisses-lp-simplex\/","og_locale":"fr_FR","og_type":"article","og_title":"N. 2 lave-caisses, mod\u00e8le LP Simplex - Impianti per la vinificazione - Siprem International Spa","og_description":"TECME","og_site_name":"Impianti per la vinificazione - Siprem International Spa","article_modified_time":"2025-08-28T08:38:27+00:00","og_image":[{"width":640,"height":480,"url":"https:\/\/www.siprem.it\/wp-content\/uploads\/2025\/08\/Lp-Simplex.jpg","type":"image\/jpeg"}],"twitter_card":"summary_large_image","twitter_misc":{"Dur\u00e9e de lecture estim\u00e9e":"1 minute"},"schema":{"@context":"https:\/\/schema.org","@graph":[{"@type":"WebPage","@id":"https:\/\/www.siprem.it\/fr\/prodotto\/lave-caisses-lp-simplex\/","url":"https:\/\/www.siprem.it\/fr\/prodotto\/lave-caisses-lp-simplex\/","name":"N. 2 lave-caisses, mod\u00e8le LP Simplex - Impianti per la vinificazione - Siprem International Spa","isPartOf":{"@id":"https:\/\/www.siprem.it\/fr\/#website"},"primaryImageOfPage":{"@id":"https:\/\/www.siprem.it\/fr\/prodotto\/lave-caisses-lp-simplex\/#primaryimage"},"image":{"@id":"https:\/\/www.siprem.it\/fr\/prodotto\/lave-caisses-lp-simplex\/#primaryimage"},"thumbnailUrl":"https:\/\/www.siprem.it\/wp-content\/uploads\/2025\/08\/Lp-Simplex.jpg","datePublished":"2025-08-28T08:26:33+00:00","dateModified":"2025-08-28T08:38:27+00:00","breadcrumb":{"@id":"https:\/\/www.siprem.it\/fr\/prodotto\/lave-caisses-lp-simplex\/#breadcrumb"},"inLanguage":"fr-FR","potentialAction":[{"@type":"ReadAction","target":["https:\/\/www.siprem.it\/fr\/prodotto\/lave-caisses-lp-simplex\/"]}]},{"@type":"ImageObject","inLanguage":"fr-FR","@id":"https:\/\/www.siprem.it\/fr\/prodotto\/lave-caisses-lp-simplex\/#primaryimage","url":"https:\/\/www.siprem.it\/wp-content\/uploads\/2025\/08\/Lp-Simplex.jpg","contentUrl":"https:\/\/www.siprem.it\/wp-content\/uploads\/2025\/08\/Lp-Simplex.jpg","width":640,"height":480},{"@type":"BreadcrumbList","@id":"https:\/\/www.siprem.it\/fr\/prodotto\/lave-caisses-lp-simplex\/#breadcrumb","itemListElement":[{"@type":"ListItem","position":1,"name":"Home","item":"https:\/\/www.siprem.it\/fr\/"},{"@type":"ListItem","position":2,"name":"Produits","item":"https:\/\/www.siprem.it\/fr\/shop\/"},{"@type":"ListItem","position":3,"name":"N. 2 lave-caisses, mod\u00e8le LP Simplex"}]},{"@type":"WebSite","@id":"https:\/\/www.siprem.it\/fr\/#website","url":"https:\/\/www.siprem.it\/fr\/","name":"Impianti per la vinificazione - Siprem International Spa","description":"Pressatura Soffice per vini di qualit\u00e0","publisher":{"@id":"https:\/\/www.siprem.it\/fr\/#organization"},"potentialAction":[{"@type":"SearchAction","target":{"@type":"EntryPoint","urlTemplate":"https:\/\/www.siprem.it\/fr\/?s={search_term_string}"},"query-input":"required name=search_term_string"}],"inLanguage":"fr-FR"},{"@type":"Organization","@id":"https:\/\/www.siprem.it\/fr\/#organization","name":"Impianti per la vinificazione - Siprem International Spa","url":"https:\/\/www.siprem.it\/fr\/","logo":{"@type":"ImageObject","inLanguage":"fr-FR","@id":"https:\/\/www.siprem.it\/fr\/#\/schema\/logo\/image\/","url":"https:\/\/www.siprem.it\/wp-content\/uploads\/2023\/03\/LOGO_BACKEND2.png","contentUrl":"https:\/\/www.siprem.it\/wp-content\/uploads\/2023\/03\/LOGO_BACKEND2.png","width":381,"height":167,"caption":"Impianti per la vinificazione - Siprem International Spa"},"image":{"@id":"https:\/\/www.siprem.it\/fr\/#\/schema\/logo\/image\/"},"sameAs":["https:\/\/www.youtube.com\/channel\/UCw84hI8aGt0-S-05oMK1Z2g","https:\/\/www.linkedin.com\/company\/siprem-international-s.p.a\/"]}]}},"_links":{"self":[{"href":"https:\/\/www.siprem.it\/fr\/wp-json\/wp\/v2\/product\/6531","targetHints":{"allow":["GET"]}}],"collection":[{"href":"https:\/\/www.siprem.it\/fr\/wp-json\/wp\/v2\/product"}],"about":[{"href":"https:\/\/www.siprem.it\/fr\/wp-json\/wp\/v2\/types\/product"}],"wp:featuredmedia":[{"embeddable":true,"href":"https:\/\/www.siprem.it\/fr\/wp-json\/wp\/v2\/media\/6534"}],"wp:attachment":[{"href":"https:\/\/www.siprem.it\/fr\/wp-json\/wp\/v2\/media?parent=6531"}],"wp:term":[{"taxonomy":"product_cat","embeddable":true,"href":"https:\/\/www.siprem.it\/fr\/wp-json\/wp\/v2\/product_cat?post=6531"},{"taxonomy":"product_tag","embeddable":true,"href":"https:\/\/www.siprem.it\/fr\/wp-json\/wp\/v2\/product_tag?post=6531"}],"curies":[{"name":"wp","href":"https:\/\/api.w.org\/{rel}","templated":true}]}}