{"id":6518,"date":"2023-07-10T12:46:52","date_gmt":"2023-07-10T10:46:52","guid":{"rendered":"https:\/\/www.siprem.it\/?post_type=product&#038;p=6518"},"modified":"2025-08-26T12:53:19","modified_gmt":"2025-08-26T10:53:19","slug":"vacuum-system-omnia-presse-sous-vide","status":"publish","type":"product","link":"https:\/\/www.siprem.it\/fr\/prodotto\/vacuum-system-omnia-presse-sous-vide\/","title":{"rendered":"VACUUM SYSTEM OMNIA \u2013 PRESSE SOUS VIDE"},"content":{"rendered":"<p data-start=\"840\" data-end=\"1296\">La <strong data-start=\"843\" data-end=\"883\">presse sous vide VACUUM SYSTEM OMNIA<\/strong> est un syst\u00e8me brevet\u00e9 qui permet de s\u00e9parer le jus gr\u00e2ce \u00e0 un processus de pressage sous d\u00e9pression. En \u00e9liminant l\u2019air \u00e0 l\u2019int\u00e9rieur de la cuve avant le d\u00e9marrage du traitement, elle pr\u00e9serve au maximum les caract\u00e9ristiques organoleptiques tout au long du cycle de travail, conservant les ar\u00f4mes, les saveurs et la typicit\u00e9 naturelle des produits, ce qui n\u2019est pas possible avec d\u2019autres machines similaires.<\/p>\n<p data-start=\"1298\" data-end=\"1524\">\u00c0 l\u2019int\u00e9rieur de la cuve, deux membranes de pressage de qualit\u00e9 alimentaire compressent doucement le fruit vers la zone centrale o\u00f9 se trouvent les \u00e9l\u00e9ments de drainage, permettant une extraction efficace et d\u00e9licate du jus.<\/p>\n<p data-start=\"1526\" data-end=\"1880\">Gr\u00e2ce \u00e0 sa <strong data-start=\"1537\" data-end=\"1568\">technologie r\u00e9volutionnaire<\/strong>, l\u2019Omnia est une presse sous vide innovante capable de traiter une large gamme de fruits \u00e0 pulpe tendre et de baies (pommes, kiwis, m\u00fbres, grenades, fruits des bois, etc.). La combinaison du pressage sous vide et de la possibilit\u00e9 d\u2019inertiser la chambre de pressage garantit des jus de qualit\u00e9 exceptionnelle.<\/p>\n<p data-start=\"1882\" data-end=\"2045\">Polyvalente et unique, la <strong data-start=\"1908\" data-end=\"1931\">Omnia Vacuum System<\/strong> r\u00e9pond aux exigences des producteurs les plus exigeants, en offrant des jus de fruits de la plus haute qualit\u00e9.<\/p>\n<p data-start=\"840\" data-end=\"1296\">\n","protected":false},"excerpt":{"rendered":"<h3 data-start=\"124\" data-end=\"177\"><strong data-start=\"128\" data-end=\"175\">LA SEULE PRESSE AU MONDE QUI NE S\u2019OXYDE PAS<\/strong><\/h3>\n<ul>\n<li data-start=\"181\" data-end=\"297\">Capable de traiter une large gamme de fruits \u00e0 pulpe tendre et de baies (baies, grenade, pomme, poire, kiwi, etc.)<\/li>\n<li data-start=\"300\" data-end=\"336\">Qualit\u00e9 sup\u00e9rieure des jus obtenus<\/li>\n<li data-start=\"339\" data-end=\"407\">Double membrane de pressage interne en PVC alimentaire non toxique<\/li>\n<li data-start=\"410\" data-end=\"492\">Profils de drainage r\u00e9alis\u00e9s avec ressort conique porteur et manchette filtrante<\/li>\n<li data-start=\"495\" data-end=\"523\">Cycles de pressage rapides<\/li>\n<li data-start=\"526\" data-end=\"605\">\u00c9l\u00e9ments de drainage l\u00e9gers et facilement amovibles pour un nettoyage complet<\/li>\n<li data-start=\"608\" data-end=\"783\">Fonctionnalit\u00e9 de r\u00e9alit\u00e9 augment\u00e9e permettant \u00e0 l\u2019op\u00e9rateur d\u2019acc\u00e9der \u00e0 des informations d\u00e9taill\u00e9es (vues \u00e9clat\u00e9es, sch\u00e9mas \u00e9lectriques, vid\u00e9os) pour un diagnostic efficace<\/li>\n<\/ul>\n","protected":false},"featured_media":2899,"template":"","meta":{"_acf_changed":false,"_et_pb_use_builder":"off","_et_pb_old_content":"","_et_gb_content_width":""},"product_cat":[127,71],"product_tag":[75],"class_list":{"0":"post-6518","1":"product","2":"type-product","3":"status-publish","4":"has-post-thumbnail","6":"product_cat-fruit-fr","7":"product_cat-pressurage","8":"product_tag-dati-fr","10":"first","11":"instock","12":"shipping-taxable","13":"product-type-simple"},"acf":[],"yoast_head":"<!-- This site is optimized with the Yoast SEO plugin v22.4 - https:\/\/yoast.com\/wordpress\/plugins\/seo\/ -->\n<title>VACUUM SYSTEM OMNIA \u2013 PRESSE SOUS VIDE - Impianti per la vinificazione - Siprem International Spa<\/title>\n<meta name=\"robots\" content=\"index, follow, max-snippet:-1, max-image-preview:large, max-video-preview:-1\" \/>\n<link rel=\"canonical\" href=\"https:\/\/www.siprem.it\/fr\/prodotto\/vacuum-system-omnia-presse-sous-vide\/\" \/>\n<meta property=\"og:locale\" content=\"fr_FR\" \/>\n<meta property=\"og:type\" content=\"article\" \/>\n<meta property=\"og:title\" content=\"VACUUM SYSTEM OMNIA \u2013 PRESSE SOUS VIDE - Impianti per la vinificazione - Siprem International Spa\" \/>\n<meta property=\"og:description\" content=\"LA SEULE PRESSE AU MONDE QUI NE S\u2019OXYDE PAS   Capable de traiter une large gamme de fruits \u00e0 pulpe tendre et de baies (baies, grenade, pomme, poire, kiwi, etc.)  Qualit\u00e9 sup\u00e9rieure des jus obtenus  Double membrane de pressage interne en PVC alimentaire non toxique  Profils de drainage r\u00e9alis\u00e9s avec ressort conique porteur et manchette filtrante  Cycles de pressage rapides  \u00c9l\u00e9ments de drainage l\u00e9gers et facilement amovibles pour un nettoyage complet  Fonctionnalit\u00e9 de r\u00e9alit\u00e9 augment\u00e9e permettant \u00e0 l\u2019op\u00e9rateur d\u2019acc\u00e9der \u00e0 des informations d\u00e9taill\u00e9es (vues \u00e9clat\u00e9es, sch\u00e9mas \u00e9lectriques, vid\u00e9os) pour un diagnostic efficace\" \/>\n<meta property=\"og:site_name\" content=\"Impianti per la vinificazione - Siprem International Spa\" \/>\n<meta property=\"article:modified_time\" content=\"2025-08-26T10:53:19+00:00\" \/>\n<meta property=\"og:image\" content=\"https:\/\/www.siprem.it\/wp-content\/uploads\/2023\/07\/DSF9896x.jpg\" \/>\n\t<meta property=\"og:image:width\" content=\"1542\" \/>\n\t<meta property=\"og:image:height\" content=\"2048\" \/>\n\t<meta property=\"og:image:type\" content=\"image\/jpeg\" \/>\n<meta name=\"twitter:card\" content=\"summary_large_image\" \/>\n<meta name=\"twitter:label1\" content=\"Dur\u00e9e de lecture estim\u00e9e\" \/>\n\t<meta name=\"twitter:data1\" content=\"2 minutes\" \/>\n<script type=\"application\/ld+json\" class=\"yoast-schema-graph\">{\"@context\":\"https:\/\/schema.org\",\"@graph\":[{\"@type\":\"WebPage\",\"@id\":\"https:\/\/www.siprem.it\/fr\/prodotto\/vacuum-system-omnia-presse-sous-vide\/\",\"url\":\"https:\/\/www.siprem.it\/fr\/prodotto\/vacuum-system-omnia-presse-sous-vide\/\",\"name\":\"VACUUM SYSTEM OMNIA \u2013 PRESSE SOUS VIDE - Impianti per la vinificazione - Siprem International Spa\",\"isPartOf\":{\"@id\":\"https:\/\/www.siprem.it\/fr\/#website\"},\"primaryImageOfPage\":{\"@id\":\"https:\/\/www.siprem.it\/fr\/prodotto\/vacuum-system-omnia-presse-sous-vide\/#primaryimage\"},\"image\":{\"@id\":\"https:\/\/www.siprem.it\/fr\/prodotto\/vacuum-system-omnia-presse-sous-vide\/#primaryimage\"},\"thumbnailUrl\":\"https:\/\/www.siprem.it\/wp-content\/uploads\/2023\/07\/DSF9896x.jpg\",\"datePublished\":\"2023-07-10T10:46:52+00:00\",\"dateModified\":\"2025-08-26T10:53:19+00:00\",\"breadcrumb\":{\"@id\":\"https:\/\/www.siprem.it\/fr\/prodotto\/vacuum-system-omnia-presse-sous-vide\/#breadcrumb\"},\"inLanguage\":\"fr-FR\",\"potentialAction\":[{\"@type\":\"ReadAction\",\"target\":[\"https:\/\/www.siprem.it\/fr\/prodotto\/vacuum-system-omnia-presse-sous-vide\/\"]}]},{\"@type\":\"ImageObject\",\"inLanguage\":\"fr-FR\",\"@id\":\"https:\/\/www.siprem.it\/fr\/prodotto\/vacuum-system-omnia-presse-sous-vide\/#primaryimage\",\"url\":\"https:\/\/www.siprem.it\/wp-content\/uploads\/2023\/07\/DSF9896x.jpg\",\"contentUrl\":\"https:\/\/www.siprem.it\/wp-content\/uploads\/2023\/07\/DSF9896x.jpg\",\"width\":1542,\"height\":2048},{\"@type\":\"BreadcrumbList\",\"@id\":\"https:\/\/www.siprem.it\/fr\/prodotto\/vacuum-system-omnia-presse-sous-vide\/#breadcrumb\",\"itemListElement\":[{\"@type\":\"ListItem\",\"position\":1,\"name\":\"Home\",\"item\":\"https:\/\/www.siprem.it\/fr\/\"},{\"@type\":\"ListItem\",\"position\":2,\"name\":\"Produits\",\"item\":\"https:\/\/www.siprem.it\/fr\/shop\/\"},{\"@type\":\"ListItem\",\"position\":3,\"name\":\"VACUUM SYSTEM OMNIA \u2013 PRESSE SOUS VIDE\"}]},{\"@type\":\"WebSite\",\"@id\":\"https:\/\/www.siprem.it\/fr\/#website\",\"url\":\"https:\/\/www.siprem.it\/fr\/\",\"name\":\"Impianti per la vinificazione - Siprem International Spa\",\"description\":\"Pressatura Soffice per vini di qualit\u00e0\",\"publisher\":{\"@id\":\"https:\/\/www.siprem.it\/fr\/#organization\"},\"potentialAction\":[{\"@type\":\"SearchAction\",\"target\":{\"@type\":\"EntryPoint\",\"urlTemplate\":\"https:\/\/www.siprem.it\/fr\/?s={search_term_string}\"},\"query-input\":\"required name=search_term_string\"}],\"inLanguage\":\"fr-FR\"},{\"@type\":\"Organization\",\"@id\":\"https:\/\/www.siprem.it\/fr\/#organization\",\"name\":\"Impianti per la vinificazione - Siprem International Spa\",\"url\":\"https:\/\/www.siprem.it\/fr\/\",\"logo\":{\"@type\":\"ImageObject\",\"inLanguage\":\"fr-FR\",\"@id\":\"https:\/\/www.siprem.it\/fr\/#\/schema\/logo\/image\/\",\"url\":\"https:\/\/www.siprem.it\/wp-content\/uploads\/2023\/03\/LOGO_BACKEND2.png\",\"contentUrl\":\"https:\/\/www.siprem.it\/wp-content\/uploads\/2023\/03\/LOGO_BACKEND2.png\",\"width\":381,\"height\":167,\"caption\":\"Impianti per la vinificazione - Siprem International Spa\"},\"image\":{\"@id\":\"https:\/\/www.siprem.it\/fr\/#\/schema\/logo\/image\/\"},\"sameAs\":[\"https:\/\/www.youtube.com\/channel\/UCw84hI8aGt0-S-05oMK1Z2g\",\"https:\/\/www.linkedin.com\/company\/siprem-international-s.p.a\/\"]}]}<\/script>\n<!-- \/ Yoast SEO plugin. -->","yoast_head_json":{"title":"VACUUM SYSTEM OMNIA \u2013 PRESSE SOUS VIDE - Impianti per la vinificazione - Siprem International Spa","robots":{"index":"index","follow":"follow","max-snippet":"max-snippet:-1","max-image-preview":"max-image-preview:large","max-video-preview":"max-video-preview:-1"},"canonical":"https:\/\/www.siprem.it\/fr\/prodotto\/vacuum-system-omnia-presse-sous-vide\/","og_locale":"fr_FR","og_type":"article","og_title":"VACUUM SYSTEM OMNIA \u2013 PRESSE SOUS VIDE - Impianti per la vinificazione - Siprem International Spa","og_description":"LA SEULE PRESSE AU MONDE QUI NE S\u2019OXYDE PAS   Capable de traiter une large gamme de fruits \u00e0 pulpe tendre et de baies (baies, grenade, pomme, poire, kiwi, etc.)  Qualit\u00e9 sup\u00e9rieure des jus obtenus  Double membrane de pressage interne en PVC alimentaire non toxique  Profils de drainage r\u00e9alis\u00e9s avec ressort conique porteur et manchette filtrante  Cycles de pressage rapides  \u00c9l\u00e9ments de drainage l\u00e9gers et facilement amovibles pour un nettoyage complet  Fonctionnalit\u00e9 de r\u00e9alit\u00e9 augment\u00e9e permettant \u00e0 l\u2019op\u00e9rateur d\u2019acc\u00e9der \u00e0 des informations d\u00e9taill\u00e9es (vues \u00e9clat\u00e9es, sch\u00e9mas \u00e9lectriques, vid\u00e9os) pour un diagnostic efficace","og_site_name":"Impianti per la vinificazione - Siprem International Spa","article_modified_time":"2025-08-26T10:53:19+00:00","og_image":[{"width":1542,"height":2048,"url":"https:\/\/www.siprem.it\/wp-content\/uploads\/2023\/07\/DSF9896x.jpg","type":"image\/jpeg"}],"twitter_card":"summary_large_image","twitter_misc":{"Dur\u00e9e de lecture estim\u00e9e":"2 minutes"},"schema":{"@context":"https:\/\/schema.org","@graph":[{"@type":"WebPage","@id":"https:\/\/www.siprem.it\/fr\/prodotto\/vacuum-system-omnia-presse-sous-vide\/","url":"https:\/\/www.siprem.it\/fr\/prodotto\/vacuum-system-omnia-presse-sous-vide\/","name":"VACUUM SYSTEM OMNIA \u2013 PRESSE SOUS VIDE - Impianti per la vinificazione - Siprem International Spa","isPartOf":{"@id":"https:\/\/www.siprem.it\/fr\/#website"},"primaryImageOfPage":{"@id":"https:\/\/www.siprem.it\/fr\/prodotto\/vacuum-system-omnia-presse-sous-vide\/#primaryimage"},"image":{"@id":"https:\/\/www.siprem.it\/fr\/prodotto\/vacuum-system-omnia-presse-sous-vide\/#primaryimage"},"thumbnailUrl":"https:\/\/www.siprem.it\/wp-content\/uploads\/2023\/07\/DSF9896x.jpg","datePublished":"2023-07-10T10:46:52+00:00","dateModified":"2025-08-26T10:53:19+00:00","breadcrumb":{"@id":"https:\/\/www.siprem.it\/fr\/prodotto\/vacuum-system-omnia-presse-sous-vide\/#breadcrumb"},"inLanguage":"fr-FR","potentialAction":[{"@type":"ReadAction","target":["https:\/\/www.siprem.it\/fr\/prodotto\/vacuum-system-omnia-presse-sous-vide\/"]}]},{"@type":"ImageObject","inLanguage":"fr-FR","@id":"https:\/\/www.siprem.it\/fr\/prodotto\/vacuum-system-omnia-presse-sous-vide\/#primaryimage","url":"https:\/\/www.siprem.it\/wp-content\/uploads\/2023\/07\/DSF9896x.jpg","contentUrl":"https:\/\/www.siprem.it\/wp-content\/uploads\/2023\/07\/DSF9896x.jpg","width":1542,"height":2048},{"@type":"BreadcrumbList","@id":"https:\/\/www.siprem.it\/fr\/prodotto\/vacuum-system-omnia-presse-sous-vide\/#breadcrumb","itemListElement":[{"@type":"ListItem","position":1,"name":"Home","item":"https:\/\/www.siprem.it\/fr\/"},{"@type":"ListItem","position":2,"name":"Produits","item":"https:\/\/www.siprem.it\/fr\/shop\/"},{"@type":"ListItem","position":3,"name":"VACUUM SYSTEM OMNIA \u2013 PRESSE SOUS VIDE"}]},{"@type":"WebSite","@id":"https:\/\/www.siprem.it\/fr\/#website","url":"https:\/\/www.siprem.it\/fr\/","name":"Impianti per la vinificazione - Siprem International Spa","description":"Pressatura Soffice per vini di qualit\u00e0","publisher":{"@id":"https:\/\/www.siprem.it\/fr\/#organization"},"potentialAction":[{"@type":"SearchAction","target":{"@type":"EntryPoint","urlTemplate":"https:\/\/www.siprem.it\/fr\/?s={search_term_string}"},"query-input":"required name=search_term_string"}],"inLanguage":"fr-FR"},{"@type":"Organization","@id":"https:\/\/www.siprem.it\/fr\/#organization","name":"Impianti per la vinificazione - Siprem International Spa","url":"https:\/\/www.siprem.it\/fr\/","logo":{"@type":"ImageObject","inLanguage":"fr-FR","@id":"https:\/\/www.siprem.it\/fr\/#\/schema\/logo\/image\/","url":"https:\/\/www.siprem.it\/wp-content\/uploads\/2023\/03\/LOGO_BACKEND2.png","contentUrl":"https:\/\/www.siprem.it\/wp-content\/uploads\/2023\/03\/LOGO_BACKEND2.png","width":381,"height":167,"caption":"Impianti per la vinificazione - Siprem International Spa"},"image":{"@id":"https:\/\/www.siprem.it\/fr\/#\/schema\/logo\/image\/"},"sameAs":["https:\/\/www.youtube.com\/channel\/UCw84hI8aGt0-S-05oMK1Z2g","https:\/\/www.linkedin.com\/company\/siprem-international-s.p.a\/"]}]}},"_links":{"self":[{"href":"https:\/\/www.siprem.it\/fr\/wp-json\/wp\/v2\/product\/6518","targetHints":{"allow":["GET"]}}],"collection":[{"href":"https:\/\/www.siprem.it\/fr\/wp-json\/wp\/v2\/product"}],"about":[{"href":"https:\/\/www.siprem.it\/fr\/wp-json\/wp\/v2\/types\/product"}],"wp:featuredmedia":[{"embeddable":true,"href":"https:\/\/www.siprem.it\/fr\/wp-json\/wp\/v2\/media\/2899"}],"wp:attachment":[{"href":"https:\/\/www.siprem.it\/fr\/wp-json\/wp\/v2\/media?parent=6518"}],"wp:term":[{"taxonomy":"product_cat","embeddable":true,"href":"https:\/\/www.siprem.it\/fr\/wp-json\/wp\/v2\/product_cat?post=6518"},{"taxonomy":"product_tag","embeddable":true,"href":"https:\/\/www.siprem.it\/fr\/wp-json\/wp\/v2\/product_tag?post=6518"}],"curies":[{"name":"wp","href":"https:\/\/api.w.org\/{rel}","templated":true}]}}