{"id":6495,"date":"2023-07-05T13:11:42","date_gmt":"2023-07-05T11:11:42","guid":{"rendered":"https:\/\/www.siprem.it\/?post_type=product&#038;p=6495"},"modified":"2025-08-08T17:10:35","modified_gmt":"2025-08-08T15:10:35","slug":"pompe-volumetrique-m60-a-roue-en-caoutchouc","status":"publish","type":"product","link":"https:\/\/www.siprem.it\/fr\/prodotto\/pompe-volumetrique-m60-a-roue-en-caoutchouc\/","title":{"rendered":"POMPE VOLUM\u00c9TRIQUE M60 \u00e0 roue en caoutchouc"},"content":{"rendered":"<hr data-start=\"33\" data-end=\"36\" \/>\n<p data-start=\"38\" data-end=\"74\">Mont\u00e9e sur chariot et \u00e9quip\u00e9e de :<\/p>\n<ul data-start=\"75\" data-end=\"229\">\n<li data-start=\"75\" data-end=\"125\">\n<p data-start=\"77\" data-end=\"125\">variateur de fr\u00e9quence et t\u00e9l\u00e9commande filaire<\/p>\n<\/li>\n<li data-start=\"126\" data-end=\"146\">\n<p data-start=\"128\" data-end=\"146\">Puissance 2,2 kW<\/p>\n<\/li>\n<li data-start=\"147\" data-end=\"170\">\n<p data-start=\"149\" data-end=\"170\">D\u00e9bit 12 &#8211; 200 hl\/h<\/p>\n<\/li>\n<li data-start=\"171\" data-end=\"229\">\n<p data-start=\"173\" data-end=\"229\">Raccords DIN65 avec porte-tuyau<br data-start=\"204\" data-end=\"207\" \/>380 V 3 phases 50 Hz<\/p>\n<\/li>\n<\/ul>\n","protected":false},"excerpt":{"rendered":"<p>Mont\u00e9e sur chariot et \u00e9quip\u00e9e de : variateur de fr\u00e9quence et t\u00e9l\u00e9commande filaire Puissance 2,2 kW D\u00e9bit 12 &#8211; 200 hl\/h Raccords DIN65 avec porte-tuyau380 V 3 phases 50 Hz<\/p>\n","protected":false},"featured_media":2781,"template":"","meta":{"_acf_changed":false,"_et_pb_use_builder":"","_et_pb_old_content":"","_et_gb_content_width":""},"product_cat":[91],"product_tag":[],"class_list":{"0":"post-6495","1":"product","2":"type-product","3":"status-publish","4":"has-post-thumbnail","6":"product_cat-occasions","8":"first","9":"instock","10":"product-type-simple"},"acf":[],"yoast_head":"<!-- This site is optimized with the Yoast SEO plugin v22.4 - https:\/\/yoast.com\/wordpress\/plugins\/seo\/ -->\n<title>POMPE VOLUM\u00c9TRIQUE M60 \u00e0 roue en caoutchouc - Impianti per la vinificazione - Siprem International Spa<\/title>\n<meta name=\"robots\" content=\"index, follow, max-snippet:-1, max-image-preview:large, max-video-preview:-1\" \/>\n<link rel=\"canonical\" href=\"https:\/\/www.siprem.it\/fr\/prodotto\/pompe-volumetrique-m60-a-roue-en-caoutchouc\/\" \/>\n<meta property=\"og:locale\" content=\"fr_FR\" \/>\n<meta property=\"og:type\" content=\"article\" \/>\n<meta property=\"og:title\" content=\"POMPE VOLUM\u00c9TRIQUE M60 \u00e0 roue en caoutchouc - Impianti per la vinificazione - Siprem International Spa\" \/>\n<meta property=\"og:description\" content=\"Mont\u00e9e sur chariot et \u00e9quip\u00e9e de : variateur de fr\u00e9quence et t\u00e9l\u00e9commande filaire Puissance 2,2 kW D\u00e9bit 12 &#8211; 200 hl\/h Raccords DIN65 avec porte-tuyau380 V 3 phases 50 Hz\" \/>\n<meta property=\"og:site_name\" content=\"Impianti per la vinificazione - Siprem International Spa\" \/>\n<meta property=\"article:modified_time\" content=\"2025-08-08T15:10:35+00:00\" \/>\n<meta property=\"og:image\" content=\"https:\/\/www.siprem.it\/wp-content\/uploads\/2023\/03\/LOGO_BACKEND2.png\" \/>\n\t<meta property=\"og:image:width\" content=\"381\" \/>\n\t<meta property=\"og:image:height\" content=\"167\" \/>\n\t<meta property=\"og:image:type\" content=\"image\/png\" \/>\n<meta name=\"twitter:card\" content=\"summary_large_image\" \/>\n<script type=\"application\/ld+json\" class=\"yoast-schema-graph\">{\"@context\":\"https:\/\/schema.org\",\"@graph\":[{\"@type\":\"WebPage\",\"@id\":\"https:\/\/www.siprem.it\/fr\/prodotto\/pompe-volumetrique-m60-a-roue-en-caoutchouc\/\",\"url\":\"https:\/\/www.siprem.it\/fr\/prodotto\/pompe-volumetrique-m60-a-roue-en-caoutchouc\/\",\"name\":\"POMPE VOLUM\u00c9TRIQUE M60 \u00e0 roue en caoutchouc - Impianti per la vinificazione - Siprem International Spa\",\"isPartOf\":{\"@id\":\"https:\/\/www.siprem.it\/fr\/#website\"},\"primaryImageOfPage\":{\"@id\":\"https:\/\/www.siprem.it\/fr\/prodotto\/pompe-volumetrique-m60-a-roue-en-caoutchouc\/#primaryimage\"},\"image\":{\"@id\":\"https:\/\/www.siprem.it\/fr\/prodotto\/pompe-volumetrique-m60-a-roue-en-caoutchouc\/#primaryimage\"},\"thumbnailUrl\":\"https:\/\/www.siprem.it\/wp-content\/uploads\/2023\/07\/siprem-thumbnail.jpg\",\"datePublished\":\"2023-07-05T11:11:42+00:00\",\"dateModified\":\"2025-08-08T15:10:35+00:00\",\"breadcrumb\":{\"@id\":\"https:\/\/www.siprem.it\/fr\/prodotto\/pompe-volumetrique-m60-a-roue-en-caoutchouc\/#breadcrumb\"},\"inLanguage\":\"fr-FR\",\"potentialAction\":[{\"@type\":\"ReadAction\",\"target\":[\"https:\/\/www.siprem.it\/fr\/prodotto\/pompe-volumetrique-m60-a-roue-en-caoutchouc\/\"]}]},{\"@type\":\"ImageObject\",\"inLanguage\":\"fr-FR\",\"@id\":\"https:\/\/www.siprem.it\/fr\/prodotto\/pompe-volumetrique-m60-a-roue-en-caoutchouc\/#primaryimage\",\"url\":\"https:\/\/www.siprem.it\/wp-content\/uploads\/2023\/07\/siprem-thumbnail.jpg\",\"contentUrl\":\"https:\/\/www.siprem.it\/wp-content\/uploads\/2023\/07\/siprem-thumbnail.jpg\",\"width\":1920,\"height\":1080},{\"@type\":\"BreadcrumbList\",\"@id\":\"https:\/\/www.siprem.it\/fr\/prodotto\/pompe-volumetrique-m60-a-roue-en-caoutchouc\/#breadcrumb\",\"itemListElement\":[{\"@type\":\"ListItem\",\"position\":1,\"name\":\"Home\",\"item\":\"https:\/\/www.siprem.it\/fr\/\"},{\"@type\":\"ListItem\",\"position\":2,\"name\":\"Produits\",\"item\":\"https:\/\/www.siprem.it\/fr\/shop\/\"},{\"@type\":\"ListItem\",\"position\":3,\"name\":\"POMPE VOLUM\u00c9TRIQUE M60 \u00e0 roue en caoutchouc\"}]},{\"@type\":\"WebSite\",\"@id\":\"https:\/\/www.siprem.it\/fr\/#website\",\"url\":\"https:\/\/www.siprem.it\/fr\/\",\"name\":\"Impianti per la vinificazione - Siprem International Spa\",\"description\":\"Pressatura Soffice per vini di qualit\u00e0\",\"publisher\":{\"@id\":\"https:\/\/www.siprem.it\/fr\/#organization\"},\"potentialAction\":[{\"@type\":\"SearchAction\",\"target\":{\"@type\":\"EntryPoint\",\"urlTemplate\":\"https:\/\/www.siprem.it\/fr\/?s={search_term_string}\"},\"query-input\":\"required name=search_term_string\"}],\"inLanguage\":\"fr-FR\"},{\"@type\":\"Organization\",\"@id\":\"https:\/\/www.siprem.it\/fr\/#organization\",\"name\":\"Impianti per la vinificazione - Siprem International Spa\",\"url\":\"https:\/\/www.siprem.it\/fr\/\",\"logo\":{\"@type\":\"ImageObject\",\"inLanguage\":\"fr-FR\",\"@id\":\"https:\/\/www.siprem.it\/fr\/#\/schema\/logo\/image\/\",\"url\":\"https:\/\/www.siprem.it\/wp-content\/uploads\/2023\/03\/LOGO_BACKEND2.png\",\"contentUrl\":\"https:\/\/www.siprem.it\/wp-content\/uploads\/2023\/03\/LOGO_BACKEND2.png\",\"width\":381,\"height\":167,\"caption\":\"Impianti per la vinificazione - Siprem International Spa\"},\"image\":{\"@id\":\"https:\/\/www.siprem.it\/fr\/#\/schema\/logo\/image\/\"},\"sameAs\":[\"https:\/\/www.youtube.com\/channel\/UCw84hI8aGt0-S-05oMK1Z2g\",\"https:\/\/www.linkedin.com\/company\/siprem-international-s.p.a\/\"]}]}<\/script>\n<!-- \/ Yoast SEO plugin. -->","yoast_head_json":{"title":"POMPE VOLUM\u00c9TRIQUE M60 \u00e0 roue en caoutchouc - Impianti per la vinificazione - Siprem International Spa","robots":{"index":"index","follow":"follow","max-snippet":"max-snippet:-1","max-image-preview":"max-image-preview:large","max-video-preview":"max-video-preview:-1"},"canonical":"https:\/\/www.siprem.it\/fr\/prodotto\/pompe-volumetrique-m60-a-roue-en-caoutchouc\/","og_locale":"fr_FR","og_type":"article","og_title":"POMPE VOLUM\u00c9TRIQUE M60 \u00e0 roue en caoutchouc - Impianti per la vinificazione - Siprem International Spa","og_description":"Mont\u00e9e sur chariot et \u00e9quip\u00e9e de : variateur de fr\u00e9quence et t\u00e9l\u00e9commande filaire Puissance 2,2 kW D\u00e9bit 12 &#8211; 200 hl\/h Raccords DIN65 avec porte-tuyau380 V 3 phases 50 Hz","og_site_name":"Impianti per la vinificazione - Siprem International Spa","article_modified_time":"2025-08-08T15:10:35+00:00","og_image":[{"width":381,"height":167,"url":"https:\/\/www.siprem.it\/wp-content\/uploads\/2023\/03\/LOGO_BACKEND2.png","type":"image\/png"}],"twitter_card":"summary_large_image","schema":{"@context":"https:\/\/schema.org","@graph":[{"@type":"WebPage","@id":"https:\/\/www.siprem.it\/fr\/prodotto\/pompe-volumetrique-m60-a-roue-en-caoutchouc\/","url":"https:\/\/www.siprem.it\/fr\/prodotto\/pompe-volumetrique-m60-a-roue-en-caoutchouc\/","name":"POMPE VOLUM\u00c9TRIQUE M60 \u00e0 roue en caoutchouc - Impianti per la vinificazione - Siprem International Spa","isPartOf":{"@id":"https:\/\/www.siprem.it\/fr\/#website"},"primaryImageOfPage":{"@id":"https:\/\/www.siprem.it\/fr\/prodotto\/pompe-volumetrique-m60-a-roue-en-caoutchouc\/#primaryimage"},"image":{"@id":"https:\/\/www.siprem.it\/fr\/prodotto\/pompe-volumetrique-m60-a-roue-en-caoutchouc\/#primaryimage"},"thumbnailUrl":"https:\/\/www.siprem.it\/wp-content\/uploads\/2023\/07\/siprem-thumbnail.jpg","datePublished":"2023-07-05T11:11:42+00:00","dateModified":"2025-08-08T15:10:35+00:00","breadcrumb":{"@id":"https:\/\/www.siprem.it\/fr\/prodotto\/pompe-volumetrique-m60-a-roue-en-caoutchouc\/#breadcrumb"},"inLanguage":"fr-FR","potentialAction":[{"@type":"ReadAction","target":["https:\/\/www.siprem.it\/fr\/prodotto\/pompe-volumetrique-m60-a-roue-en-caoutchouc\/"]}]},{"@type":"ImageObject","inLanguage":"fr-FR","@id":"https:\/\/www.siprem.it\/fr\/prodotto\/pompe-volumetrique-m60-a-roue-en-caoutchouc\/#primaryimage","url":"https:\/\/www.siprem.it\/wp-content\/uploads\/2023\/07\/siprem-thumbnail.jpg","contentUrl":"https:\/\/www.siprem.it\/wp-content\/uploads\/2023\/07\/siprem-thumbnail.jpg","width":1920,"height":1080},{"@type":"BreadcrumbList","@id":"https:\/\/www.siprem.it\/fr\/prodotto\/pompe-volumetrique-m60-a-roue-en-caoutchouc\/#breadcrumb","itemListElement":[{"@type":"ListItem","position":1,"name":"Home","item":"https:\/\/www.siprem.it\/fr\/"},{"@type":"ListItem","position":2,"name":"Produits","item":"https:\/\/www.siprem.it\/fr\/shop\/"},{"@type":"ListItem","position":3,"name":"POMPE VOLUM\u00c9TRIQUE M60 \u00e0 roue en caoutchouc"}]},{"@type":"WebSite","@id":"https:\/\/www.siprem.it\/fr\/#website","url":"https:\/\/www.siprem.it\/fr\/","name":"Impianti per la vinificazione - Siprem International Spa","description":"Pressatura Soffice per vini di qualit\u00e0","publisher":{"@id":"https:\/\/www.siprem.it\/fr\/#organization"},"potentialAction":[{"@type":"SearchAction","target":{"@type":"EntryPoint","urlTemplate":"https:\/\/www.siprem.it\/fr\/?s={search_term_string}"},"query-input":"required name=search_term_string"}],"inLanguage":"fr-FR"},{"@type":"Organization","@id":"https:\/\/www.siprem.it\/fr\/#organization","name":"Impianti per la vinificazione - Siprem International Spa","url":"https:\/\/www.siprem.it\/fr\/","logo":{"@type":"ImageObject","inLanguage":"fr-FR","@id":"https:\/\/www.siprem.it\/fr\/#\/schema\/logo\/image\/","url":"https:\/\/www.siprem.it\/wp-content\/uploads\/2023\/03\/LOGO_BACKEND2.png","contentUrl":"https:\/\/www.siprem.it\/wp-content\/uploads\/2023\/03\/LOGO_BACKEND2.png","width":381,"height":167,"caption":"Impianti per la vinificazione - Siprem International Spa"},"image":{"@id":"https:\/\/www.siprem.it\/fr\/#\/schema\/logo\/image\/"},"sameAs":["https:\/\/www.youtube.com\/channel\/UCw84hI8aGt0-S-05oMK1Z2g","https:\/\/www.linkedin.com\/company\/siprem-international-s.p.a\/"]}]}},"_links":{"self":[{"href":"https:\/\/www.siprem.it\/fr\/wp-json\/wp\/v2\/product\/6495","targetHints":{"allow":["GET"]}}],"collection":[{"href":"https:\/\/www.siprem.it\/fr\/wp-json\/wp\/v2\/product"}],"about":[{"href":"https:\/\/www.siprem.it\/fr\/wp-json\/wp\/v2\/types\/product"}],"wp:featuredmedia":[{"embeddable":true,"href":"https:\/\/www.siprem.it\/fr\/wp-json\/wp\/v2\/media\/2781"}],"wp:attachment":[{"href":"https:\/\/www.siprem.it\/fr\/wp-json\/wp\/v2\/media?parent=6495"}],"wp:term":[{"taxonomy":"product_cat","embeddable":true,"href":"https:\/\/www.siprem.it\/fr\/wp-json\/wp\/v2\/product_cat?post=6495"},{"taxonomy":"product_tag","embeddable":true,"href":"https:\/\/www.siprem.it\/fr\/wp-json\/wp\/v2\/product_tag?post=6495"}],"curies":[{"name":"wp","href":"https:\/\/api.w.org\/{rel}","templated":true}]}}