{"id":6487,"date":"2023-07-05T13:11:42","date_gmt":"2023-07-05T11:11:42","guid":{"rendered":"https:\/\/www.siprem.it\/?post_type=product&#038;p=6487"},"modified":"2025-08-08T16:43:36","modified_gmt":"2025-08-08T14:43:36","slug":"lignes-continues-degouttage-pressage-o780800-remise-a-neuf","status":"publish","type":"product","link":"https:\/\/www.siprem.it\/fr\/prodotto\/lignes-continues-degouttage-pressage-o780800-remise-a-neuf\/","title":{"rendered":"Lignes continues d\u2019\u00e9gouttage-pressage  \u00d8780+800 REMISE \u00c0 NEUF"},"content":{"rendered":"<p data-start=\"48\" data-end=\"94\"><strong data-start=\"48\" data-end=\"94\">LIGNE DE D\u00c9GRAPPAGE-PRESSAGE COMPOS\u00c9E DE :<\/strong><\/p>\n<p data-start=\"96\" data-end=\"112\"><strong data-start=\"96\" data-end=\"112\">presse \u00d8 800<\/strong><\/p>\n<ul data-start=\"114\" data-end=\"376\">\n<li data-start=\"114\" data-end=\"127\">\n<p data-start=\"116\" data-end=\"127\">m\u00e9canique<\/p>\n<\/li>\n<li data-start=\"128\" data-end=\"170\">\n<p data-start=\"130\" data-end=\"170\">transmission par variateur et courroie<\/p>\n<\/li>\n<li data-start=\"171\" data-end=\"206\">\n<p data-start=\"173\" data-end=\"206\">cage \u00e9toile en acier inoxydable<\/p>\n<\/li>\n<li data-start=\"207\" data-end=\"253\">\n<p data-start=\"209\" data-end=\"253\">cage de fond et lattes en acier inoxydable<\/p>\n<\/li>\n<li data-start=\"254\" data-end=\"274\">\n<p data-start=\"256\" data-end=\"274\">cerclages en fer<\/p>\n<\/li>\n<li data-start=\"275\" data-end=\"305\">\n<p data-start=\"277\" data-end=\"305\">h\u00e9lice en acier inoxydable<\/p>\n<\/li>\n<li data-start=\"306\" data-end=\"334\">\n<p data-start=\"308\" data-end=\"334\">croix de Malte en bronze<\/p>\n<\/li>\n<li data-start=\"335\" data-end=\"376\">\n<p data-start=\"337\" data-end=\"376\">carter et tr\u00e9mies en acier inoxydable<\/p>\n<\/li>\n<\/ul>\n<p data-start=\"378\" data-end=\"398\"><strong data-start=\"378\" data-end=\"398\">d\u00e9grappoir \u00d8 780<\/strong><\/p>\n<ul data-start=\"400\" data-end=\"562\">\n<li data-start=\"400\" data-end=\"419\">\n<p data-start=\"402\" data-end=\"419\">h\u00e9lice en acier<\/p>\n<\/li>\n<li data-start=\"420\" data-end=\"461\">\n<p data-start=\"422\" data-end=\"461\">carter et tr\u00e9mies en acier inoxydable<\/p>\n<\/li>\n<li data-start=\"462\" data-end=\"495\">\n<p data-start=\"464\" data-end=\"495\">perfor\u00e9es en acier inoxydable<\/p>\n<\/li>\n<li data-start=\"496\" data-end=\"527\">\n<p data-start=\"498\" data-end=\"527\">nouveau tableau de commande<\/p>\n<\/li>\n<li data-start=\"528\" data-end=\"562\">\n<p data-start=\"530\" data-end=\"562\">ligne r\u00e9vis\u00e9e et remise \u00e0 neuf<\/p>\n<\/li>\n<\/ul>\n","protected":false},"excerpt":{"rendered":"<p>LIGNE DE D\u00c9GRAPPAGE-PRESSAGE COMPOS\u00c9E DE : presse \u00d8 800 m\u00e9canique transmission par variateur et courroie cage \u00e9toile en acier inoxydable cage de fond et lattes en acier inoxydable cerclages en fer h\u00e9lice en acier inoxydable croix de Malte en bronze carter et tr\u00e9mies en acier inoxydable d\u00e9grappoir \u00d8 780 h\u00e9lice en acier carter et tr\u00e9mies [&hellip;]<\/p>\n","protected":false},"featured_media":2781,"template":"","meta":{"_acf_changed":false,"_et_pb_use_builder":"","_et_pb_old_content":"","_et_gb_content_width":""},"product_cat":[91],"product_tag":[],"class_list":{"0":"post-6487","1":"product","2":"type-product","3":"status-publish","4":"has-post-thumbnail","6":"product_cat-occasions","8":"first","9":"instock","10":"product-type-simple"},"acf":[],"yoast_head":"<!-- This site is optimized with the Yoast SEO plugin v22.4 - https:\/\/yoast.com\/wordpress\/plugins\/seo\/ -->\n<title>Lignes continues d\u2019\u00e9gouttage-pressage \u00d8780+800 REMISE \u00c0 NEUF - Impianti per la vinificazione - Siprem International Spa<\/title>\n<meta name=\"robots\" content=\"index, follow, max-snippet:-1, max-image-preview:large, max-video-preview:-1\" \/>\n<link rel=\"canonical\" href=\"https:\/\/www.siprem.it\/fr\/prodotto\/lignes-continues-degouttage-pressage-o780800-remise-a-neuf\/\" \/>\n<meta property=\"og:locale\" content=\"fr_FR\" \/>\n<meta property=\"og:type\" content=\"article\" \/>\n<meta property=\"og:title\" content=\"Lignes continues d\u2019\u00e9gouttage-pressage \u00d8780+800 REMISE \u00c0 NEUF - Impianti per la vinificazione - Siprem International Spa\" \/>\n<meta property=\"og:description\" content=\"LIGNE DE D\u00c9GRAPPAGE-PRESSAGE COMPOS\u00c9E DE : presse \u00d8 800 m\u00e9canique transmission par variateur et courroie cage \u00e9toile en acier inoxydable cage de fond et lattes en acier inoxydable cerclages en fer h\u00e9lice en acier inoxydable croix de Malte en bronze carter et tr\u00e9mies en acier inoxydable d\u00e9grappoir \u00d8 780 h\u00e9lice en acier carter et tr\u00e9mies [&hellip;]\" \/>\n<meta property=\"og:site_name\" content=\"Impianti per la vinificazione - Siprem International Spa\" \/>\n<meta property=\"article:modified_time\" content=\"2025-08-08T14:43:36+00:00\" \/>\n<meta property=\"og:image\" content=\"https:\/\/www.siprem.it\/wp-content\/uploads\/2023\/03\/LOGO_BACKEND2.png\" \/>\n\t<meta property=\"og:image:width\" content=\"381\" \/>\n\t<meta property=\"og:image:height\" content=\"167\" \/>\n\t<meta property=\"og:image:type\" content=\"image\/png\" \/>\n<meta name=\"twitter:card\" content=\"summary_large_image\" \/>\n<meta name=\"twitter:label1\" content=\"Dur\u00e9e de lecture estim\u00e9e\" \/>\n\t<meta name=\"twitter:data1\" content=\"1 minute\" \/>\n<script type=\"application\/ld+json\" class=\"yoast-schema-graph\">{\"@context\":\"https:\/\/schema.org\",\"@graph\":[{\"@type\":\"WebPage\",\"@id\":\"https:\/\/www.siprem.it\/fr\/prodotto\/lignes-continues-degouttage-pressage-o780800-remise-a-neuf\/\",\"url\":\"https:\/\/www.siprem.it\/fr\/prodotto\/lignes-continues-degouttage-pressage-o780800-remise-a-neuf\/\",\"name\":\"Lignes continues d\u2019\u00e9gouttage-pressage \u00d8780+800 REMISE \u00c0 NEUF - Impianti per la vinificazione - Siprem International Spa\",\"isPartOf\":{\"@id\":\"https:\/\/www.siprem.it\/fr\/#website\"},\"primaryImageOfPage\":{\"@id\":\"https:\/\/www.siprem.it\/fr\/prodotto\/lignes-continues-degouttage-pressage-o780800-remise-a-neuf\/#primaryimage\"},\"image\":{\"@id\":\"https:\/\/www.siprem.it\/fr\/prodotto\/lignes-continues-degouttage-pressage-o780800-remise-a-neuf\/#primaryimage\"},\"thumbnailUrl\":\"https:\/\/www.siprem.it\/wp-content\/uploads\/2023\/07\/siprem-thumbnail.jpg\",\"datePublished\":\"2023-07-05T11:11:42+00:00\",\"dateModified\":\"2025-08-08T14:43:36+00:00\",\"breadcrumb\":{\"@id\":\"https:\/\/www.siprem.it\/fr\/prodotto\/lignes-continues-degouttage-pressage-o780800-remise-a-neuf\/#breadcrumb\"},\"inLanguage\":\"fr-FR\",\"potentialAction\":[{\"@type\":\"ReadAction\",\"target\":[\"https:\/\/www.siprem.it\/fr\/prodotto\/lignes-continues-degouttage-pressage-o780800-remise-a-neuf\/\"]}]},{\"@type\":\"ImageObject\",\"inLanguage\":\"fr-FR\",\"@id\":\"https:\/\/www.siprem.it\/fr\/prodotto\/lignes-continues-degouttage-pressage-o780800-remise-a-neuf\/#primaryimage\",\"url\":\"https:\/\/www.siprem.it\/wp-content\/uploads\/2023\/07\/siprem-thumbnail.jpg\",\"contentUrl\":\"https:\/\/www.siprem.it\/wp-content\/uploads\/2023\/07\/siprem-thumbnail.jpg\",\"width\":1920,\"height\":1080},{\"@type\":\"BreadcrumbList\",\"@id\":\"https:\/\/www.siprem.it\/fr\/prodotto\/lignes-continues-degouttage-pressage-o780800-remise-a-neuf\/#breadcrumb\",\"itemListElement\":[{\"@type\":\"ListItem\",\"position\":1,\"name\":\"Home\",\"item\":\"https:\/\/www.siprem.it\/fr\/\"},{\"@type\":\"ListItem\",\"position\":2,\"name\":\"Produits\",\"item\":\"https:\/\/www.siprem.it\/fr\/shop\/\"},{\"@type\":\"ListItem\",\"position\":3,\"name\":\"Lignes continues d\u2019\u00e9gouttage-pressage \u00d8780+800 REMISE \u00c0 NEUF\"}]},{\"@type\":\"WebSite\",\"@id\":\"https:\/\/www.siprem.it\/fr\/#website\",\"url\":\"https:\/\/www.siprem.it\/fr\/\",\"name\":\"Impianti per la vinificazione - Siprem International Spa\",\"description\":\"Pressatura Soffice per vini di qualit\u00e0\",\"publisher\":{\"@id\":\"https:\/\/www.siprem.it\/fr\/#organization\"},\"potentialAction\":[{\"@type\":\"SearchAction\",\"target\":{\"@type\":\"EntryPoint\",\"urlTemplate\":\"https:\/\/www.siprem.it\/fr\/?s={search_term_string}\"},\"query-input\":\"required name=search_term_string\"}],\"inLanguage\":\"fr-FR\"},{\"@type\":\"Organization\",\"@id\":\"https:\/\/www.siprem.it\/fr\/#organization\",\"name\":\"Impianti per la vinificazione - Siprem International Spa\",\"url\":\"https:\/\/www.siprem.it\/fr\/\",\"logo\":{\"@type\":\"ImageObject\",\"inLanguage\":\"fr-FR\",\"@id\":\"https:\/\/www.siprem.it\/fr\/#\/schema\/logo\/image\/\",\"url\":\"https:\/\/www.siprem.it\/wp-content\/uploads\/2023\/03\/LOGO_BACKEND2.png\",\"contentUrl\":\"https:\/\/www.siprem.it\/wp-content\/uploads\/2023\/03\/LOGO_BACKEND2.png\",\"width\":381,\"height\":167,\"caption\":\"Impianti per la vinificazione - Siprem International Spa\"},\"image\":{\"@id\":\"https:\/\/www.siprem.it\/fr\/#\/schema\/logo\/image\/\"},\"sameAs\":[\"https:\/\/www.youtube.com\/channel\/UCw84hI8aGt0-S-05oMK1Z2g\",\"https:\/\/www.linkedin.com\/company\/siprem-international-s.p.a\/\"]}]}<\/script>\n<!-- \/ Yoast SEO plugin. -->","yoast_head_json":{"title":"Lignes continues d\u2019\u00e9gouttage-pressage \u00d8780+800 REMISE \u00c0 NEUF - Impianti per la vinificazione - Siprem International Spa","robots":{"index":"index","follow":"follow","max-snippet":"max-snippet:-1","max-image-preview":"max-image-preview:large","max-video-preview":"max-video-preview:-1"},"canonical":"https:\/\/www.siprem.it\/fr\/prodotto\/lignes-continues-degouttage-pressage-o780800-remise-a-neuf\/","og_locale":"fr_FR","og_type":"article","og_title":"Lignes continues d\u2019\u00e9gouttage-pressage \u00d8780+800 REMISE \u00c0 NEUF - Impianti per la vinificazione - Siprem International Spa","og_description":"LIGNE DE D\u00c9GRAPPAGE-PRESSAGE COMPOS\u00c9E DE : presse \u00d8 800 m\u00e9canique transmission par variateur et courroie cage \u00e9toile en acier inoxydable cage de fond et lattes en acier inoxydable cerclages en fer h\u00e9lice en acier inoxydable croix de Malte en bronze carter et tr\u00e9mies en acier inoxydable d\u00e9grappoir \u00d8 780 h\u00e9lice en acier carter et tr\u00e9mies [&hellip;]","og_site_name":"Impianti per la vinificazione - Siprem International Spa","article_modified_time":"2025-08-08T14:43:36+00:00","og_image":[{"width":381,"height":167,"url":"https:\/\/www.siprem.it\/wp-content\/uploads\/2023\/03\/LOGO_BACKEND2.png","type":"image\/png"}],"twitter_card":"summary_large_image","twitter_misc":{"Dur\u00e9e de lecture estim\u00e9e":"1 minute"},"schema":{"@context":"https:\/\/schema.org","@graph":[{"@type":"WebPage","@id":"https:\/\/www.siprem.it\/fr\/prodotto\/lignes-continues-degouttage-pressage-o780800-remise-a-neuf\/","url":"https:\/\/www.siprem.it\/fr\/prodotto\/lignes-continues-degouttage-pressage-o780800-remise-a-neuf\/","name":"Lignes continues d\u2019\u00e9gouttage-pressage \u00d8780+800 REMISE \u00c0 NEUF - Impianti per la vinificazione - Siprem International Spa","isPartOf":{"@id":"https:\/\/www.siprem.it\/fr\/#website"},"primaryImageOfPage":{"@id":"https:\/\/www.siprem.it\/fr\/prodotto\/lignes-continues-degouttage-pressage-o780800-remise-a-neuf\/#primaryimage"},"image":{"@id":"https:\/\/www.siprem.it\/fr\/prodotto\/lignes-continues-degouttage-pressage-o780800-remise-a-neuf\/#primaryimage"},"thumbnailUrl":"https:\/\/www.siprem.it\/wp-content\/uploads\/2023\/07\/siprem-thumbnail.jpg","datePublished":"2023-07-05T11:11:42+00:00","dateModified":"2025-08-08T14:43:36+00:00","breadcrumb":{"@id":"https:\/\/www.siprem.it\/fr\/prodotto\/lignes-continues-degouttage-pressage-o780800-remise-a-neuf\/#breadcrumb"},"inLanguage":"fr-FR","potentialAction":[{"@type":"ReadAction","target":["https:\/\/www.siprem.it\/fr\/prodotto\/lignes-continues-degouttage-pressage-o780800-remise-a-neuf\/"]}]},{"@type":"ImageObject","inLanguage":"fr-FR","@id":"https:\/\/www.siprem.it\/fr\/prodotto\/lignes-continues-degouttage-pressage-o780800-remise-a-neuf\/#primaryimage","url":"https:\/\/www.siprem.it\/wp-content\/uploads\/2023\/07\/siprem-thumbnail.jpg","contentUrl":"https:\/\/www.siprem.it\/wp-content\/uploads\/2023\/07\/siprem-thumbnail.jpg","width":1920,"height":1080},{"@type":"BreadcrumbList","@id":"https:\/\/www.siprem.it\/fr\/prodotto\/lignes-continues-degouttage-pressage-o780800-remise-a-neuf\/#breadcrumb","itemListElement":[{"@type":"ListItem","position":1,"name":"Home","item":"https:\/\/www.siprem.it\/fr\/"},{"@type":"ListItem","position":2,"name":"Produits","item":"https:\/\/www.siprem.it\/fr\/shop\/"},{"@type":"ListItem","position":3,"name":"Lignes continues d\u2019\u00e9gouttage-pressage \u00d8780+800 REMISE \u00c0 NEUF"}]},{"@type":"WebSite","@id":"https:\/\/www.siprem.it\/fr\/#website","url":"https:\/\/www.siprem.it\/fr\/","name":"Impianti per la vinificazione - Siprem International Spa","description":"Pressatura Soffice per vini di qualit\u00e0","publisher":{"@id":"https:\/\/www.siprem.it\/fr\/#organization"},"potentialAction":[{"@type":"SearchAction","target":{"@type":"EntryPoint","urlTemplate":"https:\/\/www.siprem.it\/fr\/?s={search_term_string}"},"query-input":"required name=search_term_string"}],"inLanguage":"fr-FR"},{"@type":"Organization","@id":"https:\/\/www.siprem.it\/fr\/#organization","name":"Impianti per la vinificazione - Siprem International Spa","url":"https:\/\/www.siprem.it\/fr\/","logo":{"@type":"ImageObject","inLanguage":"fr-FR","@id":"https:\/\/www.siprem.it\/fr\/#\/schema\/logo\/image\/","url":"https:\/\/www.siprem.it\/wp-content\/uploads\/2023\/03\/LOGO_BACKEND2.png","contentUrl":"https:\/\/www.siprem.it\/wp-content\/uploads\/2023\/03\/LOGO_BACKEND2.png","width":381,"height":167,"caption":"Impianti per la vinificazione - Siprem International Spa"},"image":{"@id":"https:\/\/www.siprem.it\/fr\/#\/schema\/logo\/image\/"},"sameAs":["https:\/\/www.youtube.com\/channel\/UCw84hI8aGt0-S-05oMK1Z2g","https:\/\/www.linkedin.com\/company\/siprem-international-s.p.a\/"]}]}},"_links":{"self":[{"href":"https:\/\/www.siprem.it\/fr\/wp-json\/wp\/v2\/product\/6487","targetHints":{"allow":["GET"]}}],"collection":[{"href":"https:\/\/www.siprem.it\/fr\/wp-json\/wp\/v2\/product"}],"about":[{"href":"https:\/\/www.siprem.it\/fr\/wp-json\/wp\/v2\/types\/product"}],"wp:featuredmedia":[{"embeddable":true,"href":"https:\/\/www.siprem.it\/fr\/wp-json\/wp\/v2\/media\/2781"}],"wp:attachment":[{"href":"https:\/\/www.siprem.it\/fr\/wp-json\/wp\/v2\/media?parent=6487"}],"wp:term":[{"taxonomy":"product_cat","embeddable":true,"href":"https:\/\/www.siprem.it\/fr\/wp-json\/wp\/v2\/product_cat?post=6487"},{"taxonomy":"product_tag","embeddable":true,"href":"https:\/\/www.siprem.it\/fr\/wp-json\/wp\/v2\/product_tag?post=6487"}],"curies":[{"name":"wp","href":"https:\/\/api.w.org\/{rel}","templated":true}]}}