{"id":6382,"date":"2025-08-05T16:44:19","date_gmt":"2025-08-05T14:44:19","guid":{"rendered":"https:\/\/www.siprem.it\/?post_type=product&#038;p=6382"},"modified":"2025-08-08T17:03:12","modified_gmt":"2025-08-08T15:03:12","slug":"pompe-rotative-copia","status":"publish","type":"product","link":"https:\/\/www.siprem.it\/fr\/prodotto\/pompe-rotative-copia\/","title":{"rendered":"Pompe rotative \u00e0 lobes PI900"},"content":{"rendered":"<p>SIPREM 2014<\/p>\n<p><strong>PI 900<\/strong><\/p>\n<p>Pompe rotative \u00e0 lobes, qui trouve une application adapt\u00e9e dans l\u2019alimentation de petites et grandes quantit\u00e9s de raisin entier, foul\u00e9, \u00e9grapp\u00e9 ou de produits similaires.<br \/>\nLa manutention du produit est donn\u00e9e par l\u2019action de deux rouleaux en polyur\u00e9thane alimentaire en rotation r\u00e9ciproque qui, profitant des cavit\u00e9s p\u00e9riph\u00e9riques, assurent une alimentation sans sollicitations ind\u00e9sirables et les maltraitances qui s\u2019ensuivent.<br \/>\nFonctionnant \u00e0 de basses vitesses de transfert, la machine est en mesure de traiter jusqu\u2019\u00e0 70 ton\/heure, en fonction de la port\u00e9e du convoyeur.<\/p>\n","protected":false},"excerpt":{"rendered":"<p>Pompe rotative \u00e0 lobes, qui trouve une application adapt\u00e9e dans l\u2019alimentation de petites et grandes quantit\u00e9s de raisin entier, foul\u00e9, \u00e9grapp\u00e9 ou de produits similaires.<\/p>\n","protected":false},"featured_media":1491,"template":"","meta":{"_acf_changed":false,"_et_pb_use_builder":"","_et_pb_old_content":"","_et_gb_content_width":""},"product_cat":[91],"product_tag":[],"class_list":{"0":"post-6382","1":"product","2":"type-product","3":"status-publish","4":"has-post-thumbnail","6":"product_cat-occasions","8":"first","9":"instock","10":"shipping-taxable","11":"product-type-simple"},"acf":[],"yoast_head":"<!-- This site is optimized with the Yoast SEO plugin v22.4 - https:\/\/yoast.com\/wordpress\/plugins\/seo\/ -->\n<title>Pompe rotative \u00e0 lobes PI900 - Impianti per la vinificazione - Siprem International Spa<\/title>\n<meta name=\"robots\" content=\"index, follow, max-snippet:-1, max-image-preview:large, max-video-preview:-1\" \/>\n<link rel=\"canonical\" href=\"https:\/\/www.siprem.it\/fr\/prodotto\/pompe-rotative-copia\/\" \/>\n<meta property=\"og:locale\" content=\"fr_FR\" \/>\n<meta property=\"og:type\" content=\"article\" \/>\n<meta property=\"og:title\" content=\"Pompe rotative \u00e0 lobes PI900 - Impianti per la vinificazione - Siprem International Spa\" \/>\n<meta property=\"og:description\" content=\"Pompe rotative \u00e0 lobes, qui trouve une application adapt\u00e9e dans l\u2019alimentation de petites et grandes quantit\u00e9s de raisin entier, foul\u00e9, \u00e9grapp\u00e9 ou de produits similaires.\" \/>\n<meta property=\"og:site_name\" content=\"Impianti per la vinificazione - Siprem International Spa\" \/>\n<meta property=\"article:modified_time\" content=\"2025-08-08T15:03:12+00:00\" \/>\n<meta property=\"og:image\" content=\"https:\/\/www.siprem.it\/wp-content\/uploads\/2023\/03\/P900.jpg\" \/>\n\t<meta property=\"og:image:width\" content=\"603\" \/>\n\t<meta property=\"og:image:height\" content=\"720\" \/>\n\t<meta property=\"og:image:type\" content=\"image\/jpeg\" \/>\n<meta name=\"twitter:card\" content=\"summary_large_image\" \/>\n<meta name=\"twitter:label1\" content=\"Dur\u00e9e de lecture estim\u00e9e\" \/>\n\t<meta name=\"twitter:data1\" content=\"1 minute\" \/>\n<script type=\"application\/ld+json\" class=\"yoast-schema-graph\">{\"@context\":\"https:\/\/schema.org\",\"@graph\":[{\"@type\":\"WebPage\",\"@id\":\"https:\/\/www.siprem.it\/fr\/prodotto\/pompe-rotative-copia\/\",\"url\":\"https:\/\/www.siprem.it\/fr\/prodotto\/pompe-rotative-copia\/\",\"name\":\"Pompe rotative \u00e0 lobes PI900 - Impianti per la vinificazione - Siprem International Spa\",\"isPartOf\":{\"@id\":\"https:\/\/www.siprem.it\/fr\/#website\"},\"primaryImageOfPage\":{\"@id\":\"https:\/\/www.siprem.it\/fr\/prodotto\/pompe-rotative-copia\/#primaryimage\"},\"image\":{\"@id\":\"https:\/\/www.siprem.it\/fr\/prodotto\/pompe-rotative-copia\/#primaryimage\"},\"thumbnailUrl\":\"https:\/\/www.siprem.it\/wp-content\/uploads\/2023\/03\/P900.jpg\",\"datePublished\":\"2025-08-05T14:44:19+00:00\",\"dateModified\":\"2025-08-08T15:03:12+00:00\",\"breadcrumb\":{\"@id\":\"https:\/\/www.siprem.it\/fr\/prodotto\/pompe-rotative-copia\/#breadcrumb\"},\"inLanguage\":\"fr-FR\",\"potentialAction\":[{\"@type\":\"ReadAction\",\"target\":[\"https:\/\/www.siprem.it\/fr\/prodotto\/pompe-rotative-copia\/\"]}]},{\"@type\":\"ImageObject\",\"inLanguage\":\"fr-FR\",\"@id\":\"https:\/\/www.siprem.it\/fr\/prodotto\/pompe-rotative-copia\/#primaryimage\",\"url\":\"https:\/\/www.siprem.it\/wp-content\/uploads\/2023\/03\/P900.jpg\",\"contentUrl\":\"https:\/\/www.siprem.it\/wp-content\/uploads\/2023\/03\/P900.jpg\",\"width\":603,\"height\":720,\"caption\":\"pompa\"},{\"@type\":\"BreadcrumbList\",\"@id\":\"https:\/\/www.siprem.it\/fr\/prodotto\/pompe-rotative-copia\/#breadcrumb\",\"itemListElement\":[{\"@type\":\"ListItem\",\"position\":1,\"name\":\"Home\",\"item\":\"https:\/\/www.siprem.it\/fr\/\"},{\"@type\":\"ListItem\",\"position\":2,\"name\":\"Produits\",\"item\":\"https:\/\/www.siprem.it\/fr\/shop\/\"},{\"@type\":\"ListItem\",\"position\":3,\"name\":\"Pompe rotative \u00e0 lobes PI900\"}]},{\"@type\":\"WebSite\",\"@id\":\"https:\/\/www.siprem.it\/fr\/#website\",\"url\":\"https:\/\/www.siprem.it\/fr\/\",\"name\":\"Impianti per la vinificazione - Siprem International Spa\",\"description\":\"Pressatura Soffice per vini di qualit\u00e0\",\"publisher\":{\"@id\":\"https:\/\/www.siprem.it\/fr\/#organization\"},\"potentialAction\":[{\"@type\":\"SearchAction\",\"target\":{\"@type\":\"EntryPoint\",\"urlTemplate\":\"https:\/\/www.siprem.it\/fr\/?s={search_term_string}\"},\"query-input\":\"required name=search_term_string\"}],\"inLanguage\":\"fr-FR\"},{\"@type\":\"Organization\",\"@id\":\"https:\/\/www.siprem.it\/fr\/#organization\",\"name\":\"Impianti per la vinificazione - Siprem International Spa\",\"url\":\"https:\/\/www.siprem.it\/fr\/\",\"logo\":{\"@type\":\"ImageObject\",\"inLanguage\":\"fr-FR\",\"@id\":\"https:\/\/www.siprem.it\/fr\/#\/schema\/logo\/image\/\",\"url\":\"https:\/\/www.siprem.it\/wp-content\/uploads\/2023\/03\/LOGO_BACKEND2.png\",\"contentUrl\":\"https:\/\/www.siprem.it\/wp-content\/uploads\/2023\/03\/LOGO_BACKEND2.png\",\"width\":381,\"height\":167,\"caption\":\"Impianti per la vinificazione - Siprem International Spa\"},\"image\":{\"@id\":\"https:\/\/www.siprem.it\/fr\/#\/schema\/logo\/image\/\"},\"sameAs\":[\"https:\/\/www.youtube.com\/channel\/UCw84hI8aGt0-S-05oMK1Z2g\",\"https:\/\/www.linkedin.com\/company\/siprem-international-s.p.a\/\"]}]}<\/script>\n<!-- \/ Yoast SEO plugin. -->","yoast_head_json":{"title":"Pompe rotative \u00e0 lobes PI900 - Impianti per la vinificazione - Siprem International Spa","robots":{"index":"index","follow":"follow","max-snippet":"max-snippet:-1","max-image-preview":"max-image-preview:large","max-video-preview":"max-video-preview:-1"},"canonical":"https:\/\/www.siprem.it\/fr\/prodotto\/pompe-rotative-copia\/","og_locale":"fr_FR","og_type":"article","og_title":"Pompe rotative \u00e0 lobes PI900 - Impianti per la vinificazione - Siprem International Spa","og_description":"Pompe rotative \u00e0 lobes, qui trouve une application adapt\u00e9e dans l\u2019alimentation de petites et grandes quantit\u00e9s de raisin entier, foul\u00e9, \u00e9grapp\u00e9 ou de produits similaires.","og_site_name":"Impianti per la vinificazione - Siprem International Spa","article_modified_time":"2025-08-08T15:03:12+00:00","og_image":[{"width":603,"height":720,"url":"https:\/\/www.siprem.it\/wp-content\/uploads\/2023\/03\/P900.jpg","type":"image\/jpeg"}],"twitter_card":"summary_large_image","twitter_misc":{"Dur\u00e9e de lecture estim\u00e9e":"1 minute"},"schema":{"@context":"https:\/\/schema.org","@graph":[{"@type":"WebPage","@id":"https:\/\/www.siprem.it\/fr\/prodotto\/pompe-rotative-copia\/","url":"https:\/\/www.siprem.it\/fr\/prodotto\/pompe-rotative-copia\/","name":"Pompe rotative \u00e0 lobes PI900 - Impianti per la vinificazione - Siprem International Spa","isPartOf":{"@id":"https:\/\/www.siprem.it\/fr\/#website"},"primaryImageOfPage":{"@id":"https:\/\/www.siprem.it\/fr\/prodotto\/pompe-rotative-copia\/#primaryimage"},"image":{"@id":"https:\/\/www.siprem.it\/fr\/prodotto\/pompe-rotative-copia\/#primaryimage"},"thumbnailUrl":"https:\/\/www.siprem.it\/wp-content\/uploads\/2023\/03\/P900.jpg","datePublished":"2025-08-05T14:44:19+00:00","dateModified":"2025-08-08T15:03:12+00:00","breadcrumb":{"@id":"https:\/\/www.siprem.it\/fr\/prodotto\/pompe-rotative-copia\/#breadcrumb"},"inLanguage":"fr-FR","potentialAction":[{"@type":"ReadAction","target":["https:\/\/www.siprem.it\/fr\/prodotto\/pompe-rotative-copia\/"]}]},{"@type":"ImageObject","inLanguage":"fr-FR","@id":"https:\/\/www.siprem.it\/fr\/prodotto\/pompe-rotative-copia\/#primaryimage","url":"https:\/\/www.siprem.it\/wp-content\/uploads\/2023\/03\/P900.jpg","contentUrl":"https:\/\/www.siprem.it\/wp-content\/uploads\/2023\/03\/P900.jpg","width":603,"height":720,"caption":"pompa"},{"@type":"BreadcrumbList","@id":"https:\/\/www.siprem.it\/fr\/prodotto\/pompe-rotative-copia\/#breadcrumb","itemListElement":[{"@type":"ListItem","position":1,"name":"Home","item":"https:\/\/www.siprem.it\/fr\/"},{"@type":"ListItem","position":2,"name":"Produits","item":"https:\/\/www.siprem.it\/fr\/shop\/"},{"@type":"ListItem","position":3,"name":"Pompe rotative \u00e0 lobes PI900"}]},{"@type":"WebSite","@id":"https:\/\/www.siprem.it\/fr\/#website","url":"https:\/\/www.siprem.it\/fr\/","name":"Impianti per la vinificazione - Siprem International Spa","description":"Pressatura Soffice per vini di qualit\u00e0","publisher":{"@id":"https:\/\/www.siprem.it\/fr\/#organization"},"potentialAction":[{"@type":"SearchAction","target":{"@type":"EntryPoint","urlTemplate":"https:\/\/www.siprem.it\/fr\/?s={search_term_string}"},"query-input":"required name=search_term_string"}],"inLanguage":"fr-FR"},{"@type":"Organization","@id":"https:\/\/www.siprem.it\/fr\/#organization","name":"Impianti per la vinificazione - Siprem International Spa","url":"https:\/\/www.siprem.it\/fr\/","logo":{"@type":"ImageObject","inLanguage":"fr-FR","@id":"https:\/\/www.siprem.it\/fr\/#\/schema\/logo\/image\/","url":"https:\/\/www.siprem.it\/wp-content\/uploads\/2023\/03\/LOGO_BACKEND2.png","contentUrl":"https:\/\/www.siprem.it\/wp-content\/uploads\/2023\/03\/LOGO_BACKEND2.png","width":381,"height":167,"caption":"Impianti per la vinificazione - Siprem International Spa"},"image":{"@id":"https:\/\/www.siprem.it\/fr\/#\/schema\/logo\/image\/"},"sameAs":["https:\/\/www.youtube.com\/channel\/UCw84hI8aGt0-S-05oMK1Z2g","https:\/\/www.linkedin.com\/company\/siprem-international-s.p.a\/"]}]}},"_links":{"self":[{"href":"https:\/\/www.siprem.it\/fr\/wp-json\/wp\/v2\/product\/6382","targetHints":{"allow":["GET"]}}],"collection":[{"href":"https:\/\/www.siprem.it\/fr\/wp-json\/wp\/v2\/product"}],"about":[{"href":"https:\/\/www.siprem.it\/fr\/wp-json\/wp\/v2\/types\/product"}],"wp:featuredmedia":[{"embeddable":true,"href":"https:\/\/www.siprem.it\/fr\/wp-json\/wp\/v2\/media\/1491"}],"wp:attachment":[{"href":"https:\/\/www.siprem.it\/fr\/wp-json\/wp\/v2\/media?parent=6382"}],"wp:term":[{"taxonomy":"product_cat","embeddable":true,"href":"https:\/\/www.siprem.it\/fr\/wp-json\/wp\/v2\/product_cat?post=6382"},{"taxonomy":"product_tag","embeddable":true,"href":"https:\/\/www.siprem.it\/fr\/wp-json\/wp\/v2\/product_tag?post=6382"}],"curies":[{"name":"wp","href":"https:\/\/api.w.org\/{rel}","templated":true}]}}