{"id":2262,"date":"2023-03-27T12:24:58","date_gmt":"2023-03-27T10:24:58","guid":{"rendered":"https:\/\/www.siprem.it\/prodotto\/vasche-a-coclea-e-vibranti\/"},"modified":"2023-08-03T15:36:25","modified_gmt":"2023-08-03T13:36:25","slug":"cuves-a-vis-sans-fin-et-vibrantes","status":"publish","type":"product","link":"https:\/\/www.siprem.it\/fr\/prodotto\/cuves-a-vis-sans-fin-et-vibrantes\/","title":{"rendered":"Cuves \u00e0 vis sans fin et vibrantes"},"content":{"rendered":"<ul>\n<li>Convoyeur inclin\u00e9 \u00e0 vis sans fin<\/li>\n<li>Convoyeurs \u00e0 vibration pour mieux respecter le raisin<\/li>\n<li>Cuve \u00e0 vis sans fin \u00e0 d\u00e9chargement lat\u00e9ral avec barri\u00e8re de protection et porte de d\u00e9chargement \u00e0 fermeture hydraulique<\/li>\n<li>Convoyeur \u00e0 bande avec rampe de d\u00e9chargement<\/li>\n<\/ul>\n","protected":false},"excerpt":{"rendered":"<p>Une gamme compl\u00e8te de machines pour la r\u00e9ception du raisin qui va des cuves classiques \u00e0 vis sans fin jusqu\u2019aux convoyeurs plus r\u00e9cents, \u00e0 vibration, en passant par des solutions du type \u00e0 tapis.<\/p>\n","protected":false},"featured_media":1297,"template":"","meta":{"_acf_changed":false,"_et_pb_use_builder":"on","_et_pb_old_content":"<ul>\r\n \t<li>Convoyeur inclin\u00e9 \u00e0 vis sans fin<\/li>\r\n \t<li>Convoyeurs \u00e0 vibration pour mieux respecter le raisin<\/li>\r\n \t<li>Cuve \u00e0 vis sans fin \u00e0 d\u00e9chargement lat\u00e9ral avec barri\u00e8re de protection et porte de d\u00e9chargement \u00e0 fermeture hydraulique<\/li>\r\n \t<li>Convoyeur \u00e0 bande avec rampe de d\u00e9chargement<\/li>\r\n<\/ul>","_et_gb_content_width":""},"product_cat":[65],"product_tag":[],"class_list":{"0":"post-2262","1":"product","2":"type-product","3":"status-publish","4":"has-post-thumbnail","6":"product_cat-reception-fr","8":"first","9":"instock","10":"shipping-taxable","11":"product-type-simple"},"acf":[],"yoast_head":"<!-- This site is optimized with the Yoast SEO plugin v22.4 - https:\/\/yoast.com\/wordpress\/plugins\/seo\/ -->\n<title>Cuves \u00e0 vis sans fin et vibrantes - Impianti per la vinificazione - Siprem International Spa<\/title>\n<meta name=\"robots\" content=\"index, follow, max-snippet:-1, max-image-preview:large, max-video-preview:-1\" \/>\n<link rel=\"canonical\" href=\"https:\/\/www.siprem.it\/fr\/prodotto\/cuves-a-vis-sans-fin-et-vibrantes\/\" \/>\n<meta property=\"og:locale\" content=\"fr_FR\" \/>\n<meta property=\"og:type\" content=\"article\" \/>\n<meta property=\"og:title\" content=\"Cuves \u00e0 vis sans fin et vibrantes - Impianti per la vinificazione - Siprem International Spa\" \/>\n<meta property=\"og:description\" content=\"Une gamme compl\u00e8te de machines pour la r\u00e9ception du raisin qui va des cuves classiques \u00e0 vis sans fin jusqu\u2019aux convoyeurs plus r\u00e9cents, \u00e0 vibration, en passant par des solutions du type \u00e0 tapis.\" \/>\n<meta property=\"og:site_name\" content=\"Impianti per la vinificazione - Siprem International Spa\" \/>\n<meta property=\"article:modified_time\" content=\"2023-08-03T13:36:25+00:00\" \/>\n<meta property=\"og:image\" content=\"https:\/\/www.siprem.it\/wp-content\/uploads\/2023\/03\/vasca-inclinata.jpg\" \/>\n\t<meta property=\"og:image:width\" content=\"1520\" \/>\n\t<meta property=\"og:image:height\" content=\"1176\" \/>\n\t<meta property=\"og:image:type\" content=\"image\/jpeg\" \/>\n<meta name=\"twitter:card\" content=\"summary_large_image\" \/>\n<meta name=\"twitter:label1\" content=\"Dur\u00e9e de lecture estim\u00e9e\" \/>\n\t<meta name=\"twitter:data1\" content=\"1 minute\" \/>\n<script type=\"application\/ld+json\" class=\"yoast-schema-graph\">{\"@context\":\"https:\/\/schema.org\",\"@graph\":[{\"@type\":\"WebPage\",\"@id\":\"https:\/\/www.siprem.it\/fr\/prodotto\/cuves-a-vis-sans-fin-et-vibrantes\/\",\"url\":\"https:\/\/www.siprem.it\/fr\/prodotto\/cuves-a-vis-sans-fin-et-vibrantes\/\",\"name\":\"Cuves \u00e0 vis sans fin et vibrantes - Impianti per la vinificazione - Siprem International Spa\",\"isPartOf\":{\"@id\":\"https:\/\/www.siprem.it\/fr\/#website\"},\"primaryImageOfPage\":{\"@id\":\"https:\/\/www.siprem.it\/fr\/prodotto\/cuves-a-vis-sans-fin-et-vibrantes\/#primaryimage\"},\"image\":{\"@id\":\"https:\/\/www.siprem.it\/fr\/prodotto\/cuves-a-vis-sans-fin-et-vibrantes\/#primaryimage\"},\"thumbnailUrl\":\"https:\/\/www.siprem.it\/wp-content\/uploads\/2023\/03\/vasca-inclinata.jpg\",\"datePublished\":\"2023-03-27T10:24:58+00:00\",\"dateModified\":\"2023-08-03T13:36:25+00:00\",\"breadcrumb\":{\"@id\":\"https:\/\/www.siprem.it\/fr\/prodotto\/cuves-a-vis-sans-fin-et-vibrantes\/#breadcrumb\"},\"inLanguage\":\"fr-FR\",\"potentialAction\":[{\"@type\":\"ReadAction\",\"target\":[\"https:\/\/www.siprem.it\/fr\/prodotto\/cuves-a-vis-sans-fin-et-vibrantes\/\"]}]},{\"@type\":\"ImageObject\",\"inLanguage\":\"fr-FR\",\"@id\":\"https:\/\/www.siprem.it\/fr\/prodotto\/cuves-a-vis-sans-fin-et-vibrantes\/#primaryimage\",\"url\":\"https:\/\/www.siprem.it\/wp-content\/uploads\/2023\/03\/vasca-inclinata.jpg\",\"contentUrl\":\"https:\/\/www.siprem.it\/wp-content\/uploads\/2023\/03\/vasca-inclinata.jpg\",\"width\":1520,\"height\":1176,\"caption\":\"Vasca inclinata\"},{\"@type\":\"BreadcrumbList\",\"@id\":\"https:\/\/www.siprem.it\/fr\/prodotto\/cuves-a-vis-sans-fin-et-vibrantes\/#breadcrumb\",\"itemListElement\":[{\"@type\":\"ListItem\",\"position\":1,\"name\":\"Home\",\"item\":\"https:\/\/www.siprem.it\/fr\/\"},{\"@type\":\"ListItem\",\"position\":2,\"name\":\"Produits\",\"item\":\"https:\/\/www.siprem.it\/fr\/shop\/\"},{\"@type\":\"ListItem\",\"position\":3,\"name\":\"Cuves \u00e0 vis sans fin et vibrantes\"}]},{\"@type\":\"WebSite\",\"@id\":\"https:\/\/www.siprem.it\/fr\/#website\",\"url\":\"https:\/\/www.siprem.it\/fr\/\",\"name\":\"Impianti per la vinificazione - Siprem International Spa\",\"description\":\"Pressatura Soffice per vini di qualit\u00e0\",\"publisher\":{\"@id\":\"https:\/\/www.siprem.it\/fr\/#organization\"},\"potentialAction\":[{\"@type\":\"SearchAction\",\"target\":{\"@type\":\"EntryPoint\",\"urlTemplate\":\"https:\/\/www.siprem.it\/fr\/?s={search_term_string}\"},\"query-input\":\"required name=search_term_string\"}],\"inLanguage\":\"fr-FR\"},{\"@type\":\"Organization\",\"@id\":\"https:\/\/www.siprem.it\/fr\/#organization\",\"name\":\"Impianti per la vinificazione - Siprem International Spa\",\"url\":\"https:\/\/www.siprem.it\/fr\/\",\"logo\":{\"@type\":\"ImageObject\",\"inLanguage\":\"fr-FR\",\"@id\":\"https:\/\/www.siprem.it\/fr\/#\/schema\/logo\/image\/\",\"url\":\"https:\/\/www.siprem.it\/wp-content\/uploads\/2023\/03\/LOGO_BACKEND2.png\",\"contentUrl\":\"https:\/\/www.siprem.it\/wp-content\/uploads\/2023\/03\/LOGO_BACKEND2.png\",\"width\":381,\"height\":167,\"caption\":\"Impianti per la vinificazione - Siprem International Spa\"},\"image\":{\"@id\":\"https:\/\/www.siprem.it\/fr\/#\/schema\/logo\/image\/\"},\"sameAs\":[\"https:\/\/www.youtube.com\/channel\/UCw84hI8aGt0-S-05oMK1Z2g\",\"https:\/\/www.linkedin.com\/company\/siprem-international-s.p.a\/\"]}]}<\/script>\n<!-- \/ Yoast SEO plugin. -->","yoast_head_json":{"title":"Cuves \u00e0 vis sans fin et vibrantes - Impianti per la vinificazione - Siprem International Spa","robots":{"index":"index","follow":"follow","max-snippet":"max-snippet:-1","max-image-preview":"max-image-preview:large","max-video-preview":"max-video-preview:-1"},"canonical":"https:\/\/www.siprem.it\/fr\/prodotto\/cuves-a-vis-sans-fin-et-vibrantes\/","og_locale":"fr_FR","og_type":"article","og_title":"Cuves \u00e0 vis sans fin et vibrantes - Impianti per la vinificazione - Siprem International Spa","og_description":"Une gamme compl\u00e8te de machines pour la r\u00e9ception du raisin qui va des cuves classiques \u00e0 vis sans fin jusqu\u2019aux convoyeurs plus r\u00e9cents, \u00e0 vibration, en passant par des solutions du type \u00e0 tapis.","og_site_name":"Impianti per la vinificazione - Siprem International Spa","article_modified_time":"2023-08-03T13:36:25+00:00","og_image":[{"width":1520,"height":1176,"url":"https:\/\/www.siprem.it\/wp-content\/uploads\/2023\/03\/vasca-inclinata.jpg","type":"image\/jpeg"}],"twitter_card":"summary_large_image","twitter_misc":{"Dur\u00e9e de lecture estim\u00e9e":"1 minute"},"schema":{"@context":"https:\/\/schema.org","@graph":[{"@type":"WebPage","@id":"https:\/\/www.siprem.it\/fr\/prodotto\/cuves-a-vis-sans-fin-et-vibrantes\/","url":"https:\/\/www.siprem.it\/fr\/prodotto\/cuves-a-vis-sans-fin-et-vibrantes\/","name":"Cuves \u00e0 vis sans fin et vibrantes - Impianti per la vinificazione - Siprem International Spa","isPartOf":{"@id":"https:\/\/www.siprem.it\/fr\/#website"},"primaryImageOfPage":{"@id":"https:\/\/www.siprem.it\/fr\/prodotto\/cuves-a-vis-sans-fin-et-vibrantes\/#primaryimage"},"image":{"@id":"https:\/\/www.siprem.it\/fr\/prodotto\/cuves-a-vis-sans-fin-et-vibrantes\/#primaryimage"},"thumbnailUrl":"https:\/\/www.siprem.it\/wp-content\/uploads\/2023\/03\/vasca-inclinata.jpg","datePublished":"2023-03-27T10:24:58+00:00","dateModified":"2023-08-03T13:36:25+00:00","breadcrumb":{"@id":"https:\/\/www.siprem.it\/fr\/prodotto\/cuves-a-vis-sans-fin-et-vibrantes\/#breadcrumb"},"inLanguage":"fr-FR","potentialAction":[{"@type":"ReadAction","target":["https:\/\/www.siprem.it\/fr\/prodotto\/cuves-a-vis-sans-fin-et-vibrantes\/"]}]},{"@type":"ImageObject","inLanguage":"fr-FR","@id":"https:\/\/www.siprem.it\/fr\/prodotto\/cuves-a-vis-sans-fin-et-vibrantes\/#primaryimage","url":"https:\/\/www.siprem.it\/wp-content\/uploads\/2023\/03\/vasca-inclinata.jpg","contentUrl":"https:\/\/www.siprem.it\/wp-content\/uploads\/2023\/03\/vasca-inclinata.jpg","width":1520,"height":1176,"caption":"Vasca inclinata"},{"@type":"BreadcrumbList","@id":"https:\/\/www.siprem.it\/fr\/prodotto\/cuves-a-vis-sans-fin-et-vibrantes\/#breadcrumb","itemListElement":[{"@type":"ListItem","position":1,"name":"Home","item":"https:\/\/www.siprem.it\/fr\/"},{"@type":"ListItem","position":2,"name":"Produits","item":"https:\/\/www.siprem.it\/fr\/shop\/"},{"@type":"ListItem","position":3,"name":"Cuves \u00e0 vis sans fin et vibrantes"}]},{"@type":"WebSite","@id":"https:\/\/www.siprem.it\/fr\/#website","url":"https:\/\/www.siprem.it\/fr\/","name":"Impianti per la vinificazione - Siprem International Spa","description":"Pressatura Soffice per vini di qualit\u00e0","publisher":{"@id":"https:\/\/www.siprem.it\/fr\/#organization"},"potentialAction":[{"@type":"SearchAction","target":{"@type":"EntryPoint","urlTemplate":"https:\/\/www.siprem.it\/fr\/?s={search_term_string}"},"query-input":"required name=search_term_string"}],"inLanguage":"fr-FR"},{"@type":"Organization","@id":"https:\/\/www.siprem.it\/fr\/#organization","name":"Impianti per la vinificazione - Siprem International Spa","url":"https:\/\/www.siprem.it\/fr\/","logo":{"@type":"ImageObject","inLanguage":"fr-FR","@id":"https:\/\/www.siprem.it\/fr\/#\/schema\/logo\/image\/","url":"https:\/\/www.siprem.it\/wp-content\/uploads\/2023\/03\/LOGO_BACKEND2.png","contentUrl":"https:\/\/www.siprem.it\/wp-content\/uploads\/2023\/03\/LOGO_BACKEND2.png","width":381,"height":167,"caption":"Impianti per la vinificazione - Siprem International Spa"},"image":{"@id":"https:\/\/www.siprem.it\/fr\/#\/schema\/logo\/image\/"},"sameAs":["https:\/\/www.youtube.com\/channel\/UCw84hI8aGt0-S-05oMK1Z2g","https:\/\/www.linkedin.com\/company\/siprem-international-s.p.a\/"]}]}},"_links":{"self":[{"href":"https:\/\/www.siprem.it\/fr\/wp-json\/wp\/v2\/product\/2262","targetHints":{"allow":["GET"]}}],"collection":[{"href":"https:\/\/www.siprem.it\/fr\/wp-json\/wp\/v2\/product"}],"about":[{"href":"https:\/\/www.siprem.it\/fr\/wp-json\/wp\/v2\/types\/product"}],"wp:featuredmedia":[{"embeddable":true,"href":"https:\/\/www.siprem.it\/fr\/wp-json\/wp\/v2\/media\/1297"}],"wp:attachment":[{"href":"https:\/\/www.siprem.it\/fr\/wp-json\/wp\/v2\/media?parent=2262"}],"wp:term":[{"taxonomy":"product_cat","embeddable":true,"href":"https:\/\/www.siprem.it\/fr\/wp-json\/wp\/v2\/product_cat?post=2262"},{"taxonomy":"product_tag","embeddable":true,"href":"https:\/\/www.siprem.it\/fr\/wp-json\/wp\/v2\/product_tag?post=2262"}],"curies":[{"name":"wp","href":"https:\/\/api.w.org\/{rel}","templated":true}]}}