{"id":2259,"date":"2023-03-27T15:34:15","date_gmt":"2023-03-27T13:34:15","guid":{"rendered":"https:\/\/www.siprem.it\/prodotto\/diraspa-pigiatura\/"},"modified":"2023-08-02T16:21:49","modified_gmt":"2023-08-02T14:21:49","slug":"egrappage-et-foulage","status":"publish","type":"product","link":"https:\/\/www.siprem.it\/fr\/prodotto\/egrappage-et-foulage\/","title":{"rendered":"\u00c9grappage et Foulage"},"content":{"rendered":"","protected":false},"excerpt":{"rendered":"<p>La riche gamme de la s\u00e9rie Alfa comprend des \u00e9grappoirs-fouloirs de taille petite, moyenne et grande. Fonctionnels et fiables, gr\u00e2ce \u00e0 leur polyvalence extr\u00eame d\u2019utilisation, ils r\u00e9pondent \u00e0 toutes les exigences de pr\u00e9traitement du produit en amont de la section de pressage. Id\u00e9aux pour le fonctionnement associ\u00e9 \u00e0 des pompes d\u2019aspiration, \u00e0 rotor elliptique ou monovis.<\/p>\n","protected":false},"featured_media":1344,"template":"","meta":{"_acf_changed":false,"_et_pb_use_builder":"","_et_pb_old_content":"","_et_gb_content_width":""},"product_cat":[68],"product_tag":[75],"class_list":{"0":"post-2259","1":"product","2":"type-product","3":"status-publish","4":"has-post-thumbnail","6":"product_cat-egrappage-et-foulage","7":"product_tag-dati-fr","9":"first","10":"instock","11":"shipping-taxable","12":"product-type-simple"},"acf":[],"yoast_head":"<!-- This site is optimized with the Yoast SEO plugin v22.4 - https:\/\/yoast.com\/wordpress\/plugins\/seo\/ -->\n<title>\u00c9grappage et Foulage - Impianti per la vinificazione - Siprem International Spa<\/title>\n<meta name=\"robots\" content=\"index, follow, max-snippet:-1, max-image-preview:large, max-video-preview:-1\" \/>\n<link rel=\"canonical\" href=\"https:\/\/www.siprem.it\/fr\/prodotto\/egrappage-et-foulage\/\" \/>\n<meta property=\"og:locale\" content=\"fr_FR\" \/>\n<meta property=\"og:type\" content=\"article\" \/>\n<meta property=\"og:title\" content=\"\u00c9grappage et Foulage - Impianti per la vinificazione - Siprem International Spa\" \/>\n<meta property=\"og:description\" content=\"La riche gamme de la s\u00e9rie Alfa comprend des \u00e9grappoirs-fouloirs de taille petite, moyenne et grande. Fonctionnels et fiables, gr\u00e2ce \u00e0 leur polyvalence extr\u00eame d\u2019utilisation, ils r\u00e9pondent \u00e0 toutes les exigences de pr\u00e9traitement du produit en amont de la section de pressage. Id\u00e9aux pour le fonctionnement associ\u00e9 \u00e0 des pompes d\u2019aspiration, \u00e0 rotor elliptique ou monovis.\" \/>\n<meta property=\"og:site_name\" content=\"Impianti per la vinificazione - Siprem International Spa\" \/>\n<meta property=\"article:modified_time\" content=\"2023-08-02T14:21:49+00:00\" \/>\n<meta property=\"og:image\" content=\"https:\/\/www.siprem.it\/wp-content\/uploads\/2023\/03\/ALFA30-PM35-scont.-1.jpg\" \/>\n\t<meta property=\"og:image:width\" content=\"1000\" \/>\n\t<meta property=\"og:image:height\" content=\"935\" \/>\n\t<meta property=\"og:image:type\" content=\"image\/jpeg\" \/>\n<meta name=\"twitter:card\" content=\"summary_large_image\" \/>\n<script type=\"application\/ld+json\" class=\"yoast-schema-graph\">{\"@context\":\"https:\/\/schema.org\",\"@graph\":[{\"@type\":\"WebPage\",\"@id\":\"https:\/\/www.siprem.it\/fr\/prodotto\/egrappage-et-foulage\/\",\"url\":\"https:\/\/www.siprem.it\/fr\/prodotto\/egrappage-et-foulage\/\",\"name\":\"\u00c9grappage et Foulage - Impianti per la vinificazione - Siprem International Spa\",\"isPartOf\":{\"@id\":\"https:\/\/www.siprem.it\/fr\/#website\"},\"primaryImageOfPage\":{\"@id\":\"https:\/\/www.siprem.it\/fr\/prodotto\/egrappage-et-foulage\/#primaryimage\"},\"image\":{\"@id\":\"https:\/\/www.siprem.it\/fr\/prodotto\/egrappage-et-foulage\/#primaryimage\"},\"thumbnailUrl\":\"https:\/\/www.siprem.it\/wp-content\/uploads\/2023\/03\/ALFA30-PM35-scont.-1.jpg\",\"datePublished\":\"2023-03-27T13:34:15+00:00\",\"dateModified\":\"2023-08-02T14:21:49+00:00\",\"breadcrumb\":{\"@id\":\"https:\/\/www.siprem.it\/fr\/prodotto\/egrappage-et-foulage\/#breadcrumb\"},\"inLanguage\":\"fr-FR\",\"potentialAction\":[{\"@type\":\"ReadAction\",\"target\":[\"https:\/\/www.siprem.it\/fr\/prodotto\/egrappage-et-foulage\/\"]}]},{\"@type\":\"ImageObject\",\"inLanguage\":\"fr-FR\",\"@id\":\"https:\/\/www.siprem.it\/fr\/prodotto\/egrappage-et-foulage\/#primaryimage\",\"url\":\"https:\/\/www.siprem.it\/wp-content\/uploads\/2023\/03\/ALFA30-PM35-scont.-1.jpg\",\"contentUrl\":\"https:\/\/www.siprem.it\/wp-content\/uploads\/2023\/03\/ALFA30-PM35-scont.-1.jpg\",\"width\":1000,\"height\":935,\"caption\":\"ALFA30\"},{\"@type\":\"BreadcrumbList\",\"@id\":\"https:\/\/www.siprem.it\/fr\/prodotto\/egrappage-et-foulage\/#breadcrumb\",\"itemListElement\":[{\"@type\":\"ListItem\",\"position\":1,\"name\":\"Home\",\"item\":\"https:\/\/www.siprem.it\/fr\/\"},{\"@type\":\"ListItem\",\"position\":2,\"name\":\"Produits\",\"item\":\"https:\/\/www.siprem.it\/fr\/shop\/\"},{\"@type\":\"ListItem\",\"position\":3,\"name\":\"\u00c9grappage et Foulage\"}]},{\"@type\":\"WebSite\",\"@id\":\"https:\/\/www.siprem.it\/fr\/#website\",\"url\":\"https:\/\/www.siprem.it\/fr\/\",\"name\":\"Impianti per la vinificazione - Siprem International Spa\",\"description\":\"Pressatura Soffice per vini di qualit\u00e0\",\"publisher\":{\"@id\":\"https:\/\/www.siprem.it\/fr\/#organization\"},\"potentialAction\":[{\"@type\":\"SearchAction\",\"target\":{\"@type\":\"EntryPoint\",\"urlTemplate\":\"https:\/\/www.siprem.it\/fr\/?s={search_term_string}\"},\"query-input\":\"required name=search_term_string\"}],\"inLanguage\":\"fr-FR\"},{\"@type\":\"Organization\",\"@id\":\"https:\/\/www.siprem.it\/fr\/#organization\",\"name\":\"Impianti per la vinificazione - Siprem International Spa\",\"url\":\"https:\/\/www.siprem.it\/fr\/\",\"logo\":{\"@type\":\"ImageObject\",\"inLanguage\":\"fr-FR\",\"@id\":\"https:\/\/www.siprem.it\/fr\/#\/schema\/logo\/image\/\",\"url\":\"https:\/\/www.siprem.it\/wp-content\/uploads\/2023\/03\/LOGO_BACKEND2.png\",\"contentUrl\":\"https:\/\/www.siprem.it\/wp-content\/uploads\/2023\/03\/LOGO_BACKEND2.png\",\"width\":381,\"height\":167,\"caption\":\"Impianti per la vinificazione - Siprem International Spa\"},\"image\":{\"@id\":\"https:\/\/www.siprem.it\/fr\/#\/schema\/logo\/image\/\"},\"sameAs\":[\"https:\/\/www.youtube.com\/channel\/UCw84hI8aGt0-S-05oMK1Z2g\",\"https:\/\/www.linkedin.com\/company\/siprem-international-s.p.a\/\"]}]}<\/script>\n<!-- \/ Yoast SEO plugin. -->","yoast_head_json":{"title":"\u00c9grappage et Foulage - Impianti per la vinificazione - Siprem International Spa","robots":{"index":"index","follow":"follow","max-snippet":"max-snippet:-1","max-image-preview":"max-image-preview:large","max-video-preview":"max-video-preview:-1"},"canonical":"https:\/\/www.siprem.it\/fr\/prodotto\/egrappage-et-foulage\/","og_locale":"fr_FR","og_type":"article","og_title":"\u00c9grappage et Foulage - Impianti per la vinificazione - Siprem International Spa","og_description":"La riche gamme de la s\u00e9rie Alfa comprend des \u00e9grappoirs-fouloirs de taille petite, moyenne et grande. Fonctionnels et fiables, gr\u00e2ce \u00e0 leur polyvalence extr\u00eame d\u2019utilisation, ils r\u00e9pondent \u00e0 toutes les exigences de pr\u00e9traitement du produit en amont de la section de pressage. Id\u00e9aux pour le fonctionnement associ\u00e9 \u00e0 des pompes d\u2019aspiration, \u00e0 rotor elliptique ou monovis.","og_site_name":"Impianti per la vinificazione - Siprem International Spa","article_modified_time":"2023-08-02T14:21:49+00:00","og_image":[{"width":1000,"height":935,"url":"https:\/\/www.siprem.it\/wp-content\/uploads\/2023\/03\/ALFA30-PM35-scont.-1.jpg","type":"image\/jpeg"}],"twitter_card":"summary_large_image","schema":{"@context":"https:\/\/schema.org","@graph":[{"@type":"WebPage","@id":"https:\/\/www.siprem.it\/fr\/prodotto\/egrappage-et-foulage\/","url":"https:\/\/www.siprem.it\/fr\/prodotto\/egrappage-et-foulage\/","name":"\u00c9grappage et Foulage - Impianti per la vinificazione - Siprem International Spa","isPartOf":{"@id":"https:\/\/www.siprem.it\/fr\/#website"},"primaryImageOfPage":{"@id":"https:\/\/www.siprem.it\/fr\/prodotto\/egrappage-et-foulage\/#primaryimage"},"image":{"@id":"https:\/\/www.siprem.it\/fr\/prodotto\/egrappage-et-foulage\/#primaryimage"},"thumbnailUrl":"https:\/\/www.siprem.it\/wp-content\/uploads\/2023\/03\/ALFA30-PM35-scont.-1.jpg","datePublished":"2023-03-27T13:34:15+00:00","dateModified":"2023-08-02T14:21:49+00:00","breadcrumb":{"@id":"https:\/\/www.siprem.it\/fr\/prodotto\/egrappage-et-foulage\/#breadcrumb"},"inLanguage":"fr-FR","potentialAction":[{"@type":"ReadAction","target":["https:\/\/www.siprem.it\/fr\/prodotto\/egrappage-et-foulage\/"]}]},{"@type":"ImageObject","inLanguage":"fr-FR","@id":"https:\/\/www.siprem.it\/fr\/prodotto\/egrappage-et-foulage\/#primaryimage","url":"https:\/\/www.siprem.it\/wp-content\/uploads\/2023\/03\/ALFA30-PM35-scont.-1.jpg","contentUrl":"https:\/\/www.siprem.it\/wp-content\/uploads\/2023\/03\/ALFA30-PM35-scont.-1.jpg","width":1000,"height":935,"caption":"ALFA30"},{"@type":"BreadcrumbList","@id":"https:\/\/www.siprem.it\/fr\/prodotto\/egrappage-et-foulage\/#breadcrumb","itemListElement":[{"@type":"ListItem","position":1,"name":"Home","item":"https:\/\/www.siprem.it\/fr\/"},{"@type":"ListItem","position":2,"name":"Produits","item":"https:\/\/www.siprem.it\/fr\/shop\/"},{"@type":"ListItem","position":3,"name":"\u00c9grappage et Foulage"}]},{"@type":"WebSite","@id":"https:\/\/www.siprem.it\/fr\/#website","url":"https:\/\/www.siprem.it\/fr\/","name":"Impianti per la vinificazione - Siprem International Spa","description":"Pressatura Soffice per vini di qualit\u00e0","publisher":{"@id":"https:\/\/www.siprem.it\/fr\/#organization"},"potentialAction":[{"@type":"SearchAction","target":{"@type":"EntryPoint","urlTemplate":"https:\/\/www.siprem.it\/fr\/?s={search_term_string}"},"query-input":"required name=search_term_string"}],"inLanguage":"fr-FR"},{"@type":"Organization","@id":"https:\/\/www.siprem.it\/fr\/#organization","name":"Impianti per la vinificazione - Siprem International Spa","url":"https:\/\/www.siprem.it\/fr\/","logo":{"@type":"ImageObject","inLanguage":"fr-FR","@id":"https:\/\/www.siprem.it\/fr\/#\/schema\/logo\/image\/","url":"https:\/\/www.siprem.it\/wp-content\/uploads\/2023\/03\/LOGO_BACKEND2.png","contentUrl":"https:\/\/www.siprem.it\/wp-content\/uploads\/2023\/03\/LOGO_BACKEND2.png","width":381,"height":167,"caption":"Impianti per la vinificazione - Siprem International Spa"},"image":{"@id":"https:\/\/www.siprem.it\/fr\/#\/schema\/logo\/image\/"},"sameAs":["https:\/\/www.youtube.com\/channel\/UCw84hI8aGt0-S-05oMK1Z2g","https:\/\/www.linkedin.com\/company\/siprem-international-s.p.a\/"]}]}},"_links":{"self":[{"href":"https:\/\/www.siprem.it\/fr\/wp-json\/wp\/v2\/product\/2259","targetHints":{"allow":["GET"]}}],"collection":[{"href":"https:\/\/www.siprem.it\/fr\/wp-json\/wp\/v2\/product"}],"about":[{"href":"https:\/\/www.siprem.it\/fr\/wp-json\/wp\/v2\/types\/product"}],"wp:featuredmedia":[{"embeddable":true,"href":"https:\/\/www.siprem.it\/fr\/wp-json\/wp\/v2\/media\/1344"}],"wp:attachment":[{"href":"https:\/\/www.siprem.it\/fr\/wp-json\/wp\/v2\/media?parent=2259"}],"wp:term":[{"taxonomy":"product_cat","embeddable":true,"href":"https:\/\/www.siprem.it\/fr\/wp-json\/wp\/v2\/product_cat?post=2259"},{"taxonomy":"product_tag","embeddable":true,"href":"https:\/\/www.siprem.it\/fr\/wp-json\/wp\/v2\/product_tag?post=2259"}],"curies":[{"name":"wp","href":"https:\/\/api.w.org\/{rel}","templated":true}]}}