{"id":2247,"date":"2023-03-29T09:55:11","date_gmt":"2023-03-29T07:55:11","guid":{"rendered":"https:\/\/www.siprem.it\/prodotto\/alcryo\/"},"modified":"2024-12-06T14:54:56","modified_gmt":"2024-12-06T13:54:56","slug":"alcryo","status":"publish","type":"product","link":"https:\/\/www.siprem.it\/fr\/prodotto\/alcryo\/","title":{"rendered":"Alcryo 100"},"content":{"rendered":"<p>Installation cryog\u00e9nique de pr\u00e9traitement en continu du raisin entier, rouge ou blanc, avec inhibition significative des fermentations anticip\u00e9es ind\u00e9sirables, augmentation des composantes extraites sans alcool et protection de l\u2019hygi\u00e8ne du produit.<\/p>\n<p>Le syst\u00e8me en deux \u00e9tapes se compose en amont d\u2019un convoyeur d\u2019avancement du raisin, suivi en aval par un \u00e9l\u00e9vateur \u00e0 bande qui alimente directement l\u2019\u00e9grappoir-fouloir.<\/p>\n<p>La machine comprend, tout le long de la cha\u00eene, des dispositifs d\u2019injection et de distribution du fluide cryog\u00e9nique, \u00e0 savoir le dioxyde de carbone stock\u00e9 en phase liquide, lequel, entrant en contact dans l\u2019atmosph\u00e8re avec le produit, passe d\u2019abord \u00e0 l\u2019\u00e9tat solide, en g\u00e9n\u00e9rant de la glace s\u00e8che, donc gazeuse, comme cons\u00e9quence de l\u2019absorption d\u2019\u00e9nergie thermique et de la r\u00e9duction cons\u00e9quente de la temp\u00e9rature. Le tout est compl\u00e8tement isol\u00e9 afin d\u2019\u00e9viter les rentr\u00e9es de chaleur qui seraient nuisibles, et permettre en outre l\u2019inertage total de la proc\u00e9dure de travail.<\/p>\n<p>Les exp\u00e9riences de fonctionnement effectu\u00e9es dans les caves ont d\u00e9montr\u00e9 des diminutions tangibles, de 20-25 \u00b0C, sur des port\u00e9es de l\u2019ordre de 10 tonnes\/h, associ\u00e9es \u00e0 une gestion pratique et fiable de l\u2019installation.<\/p>\n","protected":false},"excerpt":{"rendered":"<p>Installation cryog\u00e9nique de pr\u00e9traitement en continu du raisin entier, rouge ou blanc, avec inhibition significative des fermentations anticip\u00e9es ind\u00e9sirables, augmentation des composantes extraites sans alcool et protection de l\u2019hygi\u00e8ne du produit.<\/p>\n","protected":false},"featured_media":1467,"template":"","meta":{"_acf_changed":false,"_et_pb_use_builder":"","_et_pb_old_content":"","_et_gb_content_width":""},"product_cat":[67],"product_tag":[],"class_list":{"0":"post-2247","1":"product","2":"type-product","3":"status-publish","4":"has-post-thumbnail","6":"product_cat-systemes-de-refroidissement","8":"first","9":"instock","10":"shipping-taxable","11":"product-type-simple"},"acf":[],"yoast_head":"<!-- This site is optimized with the Yoast SEO plugin v22.4 - https:\/\/yoast.com\/wordpress\/plugins\/seo\/ -->\n<title>Alcryo 100 - Impianti per la vinificazione - Siprem International Spa<\/title>\n<meta name=\"robots\" content=\"index, follow, max-snippet:-1, max-image-preview:large, max-video-preview:-1\" \/>\n<link rel=\"canonical\" href=\"https:\/\/www.siprem.it\/fr\/prodotto\/alcryo\/\" \/>\n<meta property=\"og:locale\" content=\"fr_FR\" \/>\n<meta property=\"og:type\" content=\"article\" \/>\n<meta property=\"og:title\" content=\"Alcryo 100 - Impianti per la vinificazione - Siprem International Spa\" \/>\n<meta property=\"og:description\" content=\"Installation cryog\u00e9nique de pr\u00e9traitement en continu du raisin entier, rouge ou blanc, avec inhibition significative des fermentations anticip\u00e9es ind\u00e9sirables, augmentation des composantes extraites sans alcool et protection de l\u2019hygi\u00e8ne du produit.\" \/>\n<meta property=\"og:site_name\" content=\"Impianti per la vinificazione - Siprem International Spa\" \/>\n<meta property=\"article:modified_time\" content=\"2024-12-06T13:54:56+00:00\" \/>\n<meta property=\"og:image\" content=\"https:\/\/www.siprem.it\/wp-content\/uploads\/2023\/03\/Alcryo100-1024x651-1.jpg\" \/>\n\t<meta property=\"og:image:width\" content=\"1024\" \/>\n\t<meta property=\"og:image:height\" content=\"651\" \/>\n\t<meta property=\"og:image:type\" content=\"image\/jpeg\" \/>\n<meta name=\"twitter:card\" content=\"summary_large_image\" \/>\n<meta name=\"twitter:label1\" content=\"Dur\u00e9e de lecture estim\u00e9e\" \/>\n\t<meta name=\"twitter:data1\" content=\"2 minutes\" \/>\n<script type=\"application\/ld+json\" class=\"yoast-schema-graph\">{\"@context\":\"https:\/\/schema.org\",\"@graph\":[{\"@type\":\"WebPage\",\"@id\":\"https:\/\/www.siprem.it\/fr\/prodotto\/alcryo\/\",\"url\":\"https:\/\/www.siprem.it\/fr\/prodotto\/alcryo\/\",\"name\":\"Alcryo 100 - Impianti per la vinificazione - Siprem International Spa\",\"isPartOf\":{\"@id\":\"https:\/\/www.siprem.it\/fr\/#website\"},\"primaryImageOfPage\":{\"@id\":\"https:\/\/www.siprem.it\/fr\/prodotto\/alcryo\/#primaryimage\"},\"image\":{\"@id\":\"https:\/\/www.siprem.it\/fr\/prodotto\/alcryo\/#primaryimage\"},\"thumbnailUrl\":\"https:\/\/www.siprem.it\/wp-content\/uploads\/2023\/03\/Alcryo100-1024x651-1.jpg\",\"datePublished\":\"2023-03-29T07:55:11+00:00\",\"dateModified\":\"2024-12-06T13:54:56+00:00\",\"breadcrumb\":{\"@id\":\"https:\/\/www.siprem.it\/fr\/prodotto\/alcryo\/#breadcrumb\"},\"inLanguage\":\"fr-FR\",\"potentialAction\":[{\"@type\":\"ReadAction\",\"target\":[\"https:\/\/www.siprem.it\/fr\/prodotto\/alcryo\/\"]}]},{\"@type\":\"ImageObject\",\"inLanguage\":\"fr-FR\",\"@id\":\"https:\/\/www.siprem.it\/fr\/prodotto\/alcryo\/#primaryimage\",\"url\":\"https:\/\/www.siprem.it\/wp-content\/uploads\/2023\/03\/Alcryo100-1024x651-1.jpg\",\"contentUrl\":\"https:\/\/www.siprem.it\/wp-content\/uploads\/2023\/03\/Alcryo100-1024x651-1.jpg\",\"width\":1024,\"height\":651,\"caption\":\"Alcryo100\"},{\"@type\":\"BreadcrumbList\",\"@id\":\"https:\/\/www.siprem.it\/fr\/prodotto\/alcryo\/#breadcrumb\",\"itemListElement\":[{\"@type\":\"ListItem\",\"position\":1,\"name\":\"Home\",\"item\":\"https:\/\/www.siprem.it\/fr\/\"},{\"@type\":\"ListItem\",\"position\":2,\"name\":\"Produits\",\"item\":\"https:\/\/www.siprem.it\/fr\/shop\/\"},{\"@type\":\"ListItem\",\"position\":3,\"name\":\"Alcryo 100\"}]},{\"@type\":\"WebSite\",\"@id\":\"https:\/\/www.siprem.it\/fr\/#website\",\"url\":\"https:\/\/www.siprem.it\/fr\/\",\"name\":\"Impianti per la vinificazione - Siprem International Spa\",\"description\":\"Pressatura Soffice per vini di qualit\u00e0\",\"publisher\":{\"@id\":\"https:\/\/www.siprem.it\/fr\/#organization\"},\"potentialAction\":[{\"@type\":\"SearchAction\",\"target\":{\"@type\":\"EntryPoint\",\"urlTemplate\":\"https:\/\/www.siprem.it\/fr\/?s={search_term_string}\"},\"query-input\":\"required name=search_term_string\"}],\"inLanguage\":\"fr-FR\"},{\"@type\":\"Organization\",\"@id\":\"https:\/\/www.siprem.it\/fr\/#organization\",\"name\":\"Impianti per la vinificazione - Siprem International Spa\",\"url\":\"https:\/\/www.siprem.it\/fr\/\",\"logo\":{\"@type\":\"ImageObject\",\"inLanguage\":\"fr-FR\",\"@id\":\"https:\/\/www.siprem.it\/fr\/#\/schema\/logo\/image\/\",\"url\":\"https:\/\/www.siprem.it\/wp-content\/uploads\/2023\/03\/LOGO_BACKEND2.png\",\"contentUrl\":\"https:\/\/www.siprem.it\/wp-content\/uploads\/2023\/03\/LOGO_BACKEND2.png\",\"width\":381,\"height\":167,\"caption\":\"Impianti per la vinificazione - Siprem International Spa\"},\"image\":{\"@id\":\"https:\/\/www.siprem.it\/fr\/#\/schema\/logo\/image\/\"},\"sameAs\":[\"https:\/\/www.youtube.com\/channel\/UCw84hI8aGt0-S-05oMK1Z2g\",\"https:\/\/www.linkedin.com\/company\/siprem-international-s.p.a\/\"]}]}<\/script>\n<!-- \/ Yoast SEO plugin. -->","yoast_head_json":{"title":"Alcryo 100 - Impianti per la vinificazione - Siprem International Spa","robots":{"index":"index","follow":"follow","max-snippet":"max-snippet:-1","max-image-preview":"max-image-preview:large","max-video-preview":"max-video-preview:-1"},"canonical":"https:\/\/www.siprem.it\/fr\/prodotto\/alcryo\/","og_locale":"fr_FR","og_type":"article","og_title":"Alcryo 100 - Impianti per la vinificazione - Siprem International Spa","og_description":"Installation cryog\u00e9nique de pr\u00e9traitement en continu du raisin entier, rouge ou blanc, avec inhibition significative des fermentations anticip\u00e9es ind\u00e9sirables, augmentation des composantes extraites sans alcool et protection de l\u2019hygi\u00e8ne du produit.","og_site_name":"Impianti per la vinificazione - Siprem International Spa","article_modified_time":"2024-12-06T13:54:56+00:00","og_image":[{"width":1024,"height":651,"url":"https:\/\/www.siprem.it\/wp-content\/uploads\/2023\/03\/Alcryo100-1024x651-1.jpg","type":"image\/jpeg"}],"twitter_card":"summary_large_image","twitter_misc":{"Dur\u00e9e de lecture estim\u00e9e":"2 minutes"},"schema":{"@context":"https:\/\/schema.org","@graph":[{"@type":"WebPage","@id":"https:\/\/www.siprem.it\/fr\/prodotto\/alcryo\/","url":"https:\/\/www.siprem.it\/fr\/prodotto\/alcryo\/","name":"Alcryo 100 - Impianti per la vinificazione - Siprem International Spa","isPartOf":{"@id":"https:\/\/www.siprem.it\/fr\/#website"},"primaryImageOfPage":{"@id":"https:\/\/www.siprem.it\/fr\/prodotto\/alcryo\/#primaryimage"},"image":{"@id":"https:\/\/www.siprem.it\/fr\/prodotto\/alcryo\/#primaryimage"},"thumbnailUrl":"https:\/\/www.siprem.it\/wp-content\/uploads\/2023\/03\/Alcryo100-1024x651-1.jpg","datePublished":"2023-03-29T07:55:11+00:00","dateModified":"2024-12-06T13:54:56+00:00","breadcrumb":{"@id":"https:\/\/www.siprem.it\/fr\/prodotto\/alcryo\/#breadcrumb"},"inLanguage":"fr-FR","potentialAction":[{"@type":"ReadAction","target":["https:\/\/www.siprem.it\/fr\/prodotto\/alcryo\/"]}]},{"@type":"ImageObject","inLanguage":"fr-FR","@id":"https:\/\/www.siprem.it\/fr\/prodotto\/alcryo\/#primaryimage","url":"https:\/\/www.siprem.it\/wp-content\/uploads\/2023\/03\/Alcryo100-1024x651-1.jpg","contentUrl":"https:\/\/www.siprem.it\/wp-content\/uploads\/2023\/03\/Alcryo100-1024x651-1.jpg","width":1024,"height":651,"caption":"Alcryo100"},{"@type":"BreadcrumbList","@id":"https:\/\/www.siprem.it\/fr\/prodotto\/alcryo\/#breadcrumb","itemListElement":[{"@type":"ListItem","position":1,"name":"Home","item":"https:\/\/www.siprem.it\/fr\/"},{"@type":"ListItem","position":2,"name":"Produits","item":"https:\/\/www.siprem.it\/fr\/shop\/"},{"@type":"ListItem","position":3,"name":"Alcryo 100"}]},{"@type":"WebSite","@id":"https:\/\/www.siprem.it\/fr\/#website","url":"https:\/\/www.siprem.it\/fr\/","name":"Impianti per la vinificazione - Siprem International Spa","description":"Pressatura Soffice per vini di qualit\u00e0","publisher":{"@id":"https:\/\/www.siprem.it\/fr\/#organization"},"potentialAction":[{"@type":"SearchAction","target":{"@type":"EntryPoint","urlTemplate":"https:\/\/www.siprem.it\/fr\/?s={search_term_string}"},"query-input":"required name=search_term_string"}],"inLanguage":"fr-FR"},{"@type":"Organization","@id":"https:\/\/www.siprem.it\/fr\/#organization","name":"Impianti per la vinificazione - Siprem International Spa","url":"https:\/\/www.siprem.it\/fr\/","logo":{"@type":"ImageObject","inLanguage":"fr-FR","@id":"https:\/\/www.siprem.it\/fr\/#\/schema\/logo\/image\/","url":"https:\/\/www.siprem.it\/wp-content\/uploads\/2023\/03\/LOGO_BACKEND2.png","contentUrl":"https:\/\/www.siprem.it\/wp-content\/uploads\/2023\/03\/LOGO_BACKEND2.png","width":381,"height":167,"caption":"Impianti per la vinificazione - Siprem International Spa"},"image":{"@id":"https:\/\/www.siprem.it\/fr\/#\/schema\/logo\/image\/"},"sameAs":["https:\/\/www.youtube.com\/channel\/UCw84hI8aGt0-S-05oMK1Z2g","https:\/\/www.linkedin.com\/company\/siprem-international-s.p.a\/"]}]}},"_links":{"self":[{"href":"https:\/\/www.siprem.it\/fr\/wp-json\/wp\/v2\/product\/2247","targetHints":{"allow":["GET"]}}],"collection":[{"href":"https:\/\/www.siprem.it\/fr\/wp-json\/wp\/v2\/product"}],"about":[{"href":"https:\/\/www.siprem.it\/fr\/wp-json\/wp\/v2\/types\/product"}],"wp:featuredmedia":[{"embeddable":true,"href":"https:\/\/www.siprem.it\/fr\/wp-json\/wp\/v2\/media\/1467"}],"wp:attachment":[{"href":"https:\/\/www.siprem.it\/fr\/wp-json\/wp\/v2\/media?parent=2247"}],"wp:term":[{"taxonomy":"product_cat","embeddable":true,"href":"https:\/\/www.siprem.it\/fr\/wp-json\/wp\/v2\/product_cat?post=2247"},{"taxonomy":"product_tag","embeddable":true,"href":"https:\/\/www.siprem.it\/fr\/wp-json\/wp\/v2\/product_tag?post=2247"}],"curies":[{"name":"wp","href":"https:\/\/api.w.org\/{rel}","templated":true}]}}