{"id":2232,"date":"2023-03-29T10:24:05","date_gmt":"2023-03-29T08:24:05","guid":{"rendered":"https:\/\/www.siprem.it\/prodotto\/presse-pneumatiche-chiuse-e-aperte\/"},"modified":"2026-02-04T11:11:13","modified_gmt":"2026-02-04T10:11:13","slug":"pressoirs-pneumatiques-cage-ferme-et-ouverte","status":"publish","type":"product","link":"https:\/\/www.siprem.it\/fr\/prodotto\/pressoirs-pneumatiques-cage-ferme-et-ouverte\/","title":{"rendered":"Pressoirs pneumatiques cage ferm\u00e9 et ouverte"},"content":{"rendered":"<p>Pressoirs pneumatiques \u00e0 membrane horizontale, de taille petite, moyenne et grande. La fiabilit\u00e9, la polyvalence d\u2019utilisation et la simplicit\u00e9 de gestion les rendent un produit au succ\u00e8s constant, en mesure de satisfaire toutes les exigences.<\/p>\n<p>La toile d\u2019expression est en PVC alimentaire, tandis que le ch\u00e2ssis et toutes les surfaces de contact avec le mo\u00fbt sont r\u00e9alis\u00e9s en acier inoxydable AISI 304. Gestion compl\u00e8te des phases de travail par API de commande et terminal d\u2019interface tactile avec l\u2019op\u00e9rateur, avec possibilit\u00e9 de travailler en mode manuel ou automatique.<\/p>\n<p>Porte d\u2019\u00e9vacuation des vinasses \u00e0 ouverture manuelle ou automatique, \u00e0 actionnement pneumatique.<\/p>\n<p><strong>AUTRES VERSIONS<br \/>\n<\/strong><\/p>\n<p>MOD\u00c8LES \u00c0 R\u00c9SERVOIR OUVERT AVEC CAPACIT\u00c9 COMPRISE ENTRE 8 ET 110 HL.<\/p>\n<p>LES PRESSOIRS SONT DISPONIBLES AUSSI DANS LA VERSION \u00c0 R\u00c9SERVOIR AJOUR\u00c9 SUR 180\u00b0 AVEC LA D\u00c9NOMINATION SUIVANTE:<br \/>\nPA 8\/A; PA 14\/A; PA 20\/A; PA 28\/A; PA 38\/A; PA 50\/A; PA65\/A; PA 80\/A; PA 110\/A<\/p>\n","protected":false},"excerpt":{"rendered":"<p class=\"title\">Pressoirs pneumatiques \u00e0 membrane horizontale, de taille petite, moyenne et grande. La fiabilit\u00e9, la polyvalence d\u2019utilisation et la simplicit\u00e9 de gestion les rendent un produit au succ\u00e8s constant, en mesure de satisfaire toutes les exigences.<\/p>\n","protected":false},"featured_media":6372,"template":"","meta":{"_acf_changed":false,"_et_pb_use_builder":"","_et_pb_old_content":"","_et_gb_content_width":""},"product_cat":[71],"product_tag":[75],"class_list":{"0":"post-2232","1":"product","2":"type-product","3":"status-publish","4":"has-post-thumbnail","6":"product_cat-pressurage","7":"product_tag-dati-fr","9":"first","10":"instock","11":"shipping-taxable","12":"product-type-simple"},"acf":[],"yoast_head":"<!-- This site is optimized with the Yoast SEO plugin v22.4 - https:\/\/yoast.com\/wordpress\/plugins\/seo\/ -->\n<title>Pressoirs pneumatiques cage ferm\u00e9 et ouverte - Impianti per la vinificazione - Siprem International Spa<\/title>\n<meta name=\"robots\" content=\"index, follow, max-snippet:-1, max-image-preview:large, max-video-preview:-1\" \/>\n<link rel=\"canonical\" href=\"https:\/\/www.siprem.it\/fr\/prodotto\/pressoirs-pneumatiques-cage-ferme-et-ouverte\/\" \/>\n<meta property=\"og:locale\" content=\"fr_FR\" \/>\n<meta property=\"og:type\" content=\"article\" \/>\n<meta property=\"og:title\" content=\"Pressoirs pneumatiques cage ferm\u00e9 et ouverte - Impianti per la vinificazione - Siprem International Spa\" \/>\n<meta property=\"og:description\" content=\"Pressoirs pneumatiques \u00e0 membrane horizontale, de taille petite, moyenne et grande. La fiabilit\u00e9, la polyvalence d\u2019utilisation et la simplicit\u00e9 de gestion les rendent un produit au succ\u00e8s constant, en mesure de satisfaire toutes les exigences.\" \/>\n<meta property=\"og:site_name\" content=\"Impianti per la vinificazione - Siprem International Spa\" \/>\n<meta property=\"article:modified_time\" content=\"2026-02-04T10:11:13+00:00\" \/>\n<meta property=\"og:image\" content=\"https:\/\/www.siprem.it\/wp-content\/uploads\/2023\/03\/nuovo-telaiook-web-scaled.jpg\" \/>\n\t<meta property=\"og:image:width\" content=\"2880\" \/>\n\t<meta property=\"og:image:height\" content=\"2165\" \/>\n\t<meta property=\"og:image:type\" content=\"image\/jpeg\" \/>\n<meta name=\"twitter:card\" content=\"summary_large_image\" \/>\n<meta name=\"twitter:label1\" content=\"Dur\u00e9e de lecture estim\u00e9e\" \/>\n\t<meta name=\"twitter:data1\" content=\"1 minute\" \/>\n<script type=\"application\/ld+json\" class=\"yoast-schema-graph\">{\"@context\":\"https:\/\/schema.org\",\"@graph\":[{\"@type\":\"WebPage\",\"@id\":\"https:\/\/www.siprem.it\/fr\/prodotto\/pressoirs-pneumatiques-cage-ferme-et-ouverte\/\",\"url\":\"https:\/\/www.siprem.it\/fr\/prodotto\/pressoirs-pneumatiques-cage-ferme-et-ouverte\/\",\"name\":\"Pressoirs pneumatiques cage ferm\u00e9 et ouverte - Impianti per la vinificazione - Siprem International Spa\",\"isPartOf\":{\"@id\":\"https:\/\/www.siprem.it\/fr\/#website\"},\"primaryImageOfPage\":{\"@id\":\"https:\/\/www.siprem.it\/fr\/prodotto\/pressoirs-pneumatiques-cage-ferme-et-ouverte\/#primaryimage\"},\"image\":{\"@id\":\"https:\/\/www.siprem.it\/fr\/prodotto\/pressoirs-pneumatiques-cage-ferme-et-ouverte\/#primaryimage\"},\"thumbnailUrl\":\"https:\/\/www.siprem.it\/wp-content\/uploads\/2023\/03\/nuovo-telaiook-web-scaled.jpg\",\"datePublished\":\"2023-03-29T08:24:05+00:00\",\"dateModified\":\"2026-02-04T10:11:13+00:00\",\"breadcrumb\":{\"@id\":\"https:\/\/www.siprem.it\/fr\/prodotto\/pressoirs-pneumatiques-cage-ferme-et-ouverte\/#breadcrumb\"},\"inLanguage\":\"fr-FR\",\"potentialAction\":[{\"@type\":\"ReadAction\",\"target\":[\"https:\/\/www.siprem.it\/fr\/prodotto\/pressoirs-pneumatiques-cage-ferme-et-ouverte\/\"]}]},{\"@type\":\"ImageObject\",\"inLanguage\":\"fr-FR\",\"@id\":\"https:\/\/www.siprem.it\/fr\/prodotto\/pressoirs-pneumatiques-cage-ferme-et-ouverte\/#primaryimage\",\"url\":\"https:\/\/www.siprem.it\/wp-content\/uploads\/2023\/03\/nuovo-telaiook-web-scaled.jpg\",\"contentUrl\":\"https:\/\/www.siprem.it\/wp-content\/uploads\/2023\/03\/nuovo-telaiook-web-scaled.jpg\",\"width\":2880,\"height\":2165},{\"@type\":\"BreadcrumbList\",\"@id\":\"https:\/\/www.siprem.it\/fr\/prodotto\/pressoirs-pneumatiques-cage-ferme-et-ouverte\/#breadcrumb\",\"itemListElement\":[{\"@type\":\"ListItem\",\"position\":1,\"name\":\"Home\",\"item\":\"https:\/\/www.siprem.it\/fr\/\"},{\"@type\":\"ListItem\",\"position\":2,\"name\":\"Produits\",\"item\":\"https:\/\/www.siprem.it\/fr\/shop\/\"},{\"@type\":\"ListItem\",\"position\":3,\"name\":\"Pressoirs pneumatiques cage ferm\u00e9 et ouverte\"}]},{\"@type\":\"WebSite\",\"@id\":\"https:\/\/www.siprem.it\/fr\/#website\",\"url\":\"https:\/\/www.siprem.it\/fr\/\",\"name\":\"Impianti per la vinificazione - Siprem International Spa\",\"description\":\"Pressatura Soffice per vini di qualit\u00e0\",\"publisher\":{\"@id\":\"https:\/\/www.siprem.it\/fr\/#organization\"},\"potentialAction\":[{\"@type\":\"SearchAction\",\"target\":{\"@type\":\"EntryPoint\",\"urlTemplate\":\"https:\/\/www.siprem.it\/fr\/?s={search_term_string}\"},\"query-input\":\"required name=search_term_string\"}],\"inLanguage\":\"fr-FR\"},{\"@type\":\"Organization\",\"@id\":\"https:\/\/www.siprem.it\/fr\/#organization\",\"name\":\"Impianti per la vinificazione - Siprem International Spa\",\"url\":\"https:\/\/www.siprem.it\/fr\/\",\"logo\":{\"@type\":\"ImageObject\",\"inLanguage\":\"fr-FR\",\"@id\":\"https:\/\/www.siprem.it\/fr\/#\/schema\/logo\/image\/\",\"url\":\"https:\/\/www.siprem.it\/wp-content\/uploads\/2023\/03\/LOGO_BACKEND2.png\",\"contentUrl\":\"https:\/\/www.siprem.it\/wp-content\/uploads\/2023\/03\/LOGO_BACKEND2.png\",\"width\":381,\"height\":167,\"caption\":\"Impianti per la vinificazione - Siprem International Spa\"},\"image\":{\"@id\":\"https:\/\/www.siprem.it\/fr\/#\/schema\/logo\/image\/\"},\"sameAs\":[\"https:\/\/www.youtube.com\/channel\/UCw84hI8aGt0-S-05oMK1Z2g\",\"https:\/\/www.linkedin.com\/company\/siprem-international-s.p.a\/\"]}]}<\/script>\n<!-- \/ Yoast SEO plugin. -->","yoast_head_json":{"title":"Pressoirs pneumatiques cage ferm\u00e9 et ouverte - Impianti per la vinificazione - Siprem International Spa","robots":{"index":"index","follow":"follow","max-snippet":"max-snippet:-1","max-image-preview":"max-image-preview:large","max-video-preview":"max-video-preview:-1"},"canonical":"https:\/\/www.siprem.it\/fr\/prodotto\/pressoirs-pneumatiques-cage-ferme-et-ouverte\/","og_locale":"fr_FR","og_type":"article","og_title":"Pressoirs pneumatiques cage ferm\u00e9 et ouverte - Impianti per la vinificazione - Siprem International Spa","og_description":"Pressoirs pneumatiques \u00e0 membrane horizontale, de taille petite, moyenne et grande. La fiabilit\u00e9, la polyvalence d\u2019utilisation et la simplicit\u00e9 de gestion les rendent un produit au succ\u00e8s constant, en mesure de satisfaire toutes les exigences.","og_site_name":"Impianti per la vinificazione - Siprem International Spa","article_modified_time":"2026-02-04T10:11:13+00:00","og_image":[{"width":2880,"height":2165,"url":"https:\/\/www.siprem.it\/wp-content\/uploads\/2023\/03\/nuovo-telaiook-web-scaled.jpg","type":"image\/jpeg"}],"twitter_card":"summary_large_image","twitter_misc":{"Dur\u00e9e de lecture estim\u00e9e":"1 minute"},"schema":{"@context":"https:\/\/schema.org","@graph":[{"@type":"WebPage","@id":"https:\/\/www.siprem.it\/fr\/prodotto\/pressoirs-pneumatiques-cage-ferme-et-ouverte\/","url":"https:\/\/www.siprem.it\/fr\/prodotto\/pressoirs-pneumatiques-cage-ferme-et-ouverte\/","name":"Pressoirs pneumatiques cage ferm\u00e9 et ouverte - Impianti per la vinificazione - Siprem International Spa","isPartOf":{"@id":"https:\/\/www.siprem.it\/fr\/#website"},"primaryImageOfPage":{"@id":"https:\/\/www.siprem.it\/fr\/prodotto\/pressoirs-pneumatiques-cage-ferme-et-ouverte\/#primaryimage"},"image":{"@id":"https:\/\/www.siprem.it\/fr\/prodotto\/pressoirs-pneumatiques-cage-ferme-et-ouverte\/#primaryimage"},"thumbnailUrl":"https:\/\/www.siprem.it\/wp-content\/uploads\/2023\/03\/nuovo-telaiook-web-scaled.jpg","datePublished":"2023-03-29T08:24:05+00:00","dateModified":"2026-02-04T10:11:13+00:00","breadcrumb":{"@id":"https:\/\/www.siprem.it\/fr\/prodotto\/pressoirs-pneumatiques-cage-ferme-et-ouverte\/#breadcrumb"},"inLanguage":"fr-FR","potentialAction":[{"@type":"ReadAction","target":["https:\/\/www.siprem.it\/fr\/prodotto\/pressoirs-pneumatiques-cage-ferme-et-ouverte\/"]}]},{"@type":"ImageObject","inLanguage":"fr-FR","@id":"https:\/\/www.siprem.it\/fr\/prodotto\/pressoirs-pneumatiques-cage-ferme-et-ouverte\/#primaryimage","url":"https:\/\/www.siprem.it\/wp-content\/uploads\/2023\/03\/nuovo-telaiook-web-scaled.jpg","contentUrl":"https:\/\/www.siprem.it\/wp-content\/uploads\/2023\/03\/nuovo-telaiook-web-scaled.jpg","width":2880,"height":2165},{"@type":"BreadcrumbList","@id":"https:\/\/www.siprem.it\/fr\/prodotto\/pressoirs-pneumatiques-cage-ferme-et-ouverte\/#breadcrumb","itemListElement":[{"@type":"ListItem","position":1,"name":"Home","item":"https:\/\/www.siprem.it\/fr\/"},{"@type":"ListItem","position":2,"name":"Produits","item":"https:\/\/www.siprem.it\/fr\/shop\/"},{"@type":"ListItem","position":3,"name":"Pressoirs pneumatiques cage ferm\u00e9 et ouverte"}]},{"@type":"WebSite","@id":"https:\/\/www.siprem.it\/fr\/#website","url":"https:\/\/www.siprem.it\/fr\/","name":"Impianti per la vinificazione - Siprem International Spa","description":"Pressatura Soffice per vini di qualit\u00e0","publisher":{"@id":"https:\/\/www.siprem.it\/fr\/#organization"},"potentialAction":[{"@type":"SearchAction","target":{"@type":"EntryPoint","urlTemplate":"https:\/\/www.siprem.it\/fr\/?s={search_term_string}"},"query-input":"required name=search_term_string"}],"inLanguage":"fr-FR"},{"@type":"Organization","@id":"https:\/\/www.siprem.it\/fr\/#organization","name":"Impianti per la vinificazione - Siprem International Spa","url":"https:\/\/www.siprem.it\/fr\/","logo":{"@type":"ImageObject","inLanguage":"fr-FR","@id":"https:\/\/www.siprem.it\/fr\/#\/schema\/logo\/image\/","url":"https:\/\/www.siprem.it\/wp-content\/uploads\/2023\/03\/LOGO_BACKEND2.png","contentUrl":"https:\/\/www.siprem.it\/wp-content\/uploads\/2023\/03\/LOGO_BACKEND2.png","width":381,"height":167,"caption":"Impianti per la vinificazione - Siprem International Spa"},"image":{"@id":"https:\/\/www.siprem.it\/fr\/#\/schema\/logo\/image\/"},"sameAs":["https:\/\/www.youtube.com\/channel\/UCw84hI8aGt0-S-05oMK1Z2g","https:\/\/www.linkedin.com\/company\/siprem-international-s.p.a\/"]}]}},"_links":{"self":[{"href":"https:\/\/www.siprem.it\/fr\/wp-json\/wp\/v2\/product\/2232","targetHints":{"allow":["GET"]}}],"collection":[{"href":"https:\/\/www.siprem.it\/fr\/wp-json\/wp\/v2\/product"}],"about":[{"href":"https:\/\/www.siprem.it\/fr\/wp-json\/wp\/v2\/types\/product"}],"wp:featuredmedia":[{"embeddable":true,"href":"https:\/\/www.siprem.it\/fr\/wp-json\/wp\/v2\/media\/6372"}],"wp:attachment":[{"href":"https:\/\/www.siprem.it\/fr\/wp-json\/wp\/v2\/media?parent=2232"}],"wp:term":[{"taxonomy":"product_cat","embeddable":true,"href":"https:\/\/www.siprem.it\/fr\/wp-json\/wp\/v2\/product_cat?post=2232"},{"taxonomy":"product_tag","embeddable":true,"href":"https:\/\/www.siprem.it\/fr\/wp-json\/wp\/v2\/product_tag?post=2232"}],"curies":[{"name":"wp","href":"https:\/\/api.w.org\/{rel}","templated":true}]}}