{"id":2230,"date":"2023-03-29T11:59:37","date_gmt":"2023-03-29T09:59:37","guid":{"rendered":"https:\/\/www.siprem.it\/prodotto\/presgrondo-rotante-mod-psm\/"},"modified":"2023-06-22T17:13:07","modified_gmt":"2023-06-22T15:13:07","slug":"pre-egouttage-rotatif-mod-psm","status":"publish","type":"product","link":"https:\/\/www.siprem.it\/fr\/prodotto\/pre-egouttage-rotatif-mod-psm\/","title":{"rendered":"Pr\u00e9-\u00e9gouttage rotatif MOD. PS\/M"},"content":{"rendered":"<p>Indiqu\u00e9 pour une premi\u00e8re s\u00e9paration du liquide de 50 % de la masse de raisin foul\u00e9 (\u00e9grapp\u00e9 et pas \u00e9grapp\u00e9).<\/p>\n<p>Pour une production de 30\/40 tonnes\/h pour le mod\u00e8le PS\/M 40.<\/p>\n<p>Pour une production de 40\/50 tonnes\/h pour le mod\u00e8le PS\/M 50.<\/p>\n<p>Cage \u00e0 fentes ou \u00e0 trous ronds et h\u00e9lice interne d\u2019extraction, \u00e9quip\u00e9e de brosse pour le nettoyage constant de la cage.<\/p>\n<p>Cage rotative avec mouvement oppos\u00e9 au sens de rotation de l\u2019h\u00e9lice d\u2019extraction, constamment maintenue propre \u00e0 l\u2019ext\u00e9rieur par des brosses particuli\u00e8res.<\/p>\n","protected":false},"excerpt":{"rendered":"<p>Indiqu\u00e9 pour une premi\u00e8re s\u00e9paration du liquide de 50 % de la masse de raisin foul\u00e9 (\u00e9grapp\u00e9 et pas \u00e9grapp\u00e9).<\/p>\n","protected":false},"featured_media":1674,"template":"","meta":{"_acf_changed":false,"_et_pb_use_builder":"","_et_pb_old_content":"","_et_gb_content_width":""},"product_cat":[71],"product_tag":[],"class_list":{"0":"post-2230","1":"product","2":"type-product","3":"status-publish","4":"has-post-thumbnail","6":"product_cat-pressurage","8":"first","9":"instock","10":"shipping-taxable","11":"product-type-simple"},"acf":[],"yoast_head":"<!-- This site is optimized with the Yoast SEO plugin v22.4 - https:\/\/yoast.com\/wordpress\/plugins\/seo\/ -->\n<title>Pr\u00e9-\u00e9gouttage rotatif MOD. PS\/M - Impianti per la vinificazione - Siprem International Spa<\/title>\n<meta name=\"robots\" content=\"index, follow, max-snippet:-1, max-image-preview:large, max-video-preview:-1\" \/>\n<link rel=\"canonical\" href=\"https:\/\/www.siprem.it\/fr\/prodotto\/pre-egouttage-rotatif-mod-psm\/\" \/>\n<meta property=\"og:locale\" content=\"fr_FR\" \/>\n<meta property=\"og:type\" content=\"article\" \/>\n<meta property=\"og:title\" content=\"Pr\u00e9-\u00e9gouttage rotatif MOD. PS\/M - Impianti per la vinificazione - Siprem International Spa\" \/>\n<meta property=\"og:description\" content=\"Indiqu\u00e9 pour une premi\u00e8re s\u00e9paration du liquide de 50 % de la masse de raisin foul\u00e9 (\u00e9grapp\u00e9 et pas \u00e9grapp\u00e9).\" \/>\n<meta property=\"og:site_name\" content=\"Impianti per la vinificazione - Siprem International Spa\" \/>\n<meta property=\"article:modified_time\" content=\"2023-06-22T15:13:07+00:00\" \/>\n<meta property=\"og:image\" content=\"https:\/\/www.siprem.it\/wp-content\/uploads\/2023\/03\/PSM2-1024x768-1.jpg\" \/>\n\t<meta property=\"og:image:width\" content=\"1024\" \/>\n\t<meta property=\"og:image:height\" content=\"768\" \/>\n\t<meta property=\"og:image:type\" content=\"image\/jpeg\" \/>\n<meta name=\"twitter:card\" content=\"summary_large_image\" \/>\n<script type=\"application\/ld+json\" class=\"yoast-schema-graph\">{\"@context\":\"https:\/\/schema.org\",\"@graph\":[{\"@type\":\"WebPage\",\"@id\":\"https:\/\/www.siprem.it\/fr\/prodotto\/pre-egouttage-rotatif-mod-psm\/\",\"url\":\"https:\/\/www.siprem.it\/fr\/prodotto\/pre-egouttage-rotatif-mod-psm\/\",\"name\":\"Pr\u00e9-\u00e9gouttage rotatif MOD. PS\/M - Impianti per la vinificazione - Siprem International Spa\",\"isPartOf\":{\"@id\":\"https:\/\/www.siprem.it\/fr\/#website\"},\"primaryImageOfPage\":{\"@id\":\"https:\/\/www.siprem.it\/fr\/prodotto\/pre-egouttage-rotatif-mod-psm\/#primaryimage\"},\"image\":{\"@id\":\"https:\/\/www.siprem.it\/fr\/prodotto\/pre-egouttage-rotatif-mod-psm\/#primaryimage\"},\"thumbnailUrl\":\"https:\/\/www.siprem.it\/wp-content\/uploads\/2023\/03\/PSM2-1024x768-1.jpg\",\"datePublished\":\"2023-03-29T09:59:37+00:00\",\"dateModified\":\"2023-06-22T15:13:07+00:00\",\"breadcrumb\":{\"@id\":\"https:\/\/www.siprem.it\/fr\/prodotto\/pre-egouttage-rotatif-mod-psm\/#breadcrumb\"},\"inLanguage\":\"fr-FR\",\"potentialAction\":[{\"@type\":\"ReadAction\",\"target\":[\"https:\/\/www.siprem.it\/fr\/prodotto\/pre-egouttage-rotatif-mod-psm\/\"]}]},{\"@type\":\"ImageObject\",\"inLanguage\":\"fr-FR\",\"@id\":\"https:\/\/www.siprem.it\/fr\/prodotto\/pre-egouttage-rotatif-mod-psm\/#primaryimage\",\"url\":\"https:\/\/www.siprem.it\/wp-content\/uploads\/2023\/03\/PSM2-1024x768-1.jpg\",\"contentUrl\":\"https:\/\/www.siprem.it\/wp-content\/uploads\/2023\/03\/PSM2-1024x768-1.jpg\",\"width\":1024,\"height\":768,\"caption\":\"presgrondo rotante\"},{\"@type\":\"BreadcrumbList\",\"@id\":\"https:\/\/www.siprem.it\/fr\/prodotto\/pre-egouttage-rotatif-mod-psm\/#breadcrumb\",\"itemListElement\":[{\"@type\":\"ListItem\",\"position\":1,\"name\":\"Home\",\"item\":\"https:\/\/www.siprem.it\/fr\/\"},{\"@type\":\"ListItem\",\"position\":2,\"name\":\"Produits\",\"item\":\"https:\/\/www.siprem.it\/fr\/shop\/\"},{\"@type\":\"ListItem\",\"position\":3,\"name\":\"Pr\u00e9-\u00e9gouttage rotatif MOD. PS\/M\"}]},{\"@type\":\"WebSite\",\"@id\":\"https:\/\/www.siprem.it\/fr\/#website\",\"url\":\"https:\/\/www.siprem.it\/fr\/\",\"name\":\"Impianti per la vinificazione - Siprem International Spa\",\"description\":\"Pressatura Soffice per vini di qualit\u00e0\",\"publisher\":{\"@id\":\"https:\/\/www.siprem.it\/fr\/#organization\"},\"potentialAction\":[{\"@type\":\"SearchAction\",\"target\":{\"@type\":\"EntryPoint\",\"urlTemplate\":\"https:\/\/www.siprem.it\/fr\/?s={search_term_string}\"},\"query-input\":\"required name=search_term_string\"}],\"inLanguage\":\"fr-FR\"},{\"@type\":\"Organization\",\"@id\":\"https:\/\/www.siprem.it\/fr\/#organization\",\"name\":\"Impianti per la vinificazione - Siprem International Spa\",\"url\":\"https:\/\/www.siprem.it\/fr\/\",\"logo\":{\"@type\":\"ImageObject\",\"inLanguage\":\"fr-FR\",\"@id\":\"https:\/\/www.siprem.it\/fr\/#\/schema\/logo\/image\/\",\"url\":\"https:\/\/www.siprem.it\/wp-content\/uploads\/2023\/03\/LOGO_BACKEND2.png\",\"contentUrl\":\"https:\/\/www.siprem.it\/wp-content\/uploads\/2023\/03\/LOGO_BACKEND2.png\",\"width\":381,\"height\":167,\"caption\":\"Impianti per la vinificazione - Siprem International Spa\"},\"image\":{\"@id\":\"https:\/\/www.siprem.it\/fr\/#\/schema\/logo\/image\/\"},\"sameAs\":[\"https:\/\/www.youtube.com\/channel\/UCw84hI8aGt0-S-05oMK1Z2g\",\"https:\/\/www.linkedin.com\/company\/siprem-international-s.p.a\/\"]}]}<\/script>\n<!-- \/ Yoast SEO plugin. -->","yoast_head_json":{"title":"Pr\u00e9-\u00e9gouttage rotatif MOD. PS\/M - Impianti per la vinificazione - Siprem International Spa","robots":{"index":"index","follow":"follow","max-snippet":"max-snippet:-1","max-image-preview":"max-image-preview:large","max-video-preview":"max-video-preview:-1"},"canonical":"https:\/\/www.siprem.it\/fr\/prodotto\/pre-egouttage-rotatif-mod-psm\/","og_locale":"fr_FR","og_type":"article","og_title":"Pr\u00e9-\u00e9gouttage rotatif MOD. PS\/M - Impianti per la vinificazione - Siprem International Spa","og_description":"Indiqu\u00e9 pour une premi\u00e8re s\u00e9paration du liquide de 50 % de la masse de raisin foul\u00e9 (\u00e9grapp\u00e9 et pas \u00e9grapp\u00e9).","og_site_name":"Impianti per la vinificazione - Siprem International Spa","article_modified_time":"2023-06-22T15:13:07+00:00","og_image":[{"width":1024,"height":768,"url":"https:\/\/www.siprem.it\/wp-content\/uploads\/2023\/03\/PSM2-1024x768-1.jpg","type":"image\/jpeg"}],"twitter_card":"summary_large_image","schema":{"@context":"https:\/\/schema.org","@graph":[{"@type":"WebPage","@id":"https:\/\/www.siprem.it\/fr\/prodotto\/pre-egouttage-rotatif-mod-psm\/","url":"https:\/\/www.siprem.it\/fr\/prodotto\/pre-egouttage-rotatif-mod-psm\/","name":"Pr\u00e9-\u00e9gouttage rotatif MOD. PS\/M - Impianti per la vinificazione - Siprem International Spa","isPartOf":{"@id":"https:\/\/www.siprem.it\/fr\/#website"},"primaryImageOfPage":{"@id":"https:\/\/www.siprem.it\/fr\/prodotto\/pre-egouttage-rotatif-mod-psm\/#primaryimage"},"image":{"@id":"https:\/\/www.siprem.it\/fr\/prodotto\/pre-egouttage-rotatif-mod-psm\/#primaryimage"},"thumbnailUrl":"https:\/\/www.siprem.it\/wp-content\/uploads\/2023\/03\/PSM2-1024x768-1.jpg","datePublished":"2023-03-29T09:59:37+00:00","dateModified":"2023-06-22T15:13:07+00:00","breadcrumb":{"@id":"https:\/\/www.siprem.it\/fr\/prodotto\/pre-egouttage-rotatif-mod-psm\/#breadcrumb"},"inLanguage":"fr-FR","potentialAction":[{"@type":"ReadAction","target":["https:\/\/www.siprem.it\/fr\/prodotto\/pre-egouttage-rotatif-mod-psm\/"]}]},{"@type":"ImageObject","inLanguage":"fr-FR","@id":"https:\/\/www.siprem.it\/fr\/prodotto\/pre-egouttage-rotatif-mod-psm\/#primaryimage","url":"https:\/\/www.siprem.it\/wp-content\/uploads\/2023\/03\/PSM2-1024x768-1.jpg","contentUrl":"https:\/\/www.siprem.it\/wp-content\/uploads\/2023\/03\/PSM2-1024x768-1.jpg","width":1024,"height":768,"caption":"presgrondo rotante"},{"@type":"BreadcrumbList","@id":"https:\/\/www.siprem.it\/fr\/prodotto\/pre-egouttage-rotatif-mod-psm\/#breadcrumb","itemListElement":[{"@type":"ListItem","position":1,"name":"Home","item":"https:\/\/www.siprem.it\/fr\/"},{"@type":"ListItem","position":2,"name":"Produits","item":"https:\/\/www.siprem.it\/fr\/shop\/"},{"@type":"ListItem","position":3,"name":"Pr\u00e9-\u00e9gouttage rotatif MOD. PS\/M"}]},{"@type":"WebSite","@id":"https:\/\/www.siprem.it\/fr\/#website","url":"https:\/\/www.siprem.it\/fr\/","name":"Impianti per la vinificazione - Siprem International Spa","description":"Pressatura Soffice per vini di qualit\u00e0","publisher":{"@id":"https:\/\/www.siprem.it\/fr\/#organization"},"potentialAction":[{"@type":"SearchAction","target":{"@type":"EntryPoint","urlTemplate":"https:\/\/www.siprem.it\/fr\/?s={search_term_string}"},"query-input":"required name=search_term_string"}],"inLanguage":"fr-FR"},{"@type":"Organization","@id":"https:\/\/www.siprem.it\/fr\/#organization","name":"Impianti per la vinificazione - Siprem International Spa","url":"https:\/\/www.siprem.it\/fr\/","logo":{"@type":"ImageObject","inLanguage":"fr-FR","@id":"https:\/\/www.siprem.it\/fr\/#\/schema\/logo\/image\/","url":"https:\/\/www.siprem.it\/wp-content\/uploads\/2023\/03\/LOGO_BACKEND2.png","contentUrl":"https:\/\/www.siprem.it\/wp-content\/uploads\/2023\/03\/LOGO_BACKEND2.png","width":381,"height":167,"caption":"Impianti per la vinificazione - Siprem International Spa"},"image":{"@id":"https:\/\/www.siprem.it\/fr\/#\/schema\/logo\/image\/"},"sameAs":["https:\/\/www.youtube.com\/channel\/UCw84hI8aGt0-S-05oMK1Z2g","https:\/\/www.linkedin.com\/company\/siprem-international-s.p.a\/"]}]}},"_links":{"self":[{"href":"https:\/\/www.siprem.it\/fr\/wp-json\/wp\/v2\/product\/2230","targetHints":{"allow":["GET"]}}],"collection":[{"href":"https:\/\/www.siprem.it\/fr\/wp-json\/wp\/v2\/product"}],"about":[{"href":"https:\/\/www.siprem.it\/fr\/wp-json\/wp\/v2\/types\/product"}],"wp:featuredmedia":[{"embeddable":true,"href":"https:\/\/www.siprem.it\/fr\/wp-json\/wp\/v2\/media\/1674"}],"wp:attachment":[{"href":"https:\/\/www.siprem.it\/fr\/wp-json\/wp\/v2\/media?parent=2230"}],"wp:term":[{"taxonomy":"product_cat","embeddable":true,"href":"https:\/\/www.siprem.it\/fr\/wp-json\/wp\/v2\/product_cat?post=2230"},{"taxonomy":"product_tag","embeddable":true,"href":"https:\/\/www.siprem.it\/fr\/wp-json\/wp\/v2\/product_tag?post=2230"}],"curies":[{"name":"wp","href":"https:\/\/api.w.org\/{rel}","templated":true}]}}