{"id":2227,"date":"2023-03-29T12:04:35","date_gmt":"2023-03-29T10:04:35","guid":{"rendered":"https:\/\/www.siprem.it\/prodotto\/linee-continue-di-sgrondo-pressatura\/"},"modified":"2023-06-22T17:05:50","modified_gmt":"2023-06-22T15:05:50","slug":"lignes-continues-d-egouttage-pressage","status":"publish","type":"product","link":"https:\/\/www.siprem.it\/fr\/prodotto\/lignes-continues-d-egouttage-pressage\/","title":{"rendered":"Lignes continues d\u2019\u00e9gouttage-pressage"},"content":{"rendered":"<p>Lignes form\u00e9es par un double stade d\u2019usinage, avec pressoir continu situ\u00e9e en aval de l\u2019\u00e9gouttoir. Id\u00e9ales pour les fortes productions, sous le signe d\u2019un \u00e9puisement optimal des vinasses. La vaste gamme d\u2019\u00e9gouttoirs est en mesure de s\u00e9parer le vin de goutte, avec un rendement de l\u2019ordre de 75 %, une haute qualit\u00e9 et un contenu minimal d\u2019extraits secs.<\/p>\n<p>La grande tr\u00e9mie de chargement assure un haut degr\u00e9 d\u2019\u00e9gouttage statique, gr\u00e2ce aux surfaces perc\u00e9es dont elle est compos\u00e9e. Le produit avance gr\u00e2ce \u00e0 un dispositif anti-retour r\u00e9alis\u00e9 avec croix de Malte. La ligne de pressoirs continus garantit un \u00e9puisement total des vinasses, dans le plein respect de l\u2019int\u00e9grit\u00e9 de la peau et de la rafle.<\/p>\n","protected":false},"excerpt":{"rendered":"<p>Lignes form\u00e9es par un double stade d\u2019usinage, avec pressoir continu situ\u00e9e en aval de l\u2019\u00e9gouttoir. Id\u00e9ales pour les fortes productions, sous le signe d\u2019un \u00e9puisement optimal des vinasses. La vaste gamme d\u2019\u00e9gouttoirs est en mesure de s\u00e9parer le vin de goutte, avec un rendement de l\u2019ordre de 75 %, une haute qualit\u00e9 et un contenu minimal d\u2019extraits secs.<\/p>\n","protected":false},"featured_media":1696,"template":"","meta":{"_acf_changed":false,"_et_pb_use_builder":"","_et_pb_old_content":"","_et_gb_content_width":""},"product_cat":[71],"product_tag":[75],"class_list":{"0":"post-2227","1":"product","2":"type-product","3":"status-publish","4":"has-post-thumbnail","6":"product_cat-pressurage","7":"product_tag-dati-fr","9":"first","10":"instock","11":"shipping-taxable","12":"product-type-simple"},"acf":[],"yoast_head":"<!-- This site is optimized with the Yoast SEO plugin v22.4 - https:\/\/yoast.com\/wordpress\/plugins\/seo\/ -->\n<title>Lignes continues d\u2019\u00e9gouttage-pressage - Impianti per la vinificazione - Siprem International Spa<\/title>\n<meta name=\"robots\" content=\"index, follow, max-snippet:-1, max-image-preview:large, max-video-preview:-1\" \/>\n<link rel=\"canonical\" href=\"https:\/\/www.siprem.it\/fr\/prodotto\/lignes-continues-d-egouttage-pressage\/\" \/>\n<meta property=\"og:locale\" content=\"fr_FR\" \/>\n<meta property=\"og:type\" content=\"article\" \/>\n<meta property=\"og:title\" content=\"Lignes continues d\u2019\u00e9gouttage-pressage - Impianti per la vinificazione - Siprem International Spa\" \/>\n<meta property=\"og:description\" content=\"Lignes form\u00e9es par un double stade d\u2019usinage, avec pressoir continu situ\u00e9e en aval de l\u2019\u00e9gouttoir. Id\u00e9ales pour les fortes productions, sous le signe d\u2019un \u00e9puisement optimal des vinasses. La vaste gamme d\u2019\u00e9gouttoirs est en mesure de s\u00e9parer le vin de goutte, avec un rendement de l\u2019ordre de 75 %, une haute qualit\u00e9 et un contenu minimal d\u2019extraits secs.\" \/>\n<meta property=\"og:site_name\" content=\"Impianti per la vinificazione - Siprem International Spa\" \/>\n<meta property=\"article:modified_time\" content=\"2023-06-22T15:05:50+00:00\" \/>\n<meta property=\"og:image\" content=\"https:\/\/www.siprem.it\/wp-content\/uploads\/2023\/03\/LINEA-SCONT-Copia-1024x491-1.jpg\" \/>\n\t<meta property=\"og:image:width\" content=\"1024\" \/>\n\t<meta property=\"og:image:height\" content=\"491\" \/>\n\t<meta property=\"og:image:type\" content=\"image\/jpeg\" \/>\n<meta name=\"twitter:card\" content=\"summary_large_image\" \/>\n<meta name=\"twitter:label1\" content=\"Dur\u00e9e de lecture estim\u00e9e\" \/>\n\t<meta name=\"twitter:data1\" content=\"1 minute\" \/>\n<script type=\"application\/ld+json\" class=\"yoast-schema-graph\">{\"@context\":\"https:\/\/schema.org\",\"@graph\":[{\"@type\":\"WebPage\",\"@id\":\"https:\/\/www.siprem.it\/fr\/prodotto\/lignes-continues-d-egouttage-pressage\/\",\"url\":\"https:\/\/www.siprem.it\/fr\/prodotto\/lignes-continues-d-egouttage-pressage\/\",\"name\":\"Lignes continues d\u2019\u00e9gouttage-pressage - Impianti per la vinificazione - Siprem International Spa\",\"isPartOf\":{\"@id\":\"https:\/\/www.siprem.it\/fr\/#website\"},\"primaryImageOfPage\":{\"@id\":\"https:\/\/www.siprem.it\/fr\/prodotto\/lignes-continues-d-egouttage-pressage\/#primaryimage\"},\"image\":{\"@id\":\"https:\/\/www.siprem.it\/fr\/prodotto\/lignes-continues-d-egouttage-pressage\/#primaryimage\"},\"thumbnailUrl\":\"https:\/\/www.siprem.it\/wp-content\/uploads\/2023\/03\/LINEA-SCONT-Copia-1024x491-1.jpg\",\"datePublished\":\"2023-03-29T10:04:35+00:00\",\"dateModified\":\"2023-06-22T15:05:50+00:00\",\"breadcrumb\":{\"@id\":\"https:\/\/www.siprem.it\/fr\/prodotto\/lignes-continues-d-egouttage-pressage\/#breadcrumb\"},\"inLanguage\":\"fr-FR\",\"potentialAction\":[{\"@type\":\"ReadAction\",\"target\":[\"https:\/\/www.siprem.it\/fr\/prodotto\/lignes-continues-d-egouttage-pressage\/\"]}]},{\"@type\":\"ImageObject\",\"inLanguage\":\"fr-FR\",\"@id\":\"https:\/\/www.siprem.it\/fr\/prodotto\/lignes-continues-d-egouttage-pressage\/#primaryimage\",\"url\":\"https:\/\/www.siprem.it\/wp-content\/uploads\/2023\/03\/LINEA-SCONT-Copia-1024x491-1.jpg\",\"contentUrl\":\"https:\/\/www.siprem.it\/wp-content\/uploads\/2023\/03\/LINEA-SCONT-Copia-1024x491-1.jpg\",\"width\":1024,\"height\":491,\"caption\":\"LINEA-SCONT\"},{\"@type\":\"BreadcrumbList\",\"@id\":\"https:\/\/www.siprem.it\/fr\/prodotto\/lignes-continues-d-egouttage-pressage\/#breadcrumb\",\"itemListElement\":[{\"@type\":\"ListItem\",\"position\":1,\"name\":\"Home\",\"item\":\"https:\/\/www.siprem.it\/fr\/\"},{\"@type\":\"ListItem\",\"position\":2,\"name\":\"Produits\",\"item\":\"https:\/\/www.siprem.it\/fr\/shop\/\"},{\"@type\":\"ListItem\",\"position\":3,\"name\":\"Lignes continues d\u2019\u00e9gouttage-pressage\"}]},{\"@type\":\"WebSite\",\"@id\":\"https:\/\/www.siprem.it\/fr\/#website\",\"url\":\"https:\/\/www.siprem.it\/fr\/\",\"name\":\"Impianti per la vinificazione - Siprem International Spa\",\"description\":\"Pressatura Soffice per vini di qualit\u00e0\",\"publisher\":{\"@id\":\"https:\/\/www.siprem.it\/fr\/#organization\"},\"potentialAction\":[{\"@type\":\"SearchAction\",\"target\":{\"@type\":\"EntryPoint\",\"urlTemplate\":\"https:\/\/www.siprem.it\/fr\/?s={search_term_string}\"},\"query-input\":\"required name=search_term_string\"}],\"inLanguage\":\"fr-FR\"},{\"@type\":\"Organization\",\"@id\":\"https:\/\/www.siprem.it\/fr\/#organization\",\"name\":\"Impianti per la vinificazione - Siprem International Spa\",\"url\":\"https:\/\/www.siprem.it\/fr\/\",\"logo\":{\"@type\":\"ImageObject\",\"inLanguage\":\"fr-FR\",\"@id\":\"https:\/\/www.siprem.it\/fr\/#\/schema\/logo\/image\/\",\"url\":\"https:\/\/www.siprem.it\/wp-content\/uploads\/2023\/03\/LOGO_BACKEND2.png\",\"contentUrl\":\"https:\/\/www.siprem.it\/wp-content\/uploads\/2023\/03\/LOGO_BACKEND2.png\",\"width\":381,\"height\":167,\"caption\":\"Impianti per la vinificazione - Siprem International Spa\"},\"image\":{\"@id\":\"https:\/\/www.siprem.it\/fr\/#\/schema\/logo\/image\/\"},\"sameAs\":[\"https:\/\/www.youtube.com\/channel\/UCw84hI8aGt0-S-05oMK1Z2g\",\"https:\/\/www.linkedin.com\/company\/siprem-international-s.p.a\/\"]}]}<\/script>\n<!-- \/ Yoast SEO plugin. -->","yoast_head_json":{"title":"Lignes continues d\u2019\u00e9gouttage-pressage - Impianti per la vinificazione - Siprem International Spa","robots":{"index":"index","follow":"follow","max-snippet":"max-snippet:-1","max-image-preview":"max-image-preview:large","max-video-preview":"max-video-preview:-1"},"canonical":"https:\/\/www.siprem.it\/fr\/prodotto\/lignes-continues-d-egouttage-pressage\/","og_locale":"fr_FR","og_type":"article","og_title":"Lignes continues d\u2019\u00e9gouttage-pressage - Impianti per la vinificazione - Siprem International Spa","og_description":"Lignes form\u00e9es par un double stade d\u2019usinage, avec pressoir continu situ\u00e9e en aval de l\u2019\u00e9gouttoir. Id\u00e9ales pour les fortes productions, sous le signe d\u2019un \u00e9puisement optimal des vinasses. La vaste gamme d\u2019\u00e9gouttoirs est en mesure de s\u00e9parer le vin de goutte, avec un rendement de l\u2019ordre de 75 %, une haute qualit\u00e9 et un contenu minimal d\u2019extraits secs.","og_site_name":"Impianti per la vinificazione - Siprem International Spa","article_modified_time":"2023-06-22T15:05:50+00:00","og_image":[{"width":1024,"height":491,"url":"https:\/\/www.siprem.it\/wp-content\/uploads\/2023\/03\/LINEA-SCONT-Copia-1024x491-1.jpg","type":"image\/jpeg"}],"twitter_card":"summary_large_image","twitter_misc":{"Dur\u00e9e de lecture estim\u00e9e":"1 minute"},"schema":{"@context":"https:\/\/schema.org","@graph":[{"@type":"WebPage","@id":"https:\/\/www.siprem.it\/fr\/prodotto\/lignes-continues-d-egouttage-pressage\/","url":"https:\/\/www.siprem.it\/fr\/prodotto\/lignes-continues-d-egouttage-pressage\/","name":"Lignes continues d\u2019\u00e9gouttage-pressage - Impianti per la vinificazione - Siprem International Spa","isPartOf":{"@id":"https:\/\/www.siprem.it\/fr\/#website"},"primaryImageOfPage":{"@id":"https:\/\/www.siprem.it\/fr\/prodotto\/lignes-continues-d-egouttage-pressage\/#primaryimage"},"image":{"@id":"https:\/\/www.siprem.it\/fr\/prodotto\/lignes-continues-d-egouttage-pressage\/#primaryimage"},"thumbnailUrl":"https:\/\/www.siprem.it\/wp-content\/uploads\/2023\/03\/LINEA-SCONT-Copia-1024x491-1.jpg","datePublished":"2023-03-29T10:04:35+00:00","dateModified":"2023-06-22T15:05:50+00:00","breadcrumb":{"@id":"https:\/\/www.siprem.it\/fr\/prodotto\/lignes-continues-d-egouttage-pressage\/#breadcrumb"},"inLanguage":"fr-FR","potentialAction":[{"@type":"ReadAction","target":["https:\/\/www.siprem.it\/fr\/prodotto\/lignes-continues-d-egouttage-pressage\/"]}]},{"@type":"ImageObject","inLanguage":"fr-FR","@id":"https:\/\/www.siprem.it\/fr\/prodotto\/lignes-continues-d-egouttage-pressage\/#primaryimage","url":"https:\/\/www.siprem.it\/wp-content\/uploads\/2023\/03\/LINEA-SCONT-Copia-1024x491-1.jpg","contentUrl":"https:\/\/www.siprem.it\/wp-content\/uploads\/2023\/03\/LINEA-SCONT-Copia-1024x491-1.jpg","width":1024,"height":491,"caption":"LINEA-SCONT"},{"@type":"BreadcrumbList","@id":"https:\/\/www.siprem.it\/fr\/prodotto\/lignes-continues-d-egouttage-pressage\/#breadcrumb","itemListElement":[{"@type":"ListItem","position":1,"name":"Home","item":"https:\/\/www.siprem.it\/fr\/"},{"@type":"ListItem","position":2,"name":"Produits","item":"https:\/\/www.siprem.it\/fr\/shop\/"},{"@type":"ListItem","position":3,"name":"Lignes continues d\u2019\u00e9gouttage-pressage"}]},{"@type":"WebSite","@id":"https:\/\/www.siprem.it\/fr\/#website","url":"https:\/\/www.siprem.it\/fr\/","name":"Impianti per la vinificazione - Siprem International Spa","description":"Pressatura Soffice per vini di qualit\u00e0","publisher":{"@id":"https:\/\/www.siprem.it\/fr\/#organization"},"potentialAction":[{"@type":"SearchAction","target":{"@type":"EntryPoint","urlTemplate":"https:\/\/www.siprem.it\/fr\/?s={search_term_string}"},"query-input":"required name=search_term_string"}],"inLanguage":"fr-FR"},{"@type":"Organization","@id":"https:\/\/www.siprem.it\/fr\/#organization","name":"Impianti per la vinificazione - Siprem International Spa","url":"https:\/\/www.siprem.it\/fr\/","logo":{"@type":"ImageObject","inLanguage":"fr-FR","@id":"https:\/\/www.siprem.it\/fr\/#\/schema\/logo\/image\/","url":"https:\/\/www.siprem.it\/wp-content\/uploads\/2023\/03\/LOGO_BACKEND2.png","contentUrl":"https:\/\/www.siprem.it\/wp-content\/uploads\/2023\/03\/LOGO_BACKEND2.png","width":381,"height":167,"caption":"Impianti per la vinificazione - Siprem International Spa"},"image":{"@id":"https:\/\/www.siprem.it\/fr\/#\/schema\/logo\/image\/"},"sameAs":["https:\/\/www.youtube.com\/channel\/UCw84hI8aGt0-S-05oMK1Z2g","https:\/\/www.linkedin.com\/company\/siprem-international-s.p.a\/"]}]}},"_links":{"self":[{"href":"https:\/\/www.siprem.it\/fr\/wp-json\/wp\/v2\/product\/2227","targetHints":{"allow":["GET"]}}],"collection":[{"href":"https:\/\/www.siprem.it\/fr\/wp-json\/wp\/v2\/product"}],"about":[{"href":"https:\/\/www.siprem.it\/fr\/wp-json\/wp\/v2\/types\/product"}],"wp:featuredmedia":[{"embeddable":true,"href":"https:\/\/www.siprem.it\/fr\/wp-json\/wp\/v2\/media\/1696"}],"wp:attachment":[{"href":"https:\/\/www.siprem.it\/fr\/wp-json\/wp\/v2\/media?parent=2227"}],"wp:term":[{"taxonomy":"product_cat","embeddable":true,"href":"https:\/\/www.siprem.it\/fr\/wp-json\/wp\/v2\/product_cat?post=2227"},{"taxonomy":"product_tag","embeddable":true,"href":"https:\/\/www.siprem.it\/fr\/wp-json\/wp\/v2\/product_tag?post=2227"}],"curies":[{"name":"wp","href":"https:\/\/api.w.org\/{rel}","templated":true}]}}