{"id":2218,"date":"2023-03-29T12:24:08","date_gmt":"2023-03-29T10:24:08","guid":{"rendered":"https:\/\/www.siprem.it\/prodotto\/lavabarriques-manuali-con-aspirazione\/"},"modified":"2023-06-22T16:50:08","modified_gmt":"2023-06-22T14:50:08","slug":"lave-barriques-manuels-avec-aspiration","status":"publish","type":"product","link":"https:\/\/www.siprem.it\/fr\/prodotto\/lave-barriques-manuels-avec-aspiration\/","title":{"rendered":"Lave-barriques manuels avec aspiration"},"content":{"rendered":"<p>Lances de lavage avec aspiration simultan\u00e9e de l\u2019eau r\u00e9siduelle.<\/p>\n<p>Pour le lavage de barriques avec eau pressuris\u00e9e chaude et\/ou froide sans besoin de les d\u00e9placer. \u00c0 l\u2019aide de l\u2019eau pressuris\u00e9e fournie par un nettoyeur \u00e0 jet d\u2019eau normal et un syst\u00e8me d\u2019injection int\u00e9gr\u00e9 dans la machine, il se cr\u00e9e un effet de vide qui permet d\u2019aspirer totalement l\u2019eau r\u00e9siduelle (vanne ferm\u00e9e) ou de maintenir un bas niveau d\u2019eau \u00e0 l\u2019int\u00e9rieur des barriques (vanne ouverte). T\u00eate de lavage \u00e0 rotation tridimensionnelle avec deux buses oppos\u00e9es, de mani\u00e8re \u00e0 rejoindre tous les endroits de la barrique. Actionnement par moteur \u00e9lectrique.<\/p>\n","protected":false},"excerpt":{"rendered":"<p>T\u00eate de lavage \u00e0 rotation tridimensionnelle avec deux buses oppos\u00e9es, de mani\u00e8re \u00e0 rejoindre tous les endroits de la barrique. Actionnement par moteur \u00e9lectrique.<\/p>\n","protected":false},"featured_media":1776,"template":"","meta":{"_acf_changed":false,"_et_pb_use_builder":"","_et_pb_old_content":"","_et_gb_content_width":""},"product_cat":[74],"product_tag":[],"class_list":{"0":"post-2218","1":"product","2":"type-product","3":"status-publish","4":"has-post-thumbnail","6":"product_cat-systemes-de-lavage-et-assainissement","8":"first","9":"instock","10":"shipping-taxable","11":"product-type-simple"},"acf":[],"yoast_head":"<!-- This site is optimized with the Yoast SEO plugin v22.4 - https:\/\/yoast.com\/wordpress\/plugins\/seo\/ -->\n<title>Lave-barriques manuels avec aspiration - Impianti per la vinificazione - Siprem International Spa<\/title>\n<meta name=\"robots\" content=\"index, follow, max-snippet:-1, max-image-preview:large, max-video-preview:-1\" \/>\n<link rel=\"canonical\" href=\"https:\/\/www.siprem.it\/fr\/prodotto\/lave-barriques-manuels-avec-aspiration\/\" \/>\n<meta property=\"og:locale\" content=\"fr_FR\" \/>\n<meta property=\"og:type\" content=\"article\" \/>\n<meta property=\"og:title\" content=\"Lave-barriques manuels avec aspiration - Impianti per la vinificazione - Siprem International Spa\" \/>\n<meta property=\"og:description\" content=\"T\u00eate de lavage \u00e0 rotation tridimensionnelle avec deux buses oppos\u00e9es, de mani\u00e8re \u00e0 rejoindre tous les endroits de la barrique. Actionnement par moteur \u00e9lectrique.\" \/>\n<meta property=\"og:site_name\" content=\"Impianti per la vinificazione - Siprem International Spa\" \/>\n<meta property=\"article:modified_time\" content=\"2023-06-22T14:50:08+00:00\" \/>\n<meta property=\"og:image\" content=\"https:\/\/www.siprem.it\/wp-content\/uploads\/2023\/03\/Rotoklin_0_2015_in_barr.png\" \/>\n\t<meta property=\"og:image:width\" content=\"800\" \/>\n\t<meta property=\"og:image:height\" content=\"456\" \/>\n\t<meta property=\"og:image:type\" content=\"image\/png\" \/>\n<meta name=\"twitter:card\" content=\"summary_large_image\" \/>\n<meta name=\"twitter:label1\" content=\"Dur\u00e9e de lecture estim\u00e9e\" \/>\n\t<meta name=\"twitter:data1\" content=\"1 minute\" \/>\n<script type=\"application\/ld+json\" class=\"yoast-schema-graph\">{\"@context\":\"https:\/\/schema.org\",\"@graph\":[{\"@type\":\"WebPage\",\"@id\":\"https:\/\/www.siprem.it\/fr\/prodotto\/lave-barriques-manuels-avec-aspiration\/\",\"url\":\"https:\/\/www.siprem.it\/fr\/prodotto\/lave-barriques-manuels-avec-aspiration\/\",\"name\":\"Lave-barriques manuels avec aspiration - Impianti per la vinificazione - Siprem International Spa\",\"isPartOf\":{\"@id\":\"https:\/\/www.siprem.it\/fr\/#website\"},\"primaryImageOfPage\":{\"@id\":\"https:\/\/www.siprem.it\/fr\/prodotto\/lave-barriques-manuels-avec-aspiration\/#primaryimage\"},\"image\":{\"@id\":\"https:\/\/www.siprem.it\/fr\/prodotto\/lave-barriques-manuels-avec-aspiration\/#primaryimage\"},\"thumbnailUrl\":\"https:\/\/www.siprem.it\/wp-content\/uploads\/2023\/03\/Rotoklin_0_2015_in_barr.png\",\"datePublished\":\"2023-03-29T10:24:08+00:00\",\"dateModified\":\"2023-06-22T14:50:08+00:00\",\"breadcrumb\":{\"@id\":\"https:\/\/www.siprem.it\/fr\/prodotto\/lave-barriques-manuels-avec-aspiration\/#breadcrumb\"},\"inLanguage\":\"fr-FR\",\"potentialAction\":[{\"@type\":\"ReadAction\",\"target\":[\"https:\/\/www.siprem.it\/fr\/prodotto\/lave-barriques-manuels-avec-aspiration\/\"]}]},{\"@type\":\"ImageObject\",\"inLanguage\":\"fr-FR\",\"@id\":\"https:\/\/www.siprem.it\/fr\/prodotto\/lave-barriques-manuels-avec-aspiration\/#primaryimage\",\"url\":\"https:\/\/www.siprem.it\/wp-content\/uploads\/2023\/03\/Rotoklin_0_2015_in_barr.png\",\"contentUrl\":\"https:\/\/www.siprem.it\/wp-content\/uploads\/2023\/03\/Rotoklin_0_2015_in_barr.png\",\"width\":800,\"height\":456,\"caption\":\"Lavabarriques Manuali Con Aspirazione\"},{\"@type\":\"BreadcrumbList\",\"@id\":\"https:\/\/www.siprem.it\/fr\/prodotto\/lave-barriques-manuels-avec-aspiration\/#breadcrumb\",\"itemListElement\":[{\"@type\":\"ListItem\",\"position\":1,\"name\":\"Home\",\"item\":\"https:\/\/www.siprem.it\/fr\/\"},{\"@type\":\"ListItem\",\"position\":2,\"name\":\"Produits\",\"item\":\"https:\/\/www.siprem.it\/fr\/shop\/\"},{\"@type\":\"ListItem\",\"position\":3,\"name\":\"Lave-barriques manuels avec aspiration\"}]},{\"@type\":\"WebSite\",\"@id\":\"https:\/\/www.siprem.it\/fr\/#website\",\"url\":\"https:\/\/www.siprem.it\/fr\/\",\"name\":\"Impianti per la vinificazione - Siprem International Spa\",\"description\":\"Pressatura Soffice per vini di qualit\u00e0\",\"publisher\":{\"@id\":\"https:\/\/www.siprem.it\/fr\/#organization\"},\"potentialAction\":[{\"@type\":\"SearchAction\",\"target\":{\"@type\":\"EntryPoint\",\"urlTemplate\":\"https:\/\/www.siprem.it\/fr\/?s={search_term_string}\"},\"query-input\":\"required name=search_term_string\"}],\"inLanguage\":\"fr-FR\"},{\"@type\":\"Organization\",\"@id\":\"https:\/\/www.siprem.it\/fr\/#organization\",\"name\":\"Impianti per la vinificazione - Siprem International Spa\",\"url\":\"https:\/\/www.siprem.it\/fr\/\",\"logo\":{\"@type\":\"ImageObject\",\"inLanguage\":\"fr-FR\",\"@id\":\"https:\/\/www.siprem.it\/fr\/#\/schema\/logo\/image\/\",\"url\":\"https:\/\/www.siprem.it\/wp-content\/uploads\/2023\/03\/LOGO_BACKEND2.png\",\"contentUrl\":\"https:\/\/www.siprem.it\/wp-content\/uploads\/2023\/03\/LOGO_BACKEND2.png\",\"width\":381,\"height\":167,\"caption\":\"Impianti per la vinificazione - Siprem International Spa\"},\"image\":{\"@id\":\"https:\/\/www.siprem.it\/fr\/#\/schema\/logo\/image\/\"},\"sameAs\":[\"https:\/\/www.youtube.com\/channel\/UCw84hI8aGt0-S-05oMK1Z2g\",\"https:\/\/www.linkedin.com\/company\/siprem-international-s.p.a\/\"]}]}<\/script>\n<!-- \/ Yoast SEO plugin. -->","yoast_head_json":{"title":"Lave-barriques manuels avec aspiration - Impianti per la vinificazione - Siprem International Spa","robots":{"index":"index","follow":"follow","max-snippet":"max-snippet:-1","max-image-preview":"max-image-preview:large","max-video-preview":"max-video-preview:-1"},"canonical":"https:\/\/www.siprem.it\/fr\/prodotto\/lave-barriques-manuels-avec-aspiration\/","og_locale":"fr_FR","og_type":"article","og_title":"Lave-barriques manuels avec aspiration - Impianti per la vinificazione - Siprem International Spa","og_description":"T\u00eate de lavage \u00e0 rotation tridimensionnelle avec deux buses oppos\u00e9es, de mani\u00e8re \u00e0 rejoindre tous les endroits de la barrique. Actionnement par moteur \u00e9lectrique.","og_site_name":"Impianti per la vinificazione - Siprem International Spa","article_modified_time":"2023-06-22T14:50:08+00:00","og_image":[{"width":800,"height":456,"url":"https:\/\/www.siprem.it\/wp-content\/uploads\/2023\/03\/Rotoklin_0_2015_in_barr.png","type":"image\/png"}],"twitter_card":"summary_large_image","twitter_misc":{"Dur\u00e9e de lecture estim\u00e9e":"1 minute"},"schema":{"@context":"https:\/\/schema.org","@graph":[{"@type":"WebPage","@id":"https:\/\/www.siprem.it\/fr\/prodotto\/lave-barriques-manuels-avec-aspiration\/","url":"https:\/\/www.siprem.it\/fr\/prodotto\/lave-barriques-manuels-avec-aspiration\/","name":"Lave-barriques manuels avec aspiration - Impianti per la vinificazione - Siprem International Spa","isPartOf":{"@id":"https:\/\/www.siprem.it\/fr\/#website"},"primaryImageOfPage":{"@id":"https:\/\/www.siprem.it\/fr\/prodotto\/lave-barriques-manuels-avec-aspiration\/#primaryimage"},"image":{"@id":"https:\/\/www.siprem.it\/fr\/prodotto\/lave-barriques-manuels-avec-aspiration\/#primaryimage"},"thumbnailUrl":"https:\/\/www.siprem.it\/wp-content\/uploads\/2023\/03\/Rotoklin_0_2015_in_barr.png","datePublished":"2023-03-29T10:24:08+00:00","dateModified":"2023-06-22T14:50:08+00:00","breadcrumb":{"@id":"https:\/\/www.siprem.it\/fr\/prodotto\/lave-barriques-manuels-avec-aspiration\/#breadcrumb"},"inLanguage":"fr-FR","potentialAction":[{"@type":"ReadAction","target":["https:\/\/www.siprem.it\/fr\/prodotto\/lave-barriques-manuels-avec-aspiration\/"]}]},{"@type":"ImageObject","inLanguage":"fr-FR","@id":"https:\/\/www.siprem.it\/fr\/prodotto\/lave-barriques-manuels-avec-aspiration\/#primaryimage","url":"https:\/\/www.siprem.it\/wp-content\/uploads\/2023\/03\/Rotoklin_0_2015_in_barr.png","contentUrl":"https:\/\/www.siprem.it\/wp-content\/uploads\/2023\/03\/Rotoklin_0_2015_in_barr.png","width":800,"height":456,"caption":"Lavabarriques Manuali Con Aspirazione"},{"@type":"BreadcrumbList","@id":"https:\/\/www.siprem.it\/fr\/prodotto\/lave-barriques-manuels-avec-aspiration\/#breadcrumb","itemListElement":[{"@type":"ListItem","position":1,"name":"Home","item":"https:\/\/www.siprem.it\/fr\/"},{"@type":"ListItem","position":2,"name":"Produits","item":"https:\/\/www.siprem.it\/fr\/shop\/"},{"@type":"ListItem","position":3,"name":"Lave-barriques manuels avec aspiration"}]},{"@type":"WebSite","@id":"https:\/\/www.siprem.it\/fr\/#website","url":"https:\/\/www.siprem.it\/fr\/","name":"Impianti per la vinificazione - Siprem International Spa","description":"Pressatura Soffice per vini di qualit\u00e0","publisher":{"@id":"https:\/\/www.siprem.it\/fr\/#organization"},"potentialAction":[{"@type":"SearchAction","target":{"@type":"EntryPoint","urlTemplate":"https:\/\/www.siprem.it\/fr\/?s={search_term_string}"},"query-input":"required name=search_term_string"}],"inLanguage":"fr-FR"},{"@type":"Organization","@id":"https:\/\/www.siprem.it\/fr\/#organization","name":"Impianti per la vinificazione - Siprem International Spa","url":"https:\/\/www.siprem.it\/fr\/","logo":{"@type":"ImageObject","inLanguage":"fr-FR","@id":"https:\/\/www.siprem.it\/fr\/#\/schema\/logo\/image\/","url":"https:\/\/www.siprem.it\/wp-content\/uploads\/2023\/03\/LOGO_BACKEND2.png","contentUrl":"https:\/\/www.siprem.it\/wp-content\/uploads\/2023\/03\/LOGO_BACKEND2.png","width":381,"height":167,"caption":"Impianti per la vinificazione - Siprem International Spa"},"image":{"@id":"https:\/\/www.siprem.it\/fr\/#\/schema\/logo\/image\/"},"sameAs":["https:\/\/www.youtube.com\/channel\/UCw84hI8aGt0-S-05oMK1Z2g","https:\/\/www.linkedin.com\/company\/siprem-international-s.p.a\/"]}]}},"_links":{"self":[{"href":"https:\/\/www.siprem.it\/fr\/wp-json\/wp\/v2\/product\/2218","targetHints":{"allow":["GET"]}}],"collection":[{"href":"https:\/\/www.siprem.it\/fr\/wp-json\/wp\/v2\/product"}],"about":[{"href":"https:\/\/www.siprem.it\/fr\/wp-json\/wp\/v2\/types\/product"}],"wp:featuredmedia":[{"embeddable":true,"href":"https:\/\/www.siprem.it\/fr\/wp-json\/wp\/v2\/media\/1776"}],"wp:attachment":[{"href":"https:\/\/www.siprem.it\/fr\/wp-json\/wp\/v2\/media?parent=2218"}],"wp:term":[{"taxonomy":"product_cat","embeddable":true,"href":"https:\/\/www.siprem.it\/fr\/wp-json\/wp\/v2\/product_cat?post=2218"},{"taxonomy":"product_tag","embeddable":true,"href":"https:\/\/www.siprem.it\/fr\/wp-json\/wp\/v2\/product_tag?post=2218"}],"curies":[{"name":"wp","href":"https:\/\/api.w.org\/{rel}","templated":true}]}}