{"id":2212,"date":"2023-03-29T12:39:42","date_gmt":"2023-03-29T10:39:42","guid":{"rendered":"https:\/\/www.siprem.it\/prodotto\/lavaggio-botti-e-serbatoi-inox\/"},"modified":"2023-06-22T16:34:26","modified_gmt":"2023-06-22T14:34:26","slug":"lave-futs-et-reservoirs-inox","status":"publish","type":"product","link":"https:\/\/www.siprem.it\/fr\/prodotto\/lave-futs-et-reservoirs-inox\/","title":{"rendered":"Lave-f\u00fbts et r\u00e9servoirs Inox"},"content":{"rendered":"<p>Lances de lavage haute pression pour f\u00fbts, cuves et r\u00e9cipients en g\u00e9n\u00e9ral. Possibilit\u00e9 d\u2019introduction par le haut, par l\u2019avant \u00e0 travers une fausse porte avec dispositif de support et r\u00e9glage de la lance, introduite et fix\u00e9e sur un raccord pr\u00e9vu au mur, ou compl\u00e8tement \u00e0 l\u2019int\u00e9rieur, maintenu en suspension par un c\u00e2ble en acier.<\/p>\n<div id=\"scheda_1680086063_29600\" class=\"scheda generico\">\n<div class=\"contentuto\">\n<p>T\u00eates de lavage de diff\u00e9rentes formes, dimensions et caract\u00e9ristiques en fonction du r\u00e9servoir \u00e0 laver.<\/p>\n<\/div>\n<\/div>\n<div id=\"scheda_1680086063_10180\" class=\"scheda generico\">\n<div class=\"contentuto\">\n<div id=\"gallery_shortcode_1680086063_92318\" class=\"gallery_shortcode\">\n<div class=\"row\">\n<div class=\"cell col-xs-12 col-sm-6 col-md-6 col-lg-6\">\n<div class=\"tile\">\n<div class=\"display\">\n<div class=\"stretch_aspect_ratio_aware portrait\"><\/div>\n<\/div>\n<\/div>\n<\/div>\n<\/div>\n<\/div>\n<\/div>\n<\/div>\n","protected":false},"excerpt":{"rendered":"<p>Lances de lavage haute pression pour f\u00fbts, cuves et r\u00e9cipients en g\u00e9n\u00e9ral. Possibilit\u00e9 d\u2019introduction par le haut, par l\u2019avant \u00e0 travers une fausse porte avec dispositif de support et r\u00e9glage de la lance, introduite et fix\u00e9e sur un raccord pr\u00e9vu au mur, ou compl\u00e8tement \u00e0 l\u2019int\u00e9rieur, maintenu en suspension par un c\u00e2ble en acier.<\/p>\n","protected":false},"featured_media":1852,"template":"","meta":{"_acf_changed":false,"_et_pb_use_builder":"","_et_pb_old_content":"","_et_gb_content_width":""},"product_cat":[74],"product_tag":[],"class_list":{"0":"post-2212","1":"product","2":"type-product","3":"status-publish","4":"has-post-thumbnail","6":"product_cat-systemes-de-lavage-et-assainissement","8":"first","9":"instock","10":"shipping-taxable","11":"product-type-simple"},"acf":[],"yoast_head":"<!-- This site is optimized with the Yoast SEO plugin v22.4 - https:\/\/yoast.com\/wordpress\/plugins\/seo\/ -->\n<title>Lave-f\u00fbts et r\u00e9servoirs Inox - Impianti per la vinificazione - Siprem International Spa<\/title>\n<meta name=\"robots\" content=\"index, follow, max-snippet:-1, max-image-preview:large, max-video-preview:-1\" \/>\n<link rel=\"canonical\" href=\"https:\/\/www.siprem.it\/fr\/prodotto\/lave-futs-et-reservoirs-inox\/\" \/>\n<meta property=\"og:locale\" content=\"fr_FR\" \/>\n<meta property=\"og:type\" content=\"article\" \/>\n<meta property=\"og:title\" content=\"Lave-f\u00fbts et r\u00e9servoirs Inox - Impianti per la vinificazione - Siprem International Spa\" \/>\n<meta property=\"og:description\" content=\"Lances de lavage haute pression pour f\u00fbts, cuves et r\u00e9cipients en g\u00e9n\u00e9ral. Possibilit\u00e9 d\u2019introduction par le haut, par l\u2019avant \u00e0 travers une fausse porte avec dispositif de support et r\u00e9glage de la lance, introduite et fix\u00e9e sur un raccord pr\u00e9vu au mur, ou compl\u00e8tement \u00e0 l\u2019int\u00e9rieur, maintenu en suspension par un c\u00e2ble en acier.\" \/>\n<meta property=\"og:site_name\" content=\"Impianti per la vinificazione - Siprem International Spa\" \/>\n<meta property=\"article:modified_time\" content=\"2023-06-22T14:34:26+00:00\" \/>\n<meta property=\"og:image\" content=\"https:\/\/www.siprem.it\/wp-content\/uploads\/2023\/03\/lancia-ER_55-serbatoio-spaccato.jpg\" \/>\n\t<meta property=\"og:image:width\" content=\"411\" \/>\n\t<meta property=\"og:image:height\" content=\"645\" \/>\n\t<meta property=\"og:image:type\" content=\"image\/jpeg\" \/>\n<meta name=\"twitter:card\" content=\"summary_large_image\" \/>\n<script type=\"application\/ld+json\" class=\"yoast-schema-graph\">{\"@context\":\"https:\/\/schema.org\",\"@graph\":[{\"@type\":\"WebPage\",\"@id\":\"https:\/\/www.siprem.it\/fr\/prodotto\/lave-futs-et-reservoirs-inox\/\",\"url\":\"https:\/\/www.siprem.it\/fr\/prodotto\/lave-futs-et-reservoirs-inox\/\",\"name\":\"Lave-f\u00fbts et r\u00e9servoirs Inox - Impianti per la vinificazione - Siprem International Spa\",\"isPartOf\":{\"@id\":\"https:\/\/www.siprem.it\/fr\/#website\"},\"primaryImageOfPage\":{\"@id\":\"https:\/\/www.siprem.it\/fr\/prodotto\/lave-futs-et-reservoirs-inox\/#primaryimage\"},\"image\":{\"@id\":\"https:\/\/www.siprem.it\/fr\/prodotto\/lave-futs-et-reservoirs-inox\/#primaryimage\"},\"thumbnailUrl\":\"https:\/\/www.siprem.it\/wp-content\/uploads\/2023\/03\/lancia-ER_55-serbatoio-spaccato.jpg\",\"datePublished\":\"2023-03-29T10:39:42+00:00\",\"dateModified\":\"2023-06-22T14:34:26+00:00\",\"breadcrumb\":{\"@id\":\"https:\/\/www.siprem.it\/fr\/prodotto\/lave-futs-et-reservoirs-inox\/#breadcrumb\"},\"inLanguage\":\"fr-FR\",\"potentialAction\":[{\"@type\":\"ReadAction\",\"target\":[\"https:\/\/www.siprem.it\/fr\/prodotto\/lave-futs-et-reservoirs-inox\/\"]}]},{\"@type\":\"ImageObject\",\"inLanguage\":\"fr-FR\",\"@id\":\"https:\/\/www.siprem.it\/fr\/prodotto\/lave-futs-et-reservoirs-inox\/#primaryimage\",\"url\":\"https:\/\/www.siprem.it\/wp-content\/uploads\/2023\/03\/lancia-ER_55-serbatoio-spaccato.jpg\",\"contentUrl\":\"https:\/\/www.siprem.it\/wp-content\/uploads\/2023\/03\/lancia-ER_55-serbatoio-spaccato.jpg\",\"width\":411,\"height\":645,\"caption\":\"Lavaggio Botti e Serbatoi Inox\"},{\"@type\":\"BreadcrumbList\",\"@id\":\"https:\/\/www.siprem.it\/fr\/prodotto\/lave-futs-et-reservoirs-inox\/#breadcrumb\",\"itemListElement\":[{\"@type\":\"ListItem\",\"position\":1,\"name\":\"Home\",\"item\":\"https:\/\/www.siprem.it\/fr\/\"},{\"@type\":\"ListItem\",\"position\":2,\"name\":\"Produits\",\"item\":\"https:\/\/www.siprem.it\/fr\/shop\/\"},{\"@type\":\"ListItem\",\"position\":3,\"name\":\"Lave-f\u00fbts et r\u00e9servoirs Inox\"}]},{\"@type\":\"WebSite\",\"@id\":\"https:\/\/www.siprem.it\/fr\/#website\",\"url\":\"https:\/\/www.siprem.it\/fr\/\",\"name\":\"Impianti per la vinificazione - Siprem International Spa\",\"description\":\"Pressatura Soffice per vini di qualit\u00e0\",\"publisher\":{\"@id\":\"https:\/\/www.siprem.it\/fr\/#organization\"},\"potentialAction\":[{\"@type\":\"SearchAction\",\"target\":{\"@type\":\"EntryPoint\",\"urlTemplate\":\"https:\/\/www.siprem.it\/fr\/?s={search_term_string}\"},\"query-input\":\"required name=search_term_string\"}],\"inLanguage\":\"fr-FR\"},{\"@type\":\"Organization\",\"@id\":\"https:\/\/www.siprem.it\/fr\/#organization\",\"name\":\"Impianti per la vinificazione - Siprem International Spa\",\"url\":\"https:\/\/www.siprem.it\/fr\/\",\"logo\":{\"@type\":\"ImageObject\",\"inLanguage\":\"fr-FR\",\"@id\":\"https:\/\/www.siprem.it\/fr\/#\/schema\/logo\/image\/\",\"url\":\"https:\/\/www.siprem.it\/wp-content\/uploads\/2023\/03\/LOGO_BACKEND2.png\",\"contentUrl\":\"https:\/\/www.siprem.it\/wp-content\/uploads\/2023\/03\/LOGO_BACKEND2.png\",\"width\":381,\"height\":167,\"caption\":\"Impianti per la vinificazione - Siprem International Spa\"},\"image\":{\"@id\":\"https:\/\/www.siprem.it\/fr\/#\/schema\/logo\/image\/\"},\"sameAs\":[\"https:\/\/www.youtube.com\/channel\/UCw84hI8aGt0-S-05oMK1Z2g\",\"https:\/\/www.linkedin.com\/company\/siprem-international-s.p.a\/\"]}]}<\/script>\n<!-- \/ Yoast SEO plugin. -->","yoast_head_json":{"title":"Lave-f\u00fbts et r\u00e9servoirs Inox - Impianti per la vinificazione - Siprem International Spa","robots":{"index":"index","follow":"follow","max-snippet":"max-snippet:-1","max-image-preview":"max-image-preview:large","max-video-preview":"max-video-preview:-1"},"canonical":"https:\/\/www.siprem.it\/fr\/prodotto\/lave-futs-et-reservoirs-inox\/","og_locale":"fr_FR","og_type":"article","og_title":"Lave-f\u00fbts et r\u00e9servoirs Inox - Impianti per la vinificazione - Siprem International Spa","og_description":"Lances de lavage haute pression pour f\u00fbts, cuves et r\u00e9cipients en g\u00e9n\u00e9ral. Possibilit\u00e9 d\u2019introduction par le haut, par l\u2019avant \u00e0 travers une fausse porte avec dispositif de support et r\u00e9glage de la lance, introduite et fix\u00e9e sur un raccord pr\u00e9vu au mur, ou compl\u00e8tement \u00e0 l\u2019int\u00e9rieur, maintenu en suspension par un c\u00e2ble en acier.","og_site_name":"Impianti per la vinificazione - Siprem International Spa","article_modified_time":"2023-06-22T14:34:26+00:00","og_image":[{"width":411,"height":645,"url":"https:\/\/www.siprem.it\/wp-content\/uploads\/2023\/03\/lancia-ER_55-serbatoio-spaccato.jpg","type":"image\/jpeg"}],"twitter_card":"summary_large_image","schema":{"@context":"https:\/\/schema.org","@graph":[{"@type":"WebPage","@id":"https:\/\/www.siprem.it\/fr\/prodotto\/lave-futs-et-reservoirs-inox\/","url":"https:\/\/www.siprem.it\/fr\/prodotto\/lave-futs-et-reservoirs-inox\/","name":"Lave-f\u00fbts et r\u00e9servoirs Inox - Impianti per la vinificazione - Siprem International Spa","isPartOf":{"@id":"https:\/\/www.siprem.it\/fr\/#website"},"primaryImageOfPage":{"@id":"https:\/\/www.siprem.it\/fr\/prodotto\/lave-futs-et-reservoirs-inox\/#primaryimage"},"image":{"@id":"https:\/\/www.siprem.it\/fr\/prodotto\/lave-futs-et-reservoirs-inox\/#primaryimage"},"thumbnailUrl":"https:\/\/www.siprem.it\/wp-content\/uploads\/2023\/03\/lancia-ER_55-serbatoio-spaccato.jpg","datePublished":"2023-03-29T10:39:42+00:00","dateModified":"2023-06-22T14:34:26+00:00","breadcrumb":{"@id":"https:\/\/www.siprem.it\/fr\/prodotto\/lave-futs-et-reservoirs-inox\/#breadcrumb"},"inLanguage":"fr-FR","potentialAction":[{"@type":"ReadAction","target":["https:\/\/www.siprem.it\/fr\/prodotto\/lave-futs-et-reservoirs-inox\/"]}]},{"@type":"ImageObject","inLanguage":"fr-FR","@id":"https:\/\/www.siprem.it\/fr\/prodotto\/lave-futs-et-reservoirs-inox\/#primaryimage","url":"https:\/\/www.siprem.it\/wp-content\/uploads\/2023\/03\/lancia-ER_55-serbatoio-spaccato.jpg","contentUrl":"https:\/\/www.siprem.it\/wp-content\/uploads\/2023\/03\/lancia-ER_55-serbatoio-spaccato.jpg","width":411,"height":645,"caption":"Lavaggio Botti e Serbatoi Inox"},{"@type":"BreadcrumbList","@id":"https:\/\/www.siprem.it\/fr\/prodotto\/lave-futs-et-reservoirs-inox\/#breadcrumb","itemListElement":[{"@type":"ListItem","position":1,"name":"Home","item":"https:\/\/www.siprem.it\/fr\/"},{"@type":"ListItem","position":2,"name":"Produits","item":"https:\/\/www.siprem.it\/fr\/shop\/"},{"@type":"ListItem","position":3,"name":"Lave-f\u00fbts et r\u00e9servoirs Inox"}]},{"@type":"WebSite","@id":"https:\/\/www.siprem.it\/fr\/#website","url":"https:\/\/www.siprem.it\/fr\/","name":"Impianti per la vinificazione - Siprem International Spa","description":"Pressatura Soffice per vini di qualit\u00e0","publisher":{"@id":"https:\/\/www.siprem.it\/fr\/#organization"},"potentialAction":[{"@type":"SearchAction","target":{"@type":"EntryPoint","urlTemplate":"https:\/\/www.siprem.it\/fr\/?s={search_term_string}"},"query-input":"required name=search_term_string"}],"inLanguage":"fr-FR"},{"@type":"Organization","@id":"https:\/\/www.siprem.it\/fr\/#organization","name":"Impianti per la vinificazione - Siprem International Spa","url":"https:\/\/www.siprem.it\/fr\/","logo":{"@type":"ImageObject","inLanguage":"fr-FR","@id":"https:\/\/www.siprem.it\/fr\/#\/schema\/logo\/image\/","url":"https:\/\/www.siprem.it\/wp-content\/uploads\/2023\/03\/LOGO_BACKEND2.png","contentUrl":"https:\/\/www.siprem.it\/wp-content\/uploads\/2023\/03\/LOGO_BACKEND2.png","width":381,"height":167,"caption":"Impianti per la vinificazione - Siprem International Spa"},"image":{"@id":"https:\/\/www.siprem.it\/fr\/#\/schema\/logo\/image\/"},"sameAs":["https:\/\/www.youtube.com\/channel\/UCw84hI8aGt0-S-05oMK1Z2g","https:\/\/www.linkedin.com\/company\/siprem-international-s.p.a\/"]}]}},"_links":{"self":[{"href":"https:\/\/www.siprem.it\/fr\/wp-json\/wp\/v2\/product\/2212","targetHints":{"allow":["GET"]}}],"collection":[{"href":"https:\/\/www.siprem.it\/fr\/wp-json\/wp\/v2\/product"}],"about":[{"href":"https:\/\/www.siprem.it\/fr\/wp-json\/wp\/v2\/types\/product"}],"wp:featuredmedia":[{"embeddable":true,"href":"https:\/\/www.siprem.it\/fr\/wp-json\/wp\/v2\/media\/1852"}],"wp:attachment":[{"href":"https:\/\/www.siprem.it\/fr\/wp-json\/wp\/v2\/media?parent=2212"}],"wp:term":[{"taxonomy":"product_cat","embeddable":true,"href":"https:\/\/www.siprem.it\/fr\/wp-json\/wp\/v2\/product_cat?post=2212"},{"taxonomy":"product_tag","embeddable":true,"href":"https:\/\/www.siprem.it\/fr\/wp-json\/wp\/v2\/product_tag?post=2212"}],"curies":[{"name":"wp","href":"https:\/\/api.w.org\/{rel}","templated":true}]}}