{"id":2210,"date":"2023-03-29T12:42:50","date_gmt":"2023-03-29T10:42:50","guid":{"rendered":"https:\/\/www.siprem.it\/prodotto\/lavacassette\/"},"modified":"2023-06-22T16:28:39","modified_gmt":"2023-06-22T14:28:39","slug":"lave-caisses","status":"publish","type":"product","link":"https:\/\/www.siprem.it\/fr\/prodotto\/lave-caisses\/","title":{"rendered":"Lave-caisses"},"content":{"rendered":"<p>Diff\u00e9rents types de machines en acier inox. Solutions en un seul secteur pour le lavage et le rin\u00e7age ou \u00e0 secteurs s\u00e9par\u00e9s pour un nettoyage plus approfondi. Toutes avec cha\u00eene de transport avec variateur de vitesse. Solutions \u00e0 buses fixes ou \u00e0 bras rotatifs motoris\u00e9s, avec brosse sup\u00e9rieure, paire de brosses lat\u00e9rales, dispositif d\u2019\u00e9conomie d\u2019eau pour bloquer l\u2019eau \u00e0 l\u2019entr\u00e9e en l\u2019absence de caisses sur la machine, etc.<\/p>\n","protected":false},"excerpt":{"rendered":"<p>LP Simplex, avec panneaux en poly\u00e9thyl\u00e8ne renforc\u00e9s avec ch\u00e2ssis inox AISI 304, pompe centrifuge, cha\u00eene d\u2019entra\u00eenement des caisses avec variateur m\u00e9canique, rin\u00e7age final avec eau du r\u00e9seau. Brosse sup\u00e9rieure horizontale rotative pour le nettoyage des r\u00e9sidus de terre\/argile (en option).<\/p>\n","protected":false},"featured_media":1893,"template":"","meta":{"_acf_changed":false,"_et_pb_use_builder":"","_et_pb_old_content":"","_et_gb_content_width":""},"product_cat":[74],"product_tag":[],"class_list":{"0":"post-2210","1":"product","2":"type-product","3":"status-publish","4":"has-post-thumbnail","6":"product_cat-systemes-de-lavage-et-assainissement","8":"first","9":"instock","10":"shipping-taxable","11":"product-type-simple"},"acf":[],"yoast_head":"<!-- This site is optimized with the Yoast SEO plugin v22.4 - https:\/\/yoast.com\/wordpress\/plugins\/seo\/ -->\n<title>Lave-caisses - Impianti per la vinificazione - Siprem International Spa<\/title>\n<meta name=\"robots\" content=\"index, follow, max-snippet:-1, max-image-preview:large, max-video-preview:-1\" \/>\n<link rel=\"canonical\" href=\"https:\/\/www.siprem.it\/fr\/prodotto\/lave-caisses\/\" \/>\n<meta property=\"og:locale\" content=\"fr_FR\" \/>\n<meta property=\"og:type\" content=\"article\" \/>\n<meta property=\"og:title\" content=\"Lave-caisses - Impianti per la vinificazione - Siprem International Spa\" \/>\n<meta property=\"og:description\" content=\"LP Simplex, avec panneaux en poly\u00e9thyl\u00e8ne renforc\u00e9s avec ch\u00e2ssis inox AISI 304, pompe centrifuge, cha\u00eene d\u2019entra\u00eenement des caisses avec variateur m\u00e9canique, rin\u00e7age final avec eau du r\u00e9seau. Brosse sup\u00e9rieure horizontale rotative pour le nettoyage des r\u00e9sidus de terre\/argile (en option).\" \/>\n<meta property=\"og:site_name\" content=\"Impianti per la vinificazione - Siprem International Spa\" \/>\n<meta property=\"article:modified_time\" content=\"2023-06-22T14:28:39+00:00\" \/>\n<meta property=\"og:image\" content=\"https:\/\/www.siprem.it\/wp-content\/uploads\/2023\/03\/2013-08-13-12.35.39-1024x508-1.jpg\" \/>\n\t<meta property=\"og:image:width\" content=\"1024\" \/>\n\t<meta property=\"og:image:height\" content=\"508\" \/>\n\t<meta property=\"og:image:type\" content=\"image\/jpeg\" \/>\n<meta name=\"twitter:card\" content=\"summary_large_image\" \/>\n<script type=\"application\/ld+json\" class=\"yoast-schema-graph\">{\"@context\":\"https:\/\/schema.org\",\"@graph\":[{\"@type\":\"WebPage\",\"@id\":\"https:\/\/www.siprem.it\/fr\/prodotto\/lave-caisses\/\",\"url\":\"https:\/\/www.siprem.it\/fr\/prodotto\/lave-caisses\/\",\"name\":\"Lave-caisses - Impianti per la vinificazione - Siprem International Spa\",\"isPartOf\":{\"@id\":\"https:\/\/www.siprem.it\/fr\/#website\"},\"primaryImageOfPage\":{\"@id\":\"https:\/\/www.siprem.it\/fr\/prodotto\/lave-caisses\/#primaryimage\"},\"image\":{\"@id\":\"https:\/\/www.siprem.it\/fr\/prodotto\/lave-caisses\/#primaryimage\"},\"thumbnailUrl\":\"https:\/\/www.siprem.it\/wp-content\/uploads\/2023\/03\/2013-08-13-12.35.39-1024x508-1.jpg\",\"datePublished\":\"2023-03-29T10:42:50+00:00\",\"dateModified\":\"2023-06-22T14:28:39+00:00\",\"breadcrumb\":{\"@id\":\"https:\/\/www.siprem.it\/fr\/prodotto\/lave-caisses\/#breadcrumb\"},\"inLanguage\":\"fr-FR\",\"potentialAction\":[{\"@type\":\"ReadAction\",\"target\":[\"https:\/\/www.siprem.it\/fr\/prodotto\/lave-caisses\/\"]}]},{\"@type\":\"ImageObject\",\"inLanguage\":\"fr-FR\",\"@id\":\"https:\/\/www.siprem.it\/fr\/prodotto\/lave-caisses\/#primaryimage\",\"url\":\"https:\/\/www.siprem.it\/wp-content\/uploads\/2023\/03\/2013-08-13-12.35.39-1024x508-1.jpg\",\"contentUrl\":\"https:\/\/www.siprem.it\/wp-content\/uploads\/2023\/03\/2013-08-13-12.35.39-1024x508-1.jpg\",\"width\":1024,\"height\":508,\"caption\":\"lavacassette\"},{\"@type\":\"BreadcrumbList\",\"@id\":\"https:\/\/www.siprem.it\/fr\/prodotto\/lave-caisses\/#breadcrumb\",\"itemListElement\":[{\"@type\":\"ListItem\",\"position\":1,\"name\":\"Home\",\"item\":\"https:\/\/www.siprem.it\/fr\/\"},{\"@type\":\"ListItem\",\"position\":2,\"name\":\"Produits\",\"item\":\"https:\/\/www.siprem.it\/fr\/shop\/\"},{\"@type\":\"ListItem\",\"position\":3,\"name\":\"Lave-caisses\"}]},{\"@type\":\"WebSite\",\"@id\":\"https:\/\/www.siprem.it\/fr\/#website\",\"url\":\"https:\/\/www.siprem.it\/fr\/\",\"name\":\"Impianti per la vinificazione - Siprem International Spa\",\"description\":\"Pressatura Soffice per vini di qualit\u00e0\",\"publisher\":{\"@id\":\"https:\/\/www.siprem.it\/fr\/#organization\"},\"potentialAction\":[{\"@type\":\"SearchAction\",\"target\":{\"@type\":\"EntryPoint\",\"urlTemplate\":\"https:\/\/www.siprem.it\/fr\/?s={search_term_string}\"},\"query-input\":\"required name=search_term_string\"}],\"inLanguage\":\"fr-FR\"},{\"@type\":\"Organization\",\"@id\":\"https:\/\/www.siprem.it\/fr\/#organization\",\"name\":\"Impianti per la vinificazione - Siprem International Spa\",\"url\":\"https:\/\/www.siprem.it\/fr\/\",\"logo\":{\"@type\":\"ImageObject\",\"inLanguage\":\"fr-FR\",\"@id\":\"https:\/\/www.siprem.it\/fr\/#\/schema\/logo\/image\/\",\"url\":\"https:\/\/www.siprem.it\/wp-content\/uploads\/2023\/03\/LOGO_BACKEND2.png\",\"contentUrl\":\"https:\/\/www.siprem.it\/wp-content\/uploads\/2023\/03\/LOGO_BACKEND2.png\",\"width\":381,\"height\":167,\"caption\":\"Impianti per la vinificazione - Siprem International Spa\"},\"image\":{\"@id\":\"https:\/\/www.siprem.it\/fr\/#\/schema\/logo\/image\/\"},\"sameAs\":[\"https:\/\/www.youtube.com\/channel\/UCw84hI8aGt0-S-05oMK1Z2g\",\"https:\/\/www.linkedin.com\/company\/siprem-international-s.p.a\/\"]}]}<\/script>\n<!-- \/ Yoast SEO plugin. -->","yoast_head_json":{"title":"Lave-caisses - Impianti per la vinificazione - Siprem International Spa","robots":{"index":"index","follow":"follow","max-snippet":"max-snippet:-1","max-image-preview":"max-image-preview:large","max-video-preview":"max-video-preview:-1"},"canonical":"https:\/\/www.siprem.it\/fr\/prodotto\/lave-caisses\/","og_locale":"fr_FR","og_type":"article","og_title":"Lave-caisses - Impianti per la vinificazione - Siprem International Spa","og_description":"LP Simplex, avec panneaux en poly\u00e9thyl\u00e8ne renforc\u00e9s avec ch\u00e2ssis inox AISI 304, pompe centrifuge, cha\u00eene d\u2019entra\u00eenement des caisses avec variateur m\u00e9canique, rin\u00e7age final avec eau du r\u00e9seau. Brosse sup\u00e9rieure horizontale rotative pour le nettoyage des r\u00e9sidus de terre\/argile (en option).","og_site_name":"Impianti per la vinificazione - Siprem International Spa","article_modified_time":"2023-06-22T14:28:39+00:00","og_image":[{"width":1024,"height":508,"url":"https:\/\/www.siprem.it\/wp-content\/uploads\/2023\/03\/2013-08-13-12.35.39-1024x508-1.jpg","type":"image\/jpeg"}],"twitter_card":"summary_large_image","schema":{"@context":"https:\/\/schema.org","@graph":[{"@type":"WebPage","@id":"https:\/\/www.siprem.it\/fr\/prodotto\/lave-caisses\/","url":"https:\/\/www.siprem.it\/fr\/prodotto\/lave-caisses\/","name":"Lave-caisses - Impianti per la vinificazione - Siprem International Spa","isPartOf":{"@id":"https:\/\/www.siprem.it\/fr\/#website"},"primaryImageOfPage":{"@id":"https:\/\/www.siprem.it\/fr\/prodotto\/lave-caisses\/#primaryimage"},"image":{"@id":"https:\/\/www.siprem.it\/fr\/prodotto\/lave-caisses\/#primaryimage"},"thumbnailUrl":"https:\/\/www.siprem.it\/wp-content\/uploads\/2023\/03\/2013-08-13-12.35.39-1024x508-1.jpg","datePublished":"2023-03-29T10:42:50+00:00","dateModified":"2023-06-22T14:28:39+00:00","breadcrumb":{"@id":"https:\/\/www.siprem.it\/fr\/prodotto\/lave-caisses\/#breadcrumb"},"inLanguage":"fr-FR","potentialAction":[{"@type":"ReadAction","target":["https:\/\/www.siprem.it\/fr\/prodotto\/lave-caisses\/"]}]},{"@type":"ImageObject","inLanguage":"fr-FR","@id":"https:\/\/www.siprem.it\/fr\/prodotto\/lave-caisses\/#primaryimage","url":"https:\/\/www.siprem.it\/wp-content\/uploads\/2023\/03\/2013-08-13-12.35.39-1024x508-1.jpg","contentUrl":"https:\/\/www.siprem.it\/wp-content\/uploads\/2023\/03\/2013-08-13-12.35.39-1024x508-1.jpg","width":1024,"height":508,"caption":"lavacassette"},{"@type":"BreadcrumbList","@id":"https:\/\/www.siprem.it\/fr\/prodotto\/lave-caisses\/#breadcrumb","itemListElement":[{"@type":"ListItem","position":1,"name":"Home","item":"https:\/\/www.siprem.it\/fr\/"},{"@type":"ListItem","position":2,"name":"Produits","item":"https:\/\/www.siprem.it\/fr\/shop\/"},{"@type":"ListItem","position":3,"name":"Lave-caisses"}]},{"@type":"WebSite","@id":"https:\/\/www.siprem.it\/fr\/#website","url":"https:\/\/www.siprem.it\/fr\/","name":"Impianti per la vinificazione - Siprem International Spa","description":"Pressatura Soffice per vini di qualit\u00e0","publisher":{"@id":"https:\/\/www.siprem.it\/fr\/#organization"},"potentialAction":[{"@type":"SearchAction","target":{"@type":"EntryPoint","urlTemplate":"https:\/\/www.siprem.it\/fr\/?s={search_term_string}"},"query-input":"required name=search_term_string"}],"inLanguage":"fr-FR"},{"@type":"Organization","@id":"https:\/\/www.siprem.it\/fr\/#organization","name":"Impianti per la vinificazione - Siprem International Spa","url":"https:\/\/www.siprem.it\/fr\/","logo":{"@type":"ImageObject","inLanguage":"fr-FR","@id":"https:\/\/www.siprem.it\/fr\/#\/schema\/logo\/image\/","url":"https:\/\/www.siprem.it\/wp-content\/uploads\/2023\/03\/LOGO_BACKEND2.png","contentUrl":"https:\/\/www.siprem.it\/wp-content\/uploads\/2023\/03\/LOGO_BACKEND2.png","width":381,"height":167,"caption":"Impianti per la vinificazione - Siprem International Spa"},"image":{"@id":"https:\/\/www.siprem.it\/fr\/#\/schema\/logo\/image\/"},"sameAs":["https:\/\/www.youtube.com\/channel\/UCw84hI8aGt0-S-05oMK1Z2g","https:\/\/www.linkedin.com\/company\/siprem-international-s.p.a\/"]}]}},"_links":{"self":[{"href":"https:\/\/www.siprem.it\/fr\/wp-json\/wp\/v2\/product\/2210","targetHints":{"allow":["GET"]}}],"collection":[{"href":"https:\/\/www.siprem.it\/fr\/wp-json\/wp\/v2\/product"}],"about":[{"href":"https:\/\/www.siprem.it\/fr\/wp-json\/wp\/v2\/types\/product"}],"wp:featuredmedia":[{"embeddable":true,"href":"https:\/\/www.siprem.it\/fr\/wp-json\/wp\/v2\/media\/1893"}],"wp:attachment":[{"href":"https:\/\/www.siprem.it\/fr\/wp-json\/wp\/v2\/media?parent=2210"}],"wp:term":[{"taxonomy":"product_cat","embeddable":true,"href":"https:\/\/www.siprem.it\/fr\/wp-json\/wp\/v2\/product_cat?post=2210"},{"taxonomy":"product_tag","embeddable":true,"href":"https:\/\/www.siprem.it\/fr\/wp-json\/wp\/v2\/product_tag?post=2210"}],"curies":[{"name":"wp","href":"https:\/\/api.w.org\/{rel}","templated":true}]}}