{"id":6559,"date":"2025-08-28T11:29:06","date_gmt":"2025-08-28T09:29:06","guid":{"rendered":"https:\/\/www.siprem.it\/?post_type=product&#038;p=6559"},"modified":"2025-08-28T17:21:00","modified_gmt":"2025-08-28T15:21:00","slug":"lanza-de-lavado-barricas-con-aspiracion-simultanea-rotoklin-0-flex","status":"publish","type":"product","link":"https:\/\/www.siprem.it\/es\/prodotto\/lanza-de-lavado-barricas-con-aspiracion-simultanea-rotoklin-0-flex\/","title":{"rendered":"Lanza de lavado Barricas con aspiraci\u00f3n simult\u00e1nea ROTOKLIN 0 FLEX"},"content":{"rendered":"<p data-start=\"901\" data-end=\"1055\"><strong data-start=\"901\" data-end=\"965\">Lanza de lavado con aspiraci\u00f3n simult\u00e1nea del agua residual.<\/strong><br data-start=\"965\" data-end=\"968\" \/>Modelo Flex equipado con tramo flexible de aspiraci\u00f3n para uso en espacios reducidos.<\/p>\n<p data-start=\"1057\" data-end=\"1458\">Permite el lavado de las barricas con agua caliente y\/o fr\u00eda a presi\u00f3n sin necesidad de moverlas. Con la ayuda del agua a presi\u00f3n suministrada por una hidrolavadora est\u00e1ndar y de un sistema de inyecci\u00f3n integrado en la m\u00e1quina, se crea un efecto de vac\u00edo que permite la aspiraci\u00f3n completa del agua residual (v\u00e1lvula cerrada), o mantener bajo el nivel de agua dentro de la barrica (v\u00e1lvula abierta).<\/p>\n<ul data-start=\"1460\" data-end=\"1736\">\n<li data-start=\"1460\" data-end=\"1494\">\n<p data-start=\"1462\" data-end=\"1494\">Limpieza interna eficaz a 360\u00b0<\/p>\n<\/li>\n<li data-start=\"1495\" data-end=\"1556\">\n<p data-start=\"1497\" data-end=\"1556\">Apta para todas las barricas con orificio superior &gt;37 mm<\/p>\n<\/li>\n<li data-start=\"1557\" data-end=\"1614\">\n<p data-start=\"1559\" data-end=\"1614\">Sistema de aspiraci\u00f3n integrado para aguas residuales<\/p>\n<\/li>\n<li data-start=\"1615\" data-end=\"1667\">\n<p data-start=\"1617\" data-end=\"1667\">No es necesario girar la barrica para el drenaje<\/p>\n<\/li>\n<li data-start=\"1668\" data-end=\"1736\">\n<p data-start=\"1670\" data-end=\"1736\">Limpieza con cualquier hidrolavadora profesional de alta presi\u00f3n<\/p>\n<\/li>\n<\/ul>\n","protected":false},"excerpt":{"rendered":"<p>TECME<\/p>\n","protected":false},"featured_media":6565,"template":"","meta":{"_acf_changed":false,"_et_pb_use_builder":"","_et_pb_old_content":"","_et_gb_content_width":""},"product_cat":[90],"product_tag":[],"class_list":{"0":"post-6559","1":"product","2":"type-product","3":"status-publish","4":"has-post-thumbnail","6":"product_cat-usado","8":"first","9":"instock","10":"product-type-simple"},"acf":[],"yoast_head":"<!-- This site is optimized with the Yoast SEO plugin v22.4 - https:\/\/yoast.com\/wordpress\/plugins\/seo\/ -->\n<title>Lanza de lavado Barricas con aspiraci\u00f3n simult\u00e1nea ROTOKLIN 0 FLEX - Impianti per la vinificazione - Siprem International Spa<\/title>\n<meta name=\"robots\" content=\"index, follow, max-snippet:-1, max-image-preview:large, max-video-preview:-1\" \/>\n<link rel=\"canonical\" href=\"https:\/\/www.siprem.it\/es\/prodotto\/lanza-de-lavado-barricas-con-aspiracion-simultanea-rotoklin-0-flex\/\" \/>\n<meta property=\"og:locale\" content=\"es_ES\" \/>\n<meta property=\"og:type\" content=\"article\" \/>\n<meta property=\"og:title\" content=\"Lanza de lavado Barricas con aspiraci\u00f3n simult\u00e1nea ROTOKLIN 0 FLEX - Impianti per la vinificazione - Siprem International Spa\" \/>\n<meta property=\"og:description\" content=\"TECME\" \/>\n<meta property=\"og:site_name\" content=\"Impianti per la vinificazione - Siprem International Spa\" \/>\n<meta property=\"article:modified_time\" content=\"2025-08-28T15:21:00+00:00\" \/>\n<meta property=\"og:image\" content=\"https:\/\/www.siprem.it\/wp-content\/uploads\/2025\/08\/Rotoklin0-rotated-1.jpeg\" \/>\n\t<meta property=\"og:image:width\" content=\"824\" \/>\n\t<meta property=\"og:image:height\" content=\"1600\" \/>\n\t<meta property=\"og:image:type\" content=\"image\/jpeg\" \/>\n<meta name=\"twitter:card\" content=\"summary_large_image\" \/>\n<meta name=\"twitter:label1\" content=\"Tiempo de lectura\" \/>\n\t<meta name=\"twitter:data1\" content=\"1 minuto\" \/>\n<script type=\"application\/ld+json\" class=\"yoast-schema-graph\">{\"@context\":\"https:\/\/schema.org\",\"@graph\":[{\"@type\":\"WebPage\",\"@id\":\"https:\/\/www.siprem.it\/es\/prodotto\/lanza-de-lavado-barricas-con-aspiracion-simultanea-rotoklin-0-flex\/\",\"url\":\"https:\/\/www.siprem.it\/es\/prodotto\/lanza-de-lavado-barricas-con-aspiracion-simultanea-rotoklin-0-flex\/\",\"name\":\"Lanza de lavado Barricas con aspiraci\u00f3n simult\u00e1nea ROTOKLIN 0 FLEX - Impianti per la vinificazione - Siprem International Spa\",\"isPartOf\":{\"@id\":\"https:\/\/www.siprem.it\/es\/#website\"},\"primaryImageOfPage\":{\"@id\":\"https:\/\/www.siprem.it\/es\/prodotto\/lanza-de-lavado-barricas-con-aspiracion-simultanea-rotoklin-0-flex\/#primaryimage\"},\"image\":{\"@id\":\"https:\/\/www.siprem.it\/es\/prodotto\/lanza-de-lavado-barricas-con-aspiracion-simultanea-rotoklin-0-flex\/#primaryimage\"},\"thumbnailUrl\":\"https:\/\/www.siprem.it\/wp-content\/uploads\/2025\/08\/Rotoklin0-rotated-1.jpeg\",\"datePublished\":\"2025-08-28T09:29:06+00:00\",\"dateModified\":\"2025-08-28T15:21:00+00:00\",\"breadcrumb\":{\"@id\":\"https:\/\/www.siprem.it\/es\/prodotto\/lanza-de-lavado-barricas-con-aspiracion-simultanea-rotoklin-0-flex\/#breadcrumb\"},\"inLanguage\":\"es\",\"potentialAction\":[{\"@type\":\"ReadAction\",\"target\":[\"https:\/\/www.siprem.it\/es\/prodotto\/lanza-de-lavado-barricas-con-aspiracion-simultanea-rotoklin-0-flex\/\"]}]},{\"@type\":\"ImageObject\",\"inLanguage\":\"es\",\"@id\":\"https:\/\/www.siprem.it\/es\/prodotto\/lanza-de-lavado-barricas-con-aspiracion-simultanea-rotoklin-0-flex\/#primaryimage\",\"url\":\"https:\/\/www.siprem.it\/wp-content\/uploads\/2025\/08\/Rotoklin0-rotated-1.jpeg\",\"contentUrl\":\"https:\/\/www.siprem.it\/wp-content\/uploads\/2025\/08\/Rotoklin0-rotated-1.jpeg\",\"width\":824,\"height\":1600},{\"@type\":\"BreadcrumbList\",\"@id\":\"https:\/\/www.siprem.it\/es\/prodotto\/lanza-de-lavado-barricas-con-aspiracion-simultanea-rotoklin-0-flex\/#breadcrumb\",\"itemListElement\":[{\"@type\":\"ListItem\",\"position\":1,\"name\":\"Home\",\"item\":\"https:\/\/www.siprem.it\/es\/\"},{\"@type\":\"ListItem\",\"position\":2,\"name\":\"Productos\",\"item\":\"https:\/\/www.siprem.it\/es\/shop\/\"},{\"@type\":\"ListItem\",\"position\":3,\"name\":\"Lanza de lavado Barricas con aspiraci\u00f3n simult\u00e1nea ROTOKLIN 0 FLEX\"}]},{\"@type\":\"WebSite\",\"@id\":\"https:\/\/www.siprem.it\/es\/#website\",\"url\":\"https:\/\/www.siprem.it\/es\/\",\"name\":\"Impianti per la vinificazione - Siprem International Spa\",\"description\":\"Pressatura Soffice per vini di qualit\u00e0\",\"publisher\":{\"@id\":\"https:\/\/www.siprem.it\/es\/#organization\"},\"potentialAction\":[{\"@type\":\"SearchAction\",\"target\":{\"@type\":\"EntryPoint\",\"urlTemplate\":\"https:\/\/www.siprem.it\/es\/?s={search_term_string}\"},\"query-input\":\"required name=search_term_string\"}],\"inLanguage\":\"es\"},{\"@type\":\"Organization\",\"@id\":\"https:\/\/www.siprem.it\/es\/#organization\",\"name\":\"Impianti per la vinificazione - Siprem International Spa\",\"url\":\"https:\/\/www.siprem.it\/es\/\",\"logo\":{\"@type\":\"ImageObject\",\"inLanguage\":\"es\",\"@id\":\"https:\/\/www.siprem.it\/es\/#\/schema\/logo\/image\/\",\"url\":\"https:\/\/www.siprem.it\/wp-content\/uploads\/2023\/03\/LOGO_BACKEND2.png\",\"contentUrl\":\"https:\/\/www.siprem.it\/wp-content\/uploads\/2023\/03\/LOGO_BACKEND2.png\",\"width\":381,\"height\":167,\"caption\":\"Impianti per la vinificazione - Siprem International Spa\"},\"image\":{\"@id\":\"https:\/\/www.siprem.it\/es\/#\/schema\/logo\/image\/\"},\"sameAs\":[\"https:\/\/www.youtube.com\/channel\/UCw84hI8aGt0-S-05oMK1Z2g\",\"https:\/\/www.linkedin.com\/company\/siprem-international-s.p.a\/\"]}]}<\/script>\n<!-- \/ Yoast SEO plugin. -->","yoast_head_json":{"title":"Lanza de lavado Barricas con aspiraci\u00f3n simult\u00e1nea ROTOKLIN 0 FLEX - Impianti per la vinificazione - Siprem International Spa","robots":{"index":"index","follow":"follow","max-snippet":"max-snippet:-1","max-image-preview":"max-image-preview:large","max-video-preview":"max-video-preview:-1"},"canonical":"https:\/\/www.siprem.it\/es\/prodotto\/lanza-de-lavado-barricas-con-aspiracion-simultanea-rotoklin-0-flex\/","og_locale":"es_ES","og_type":"article","og_title":"Lanza de lavado Barricas con aspiraci\u00f3n simult\u00e1nea ROTOKLIN 0 FLEX - Impianti per la vinificazione - Siprem International Spa","og_description":"TECME","og_site_name":"Impianti per la vinificazione - Siprem International Spa","article_modified_time":"2025-08-28T15:21:00+00:00","og_image":[{"width":824,"height":1600,"url":"https:\/\/www.siprem.it\/wp-content\/uploads\/2025\/08\/Rotoklin0-rotated-1.jpeg","type":"image\/jpeg"}],"twitter_card":"summary_large_image","twitter_misc":{"Tiempo de lectura":"1 minuto"},"schema":{"@context":"https:\/\/schema.org","@graph":[{"@type":"WebPage","@id":"https:\/\/www.siprem.it\/es\/prodotto\/lanza-de-lavado-barricas-con-aspiracion-simultanea-rotoklin-0-flex\/","url":"https:\/\/www.siprem.it\/es\/prodotto\/lanza-de-lavado-barricas-con-aspiracion-simultanea-rotoklin-0-flex\/","name":"Lanza de lavado Barricas con aspiraci\u00f3n simult\u00e1nea ROTOKLIN 0 FLEX - Impianti per la vinificazione - Siprem International Spa","isPartOf":{"@id":"https:\/\/www.siprem.it\/es\/#website"},"primaryImageOfPage":{"@id":"https:\/\/www.siprem.it\/es\/prodotto\/lanza-de-lavado-barricas-con-aspiracion-simultanea-rotoklin-0-flex\/#primaryimage"},"image":{"@id":"https:\/\/www.siprem.it\/es\/prodotto\/lanza-de-lavado-barricas-con-aspiracion-simultanea-rotoklin-0-flex\/#primaryimage"},"thumbnailUrl":"https:\/\/www.siprem.it\/wp-content\/uploads\/2025\/08\/Rotoklin0-rotated-1.jpeg","datePublished":"2025-08-28T09:29:06+00:00","dateModified":"2025-08-28T15:21:00+00:00","breadcrumb":{"@id":"https:\/\/www.siprem.it\/es\/prodotto\/lanza-de-lavado-barricas-con-aspiracion-simultanea-rotoklin-0-flex\/#breadcrumb"},"inLanguage":"es","potentialAction":[{"@type":"ReadAction","target":["https:\/\/www.siprem.it\/es\/prodotto\/lanza-de-lavado-barricas-con-aspiracion-simultanea-rotoklin-0-flex\/"]}]},{"@type":"ImageObject","inLanguage":"es","@id":"https:\/\/www.siprem.it\/es\/prodotto\/lanza-de-lavado-barricas-con-aspiracion-simultanea-rotoklin-0-flex\/#primaryimage","url":"https:\/\/www.siprem.it\/wp-content\/uploads\/2025\/08\/Rotoklin0-rotated-1.jpeg","contentUrl":"https:\/\/www.siprem.it\/wp-content\/uploads\/2025\/08\/Rotoklin0-rotated-1.jpeg","width":824,"height":1600},{"@type":"BreadcrumbList","@id":"https:\/\/www.siprem.it\/es\/prodotto\/lanza-de-lavado-barricas-con-aspiracion-simultanea-rotoklin-0-flex\/#breadcrumb","itemListElement":[{"@type":"ListItem","position":1,"name":"Home","item":"https:\/\/www.siprem.it\/es\/"},{"@type":"ListItem","position":2,"name":"Productos","item":"https:\/\/www.siprem.it\/es\/shop\/"},{"@type":"ListItem","position":3,"name":"Lanza de lavado Barricas con aspiraci\u00f3n simult\u00e1nea ROTOKLIN 0 FLEX"}]},{"@type":"WebSite","@id":"https:\/\/www.siprem.it\/es\/#website","url":"https:\/\/www.siprem.it\/es\/","name":"Impianti per la vinificazione - Siprem International Spa","description":"Pressatura Soffice per vini di qualit\u00e0","publisher":{"@id":"https:\/\/www.siprem.it\/es\/#organization"},"potentialAction":[{"@type":"SearchAction","target":{"@type":"EntryPoint","urlTemplate":"https:\/\/www.siprem.it\/es\/?s={search_term_string}"},"query-input":"required name=search_term_string"}],"inLanguage":"es"},{"@type":"Organization","@id":"https:\/\/www.siprem.it\/es\/#organization","name":"Impianti per la vinificazione - Siprem International Spa","url":"https:\/\/www.siprem.it\/es\/","logo":{"@type":"ImageObject","inLanguage":"es","@id":"https:\/\/www.siprem.it\/es\/#\/schema\/logo\/image\/","url":"https:\/\/www.siprem.it\/wp-content\/uploads\/2023\/03\/LOGO_BACKEND2.png","contentUrl":"https:\/\/www.siprem.it\/wp-content\/uploads\/2023\/03\/LOGO_BACKEND2.png","width":381,"height":167,"caption":"Impianti per la vinificazione - Siprem International Spa"},"image":{"@id":"https:\/\/www.siprem.it\/es\/#\/schema\/logo\/image\/"},"sameAs":["https:\/\/www.youtube.com\/channel\/UCw84hI8aGt0-S-05oMK1Z2g","https:\/\/www.linkedin.com\/company\/siprem-international-s.p.a\/"]}]}},"_links":{"self":[{"href":"https:\/\/www.siprem.it\/es\/wp-json\/wp\/v2\/product\/6559","targetHints":{"allow":["GET"]}}],"collection":[{"href":"https:\/\/www.siprem.it\/es\/wp-json\/wp\/v2\/product"}],"about":[{"href":"https:\/\/www.siprem.it\/es\/wp-json\/wp\/v2\/types\/product"}],"wp:featuredmedia":[{"embeddable":true,"href":"https:\/\/www.siprem.it\/es\/wp-json\/wp\/v2\/media\/6565"}],"wp:attachment":[{"href":"https:\/\/www.siprem.it\/es\/wp-json\/wp\/v2\/media?parent=6559"}],"wp:term":[{"taxonomy":"product_cat","embeddable":true,"href":"https:\/\/www.siprem.it\/es\/wp-json\/wp\/v2\/product_cat?post=6559"},{"taxonomy":"product_tag","embeddable":true,"href":"https:\/\/www.siprem.it\/es\/wp-json\/wp\/v2\/product_tag?post=6559"}],"curies":[{"name":"wp","href":"https:\/\/api.w.org\/{rel}","templated":true}]}}