{"id":6530,"date":"2025-08-28T10:26:33","date_gmt":"2025-08-28T08:26:33","guid":{"rendered":"https:\/\/www.siprem.it\/?post_type=product&#038;p=6530"},"modified":"2025-08-28T10:37:17","modified_gmt":"2025-08-28T08:37:17","slug":"lavacajas-lp-simplex","status":"publish","type":"product","link":"https:\/\/www.siprem.it\/es\/prodotto\/lavacajas-lp-simplex\/","title":{"rendered":"N. 2 lavacajas, modelo LP Simplex"},"content":{"rendered":"<p data-start=\"1105\" data-end=\"1320\">N. 2 lavacajas, modelo LP Simplex, fabricadas con paneles de polietileno PE500 termosoldados, reforzados exteriormente con un bastidor de acero inoxidable AISI 304, montadas sobre un carro con 4 ruedas giratorias.<\/p>\n<p data-start=\"1322\" data-end=\"1387\">El circuito de lavado, en circuito cerrado, est\u00e1 compuesto por:<\/p>\n<ul data-start=\"1388\" data-end=\"1960\">\n<li data-start=\"1388\" data-end=\"1479\">\n<p data-start=\"1390\" data-end=\"1479\">un dep\u00f3sito de agua integrado en la estructura, completo con boquilla de vaciado total.<\/p>\n<\/li>\n<li data-start=\"1480\" data-end=\"1577\">\n<p data-start=\"1482\" data-end=\"1577\">una bomba centr\u00edfuga con rodete de acero inoxidable, accionada por motor el\u00e9ctrico trif\u00e1sico.<\/p>\n<\/li>\n<li data-start=\"1578\" data-end=\"1817\">\n<p data-start=\"1580\" data-end=\"1817\">un colector de conexi\u00f3n y 8 tubos que corren paralelos a las gu\u00edas de deslizamiento de las cajas; en los tubos se han realizado ranuras que generan chorros de agua para lavar eficazmente tanto el interior como el exterior de las cajas.<\/p>\n<\/li>\n<li data-start=\"1818\" data-end=\"1960\">\n<p data-start=\"1820\" data-end=\"1960\">un caj\u00f3n con rejilla escurridora, a trav\u00e9s del cual el agua regresa al dep\u00f3sito de contenci\u00f3n mientras los residuos s\u00f3lidos son retenidos.<\/p>\n<\/li>\n<\/ul>\n<p data-start=\"1962\" data-end=\"2057\">Grupo con cadena de traslaci\u00f3n de cajas, completo con motor y variador de velocidad mec\u00e1nico.<\/p>\n","protected":false},"excerpt":{"rendered":"<p>TECME<\/p>\n","protected":false},"featured_media":6536,"template":"","meta":{"_acf_changed":false,"_et_pb_use_builder":"","_et_pb_old_content":"","_et_gb_content_width":""},"product_cat":[90],"product_tag":[],"class_list":{"0":"post-6530","1":"product","2":"type-product","3":"status-publish","4":"has-post-thumbnail","6":"product_cat-usado","8":"first","9":"instock","10":"product-type-simple"},"acf":[],"yoast_head":"<!-- This site is optimized with the Yoast SEO plugin v22.4 - https:\/\/yoast.com\/wordpress\/plugins\/seo\/ -->\n<title>N. 2 lavacajas, modelo LP Simplex - Impianti per la vinificazione - Siprem International Spa<\/title>\n<meta name=\"robots\" content=\"index, follow, max-snippet:-1, max-image-preview:large, max-video-preview:-1\" \/>\n<link rel=\"canonical\" href=\"https:\/\/www.siprem.it\/es\/prodotto\/lavacajas-lp-simplex\/\" \/>\n<meta property=\"og:locale\" content=\"es_ES\" \/>\n<meta property=\"og:type\" content=\"article\" \/>\n<meta property=\"og:title\" content=\"N. 2 lavacajas, modelo LP Simplex - Impianti per la vinificazione - Siprem International Spa\" \/>\n<meta property=\"og:description\" content=\"TECME\" \/>\n<meta property=\"og:site_name\" content=\"Impianti per la vinificazione - Siprem International Spa\" \/>\n<meta property=\"article:modified_time\" content=\"2025-08-28T08:37:17+00:00\" \/>\n<meta property=\"og:image\" content=\"https:\/\/www.siprem.it\/wp-content\/uploads\/2025\/08\/Lp-Simplex.jpg\" \/>\n\t<meta property=\"og:image:width\" content=\"640\" \/>\n\t<meta property=\"og:image:height\" content=\"480\" \/>\n\t<meta property=\"og:image:type\" content=\"image\/jpeg\" \/>\n<meta name=\"twitter:card\" content=\"summary_large_image\" \/>\n<meta name=\"twitter:label1\" content=\"Tiempo de lectura\" \/>\n\t<meta name=\"twitter:data1\" content=\"1 minuto\" \/>\n<script type=\"application\/ld+json\" class=\"yoast-schema-graph\">{\"@context\":\"https:\/\/schema.org\",\"@graph\":[{\"@type\":\"WebPage\",\"@id\":\"https:\/\/www.siprem.it\/es\/prodotto\/lavacajas-lp-simplex\/\",\"url\":\"https:\/\/www.siprem.it\/es\/prodotto\/lavacajas-lp-simplex\/\",\"name\":\"N. 2 lavacajas, modelo LP Simplex - Impianti per la vinificazione - Siprem International Spa\",\"isPartOf\":{\"@id\":\"https:\/\/www.siprem.it\/es\/#website\"},\"primaryImageOfPage\":{\"@id\":\"https:\/\/www.siprem.it\/es\/prodotto\/lavacajas-lp-simplex\/#primaryimage\"},\"image\":{\"@id\":\"https:\/\/www.siprem.it\/es\/prodotto\/lavacajas-lp-simplex\/#primaryimage\"},\"thumbnailUrl\":\"https:\/\/www.siprem.it\/wp-content\/uploads\/2025\/08\/Lp-Simplex.jpg\",\"datePublished\":\"2025-08-28T08:26:33+00:00\",\"dateModified\":\"2025-08-28T08:37:17+00:00\",\"breadcrumb\":{\"@id\":\"https:\/\/www.siprem.it\/es\/prodotto\/lavacajas-lp-simplex\/#breadcrumb\"},\"inLanguage\":\"es\",\"potentialAction\":[{\"@type\":\"ReadAction\",\"target\":[\"https:\/\/www.siprem.it\/es\/prodotto\/lavacajas-lp-simplex\/\"]}]},{\"@type\":\"ImageObject\",\"inLanguage\":\"es\",\"@id\":\"https:\/\/www.siprem.it\/es\/prodotto\/lavacajas-lp-simplex\/#primaryimage\",\"url\":\"https:\/\/www.siprem.it\/wp-content\/uploads\/2025\/08\/Lp-Simplex.jpg\",\"contentUrl\":\"https:\/\/www.siprem.it\/wp-content\/uploads\/2025\/08\/Lp-Simplex.jpg\",\"width\":640,\"height\":480},{\"@type\":\"BreadcrumbList\",\"@id\":\"https:\/\/www.siprem.it\/es\/prodotto\/lavacajas-lp-simplex\/#breadcrumb\",\"itemListElement\":[{\"@type\":\"ListItem\",\"position\":1,\"name\":\"Home\",\"item\":\"https:\/\/www.siprem.it\/es\/\"},{\"@type\":\"ListItem\",\"position\":2,\"name\":\"Productos\",\"item\":\"https:\/\/www.siprem.it\/es\/shop\/\"},{\"@type\":\"ListItem\",\"position\":3,\"name\":\"N. 2 lavacajas, modelo LP Simplex\"}]},{\"@type\":\"WebSite\",\"@id\":\"https:\/\/www.siprem.it\/es\/#website\",\"url\":\"https:\/\/www.siprem.it\/es\/\",\"name\":\"Impianti per la vinificazione - Siprem International Spa\",\"description\":\"Pressatura Soffice per vini di qualit\u00e0\",\"publisher\":{\"@id\":\"https:\/\/www.siprem.it\/es\/#organization\"},\"potentialAction\":[{\"@type\":\"SearchAction\",\"target\":{\"@type\":\"EntryPoint\",\"urlTemplate\":\"https:\/\/www.siprem.it\/es\/?s={search_term_string}\"},\"query-input\":\"required name=search_term_string\"}],\"inLanguage\":\"es\"},{\"@type\":\"Organization\",\"@id\":\"https:\/\/www.siprem.it\/es\/#organization\",\"name\":\"Impianti per la vinificazione - Siprem International Spa\",\"url\":\"https:\/\/www.siprem.it\/es\/\",\"logo\":{\"@type\":\"ImageObject\",\"inLanguage\":\"es\",\"@id\":\"https:\/\/www.siprem.it\/es\/#\/schema\/logo\/image\/\",\"url\":\"https:\/\/www.siprem.it\/wp-content\/uploads\/2023\/03\/LOGO_BACKEND2.png\",\"contentUrl\":\"https:\/\/www.siprem.it\/wp-content\/uploads\/2023\/03\/LOGO_BACKEND2.png\",\"width\":381,\"height\":167,\"caption\":\"Impianti per la vinificazione - Siprem International Spa\"},\"image\":{\"@id\":\"https:\/\/www.siprem.it\/es\/#\/schema\/logo\/image\/\"},\"sameAs\":[\"https:\/\/www.youtube.com\/channel\/UCw84hI8aGt0-S-05oMK1Z2g\",\"https:\/\/www.linkedin.com\/company\/siprem-international-s.p.a\/\"]}]}<\/script>\n<!-- \/ Yoast SEO plugin. -->","yoast_head_json":{"title":"N. 2 lavacajas, modelo LP Simplex - Impianti per la vinificazione - Siprem International Spa","robots":{"index":"index","follow":"follow","max-snippet":"max-snippet:-1","max-image-preview":"max-image-preview:large","max-video-preview":"max-video-preview:-1"},"canonical":"https:\/\/www.siprem.it\/es\/prodotto\/lavacajas-lp-simplex\/","og_locale":"es_ES","og_type":"article","og_title":"N. 2 lavacajas, modelo LP Simplex - Impianti per la vinificazione - Siprem International Spa","og_description":"TECME","og_site_name":"Impianti per la vinificazione - Siprem International Spa","article_modified_time":"2025-08-28T08:37:17+00:00","og_image":[{"width":640,"height":480,"url":"https:\/\/www.siprem.it\/wp-content\/uploads\/2025\/08\/Lp-Simplex.jpg","type":"image\/jpeg"}],"twitter_card":"summary_large_image","twitter_misc":{"Tiempo de lectura":"1 minuto"},"schema":{"@context":"https:\/\/schema.org","@graph":[{"@type":"WebPage","@id":"https:\/\/www.siprem.it\/es\/prodotto\/lavacajas-lp-simplex\/","url":"https:\/\/www.siprem.it\/es\/prodotto\/lavacajas-lp-simplex\/","name":"N. 2 lavacajas, modelo LP Simplex - Impianti per la vinificazione - Siprem International Spa","isPartOf":{"@id":"https:\/\/www.siprem.it\/es\/#website"},"primaryImageOfPage":{"@id":"https:\/\/www.siprem.it\/es\/prodotto\/lavacajas-lp-simplex\/#primaryimage"},"image":{"@id":"https:\/\/www.siprem.it\/es\/prodotto\/lavacajas-lp-simplex\/#primaryimage"},"thumbnailUrl":"https:\/\/www.siprem.it\/wp-content\/uploads\/2025\/08\/Lp-Simplex.jpg","datePublished":"2025-08-28T08:26:33+00:00","dateModified":"2025-08-28T08:37:17+00:00","breadcrumb":{"@id":"https:\/\/www.siprem.it\/es\/prodotto\/lavacajas-lp-simplex\/#breadcrumb"},"inLanguage":"es","potentialAction":[{"@type":"ReadAction","target":["https:\/\/www.siprem.it\/es\/prodotto\/lavacajas-lp-simplex\/"]}]},{"@type":"ImageObject","inLanguage":"es","@id":"https:\/\/www.siprem.it\/es\/prodotto\/lavacajas-lp-simplex\/#primaryimage","url":"https:\/\/www.siprem.it\/wp-content\/uploads\/2025\/08\/Lp-Simplex.jpg","contentUrl":"https:\/\/www.siprem.it\/wp-content\/uploads\/2025\/08\/Lp-Simplex.jpg","width":640,"height":480},{"@type":"BreadcrumbList","@id":"https:\/\/www.siprem.it\/es\/prodotto\/lavacajas-lp-simplex\/#breadcrumb","itemListElement":[{"@type":"ListItem","position":1,"name":"Home","item":"https:\/\/www.siprem.it\/es\/"},{"@type":"ListItem","position":2,"name":"Productos","item":"https:\/\/www.siprem.it\/es\/shop\/"},{"@type":"ListItem","position":3,"name":"N. 2 lavacajas, modelo LP Simplex"}]},{"@type":"WebSite","@id":"https:\/\/www.siprem.it\/es\/#website","url":"https:\/\/www.siprem.it\/es\/","name":"Impianti per la vinificazione - Siprem International Spa","description":"Pressatura Soffice per vini di qualit\u00e0","publisher":{"@id":"https:\/\/www.siprem.it\/es\/#organization"},"potentialAction":[{"@type":"SearchAction","target":{"@type":"EntryPoint","urlTemplate":"https:\/\/www.siprem.it\/es\/?s={search_term_string}"},"query-input":"required name=search_term_string"}],"inLanguage":"es"},{"@type":"Organization","@id":"https:\/\/www.siprem.it\/es\/#organization","name":"Impianti per la vinificazione - Siprem International Spa","url":"https:\/\/www.siprem.it\/es\/","logo":{"@type":"ImageObject","inLanguage":"es","@id":"https:\/\/www.siprem.it\/es\/#\/schema\/logo\/image\/","url":"https:\/\/www.siprem.it\/wp-content\/uploads\/2023\/03\/LOGO_BACKEND2.png","contentUrl":"https:\/\/www.siprem.it\/wp-content\/uploads\/2023\/03\/LOGO_BACKEND2.png","width":381,"height":167,"caption":"Impianti per la vinificazione - Siprem International Spa"},"image":{"@id":"https:\/\/www.siprem.it\/es\/#\/schema\/logo\/image\/"},"sameAs":["https:\/\/www.youtube.com\/channel\/UCw84hI8aGt0-S-05oMK1Z2g","https:\/\/www.linkedin.com\/company\/siprem-international-s.p.a\/"]}]}},"_links":{"self":[{"href":"https:\/\/www.siprem.it\/es\/wp-json\/wp\/v2\/product\/6530","targetHints":{"allow":["GET"]}}],"collection":[{"href":"https:\/\/www.siprem.it\/es\/wp-json\/wp\/v2\/product"}],"about":[{"href":"https:\/\/www.siprem.it\/es\/wp-json\/wp\/v2\/types\/product"}],"wp:featuredmedia":[{"embeddable":true,"href":"https:\/\/www.siprem.it\/es\/wp-json\/wp\/v2\/media\/6536"}],"wp:attachment":[{"href":"https:\/\/www.siprem.it\/es\/wp-json\/wp\/v2\/media?parent=6530"}],"wp:term":[{"taxonomy":"product_cat","embeddable":true,"href":"https:\/\/www.siprem.it\/es\/wp-json\/wp\/v2\/product_cat?post=6530"},{"taxonomy":"product_tag","embeddable":true,"href":"https:\/\/www.siprem.it\/es\/wp-json\/wp\/v2\/product_tag?post=6530"}],"curies":[{"name":"wp","href":"https:\/\/api.w.org\/{rel}","templated":true}]}}