{"id":6455,"date":"2023-07-05T13:11:42","date_gmt":"2023-07-05T11:11:42","guid":{"rendered":"https:\/\/www.siprem.it\/?post_type=product&#038;p=6455"},"modified":"2025-08-08T16:26:22","modified_gmt":"2025-08-08T14:26:22","slug":"alcryo100-tunel-de-enfriamiento-rapido-para-uvas-enteras-con-co2-liquida","status":"publish","type":"product","link":"https:\/\/www.siprem.it\/es\/prodotto\/alcryo100-tunel-de-enfriamiento-rapido-para-uvas-enteras-con-co2-liquida\/","title":{"rendered":"ALCRYO100 T\u00daNEL DE ENFRIAMIENTO R\u00c1PIDO PARA UVAS ENTERAS, con CO2 l\u00edquida"},"content":{"rendered":"<p data-start=\"35\" data-end=\"54\"><strong data-start=\"35\" data-end=\"52\">SIPREM (2015)<\/strong><\/p>\n<p data-start=\"56\" data-end=\"72\">Compuesto por:<\/p>\n<ul data-start=\"73\" data-end=\"247\" data-is-last-node=\"\" data-is-only-node=\"\">\n<li data-start=\"73\" data-end=\"131\">\n<p data-start=\"75\" data-end=\"131\">MESA HORIZONTAL VIBRATORIA mm 3.000 x 1.000 x H 1.800;<\/p>\n<\/li>\n<li data-start=\"132\" data-end=\"187\">\n<p data-start=\"134\" data-end=\"187\">CINTA ELEVADORA mm 5.500 x 1.000 x H 2.650 \/ 3.650;<\/p>\n<\/li>\n<li data-start=\"188\" data-end=\"247\" data-is-last-node=\"\">\n<p data-start=\"190\" data-end=\"247\" data-is-last-node=\"\">CUADRO EL\u00c9CTRICO DE ATRIL con sus respectivos inversores.<\/p>\n<\/li>\n<\/ul>\n","protected":false},"excerpt":{"rendered":"<p>SIPREM (2015) Compuesto por: MESA HORIZONTAL VIBRATORIA mm 3.000 x 1.000 x H 1.800; CINTA ELEVADORA mm 5.500 x 1.000 x H 2.650 \/ 3.650; CUADRO EL\u00c9CTRICO DE ATRIL con sus respectivos inversores.<\/p>\n","protected":false},"featured_media":2695,"template":"","meta":{"_acf_changed":false,"_et_pb_use_builder":"","_et_pb_old_content":"","_et_gb_content_width":""},"product_cat":[90],"product_tag":[],"class_list":{"0":"post-6455","1":"product","2":"type-product","3":"status-publish","4":"has-post-thumbnail","6":"product_cat-usado","8":"first","9":"instock","10":"product-type-simple"},"acf":[],"yoast_head":"<!-- This site is optimized with the Yoast SEO plugin v22.4 - https:\/\/yoast.com\/wordpress\/plugins\/seo\/ -->\n<title>ALCRYO100 T\u00daNEL DE ENFRIAMIENTO R\u00c1PIDO PARA UVAS ENTERAS, con CO2 l\u00edquida - Impianti per la vinificazione - Siprem International Spa<\/title>\n<meta name=\"robots\" content=\"index, follow, max-snippet:-1, max-image-preview:large, max-video-preview:-1\" \/>\n<link rel=\"canonical\" href=\"https:\/\/www.siprem.it\/es\/prodotto\/alcryo100-tunel-de-enfriamiento-rapido-para-uvas-enteras-con-co2-liquida\/\" \/>\n<meta property=\"og:locale\" content=\"es_ES\" \/>\n<meta property=\"og:type\" content=\"article\" \/>\n<meta property=\"og:title\" content=\"ALCRYO100 T\u00daNEL DE ENFRIAMIENTO R\u00c1PIDO PARA UVAS ENTERAS, con CO2 l\u00edquida - Impianti per la vinificazione - Siprem International Spa\" \/>\n<meta property=\"og:description\" content=\"SIPREM (2015) Compuesto por: MESA HORIZONTAL VIBRATORIA mm 3.000 x 1.000 x H 1.800; CINTA ELEVADORA mm 5.500 x 1.000 x H 2.650 \/ 3.650; CUADRO EL\u00c9CTRICO DE ATRIL con sus respectivos inversores.\" \/>\n<meta property=\"og:site_name\" content=\"Impianti per la vinificazione - Siprem International Spa\" \/>\n<meta property=\"article:modified_time\" content=\"2025-08-08T14:26:22+00:00\" \/>\n<meta property=\"og:image\" content=\"https:\/\/www.siprem.it\/wp-content\/uploads\/2023\/07\/ALCRYO100-TUNNEL-DI-RAFFREDDAMENTO-RAPIDO-UVE-INTERE.jpg\" \/>\n\t<meta property=\"og:image:width\" content=\"640\" \/>\n\t<meta property=\"og:image:height\" content=\"394\" \/>\n\t<meta property=\"og:image:type\" content=\"image\/jpeg\" \/>\n<meta name=\"twitter:card\" content=\"summary_large_image\" \/>\n<meta name=\"twitter:label1\" content=\"Tiempo de lectura\" \/>\n\t<meta name=\"twitter:data1\" content=\"1 minuto\" \/>\n<script type=\"application\/ld+json\" class=\"yoast-schema-graph\">{\"@context\":\"https:\/\/schema.org\",\"@graph\":[{\"@type\":\"WebPage\",\"@id\":\"https:\/\/www.siprem.it\/es\/prodotto\/alcryo100-tunel-de-enfriamiento-rapido-para-uvas-enteras-con-co2-liquida\/\",\"url\":\"https:\/\/www.siprem.it\/es\/prodotto\/alcryo100-tunel-de-enfriamiento-rapido-para-uvas-enteras-con-co2-liquida\/\",\"name\":\"ALCRYO100 T\u00daNEL DE ENFRIAMIENTO R\u00c1PIDO PARA UVAS ENTERAS, con CO2 l\u00edquida - Impianti per la vinificazione - Siprem International Spa\",\"isPartOf\":{\"@id\":\"https:\/\/www.siprem.it\/es\/#website\"},\"primaryImageOfPage\":{\"@id\":\"https:\/\/www.siprem.it\/es\/prodotto\/alcryo100-tunel-de-enfriamiento-rapido-para-uvas-enteras-con-co2-liquida\/#primaryimage\"},\"image\":{\"@id\":\"https:\/\/www.siprem.it\/es\/prodotto\/alcryo100-tunel-de-enfriamiento-rapido-para-uvas-enteras-con-co2-liquida\/#primaryimage\"},\"thumbnailUrl\":\"https:\/\/www.siprem.it\/wp-content\/uploads\/2023\/07\/ALCRYO100-TUNNEL-DI-RAFFREDDAMENTO-RAPIDO-UVE-INTERE.jpg\",\"datePublished\":\"2023-07-05T11:11:42+00:00\",\"dateModified\":\"2025-08-08T14:26:22+00:00\",\"breadcrumb\":{\"@id\":\"https:\/\/www.siprem.it\/es\/prodotto\/alcryo100-tunel-de-enfriamiento-rapido-para-uvas-enteras-con-co2-liquida\/#breadcrumb\"},\"inLanguage\":\"es\",\"potentialAction\":[{\"@type\":\"ReadAction\",\"target\":[\"https:\/\/www.siprem.it\/es\/prodotto\/alcryo100-tunel-de-enfriamiento-rapido-para-uvas-enteras-con-co2-liquida\/\"]}]},{\"@type\":\"ImageObject\",\"inLanguage\":\"es\",\"@id\":\"https:\/\/www.siprem.it\/es\/prodotto\/alcryo100-tunel-de-enfriamiento-rapido-para-uvas-enteras-con-co2-liquida\/#primaryimage\",\"url\":\"https:\/\/www.siprem.it\/wp-content\/uploads\/2023\/07\/ALCRYO100-TUNNEL-DI-RAFFREDDAMENTO-RAPIDO-UVE-INTERE.jpg\",\"contentUrl\":\"https:\/\/www.siprem.it\/wp-content\/uploads\/2023\/07\/ALCRYO100-TUNNEL-DI-RAFFREDDAMENTO-RAPIDO-UVE-INTERE.jpg\",\"width\":640,\"height\":394},{\"@type\":\"BreadcrumbList\",\"@id\":\"https:\/\/www.siprem.it\/es\/prodotto\/alcryo100-tunel-de-enfriamiento-rapido-para-uvas-enteras-con-co2-liquida\/#breadcrumb\",\"itemListElement\":[{\"@type\":\"ListItem\",\"position\":1,\"name\":\"Home\",\"item\":\"https:\/\/www.siprem.it\/es\/\"},{\"@type\":\"ListItem\",\"position\":2,\"name\":\"Productos\",\"item\":\"https:\/\/www.siprem.it\/es\/shop\/\"},{\"@type\":\"ListItem\",\"position\":3,\"name\":\"ALCRYO100 T\u00daNEL DE ENFRIAMIENTO R\u00c1PIDO PARA UVAS ENTERAS, con CO2 l\u00edquida\"}]},{\"@type\":\"WebSite\",\"@id\":\"https:\/\/www.siprem.it\/es\/#website\",\"url\":\"https:\/\/www.siprem.it\/es\/\",\"name\":\"Impianti per la vinificazione - Siprem International Spa\",\"description\":\"Pressatura Soffice per vini di qualit\u00e0\",\"publisher\":{\"@id\":\"https:\/\/www.siprem.it\/es\/#organization\"},\"potentialAction\":[{\"@type\":\"SearchAction\",\"target\":{\"@type\":\"EntryPoint\",\"urlTemplate\":\"https:\/\/www.siprem.it\/es\/?s={search_term_string}\"},\"query-input\":\"required name=search_term_string\"}],\"inLanguage\":\"es\"},{\"@type\":\"Organization\",\"@id\":\"https:\/\/www.siprem.it\/es\/#organization\",\"name\":\"Impianti per la vinificazione - Siprem International Spa\",\"url\":\"https:\/\/www.siprem.it\/es\/\",\"logo\":{\"@type\":\"ImageObject\",\"inLanguage\":\"es\",\"@id\":\"https:\/\/www.siprem.it\/es\/#\/schema\/logo\/image\/\",\"url\":\"https:\/\/www.siprem.it\/wp-content\/uploads\/2023\/03\/LOGO_BACKEND2.png\",\"contentUrl\":\"https:\/\/www.siprem.it\/wp-content\/uploads\/2023\/03\/LOGO_BACKEND2.png\",\"width\":381,\"height\":167,\"caption\":\"Impianti per la vinificazione - Siprem International Spa\"},\"image\":{\"@id\":\"https:\/\/www.siprem.it\/es\/#\/schema\/logo\/image\/\"},\"sameAs\":[\"https:\/\/www.youtube.com\/channel\/UCw84hI8aGt0-S-05oMK1Z2g\",\"https:\/\/www.linkedin.com\/company\/siprem-international-s.p.a\/\"]}]}<\/script>\n<!-- \/ Yoast SEO plugin. -->","yoast_head_json":{"title":"ALCRYO100 T\u00daNEL DE ENFRIAMIENTO R\u00c1PIDO PARA UVAS ENTERAS, con CO2 l\u00edquida - Impianti per la vinificazione - Siprem International Spa","robots":{"index":"index","follow":"follow","max-snippet":"max-snippet:-1","max-image-preview":"max-image-preview:large","max-video-preview":"max-video-preview:-1"},"canonical":"https:\/\/www.siprem.it\/es\/prodotto\/alcryo100-tunel-de-enfriamiento-rapido-para-uvas-enteras-con-co2-liquida\/","og_locale":"es_ES","og_type":"article","og_title":"ALCRYO100 T\u00daNEL DE ENFRIAMIENTO R\u00c1PIDO PARA UVAS ENTERAS, con CO2 l\u00edquida - Impianti per la vinificazione - Siprem International Spa","og_description":"SIPREM (2015) Compuesto por: MESA HORIZONTAL VIBRATORIA mm 3.000 x 1.000 x H 1.800; CINTA ELEVADORA mm 5.500 x 1.000 x H 2.650 \/ 3.650; CUADRO EL\u00c9CTRICO DE ATRIL con sus respectivos inversores.","og_site_name":"Impianti per la vinificazione - Siprem International Spa","article_modified_time":"2025-08-08T14:26:22+00:00","og_image":[{"width":640,"height":394,"url":"https:\/\/www.siprem.it\/wp-content\/uploads\/2023\/07\/ALCRYO100-TUNNEL-DI-RAFFREDDAMENTO-RAPIDO-UVE-INTERE.jpg","type":"image\/jpeg"}],"twitter_card":"summary_large_image","twitter_misc":{"Tiempo de lectura":"1 minuto"},"schema":{"@context":"https:\/\/schema.org","@graph":[{"@type":"WebPage","@id":"https:\/\/www.siprem.it\/es\/prodotto\/alcryo100-tunel-de-enfriamiento-rapido-para-uvas-enteras-con-co2-liquida\/","url":"https:\/\/www.siprem.it\/es\/prodotto\/alcryo100-tunel-de-enfriamiento-rapido-para-uvas-enteras-con-co2-liquida\/","name":"ALCRYO100 T\u00daNEL DE ENFRIAMIENTO R\u00c1PIDO PARA UVAS ENTERAS, con CO2 l\u00edquida - Impianti per la vinificazione - Siprem International Spa","isPartOf":{"@id":"https:\/\/www.siprem.it\/es\/#website"},"primaryImageOfPage":{"@id":"https:\/\/www.siprem.it\/es\/prodotto\/alcryo100-tunel-de-enfriamiento-rapido-para-uvas-enteras-con-co2-liquida\/#primaryimage"},"image":{"@id":"https:\/\/www.siprem.it\/es\/prodotto\/alcryo100-tunel-de-enfriamiento-rapido-para-uvas-enteras-con-co2-liquida\/#primaryimage"},"thumbnailUrl":"https:\/\/www.siprem.it\/wp-content\/uploads\/2023\/07\/ALCRYO100-TUNNEL-DI-RAFFREDDAMENTO-RAPIDO-UVE-INTERE.jpg","datePublished":"2023-07-05T11:11:42+00:00","dateModified":"2025-08-08T14:26:22+00:00","breadcrumb":{"@id":"https:\/\/www.siprem.it\/es\/prodotto\/alcryo100-tunel-de-enfriamiento-rapido-para-uvas-enteras-con-co2-liquida\/#breadcrumb"},"inLanguage":"es","potentialAction":[{"@type":"ReadAction","target":["https:\/\/www.siprem.it\/es\/prodotto\/alcryo100-tunel-de-enfriamiento-rapido-para-uvas-enteras-con-co2-liquida\/"]}]},{"@type":"ImageObject","inLanguage":"es","@id":"https:\/\/www.siprem.it\/es\/prodotto\/alcryo100-tunel-de-enfriamiento-rapido-para-uvas-enteras-con-co2-liquida\/#primaryimage","url":"https:\/\/www.siprem.it\/wp-content\/uploads\/2023\/07\/ALCRYO100-TUNNEL-DI-RAFFREDDAMENTO-RAPIDO-UVE-INTERE.jpg","contentUrl":"https:\/\/www.siprem.it\/wp-content\/uploads\/2023\/07\/ALCRYO100-TUNNEL-DI-RAFFREDDAMENTO-RAPIDO-UVE-INTERE.jpg","width":640,"height":394},{"@type":"BreadcrumbList","@id":"https:\/\/www.siprem.it\/es\/prodotto\/alcryo100-tunel-de-enfriamiento-rapido-para-uvas-enteras-con-co2-liquida\/#breadcrumb","itemListElement":[{"@type":"ListItem","position":1,"name":"Home","item":"https:\/\/www.siprem.it\/es\/"},{"@type":"ListItem","position":2,"name":"Productos","item":"https:\/\/www.siprem.it\/es\/shop\/"},{"@type":"ListItem","position":3,"name":"ALCRYO100 T\u00daNEL DE ENFRIAMIENTO R\u00c1PIDO PARA UVAS ENTERAS, con CO2 l\u00edquida"}]},{"@type":"WebSite","@id":"https:\/\/www.siprem.it\/es\/#website","url":"https:\/\/www.siprem.it\/es\/","name":"Impianti per la vinificazione - Siprem International Spa","description":"Pressatura Soffice per vini di qualit\u00e0","publisher":{"@id":"https:\/\/www.siprem.it\/es\/#organization"},"potentialAction":[{"@type":"SearchAction","target":{"@type":"EntryPoint","urlTemplate":"https:\/\/www.siprem.it\/es\/?s={search_term_string}"},"query-input":"required name=search_term_string"}],"inLanguage":"es"},{"@type":"Organization","@id":"https:\/\/www.siprem.it\/es\/#organization","name":"Impianti per la vinificazione - Siprem International Spa","url":"https:\/\/www.siprem.it\/es\/","logo":{"@type":"ImageObject","inLanguage":"es","@id":"https:\/\/www.siprem.it\/es\/#\/schema\/logo\/image\/","url":"https:\/\/www.siprem.it\/wp-content\/uploads\/2023\/03\/LOGO_BACKEND2.png","contentUrl":"https:\/\/www.siprem.it\/wp-content\/uploads\/2023\/03\/LOGO_BACKEND2.png","width":381,"height":167,"caption":"Impianti per la vinificazione - Siprem International Spa"},"image":{"@id":"https:\/\/www.siprem.it\/es\/#\/schema\/logo\/image\/"},"sameAs":["https:\/\/www.youtube.com\/channel\/UCw84hI8aGt0-S-05oMK1Z2g","https:\/\/www.linkedin.com\/company\/siprem-international-s.p.a\/"]}]}},"_links":{"self":[{"href":"https:\/\/www.siprem.it\/es\/wp-json\/wp\/v2\/product\/6455","targetHints":{"allow":["GET"]}}],"collection":[{"href":"https:\/\/www.siprem.it\/es\/wp-json\/wp\/v2\/product"}],"about":[{"href":"https:\/\/www.siprem.it\/es\/wp-json\/wp\/v2\/types\/product"}],"wp:featuredmedia":[{"embeddable":true,"href":"https:\/\/www.siprem.it\/es\/wp-json\/wp\/v2\/media\/2695"}],"wp:attachment":[{"href":"https:\/\/www.siprem.it\/es\/wp-json\/wp\/v2\/media?parent=6455"}],"wp:term":[{"taxonomy":"product_cat","embeddable":true,"href":"https:\/\/www.siprem.it\/es\/wp-json\/wp\/v2\/product_cat?post=6455"},{"taxonomy":"product_tag","embeddable":true,"href":"https:\/\/www.siprem.it\/es\/wp-json\/wp\/v2\/product_tag?post=6455"}],"curies":[{"name":"wp","href":"https:\/\/api.w.org\/{rel}","templated":true}]}}