{"id":6415,"date":"2023-07-05T13:11:42","date_gmt":"2023-07-05T11:11:42","guid":{"rendered":"https:\/\/www.siprem.it\/?post_type=product&#038;p=6415"},"modified":"2025-08-08T15:17:34","modified_gmt":"2025-08-08T13:17:34","slug":"linea-de-escurrido-prensado-o-780800-reacondicionada","status":"publish","type":"product","link":"https:\/\/www.siprem.it\/es\/prodotto\/linea-de-escurrido-prensado-o-780800-reacondicionada\/","title":{"rendered":"L\u00cdNEA DE ESCURRIDO-PRENSADO \u00d8 780+800 (reacondicionada)"},"content":{"rendered":"<p data-start=\"35\" data-end=\"83\"><strong data-start=\"35\" data-end=\"81\">L\u00cdNEA DE ESCURRIDO-PRENSADO COMPUESTA POR:<\/strong><\/p>\n<p data-start=\"85\" data-end=\"103\"><strong data-start=\"85\" data-end=\"101\">Prensa \u00d8 800<\/strong><\/p>\n<ul data-start=\"104\" data-end=\"366\">\n<li data-start=\"104\" data-end=\"116\">\n<p data-start=\"106\" data-end=\"116\">Mec\u00e1nica<\/p>\n<\/li>\n<li data-start=\"117\" data-end=\"154\">\n<p data-start=\"119\" data-end=\"154\">Transmisi\u00f3n con variador y correa<\/p>\n<\/li>\n<li data-start=\"155\" data-end=\"195\">\n<p data-start=\"157\" data-end=\"195\">Jaula estrellada en acero inoxidable<\/p>\n<\/li>\n<li data-start=\"196\" data-end=\"245\">\n<p data-start=\"198\" data-end=\"245\">Jaula de fondo y listones en acero inoxidable<\/p>\n<\/li>\n<li data-start=\"246\" data-end=\"264\">\n<p data-start=\"248\" data-end=\"264\">Aros de hierro<\/p>\n<\/li>\n<li data-start=\"265\" data-end=\"295\">\n<p data-start=\"267\" data-end=\"295\">Sinf\u00edn en acero inoxidable<\/p>\n<\/li>\n<li data-start=\"296\" data-end=\"323\">\n<p data-start=\"298\" data-end=\"323\">Cruz de Malta en bronce<\/p>\n<\/li>\n<li data-start=\"324\" data-end=\"366\">\n<p data-start=\"326\" data-end=\"366\">Carenados y tolvas en acero inoxidable<\/p>\n<\/li>\n<\/ul>\n<p data-start=\"368\" data-end=\"390\"><strong data-start=\"368\" data-end=\"388\">Escurridor \u00d8 780<\/strong><\/p>\n<ul data-start=\"391\" data-end=\"552\" data-is-last-node=\"\" data-is-only-node=\"\">\n<li data-start=\"391\" data-end=\"410\">\n<p data-start=\"393\" data-end=\"410\">Sinf\u00edn en acero<\/p>\n<\/li>\n<li data-start=\"411\" data-end=\"453\">\n<p data-start=\"413\" data-end=\"453\">Carenados y tolvas en acero inoxidable<\/p>\n<\/li>\n<li data-start=\"454\" data-end=\"488\">\n<p data-start=\"456\" data-end=\"488\">Perforados en acero inoxidable<\/p>\n<\/li>\n<li data-start=\"489\" data-end=\"515\">\n<p data-start=\"491\" data-end=\"515\">Cuadro el\u00e9ctrico nuevo<\/p>\n<\/li>\n<li data-start=\"516\" data-end=\"552\" data-is-last-node=\"\">\n<p data-start=\"518\" data-end=\"552\" data-is-last-node=\"\">L\u00ednea revisada y reacondicionada<\/p>\n<\/li>\n<\/ul>\n","protected":false},"excerpt":{"rendered":"<p>L\u00cdNEA DE ESCURRIDO-PRENSADO COMPUESTA POR: Prensa \u00d8 800 Mec\u00e1nica Transmisi\u00f3n con variador y correa Jaula estrellada en acero inoxidable Jaula de fondo y listones en acero inoxidable Aros de hierro Sinf\u00edn en acero inoxidable Cruz de Malta en bronce Carenados y tolvas en acero inoxidable Escurridor \u00d8 780 Sinf\u00edn en acero Carenados y tolvas en [&hellip;]<\/p>\n","protected":false},"featured_media":2781,"template":"","meta":{"_acf_changed":false,"_et_pb_use_builder":"","_et_pb_old_content":"","_et_gb_content_width":""},"product_cat":[90],"product_tag":[],"class_list":{"0":"post-6415","1":"product","2":"type-product","3":"status-publish","4":"has-post-thumbnail","6":"product_cat-usado","8":"first","9":"instock","10":"product-type-simple"},"acf":[],"yoast_head":"<!-- This site is optimized with the Yoast SEO plugin v22.4 - https:\/\/yoast.com\/wordpress\/plugins\/seo\/ -->\n<title>L\u00cdNEA DE ESCURRIDO-PRENSADO \u00d8 780+800 (reacondicionada) - Impianti per la vinificazione - Siprem International Spa<\/title>\n<meta name=\"robots\" content=\"index, follow, max-snippet:-1, max-image-preview:large, max-video-preview:-1\" \/>\n<link rel=\"canonical\" href=\"https:\/\/www.siprem.it\/es\/prodotto\/linea-de-escurrido-prensado-o-780800-reacondicionada\/\" \/>\n<meta property=\"og:locale\" content=\"es_ES\" \/>\n<meta property=\"og:type\" content=\"article\" \/>\n<meta property=\"og:title\" content=\"L\u00cdNEA DE ESCURRIDO-PRENSADO \u00d8 780+800 (reacondicionada) - Impianti per la vinificazione - Siprem International Spa\" \/>\n<meta property=\"og:description\" content=\"L\u00cdNEA DE ESCURRIDO-PRENSADO COMPUESTA POR: Prensa \u00d8 800 Mec\u00e1nica Transmisi\u00f3n con variador y correa Jaula estrellada en acero inoxidable Jaula de fondo y listones en acero inoxidable Aros de hierro Sinf\u00edn en acero inoxidable Cruz de Malta en bronce Carenados y tolvas en acero inoxidable Escurridor \u00d8 780 Sinf\u00edn en acero Carenados y tolvas en [&hellip;]\" \/>\n<meta property=\"og:site_name\" content=\"Impianti per la vinificazione - Siprem International Spa\" \/>\n<meta property=\"article:modified_time\" content=\"2025-08-08T13:17:34+00:00\" \/>\n<meta property=\"og:image\" content=\"https:\/\/www.siprem.it\/wp-content\/uploads\/2023\/03\/LOGO_BACKEND2.png\" \/>\n\t<meta property=\"og:image:width\" content=\"381\" \/>\n\t<meta property=\"og:image:height\" content=\"167\" \/>\n\t<meta property=\"og:image:type\" content=\"image\/png\" \/>\n<meta name=\"twitter:card\" content=\"summary_large_image\" \/>\n<meta name=\"twitter:label1\" content=\"Tiempo de lectura\" \/>\n\t<meta name=\"twitter:data1\" content=\"1 minuto\" \/>\n<script type=\"application\/ld+json\" class=\"yoast-schema-graph\">{\"@context\":\"https:\/\/schema.org\",\"@graph\":[{\"@type\":\"WebPage\",\"@id\":\"https:\/\/www.siprem.it\/es\/prodotto\/linea-de-escurrido-prensado-o-780800-reacondicionada\/\",\"url\":\"https:\/\/www.siprem.it\/es\/prodotto\/linea-de-escurrido-prensado-o-780800-reacondicionada\/\",\"name\":\"L\u00cdNEA DE ESCURRIDO-PRENSADO \u00d8 780+800 (reacondicionada) - Impianti per la vinificazione - Siprem International Spa\",\"isPartOf\":{\"@id\":\"https:\/\/www.siprem.it\/es\/#website\"},\"primaryImageOfPage\":{\"@id\":\"https:\/\/www.siprem.it\/es\/prodotto\/linea-de-escurrido-prensado-o-780800-reacondicionada\/#primaryimage\"},\"image\":{\"@id\":\"https:\/\/www.siprem.it\/es\/prodotto\/linea-de-escurrido-prensado-o-780800-reacondicionada\/#primaryimage\"},\"thumbnailUrl\":\"https:\/\/www.siprem.it\/wp-content\/uploads\/2023\/07\/siprem-thumbnail.jpg\",\"datePublished\":\"2023-07-05T11:11:42+00:00\",\"dateModified\":\"2025-08-08T13:17:34+00:00\",\"breadcrumb\":{\"@id\":\"https:\/\/www.siprem.it\/es\/prodotto\/linea-de-escurrido-prensado-o-780800-reacondicionada\/#breadcrumb\"},\"inLanguage\":\"es\",\"potentialAction\":[{\"@type\":\"ReadAction\",\"target\":[\"https:\/\/www.siprem.it\/es\/prodotto\/linea-de-escurrido-prensado-o-780800-reacondicionada\/\"]}]},{\"@type\":\"ImageObject\",\"inLanguage\":\"es\",\"@id\":\"https:\/\/www.siprem.it\/es\/prodotto\/linea-de-escurrido-prensado-o-780800-reacondicionada\/#primaryimage\",\"url\":\"https:\/\/www.siprem.it\/wp-content\/uploads\/2023\/07\/siprem-thumbnail.jpg\",\"contentUrl\":\"https:\/\/www.siprem.it\/wp-content\/uploads\/2023\/07\/siprem-thumbnail.jpg\",\"width\":1920,\"height\":1080},{\"@type\":\"BreadcrumbList\",\"@id\":\"https:\/\/www.siprem.it\/es\/prodotto\/linea-de-escurrido-prensado-o-780800-reacondicionada\/#breadcrumb\",\"itemListElement\":[{\"@type\":\"ListItem\",\"position\":1,\"name\":\"Home\",\"item\":\"https:\/\/www.siprem.it\/es\/\"},{\"@type\":\"ListItem\",\"position\":2,\"name\":\"Productos\",\"item\":\"https:\/\/www.siprem.it\/es\/shop\/\"},{\"@type\":\"ListItem\",\"position\":3,\"name\":\"L\u00cdNEA DE ESCURRIDO-PRENSADO \u00d8 780+800 (reacondicionada)\"}]},{\"@type\":\"WebSite\",\"@id\":\"https:\/\/www.siprem.it\/es\/#website\",\"url\":\"https:\/\/www.siprem.it\/es\/\",\"name\":\"Impianti per la vinificazione - Siprem International Spa\",\"description\":\"Pressatura Soffice per vini di qualit\u00e0\",\"publisher\":{\"@id\":\"https:\/\/www.siprem.it\/es\/#organization\"},\"potentialAction\":[{\"@type\":\"SearchAction\",\"target\":{\"@type\":\"EntryPoint\",\"urlTemplate\":\"https:\/\/www.siprem.it\/es\/?s={search_term_string}\"},\"query-input\":\"required name=search_term_string\"}],\"inLanguage\":\"es\"},{\"@type\":\"Organization\",\"@id\":\"https:\/\/www.siprem.it\/es\/#organization\",\"name\":\"Impianti per la vinificazione - Siprem International Spa\",\"url\":\"https:\/\/www.siprem.it\/es\/\",\"logo\":{\"@type\":\"ImageObject\",\"inLanguage\":\"es\",\"@id\":\"https:\/\/www.siprem.it\/es\/#\/schema\/logo\/image\/\",\"url\":\"https:\/\/www.siprem.it\/wp-content\/uploads\/2023\/03\/LOGO_BACKEND2.png\",\"contentUrl\":\"https:\/\/www.siprem.it\/wp-content\/uploads\/2023\/03\/LOGO_BACKEND2.png\",\"width\":381,\"height\":167,\"caption\":\"Impianti per la vinificazione - Siprem International Spa\"},\"image\":{\"@id\":\"https:\/\/www.siprem.it\/es\/#\/schema\/logo\/image\/\"},\"sameAs\":[\"https:\/\/www.youtube.com\/channel\/UCw84hI8aGt0-S-05oMK1Z2g\",\"https:\/\/www.linkedin.com\/company\/siprem-international-s.p.a\/\"]}]}<\/script>\n<!-- \/ Yoast SEO plugin. -->","yoast_head_json":{"title":"L\u00cdNEA DE ESCURRIDO-PRENSADO \u00d8 780+800 (reacondicionada) - Impianti per la vinificazione - Siprem International Spa","robots":{"index":"index","follow":"follow","max-snippet":"max-snippet:-1","max-image-preview":"max-image-preview:large","max-video-preview":"max-video-preview:-1"},"canonical":"https:\/\/www.siprem.it\/es\/prodotto\/linea-de-escurrido-prensado-o-780800-reacondicionada\/","og_locale":"es_ES","og_type":"article","og_title":"L\u00cdNEA DE ESCURRIDO-PRENSADO \u00d8 780+800 (reacondicionada) - Impianti per la vinificazione - Siprem International Spa","og_description":"L\u00cdNEA DE ESCURRIDO-PRENSADO COMPUESTA POR: Prensa \u00d8 800 Mec\u00e1nica Transmisi\u00f3n con variador y correa Jaula estrellada en acero inoxidable Jaula de fondo y listones en acero inoxidable Aros de hierro Sinf\u00edn en acero inoxidable Cruz de Malta en bronce Carenados y tolvas en acero inoxidable Escurridor \u00d8 780 Sinf\u00edn en acero Carenados y tolvas en [&hellip;]","og_site_name":"Impianti per la vinificazione - Siprem International Spa","article_modified_time":"2025-08-08T13:17:34+00:00","og_image":[{"width":381,"height":167,"url":"https:\/\/www.siprem.it\/wp-content\/uploads\/2023\/03\/LOGO_BACKEND2.png","type":"image\/png"}],"twitter_card":"summary_large_image","twitter_misc":{"Tiempo de lectura":"1 minuto"},"schema":{"@context":"https:\/\/schema.org","@graph":[{"@type":"WebPage","@id":"https:\/\/www.siprem.it\/es\/prodotto\/linea-de-escurrido-prensado-o-780800-reacondicionada\/","url":"https:\/\/www.siprem.it\/es\/prodotto\/linea-de-escurrido-prensado-o-780800-reacondicionada\/","name":"L\u00cdNEA DE ESCURRIDO-PRENSADO \u00d8 780+800 (reacondicionada) - Impianti per la vinificazione - Siprem International Spa","isPartOf":{"@id":"https:\/\/www.siprem.it\/es\/#website"},"primaryImageOfPage":{"@id":"https:\/\/www.siprem.it\/es\/prodotto\/linea-de-escurrido-prensado-o-780800-reacondicionada\/#primaryimage"},"image":{"@id":"https:\/\/www.siprem.it\/es\/prodotto\/linea-de-escurrido-prensado-o-780800-reacondicionada\/#primaryimage"},"thumbnailUrl":"https:\/\/www.siprem.it\/wp-content\/uploads\/2023\/07\/siprem-thumbnail.jpg","datePublished":"2023-07-05T11:11:42+00:00","dateModified":"2025-08-08T13:17:34+00:00","breadcrumb":{"@id":"https:\/\/www.siprem.it\/es\/prodotto\/linea-de-escurrido-prensado-o-780800-reacondicionada\/#breadcrumb"},"inLanguage":"es","potentialAction":[{"@type":"ReadAction","target":["https:\/\/www.siprem.it\/es\/prodotto\/linea-de-escurrido-prensado-o-780800-reacondicionada\/"]}]},{"@type":"ImageObject","inLanguage":"es","@id":"https:\/\/www.siprem.it\/es\/prodotto\/linea-de-escurrido-prensado-o-780800-reacondicionada\/#primaryimage","url":"https:\/\/www.siprem.it\/wp-content\/uploads\/2023\/07\/siprem-thumbnail.jpg","contentUrl":"https:\/\/www.siprem.it\/wp-content\/uploads\/2023\/07\/siprem-thumbnail.jpg","width":1920,"height":1080},{"@type":"BreadcrumbList","@id":"https:\/\/www.siprem.it\/es\/prodotto\/linea-de-escurrido-prensado-o-780800-reacondicionada\/#breadcrumb","itemListElement":[{"@type":"ListItem","position":1,"name":"Home","item":"https:\/\/www.siprem.it\/es\/"},{"@type":"ListItem","position":2,"name":"Productos","item":"https:\/\/www.siprem.it\/es\/shop\/"},{"@type":"ListItem","position":3,"name":"L\u00cdNEA DE ESCURRIDO-PRENSADO \u00d8 780+800 (reacondicionada)"}]},{"@type":"WebSite","@id":"https:\/\/www.siprem.it\/es\/#website","url":"https:\/\/www.siprem.it\/es\/","name":"Impianti per la vinificazione - Siprem International Spa","description":"Pressatura Soffice per vini di qualit\u00e0","publisher":{"@id":"https:\/\/www.siprem.it\/es\/#organization"},"potentialAction":[{"@type":"SearchAction","target":{"@type":"EntryPoint","urlTemplate":"https:\/\/www.siprem.it\/es\/?s={search_term_string}"},"query-input":"required name=search_term_string"}],"inLanguage":"es"},{"@type":"Organization","@id":"https:\/\/www.siprem.it\/es\/#organization","name":"Impianti per la vinificazione - Siprem International Spa","url":"https:\/\/www.siprem.it\/es\/","logo":{"@type":"ImageObject","inLanguage":"es","@id":"https:\/\/www.siprem.it\/es\/#\/schema\/logo\/image\/","url":"https:\/\/www.siprem.it\/wp-content\/uploads\/2023\/03\/LOGO_BACKEND2.png","contentUrl":"https:\/\/www.siprem.it\/wp-content\/uploads\/2023\/03\/LOGO_BACKEND2.png","width":381,"height":167,"caption":"Impianti per la vinificazione - Siprem International Spa"},"image":{"@id":"https:\/\/www.siprem.it\/es\/#\/schema\/logo\/image\/"},"sameAs":["https:\/\/www.youtube.com\/channel\/UCw84hI8aGt0-S-05oMK1Z2g","https:\/\/www.linkedin.com\/company\/siprem-international-s.p.a\/"]}]}},"_links":{"self":[{"href":"https:\/\/www.siprem.it\/es\/wp-json\/wp\/v2\/product\/6415","targetHints":{"allow":["GET"]}}],"collection":[{"href":"https:\/\/www.siprem.it\/es\/wp-json\/wp\/v2\/product"}],"about":[{"href":"https:\/\/www.siprem.it\/es\/wp-json\/wp\/v2\/types\/product"}],"wp:featuredmedia":[{"embeddable":true,"href":"https:\/\/www.siprem.it\/es\/wp-json\/wp\/v2\/media\/2781"}],"wp:attachment":[{"href":"https:\/\/www.siprem.it\/es\/wp-json\/wp\/v2\/media?parent=6415"}],"wp:term":[{"taxonomy":"product_cat","embeddable":true,"href":"https:\/\/www.siprem.it\/es\/wp-json\/wp\/v2\/product_cat?post=6415"},{"taxonomy":"product_tag","embeddable":true,"href":"https:\/\/www.siprem.it\/es\/wp-json\/wp\/v2\/product_tag?post=6415"}],"curies":[{"name":"wp","href":"https:\/\/api.w.org\/{rel}","templated":true}]}}