{"id":2657,"date":"2023-07-05T13:11:42","date_gmt":"2023-07-05T11:11:42","guid":{"rendered":"https:\/\/www.siprem.it\/prodotto\/itpigiadiraspatrice-semicentrifuga-mod-hobbyensemicentrifugal-crusher-destemmer-mod-hobbyesdespalilladora-semicentrifuga-destemador-mod-hobby\/"},"modified":"2023-07-10T09:26:53","modified_gmt":"2023-07-10T07:26:53","slug":"despalilladora-semicentrifuga-destemador-mod-hobby","status":"publish","type":"product","link":"https:\/\/www.siprem.it\/es\/prodotto\/despalilladora-semicentrifuga-destemador-mod-hobby\/","title":{"rendered":"DESPALILLADORA SEMICENTR\u00cdFUGA DESTEMADOR MOD.HOBBY"},"content":{"rendered":"<p>Completo con bomba de paletas para transferencia (di\u00e1metro de tuber\u00eda \u00d8 50 mm)<br \/>\nEstructura de hierro pintado con rejilla y bomba de acero inoxidable<br \/>\nPantalla U fija<br \/>\nMaquina abridora con parrilla removible<br \/>\nProductividad 2-3 toneladas \/ hora<\/p>\n","protected":false},"excerpt":{"rendered":"<p>Spagni<\/p>\n","protected":false},"featured_media":2723,"template":"","meta":{"_acf_changed":false,"_et_pb_use_builder":"","_et_pb_old_content":"","_et_gb_content_width":""},"product_cat":[90],"product_tag":[],"class_list":{"0":"post-2657","1":"product","2":"type-product","3":"status-publish","4":"has-post-thumbnail","6":"product_cat-usado","8":"first","9":"instock","10":"product-type-simple"},"acf":[],"yoast_head":"<!-- This site is optimized with the Yoast SEO plugin v22.4 - https:\/\/yoast.com\/wordpress\/plugins\/seo\/ -->\n<title>DESPALILLADORA SEMICENTR\u00cdFUGA DESTEMADOR MOD.HOBBY - Impianti per la vinificazione - Siprem International Spa<\/title>\n<meta name=\"robots\" content=\"index, follow, max-snippet:-1, max-image-preview:large, max-video-preview:-1\" \/>\n<link rel=\"canonical\" href=\"https:\/\/www.siprem.it\/es\/prodotto\/despalilladora-semicentrifuga-destemador-mod-hobby\/\" \/>\n<meta property=\"og:locale\" content=\"es_ES\" \/>\n<meta property=\"og:type\" content=\"article\" \/>\n<meta property=\"og:title\" content=\"DESPALILLADORA SEMICENTR\u00cdFUGA DESTEMADOR MOD.HOBBY - Impianti per la vinificazione - Siprem International Spa\" \/>\n<meta property=\"og:description\" content=\"Spagni\" \/>\n<meta property=\"og:site_name\" content=\"Impianti per la vinificazione - Siprem International Spa\" \/>\n<meta property=\"article:modified_time\" content=\"2023-07-10T07:26:53+00:00\" \/>\n<meta property=\"og:image\" content=\"https:\/\/www.siprem.it\/wp-content\/uploads\/2023\/07\/PIGIADIRASPATRICE-SEMICENTRIFUGA-MOD.-HOBBY.jpg\" \/>\n\t<meta property=\"og:image:width\" content=\"550\" \/>\n\t<meta property=\"og:image:height\" content=\"530\" \/>\n\t<meta property=\"og:image:type\" content=\"image\/jpeg\" \/>\n<meta name=\"twitter:card\" content=\"summary_large_image\" \/>\n<script type=\"application\/ld+json\" class=\"yoast-schema-graph\">{\"@context\":\"https:\/\/schema.org\",\"@graph\":[{\"@type\":\"WebPage\",\"@id\":\"https:\/\/www.siprem.it\/es\/prodotto\/despalilladora-semicentrifuga-destemador-mod-hobby\/\",\"url\":\"https:\/\/www.siprem.it\/es\/prodotto\/despalilladora-semicentrifuga-destemador-mod-hobby\/\",\"name\":\"DESPALILLADORA SEMICENTR\u00cdFUGA DESTEMADOR MOD.HOBBY - Impianti per la vinificazione - Siprem International Spa\",\"isPartOf\":{\"@id\":\"https:\/\/www.siprem.it\/es\/#website\"},\"primaryImageOfPage\":{\"@id\":\"https:\/\/www.siprem.it\/es\/prodotto\/despalilladora-semicentrifuga-destemador-mod-hobby\/#primaryimage\"},\"image\":{\"@id\":\"https:\/\/www.siprem.it\/es\/prodotto\/despalilladora-semicentrifuga-destemador-mod-hobby\/#primaryimage\"},\"thumbnailUrl\":\"https:\/\/www.siprem.it\/wp-content\/uploads\/2023\/07\/PIGIADIRASPATRICE-SEMICENTRIFUGA-MOD.-HOBBY.jpg\",\"datePublished\":\"2023-07-05T11:11:42+00:00\",\"dateModified\":\"2023-07-10T07:26:53+00:00\",\"breadcrumb\":{\"@id\":\"https:\/\/www.siprem.it\/es\/prodotto\/despalilladora-semicentrifuga-destemador-mod-hobby\/#breadcrumb\"},\"inLanguage\":\"es\",\"potentialAction\":[{\"@type\":\"ReadAction\",\"target\":[\"https:\/\/www.siprem.it\/es\/prodotto\/despalilladora-semicentrifuga-destemador-mod-hobby\/\"]}]},{\"@type\":\"ImageObject\",\"inLanguage\":\"es\",\"@id\":\"https:\/\/www.siprem.it\/es\/prodotto\/despalilladora-semicentrifuga-destemador-mod-hobby\/#primaryimage\",\"url\":\"https:\/\/www.siprem.it\/wp-content\/uploads\/2023\/07\/PIGIADIRASPATRICE-SEMICENTRIFUGA-MOD.-HOBBY.jpg\",\"contentUrl\":\"https:\/\/www.siprem.it\/wp-content\/uploads\/2023\/07\/PIGIADIRASPATRICE-SEMICENTRIFUGA-MOD.-HOBBY.jpg\",\"width\":550,\"height\":530},{\"@type\":\"BreadcrumbList\",\"@id\":\"https:\/\/www.siprem.it\/es\/prodotto\/despalilladora-semicentrifuga-destemador-mod-hobby\/#breadcrumb\",\"itemListElement\":[{\"@type\":\"ListItem\",\"position\":1,\"name\":\"Home\",\"item\":\"https:\/\/www.siprem.it\/es\/\"},{\"@type\":\"ListItem\",\"position\":2,\"name\":\"Productos\",\"item\":\"https:\/\/www.siprem.it\/es\/shop\/\"},{\"@type\":\"ListItem\",\"position\":3,\"name\":\"DESPALILLADORA SEMICENTR\u00cdFUGA DESTEMADOR MOD.HOBBY\"}]},{\"@type\":\"WebSite\",\"@id\":\"https:\/\/www.siprem.it\/es\/#website\",\"url\":\"https:\/\/www.siprem.it\/es\/\",\"name\":\"Impianti per la vinificazione - Siprem International Spa\",\"description\":\"Pressatura Soffice per vini di qualit\u00e0\",\"publisher\":{\"@id\":\"https:\/\/www.siprem.it\/es\/#organization\"},\"potentialAction\":[{\"@type\":\"SearchAction\",\"target\":{\"@type\":\"EntryPoint\",\"urlTemplate\":\"https:\/\/www.siprem.it\/es\/?s={search_term_string}\"},\"query-input\":\"required name=search_term_string\"}],\"inLanguage\":\"es\"},{\"@type\":\"Organization\",\"@id\":\"https:\/\/www.siprem.it\/es\/#organization\",\"name\":\"Impianti per la vinificazione - Siprem International Spa\",\"url\":\"https:\/\/www.siprem.it\/es\/\",\"logo\":{\"@type\":\"ImageObject\",\"inLanguage\":\"es\",\"@id\":\"https:\/\/www.siprem.it\/es\/#\/schema\/logo\/image\/\",\"url\":\"https:\/\/www.siprem.it\/wp-content\/uploads\/2023\/03\/LOGO_BACKEND2.png\",\"contentUrl\":\"https:\/\/www.siprem.it\/wp-content\/uploads\/2023\/03\/LOGO_BACKEND2.png\",\"width\":381,\"height\":167,\"caption\":\"Impianti per la vinificazione - Siprem International Spa\"},\"image\":{\"@id\":\"https:\/\/www.siprem.it\/es\/#\/schema\/logo\/image\/\"},\"sameAs\":[\"https:\/\/www.youtube.com\/channel\/UCw84hI8aGt0-S-05oMK1Z2g\",\"https:\/\/www.linkedin.com\/company\/siprem-international-s.p.a\/\"]}]}<\/script>\n<!-- \/ Yoast SEO plugin. -->","yoast_head_json":{"title":"DESPALILLADORA SEMICENTR\u00cdFUGA DESTEMADOR MOD.HOBBY - Impianti per la vinificazione - Siprem International Spa","robots":{"index":"index","follow":"follow","max-snippet":"max-snippet:-1","max-image-preview":"max-image-preview:large","max-video-preview":"max-video-preview:-1"},"canonical":"https:\/\/www.siprem.it\/es\/prodotto\/despalilladora-semicentrifuga-destemador-mod-hobby\/","og_locale":"es_ES","og_type":"article","og_title":"DESPALILLADORA SEMICENTR\u00cdFUGA DESTEMADOR MOD.HOBBY - Impianti per la vinificazione - Siprem International Spa","og_description":"Spagni","og_site_name":"Impianti per la vinificazione - Siprem International Spa","article_modified_time":"2023-07-10T07:26:53+00:00","og_image":[{"width":550,"height":530,"url":"https:\/\/www.siprem.it\/wp-content\/uploads\/2023\/07\/PIGIADIRASPATRICE-SEMICENTRIFUGA-MOD.-HOBBY.jpg","type":"image\/jpeg"}],"twitter_card":"summary_large_image","schema":{"@context":"https:\/\/schema.org","@graph":[{"@type":"WebPage","@id":"https:\/\/www.siprem.it\/es\/prodotto\/despalilladora-semicentrifuga-destemador-mod-hobby\/","url":"https:\/\/www.siprem.it\/es\/prodotto\/despalilladora-semicentrifuga-destemador-mod-hobby\/","name":"DESPALILLADORA SEMICENTR\u00cdFUGA DESTEMADOR MOD.HOBBY - Impianti per la vinificazione - Siprem International Spa","isPartOf":{"@id":"https:\/\/www.siprem.it\/es\/#website"},"primaryImageOfPage":{"@id":"https:\/\/www.siprem.it\/es\/prodotto\/despalilladora-semicentrifuga-destemador-mod-hobby\/#primaryimage"},"image":{"@id":"https:\/\/www.siprem.it\/es\/prodotto\/despalilladora-semicentrifuga-destemador-mod-hobby\/#primaryimage"},"thumbnailUrl":"https:\/\/www.siprem.it\/wp-content\/uploads\/2023\/07\/PIGIADIRASPATRICE-SEMICENTRIFUGA-MOD.-HOBBY.jpg","datePublished":"2023-07-05T11:11:42+00:00","dateModified":"2023-07-10T07:26:53+00:00","breadcrumb":{"@id":"https:\/\/www.siprem.it\/es\/prodotto\/despalilladora-semicentrifuga-destemador-mod-hobby\/#breadcrumb"},"inLanguage":"es","potentialAction":[{"@type":"ReadAction","target":["https:\/\/www.siprem.it\/es\/prodotto\/despalilladora-semicentrifuga-destemador-mod-hobby\/"]}]},{"@type":"ImageObject","inLanguage":"es","@id":"https:\/\/www.siprem.it\/es\/prodotto\/despalilladora-semicentrifuga-destemador-mod-hobby\/#primaryimage","url":"https:\/\/www.siprem.it\/wp-content\/uploads\/2023\/07\/PIGIADIRASPATRICE-SEMICENTRIFUGA-MOD.-HOBBY.jpg","contentUrl":"https:\/\/www.siprem.it\/wp-content\/uploads\/2023\/07\/PIGIADIRASPATRICE-SEMICENTRIFUGA-MOD.-HOBBY.jpg","width":550,"height":530},{"@type":"BreadcrumbList","@id":"https:\/\/www.siprem.it\/es\/prodotto\/despalilladora-semicentrifuga-destemador-mod-hobby\/#breadcrumb","itemListElement":[{"@type":"ListItem","position":1,"name":"Home","item":"https:\/\/www.siprem.it\/es\/"},{"@type":"ListItem","position":2,"name":"Productos","item":"https:\/\/www.siprem.it\/es\/shop\/"},{"@type":"ListItem","position":3,"name":"DESPALILLADORA SEMICENTR\u00cdFUGA DESTEMADOR MOD.HOBBY"}]},{"@type":"WebSite","@id":"https:\/\/www.siprem.it\/es\/#website","url":"https:\/\/www.siprem.it\/es\/","name":"Impianti per la vinificazione - Siprem International Spa","description":"Pressatura Soffice per vini di qualit\u00e0","publisher":{"@id":"https:\/\/www.siprem.it\/es\/#organization"},"potentialAction":[{"@type":"SearchAction","target":{"@type":"EntryPoint","urlTemplate":"https:\/\/www.siprem.it\/es\/?s={search_term_string}"},"query-input":"required name=search_term_string"}],"inLanguage":"es"},{"@type":"Organization","@id":"https:\/\/www.siprem.it\/es\/#organization","name":"Impianti per la vinificazione - Siprem International Spa","url":"https:\/\/www.siprem.it\/es\/","logo":{"@type":"ImageObject","inLanguage":"es","@id":"https:\/\/www.siprem.it\/es\/#\/schema\/logo\/image\/","url":"https:\/\/www.siprem.it\/wp-content\/uploads\/2023\/03\/LOGO_BACKEND2.png","contentUrl":"https:\/\/www.siprem.it\/wp-content\/uploads\/2023\/03\/LOGO_BACKEND2.png","width":381,"height":167,"caption":"Impianti per la vinificazione - Siprem International Spa"},"image":{"@id":"https:\/\/www.siprem.it\/es\/#\/schema\/logo\/image\/"},"sameAs":["https:\/\/www.youtube.com\/channel\/UCw84hI8aGt0-S-05oMK1Z2g","https:\/\/www.linkedin.com\/company\/siprem-international-s.p.a\/"]}]}},"_links":{"self":[{"href":"https:\/\/www.siprem.it\/es\/wp-json\/wp\/v2\/product\/2657","targetHints":{"allow":["GET"]}}],"collection":[{"href":"https:\/\/www.siprem.it\/es\/wp-json\/wp\/v2\/product"}],"about":[{"href":"https:\/\/www.siprem.it\/es\/wp-json\/wp\/v2\/types\/product"}],"wp:featuredmedia":[{"embeddable":true,"href":"https:\/\/www.siprem.it\/es\/wp-json\/wp\/v2\/media\/2723"}],"wp:attachment":[{"href":"https:\/\/www.siprem.it\/es\/wp-json\/wp\/v2\/media?parent=2657"}],"wp:term":[{"taxonomy":"product_cat","embeddable":true,"href":"https:\/\/www.siprem.it\/es\/wp-json\/wp\/v2\/product_cat?post=2657"},{"taxonomy":"product_tag","embeddable":true,"href":"https:\/\/www.siprem.it\/es\/wp-json\/wp\/v2\/product_tag?post=2657"}],"curies":[{"name":"wp","href":"https:\/\/api.w.org\/{rel}","templated":true}]}}