{"id":2330,"date":"2023-03-23T09:35:07","date_gmt":"2023-03-23T08:35:07","guid":{"rendered":"https:\/\/www.siprem.it\/prodotto\/presse-sottovuoto-vacuum-system\/"},"modified":"2023-08-09T12:48:24","modified_gmt":"2023-08-09T10:48:24","slug":"prensas-de-vacio-vacuum-system","status":"publish","type":"product","link":"https:\/\/www.siprem.it\/es\/prodotto\/prensas-de-vacio-vacuum-system\/","title":{"rendered":"Prensas de Vac\u00edo \u201cVacuum System\u201d"},"content":{"rendered":"<p>Unidades de la serie patentada \u2018Vacuum System\u2019 que trabajan a una presi\u00f3n relativa negativa. La tecnolog\u00eda al servicio de la calidad, para prerrogativas \u00fanicas y superiores, incomparables con los sistemas tradicionales.<\/p>\n<p>Disponibles en una vasta gama de modelos, en los tama\u00f1os peque\u00f1o, mediano y grande, con dep\u00f3sitos con capacidades que van del los 20 a los 505 hl.<\/p>\n<p>Funcionamiento gestionado completamente por el PLC de control, para un f\u00e1cil uso por parte del operador mediante el cuadro de mandos montado en la m\u00e1quina, que permite una valoraci\u00f3n instant\u00e1nea de los par\u00e1metros de trabajo y una variaci\u00f3n inmediata en funci\u00f3n de las exigencias espec\u00edficas del momento.<\/p>\n<p>Capaces de responder a cualquier orientaci\u00f3n enot\u00e9cnica gracias a la gran versatilidad de uso, las m\u00e1quinas est\u00e1n preparadas para el aprovechamiento de gases inertes (como nitr\u00f3geno, anh\u00eddrido carb\u00f3nico, arg\u00f3n) para una adecuada protecci\u00f3n higi\u00e9nico-sanitaria del producto que se redunda en un mayor incremento de los est\u00e1ndares organol\u00e9pticos que pueden obtenerse.<\/p>\n<p><a title=\"Green Technology\" href=\"https:\/\/www.siprem.it\/es\/prodotto\/prensas-de-vacio-vacuum-system\/\">Visite la p\u00e1gina green technology<\/a><\/p>\n","protected":false},"excerpt":{"rendered":"<p>Un nuevo sistema de extracci\u00f3n del mosto que act\u00faa en depresi\u00f3n, garantizando una<strong> ausencia total de ox\u00edgeno<\/strong> y exaltando, por tanto, la calidad del mosto extra\u00eddo.<\/p>\n","protected":false},"featured_media":1259,"template":"","meta":{"_acf_changed":false,"_et_pb_use_builder":"off","_et_pb_old_content":"","_et_gb_content_width":""},"product_cat":[82],"product_tag":[86],"class_list":{"0":"post-2330","1":"product","2":"type-product","3":"status-publish","4":"has-post-thumbnail","6":"product_cat-prensado","7":"product_tag-dati-es","9":"first","10":"instock","11":"shipping-taxable","12":"product-type-simple"},"acf":[],"yoast_head":"<!-- This site is optimized with the Yoast SEO plugin v22.4 - https:\/\/yoast.com\/wordpress\/plugins\/seo\/ -->\n<title>Prensas de Vac\u00edo \u201cVacuum System\u201d - Impianti per la vinificazione - Siprem International Spa<\/title>\n<meta name=\"robots\" content=\"index, follow, max-snippet:-1, max-image-preview:large, max-video-preview:-1\" \/>\n<link rel=\"canonical\" href=\"https:\/\/www.siprem.it\/es\/prodotto\/prensas-de-vacio-vacuum-system\/\" \/>\n<meta property=\"og:locale\" content=\"es_ES\" \/>\n<meta property=\"og:type\" content=\"article\" \/>\n<meta property=\"og:title\" content=\"Prensas de Vac\u00edo \u201cVacuum System\u201d - Impianti per la vinificazione - Siprem International Spa\" \/>\n<meta property=\"og:description\" content=\"Un nuevo sistema de extracci\u00f3n del mosto que act\u00faa en depresi\u00f3n, garantizando una ausencia total de ox\u00edgeno y exaltando, por tanto, la calidad del mosto extra\u00eddo.\" \/>\n<meta property=\"og:site_name\" content=\"Impianti per la vinificazione - Siprem International Spa\" \/>\n<meta property=\"article:modified_time\" content=\"2023-08-09T10:48:24+00:00\" \/>\n<meta property=\"og:image\" content=\"https:\/\/www.siprem.it\/wp-content\/uploads\/2023\/03\/siprem-pressa.png\" \/>\n\t<meta property=\"og:image:width\" content=\"1572\" \/>\n\t<meta property=\"og:image:height\" content=\"1063\" \/>\n\t<meta property=\"og:image:type\" content=\"image\/png\" \/>\n<meta name=\"twitter:card\" content=\"summary_large_image\" \/>\n<meta name=\"twitter:label1\" content=\"Tiempo de lectura\" \/>\n\t<meta name=\"twitter:data1\" content=\"1 minuto\" \/>\n<script type=\"application\/ld+json\" class=\"yoast-schema-graph\">{\"@context\":\"https:\/\/schema.org\",\"@graph\":[{\"@type\":\"WebPage\",\"@id\":\"https:\/\/www.siprem.it\/es\/prodotto\/prensas-de-vacio-vacuum-system\/\",\"url\":\"https:\/\/www.siprem.it\/es\/prodotto\/prensas-de-vacio-vacuum-system\/\",\"name\":\"Prensas de Vac\u00edo \u201cVacuum System\u201d - Impianti per la vinificazione - Siprem International Spa\",\"isPartOf\":{\"@id\":\"https:\/\/www.siprem.it\/es\/#website\"},\"primaryImageOfPage\":{\"@id\":\"https:\/\/www.siprem.it\/es\/prodotto\/prensas-de-vacio-vacuum-system\/#primaryimage\"},\"image\":{\"@id\":\"https:\/\/www.siprem.it\/es\/prodotto\/prensas-de-vacio-vacuum-system\/#primaryimage\"},\"thumbnailUrl\":\"https:\/\/www.siprem.it\/wp-content\/uploads\/2023\/03\/siprem-pressa.png\",\"datePublished\":\"2023-03-23T08:35:07+00:00\",\"dateModified\":\"2023-08-09T10:48:24+00:00\",\"breadcrumb\":{\"@id\":\"https:\/\/www.siprem.it\/es\/prodotto\/prensas-de-vacio-vacuum-system\/#breadcrumb\"},\"inLanguage\":\"es\",\"potentialAction\":[{\"@type\":\"ReadAction\",\"target\":[\"https:\/\/www.siprem.it\/es\/prodotto\/prensas-de-vacio-vacuum-system\/\"]}]},{\"@type\":\"ImageObject\",\"inLanguage\":\"es\",\"@id\":\"https:\/\/www.siprem.it\/es\/prodotto\/prensas-de-vacio-vacuum-system\/#primaryimage\",\"url\":\"https:\/\/www.siprem.it\/wp-content\/uploads\/2023\/03\/siprem-pressa.png\",\"contentUrl\":\"https:\/\/www.siprem.it\/wp-content\/uploads\/2023\/03\/siprem-pressa.png\",\"width\":1572,\"height\":1063,\"caption\":\"siprem pressa\"},{\"@type\":\"BreadcrumbList\",\"@id\":\"https:\/\/www.siprem.it\/es\/prodotto\/prensas-de-vacio-vacuum-system\/#breadcrumb\",\"itemListElement\":[{\"@type\":\"ListItem\",\"position\":1,\"name\":\"Home\",\"item\":\"https:\/\/www.siprem.it\/es\/\"},{\"@type\":\"ListItem\",\"position\":2,\"name\":\"Productos\",\"item\":\"https:\/\/www.siprem.it\/es\/shop\/\"},{\"@type\":\"ListItem\",\"position\":3,\"name\":\"Prensas de Vac\u00edo \u201cVacuum System\u201d\"}]},{\"@type\":\"WebSite\",\"@id\":\"https:\/\/www.siprem.it\/es\/#website\",\"url\":\"https:\/\/www.siprem.it\/es\/\",\"name\":\"Impianti per la vinificazione - Siprem International Spa\",\"description\":\"Pressatura Soffice per vini di qualit\u00e0\",\"publisher\":{\"@id\":\"https:\/\/www.siprem.it\/es\/#organization\"},\"potentialAction\":[{\"@type\":\"SearchAction\",\"target\":{\"@type\":\"EntryPoint\",\"urlTemplate\":\"https:\/\/www.siprem.it\/es\/?s={search_term_string}\"},\"query-input\":\"required name=search_term_string\"}],\"inLanguage\":\"es\"},{\"@type\":\"Organization\",\"@id\":\"https:\/\/www.siprem.it\/es\/#organization\",\"name\":\"Impianti per la vinificazione - Siprem International Spa\",\"url\":\"https:\/\/www.siprem.it\/es\/\",\"logo\":{\"@type\":\"ImageObject\",\"inLanguage\":\"es\",\"@id\":\"https:\/\/www.siprem.it\/es\/#\/schema\/logo\/image\/\",\"url\":\"https:\/\/www.siprem.it\/wp-content\/uploads\/2023\/03\/LOGO_BACKEND2.png\",\"contentUrl\":\"https:\/\/www.siprem.it\/wp-content\/uploads\/2023\/03\/LOGO_BACKEND2.png\",\"width\":381,\"height\":167,\"caption\":\"Impianti per la vinificazione - Siprem International Spa\"},\"image\":{\"@id\":\"https:\/\/www.siprem.it\/es\/#\/schema\/logo\/image\/\"},\"sameAs\":[\"https:\/\/www.youtube.com\/channel\/UCw84hI8aGt0-S-05oMK1Z2g\",\"https:\/\/www.linkedin.com\/company\/siprem-international-s.p.a\/\"]}]}<\/script>\n<!-- \/ Yoast SEO plugin. -->","yoast_head_json":{"title":"Prensas de Vac\u00edo \u201cVacuum System\u201d - Impianti per la vinificazione - Siprem International Spa","robots":{"index":"index","follow":"follow","max-snippet":"max-snippet:-1","max-image-preview":"max-image-preview:large","max-video-preview":"max-video-preview:-1"},"canonical":"https:\/\/www.siprem.it\/es\/prodotto\/prensas-de-vacio-vacuum-system\/","og_locale":"es_ES","og_type":"article","og_title":"Prensas de Vac\u00edo \u201cVacuum System\u201d - Impianti per la vinificazione - Siprem International Spa","og_description":"Un nuevo sistema de extracci\u00f3n del mosto que act\u00faa en depresi\u00f3n, garantizando una ausencia total de ox\u00edgeno y exaltando, por tanto, la calidad del mosto extra\u00eddo.","og_site_name":"Impianti per la vinificazione - Siprem International Spa","article_modified_time":"2023-08-09T10:48:24+00:00","og_image":[{"width":1572,"height":1063,"url":"https:\/\/www.siprem.it\/wp-content\/uploads\/2023\/03\/siprem-pressa.png","type":"image\/png"}],"twitter_card":"summary_large_image","twitter_misc":{"Tiempo de lectura":"1 minuto"},"schema":{"@context":"https:\/\/schema.org","@graph":[{"@type":"WebPage","@id":"https:\/\/www.siprem.it\/es\/prodotto\/prensas-de-vacio-vacuum-system\/","url":"https:\/\/www.siprem.it\/es\/prodotto\/prensas-de-vacio-vacuum-system\/","name":"Prensas de Vac\u00edo \u201cVacuum System\u201d - Impianti per la vinificazione - Siprem International Spa","isPartOf":{"@id":"https:\/\/www.siprem.it\/es\/#website"},"primaryImageOfPage":{"@id":"https:\/\/www.siprem.it\/es\/prodotto\/prensas-de-vacio-vacuum-system\/#primaryimage"},"image":{"@id":"https:\/\/www.siprem.it\/es\/prodotto\/prensas-de-vacio-vacuum-system\/#primaryimage"},"thumbnailUrl":"https:\/\/www.siprem.it\/wp-content\/uploads\/2023\/03\/siprem-pressa.png","datePublished":"2023-03-23T08:35:07+00:00","dateModified":"2023-08-09T10:48:24+00:00","breadcrumb":{"@id":"https:\/\/www.siprem.it\/es\/prodotto\/prensas-de-vacio-vacuum-system\/#breadcrumb"},"inLanguage":"es","potentialAction":[{"@type":"ReadAction","target":["https:\/\/www.siprem.it\/es\/prodotto\/prensas-de-vacio-vacuum-system\/"]}]},{"@type":"ImageObject","inLanguage":"es","@id":"https:\/\/www.siprem.it\/es\/prodotto\/prensas-de-vacio-vacuum-system\/#primaryimage","url":"https:\/\/www.siprem.it\/wp-content\/uploads\/2023\/03\/siprem-pressa.png","contentUrl":"https:\/\/www.siprem.it\/wp-content\/uploads\/2023\/03\/siprem-pressa.png","width":1572,"height":1063,"caption":"siprem pressa"},{"@type":"BreadcrumbList","@id":"https:\/\/www.siprem.it\/es\/prodotto\/prensas-de-vacio-vacuum-system\/#breadcrumb","itemListElement":[{"@type":"ListItem","position":1,"name":"Home","item":"https:\/\/www.siprem.it\/es\/"},{"@type":"ListItem","position":2,"name":"Productos","item":"https:\/\/www.siprem.it\/es\/shop\/"},{"@type":"ListItem","position":3,"name":"Prensas de Vac\u00edo \u201cVacuum System\u201d"}]},{"@type":"WebSite","@id":"https:\/\/www.siprem.it\/es\/#website","url":"https:\/\/www.siprem.it\/es\/","name":"Impianti per la vinificazione - Siprem International Spa","description":"Pressatura Soffice per vini di qualit\u00e0","publisher":{"@id":"https:\/\/www.siprem.it\/es\/#organization"},"potentialAction":[{"@type":"SearchAction","target":{"@type":"EntryPoint","urlTemplate":"https:\/\/www.siprem.it\/es\/?s={search_term_string}"},"query-input":"required name=search_term_string"}],"inLanguage":"es"},{"@type":"Organization","@id":"https:\/\/www.siprem.it\/es\/#organization","name":"Impianti per la vinificazione - Siprem International Spa","url":"https:\/\/www.siprem.it\/es\/","logo":{"@type":"ImageObject","inLanguage":"es","@id":"https:\/\/www.siprem.it\/es\/#\/schema\/logo\/image\/","url":"https:\/\/www.siprem.it\/wp-content\/uploads\/2023\/03\/LOGO_BACKEND2.png","contentUrl":"https:\/\/www.siprem.it\/wp-content\/uploads\/2023\/03\/LOGO_BACKEND2.png","width":381,"height":167,"caption":"Impianti per la vinificazione - Siprem International Spa"},"image":{"@id":"https:\/\/www.siprem.it\/es\/#\/schema\/logo\/image\/"},"sameAs":["https:\/\/www.youtube.com\/channel\/UCw84hI8aGt0-S-05oMK1Z2g","https:\/\/www.linkedin.com\/company\/siprem-international-s.p.a\/"]}]}},"_links":{"self":[{"href":"https:\/\/www.siprem.it\/es\/wp-json\/wp\/v2\/product\/2330","targetHints":{"allow":["GET"]}}],"collection":[{"href":"https:\/\/www.siprem.it\/es\/wp-json\/wp\/v2\/product"}],"about":[{"href":"https:\/\/www.siprem.it\/es\/wp-json\/wp\/v2\/types\/product"}],"wp:featuredmedia":[{"embeddable":true,"href":"https:\/\/www.siprem.it\/es\/wp-json\/wp\/v2\/media\/1259"}],"wp:attachment":[{"href":"https:\/\/www.siprem.it\/es\/wp-json\/wp\/v2\/media?parent=2330"}],"wp:term":[{"taxonomy":"product_cat","embeddable":true,"href":"https:\/\/www.siprem.it\/es\/wp-json\/wp\/v2\/product_cat?post=2330"},{"taxonomy":"product_tag","embeddable":true,"href":"https:\/\/www.siprem.it\/es\/wp-json\/wp\/v2\/product_tag?post=2330"}],"curies":[{"name":"wp","href":"https:\/\/api.w.org\/{rel}","templated":true}]}}