{"id":2310,"date":"2023-03-29T09:51:28","date_gmt":"2023-03-29T07:51:28","guid":{"rendered":"https:\/\/www.siprem.it\/prodotto\/selezionatrice-ottica-vitisort\/"},"modified":"2024-04-02T17:29:41","modified_gmt":"2024-04-02T15:29:41","slug":"seleccionadora-optica-uva","status":"publish","type":"product","link":"https:\/\/www.siprem.it\/es\/prodotto\/seleccionadora-optica-uva\/","title":{"rendered":"Seleccionador \u00f3ptico de uvas"},"content":{"rendered":"<p>[et_pb_section fb_built=\u00bb1&#8243; theme_builder_area=\u00bbpost_content\u00bb _builder_version=\u00bb4.21.2&#8243; _module_preset=\u00bbdefault\u00bb da_is_popup=\u00bboff\u00bb da_exit_intent=\u00bboff\u00bb da_has_close=\u00bbon\u00bb da_alt_close=\u00bboff\u00bb da_dark_close=\u00bboff\u00bb da_not_modal=\u00bbon\u00bb da_is_singular=\u00bboff\u00bb da_with_loader=\u00bboff\u00bb da_has_shadow=\u00bbon\u00bb da_disable_devices=\u00bboff|off|off\u00bb][\/et_pb_section]<\/p>\n","protected":false},"excerpt":{"rendered":"<p>Clasificador \u00f3ptico por chorro de aire para uvas de vinificaci\u00f3n.<\/p>\n<p>El \u00fanico sistema capaz de clasificar uvas blancas, tintas y rosadas.<\/p>\n<p>Dimensiones compactas y bajo consumo energ\u00e9tico.<\/p>\n<p>F\u00e1cil de usar, con software intuitivo.<\/p>\n<p>F\u00e1cilmente lavable con un consumo de agua reducido.<\/p>\n<p>Compatible con Industria 4.0<\/p>\n<p>Asistencia remota<\/p>\n","protected":false},"featured_media":5544,"template":"","meta":{"_acf_changed":false,"_et_pb_use_builder":"off","_et_pb_old_content":"La m\u00e1quina seleccionadora est\u00e1 dise\u00f1ada para separar todo lo que pueda alterar la calidad de las uvas de vino. La m\u00e1quina utiliza un sistema de doble c\u00e1mara, una tecnolog\u00eda \u00fanica.","_et_gb_content_width":""},"product_cat":[77],"product_tag":[86],"class_list":{"0":"post-2310","1":"product","2":"type-product","3":"status-publish","4":"has-post-thumbnail","6":"product_cat-seleccion","7":"product_tag-dati-es","9":"first","10":"instock","11":"shipping-taxable","12":"product-type-simple"},"acf":[],"yoast_head":"<!-- This site is optimized with the Yoast SEO plugin v22.4 - https:\/\/yoast.com\/wordpress\/plugins\/seo\/ -->\n<title>Seleccionador \u00f3ptico de uvas - Impianti per la vinificazione - Siprem International Spa<\/title>\n<meta name=\"robots\" content=\"index, follow, max-snippet:-1, max-image-preview:large, max-video-preview:-1\" \/>\n<link rel=\"canonical\" href=\"https:\/\/www.siprem.it\/es\/prodotto\/seleccionadora-optica-uva\/\" \/>\n<meta property=\"og:locale\" content=\"es_ES\" \/>\n<meta property=\"og:type\" content=\"article\" \/>\n<meta property=\"og:title\" content=\"Seleccionador \u00f3ptico de uvas - Impianti per la vinificazione - Siprem International Spa\" \/>\n<meta property=\"og:description\" content=\"Clasificador \u00f3ptico por chorro de aire para uvas de vinificaci\u00f3n.  El \u00fanico sistema capaz de clasificar uvas blancas, tintas y rosadas.  Dimensiones compactas y bajo consumo energ\u00e9tico.  F\u00e1cil de usar, con software intuitivo.  F\u00e1cilmente lavable con un consumo de agua reducido.  Compatible con Industria 4.0  Asistencia remota\" \/>\n<meta property=\"og:site_name\" content=\"Impianti per la vinificazione - Siprem International Spa\" \/>\n<meta property=\"article:modified_time\" content=\"2024-04-02T15:29:41+00:00\" \/>\n<meta property=\"og:image\" content=\"https:\/\/www.siprem.it\/wp-content\/uploads\/2023\/03\/xtri_edited.jpg\" \/>\n\t<meta property=\"og:image:width\" content=\"609\" \/>\n\t<meta property=\"og:image:height\" content=\"422\" \/>\n\t<meta property=\"og:image:type\" content=\"image\/jpeg\" \/>\n<meta name=\"twitter:card\" content=\"summary_large_image\" \/>\n<meta name=\"twitter:label1\" content=\"Tiempo de lectura\" \/>\n\t<meta name=\"twitter:data1\" content=\"1 minuto\" \/>\n<script type=\"application\/ld+json\" class=\"yoast-schema-graph\">{\"@context\":\"https:\/\/schema.org\",\"@graph\":[{\"@type\":\"WebPage\",\"@id\":\"https:\/\/www.siprem.it\/es\/prodotto\/seleccionadora-optica-uva\/\",\"url\":\"https:\/\/www.siprem.it\/es\/prodotto\/seleccionadora-optica-uva\/\",\"name\":\"Seleccionador \u00f3ptico de uvas - Impianti per la vinificazione - Siprem International Spa\",\"isPartOf\":{\"@id\":\"https:\/\/www.siprem.it\/es\/#website\"},\"primaryImageOfPage\":{\"@id\":\"https:\/\/www.siprem.it\/es\/prodotto\/seleccionadora-optica-uva\/#primaryimage\"},\"image\":{\"@id\":\"https:\/\/www.siprem.it\/es\/prodotto\/seleccionadora-optica-uva\/#primaryimage\"},\"thumbnailUrl\":\"https:\/\/www.siprem.it\/wp-content\/uploads\/2023\/03\/xtri_edited.jpg\",\"datePublished\":\"2023-03-29T07:51:28+00:00\",\"dateModified\":\"2024-04-02T15:29:41+00:00\",\"breadcrumb\":{\"@id\":\"https:\/\/www.siprem.it\/es\/prodotto\/seleccionadora-optica-uva\/#breadcrumb\"},\"inLanguage\":\"es\",\"potentialAction\":[{\"@type\":\"ReadAction\",\"target\":[\"https:\/\/www.siprem.it\/es\/prodotto\/seleccionadora-optica-uva\/\"]}]},{\"@type\":\"ImageObject\",\"inLanguage\":\"es\",\"@id\":\"https:\/\/www.siprem.it\/es\/prodotto\/seleccionadora-optica-uva\/#primaryimage\",\"url\":\"https:\/\/www.siprem.it\/wp-content\/uploads\/2023\/03\/xtri_edited.jpg\",\"contentUrl\":\"https:\/\/www.siprem.it\/wp-content\/uploads\/2023\/03\/xtri_edited.jpg\",\"width\":609,\"height\":422},{\"@type\":\"BreadcrumbList\",\"@id\":\"https:\/\/www.siprem.it\/es\/prodotto\/seleccionadora-optica-uva\/#breadcrumb\",\"itemListElement\":[{\"@type\":\"ListItem\",\"position\":1,\"name\":\"Home\",\"item\":\"https:\/\/www.siprem.it\/es\/\"},{\"@type\":\"ListItem\",\"position\":2,\"name\":\"Productos\",\"item\":\"https:\/\/www.siprem.it\/es\/shop\/\"},{\"@type\":\"ListItem\",\"position\":3,\"name\":\"Seleccionador \u00f3ptico de uvas\"}]},{\"@type\":\"WebSite\",\"@id\":\"https:\/\/www.siprem.it\/es\/#website\",\"url\":\"https:\/\/www.siprem.it\/es\/\",\"name\":\"Impianti per la vinificazione - Siprem International Spa\",\"description\":\"Pressatura Soffice per vini di qualit\u00e0\",\"publisher\":{\"@id\":\"https:\/\/www.siprem.it\/es\/#organization\"},\"potentialAction\":[{\"@type\":\"SearchAction\",\"target\":{\"@type\":\"EntryPoint\",\"urlTemplate\":\"https:\/\/www.siprem.it\/es\/?s={search_term_string}\"},\"query-input\":\"required name=search_term_string\"}],\"inLanguage\":\"es\"},{\"@type\":\"Organization\",\"@id\":\"https:\/\/www.siprem.it\/es\/#organization\",\"name\":\"Impianti per la vinificazione - Siprem International Spa\",\"url\":\"https:\/\/www.siprem.it\/es\/\",\"logo\":{\"@type\":\"ImageObject\",\"inLanguage\":\"es\",\"@id\":\"https:\/\/www.siprem.it\/es\/#\/schema\/logo\/image\/\",\"url\":\"https:\/\/www.siprem.it\/wp-content\/uploads\/2023\/03\/LOGO_BACKEND2.png\",\"contentUrl\":\"https:\/\/www.siprem.it\/wp-content\/uploads\/2023\/03\/LOGO_BACKEND2.png\",\"width\":381,\"height\":167,\"caption\":\"Impianti per la vinificazione - Siprem International Spa\"},\"image\":{\"@id\":\"https:\/\/www.siprem.it\/es\/#\/schema\/logo\/image\/\"},\"sameAs\":[\"https:\/\/www.youtube.com\/channel\/UCw84hI8aGt0-S-05oMK1Z2g\",\"https:\/\/www.linkedin.com\/company\/siprem-international-s.p.a\/\"]}]}<\/script>\n<!-- \/ Yoast SEO plugin. -->","yoast_head_json":{"title":"Seleccionador \u00f3ptico de uvas - Impianti per la vinificazione - Siprem International Spa","robots":{"index":"index","follow":"follow","max-snippet":"max-snippet:-1","max-image-preview":"max-image-preview:large","max-video-preview":"max-video-preview:-1"},"canonical":"https:\/\/www.siprem.it\/es\/prodotto\/seleccionadora-optica-uva\/","og_locale":"es_ES","og_type":"article","og_title":"Seleccionador \u00f3ptico de uvas - Impianti per la vinificazione - Siprem International Spa","og_description":"Clasificador \u00f3ptico por chorro de aire para uvas de vinificaci\u00f3n.  El \u00fanico sistema capaz de clasificar uvas blancas, tintas y rosadas.  Dimensiones compactas y bajo consumo energ\u00e9tico.  F\u00e1cil de usar, con software intuitivo.  F\u00e1cilmente lavable con un consumo de agua reducido.  Compatible con Industria 4.0  Asistencia remota","og_site_name":"Impianti per la vinificazione - Siprem International Spa","article_modified_time":"2024-04-02T15:29:41+00:00","og_image":[{"width":609,"height":422,"url":"https:\/\/www.siprem.it\/wp-content\/uploads\/2023\/03\/xtri_edited.jpg","type":"image\/jpeg"}],"twitter_card":"summary_large_image","twitter_misc":{"Tiempo de lectura":"1 minuto"},"schema":{"@context":"https:\/\/schema.org","@graph":[{"@type":"WebPage","@id":"https:\/\/www.siprem.it\/es\/prodotto\/seleccionadora-optica-uva\/","url":"https:\/\/www.siprem.it\/es\/prodotto\/seleccionadora-optica-uva\/","name":"Seleccionador \u00f3ptico de uvas - Impianti per la vinificazione - Siprem International Spa","isPartOf":{"@id":"https:\/\/www.siprem.it\/es\/#website"},"primaryImageOfPage":{"@id":"https:\/\/www.siprem.it\/es\/prodotto\/seleccionadora-optica-uva\/#primaryimage"},"image":{"@id":"https:\/\/www.siprem.it\/es\/prodotto\/seleccionadora-optica-uva\/#primaryimage"},"thumbnailUrl":"https:\/\/www.siprem.it\/wp-content\/uploads\/2023\/03\/xtri_edited.jpg","datePublished":"2023-03-29T07:51:28+00:00","dateModified":"2024-04-02T15:29:41+00:00","breadcrumb":{"@id":"https:\/\/www.siprem.it\/es\/prodotto\/seleccionadora-optica-uva\/#breadcrumb"},"inLanguage":"es","potentialAction":[{"@type":"ReadAction","target":["https:\/\/www.siprem.it\/es\/prodotto\/seleccionadora-optica-uva\/"]}]},{"@type":"ImageObject","inLanguage":"es","@id":"https:\/\/www.siprem.it\/es\/prodotto\/seleccionadora-optica-uva\/#primaryimage","url":"https:\/\/www.siprem.it\/wp-content\/uploads\/2023\/03\/xtri_edited.jpg","contentUrl":"https:\/\/www.siprem.it\/wp-content\/uploads\/2023\/03\/xtri_edited.jpg","width":609,"height":422},{"@type":"BreadcrumbList","@id":"https:\/\/www.siprem.it\/es\/prodotto\/seleccionadora-optica-uva\/#breadcrumb","itemListElement":[{"@type":"ListItem","position":1,"name":"Home","item":"https:\/\/www.siprem.it\/es\/"},{"@type":"ListItem","position":2,"name":"Productos","item":"https:\/\/www.siprem.it\/es\/shop\/"},{"@type":"ListItem","position":3,"name":"Seleccionador \u00f3ptico de uvas"}]},{"@type":"WebSite","@id":"https:\/\/www.siprem.it\/es\/#website","url":"https:\/\/www.siprem.it\/es\/","name":"Impianti per la vinificazione - Siprem International Spa","description":"Pressatura Soffice per vini di qualit\u00e0","publisher":{"@id":"https:\/\/www.siprem.it\/es\/#organization"},"potentialAction":[{"@type":"SearchAction","target":{"@type":"EntryPoint","urlTemplate":"https:\/\/www.siprem.it\/es\/?s={search_term_string}"},"query-input":"required name=search_term_string"}],"inLanguage":"es"},{"@type":"Organization","@id":"https:\/\/www.siprem.it\/es\/#organization","name":"Impianti per la vinificazione - Siprem International Spa","url":"https:\/\/www.siprem.it\/es\/","logo":{"@type":"ImageObject","inLanguage":"es","@id":"https:\/\/www.siprem.it\/es\/#\/schema\/logo\/image\/","url":"https:\/\/www.siprem.it\/wp-content\/uploads\/2023\/03\/LOGO_BACKEND2.png","contentUrl":"https:\/\/www.siprem.it\/wp-content\/uploads\/2023\/03\/LOGO_BACKEND2.png","width":381,"height":167,"caption":"Impianti per la vinificazione - Siprem International Spa"},"image":{"@id":"https:\/\/www.siprem.it\/es\/#\/schema\/logo\/image\/"},"sameAs":["https:\/\/www.youtube.com\/channel\/UCw84hI8aGt0-S-05oMK1Z2g","https:\/\/www.linkedin.com\/company\/siprem-international-s.p.a\/"]}]}},"_links":{"self":[{"href":"https:\/\/www.siprem.it\/es\/wp-json\/wp\/v2\/product\/2310","targetHints":{"allow":["GET"]}}],"collection":[{"href":"https:\/\/www.siprem.it\/es\/wp-json\/wp\/v2\/product"}],"about":[{"href":"https:\/\/www.siprem.it\/es\/wp-json\/wp\/v2\/types\/product"}],"wp:featuredmedia":[{"embeddable":true,"href":"https:\/\/www.siprem.it\/es\/wp-json\/wp\/v2\/media\/5544"}],"wp:attachment":[{"href":"https:\/\/www.siprem.it\/es\/wp-json\/wp\/v2\/media?parent=2310"}],"wp:term":[{"taxonomy":"product_cat","embeddable":true,"href":"https:\/\/www.siprem.it\/es\/wp-json\/wp\/v2\/product_cat?post=2310"},{"taxonomy":"product_tag","embeddable":true,"href":"https:\/\/www.siprem.it\/es\/wp-json\/wp\/v2\/product_tag?post=2310"}],"curies":[{"name":"wp","href":"https:\/\/api.w.org\/{rel}","templated":true}]}}