{"id":2309,"date":"2023-03-29T09:55:11","date_gmt":"2023-03-29T07:55:11","guid":{"rendered":"https:\/\/www.siprem.it\/prodotto\/alcryo\/"},"modified":"2024-12-06T14:54:36","modified_gmt":"2024-12-06T13:54:36","slug":"alcryo","status":"publish","type":"product","link":"https:\/\/www.siprem.it\/es\/prodotto\/alcryo\/","title":{"rendered":"Alcryo 100"},"content":{"rendered":"<p>Instalaci\u00f3n criog\u00e9nica de pre-tratamiento ininterrumpido de la uva entera, ya sea blanca ya negra, con significativa inhibici\u00f3n de los inoportunos procesos de fermentaci\u00f3n anticipados, incremento de los componentes extra\u00eddos sin alcohol y una adecuada protecci\u00f3n de la integridad higi\u00e9nica del producto.<\/p>\n<p>El sistema de dos etapas se compone aguas arriba de un transportador de avance de la uva seguido aguas abajo por un elevador de cinta que abastece directamente a la descobajadora-pisadora.<\/p>\n<p>En la m\u00e1quina, a lo largo de toda la cadena, hay dispositivos de inyecci\u00f3n y distribuci\u00f3n del fluido criog\u00e9nico, en este caso, anh\u00eddrido carb\u00f3nico almacenado en fase l\u00edquida, que, al entrar en contacto en la atm\u00f3sfera con el producto, pasa primero por el estado s\u00f3lido, generando hielo seco, y despu\u00e9s gaseoso, como consecuencia de la absorci\u00f3n de energ\u00eda t\u00e9rmica y de la correspondiente reducci\u00f3n de la temperatura. Todo el conjunto est\u00e1 completamente aislado para evitar entradas de calor contraproducentes y permitir, adem\u00e1s, la total neutralizaci\u00f3n del procedimiento de trabajo.<\/p>\n<p>Las respuestas funcionales derivadas de las experiencias en la bodega indican decrementos tangibles, equivalentes a 20-25 \u00b0C, en capacidades del orden de 10 toneladas\/hora, asociados a una gesti\u00f3n pr\u00e1ctica y fiable de la instalaci\u00f3n.<\/p>\n","protected":false},"excerpt":{"rendered":"<p>Instalaci\u00f3n criog\u00e9nica de pre-tratamiento ininterrumpido de la uva entera, ya sea blanca ya negra, con significativa inhibici\u00f3n de los inoportunos procesos de fermentaci\u00f3n anticipados, incremento de los componentes extra\u00eddos sin alcohol y una adecuada protecci\u00f3n de la integridad higi\u00e9nica del producto.<\/p>\n","protected":false},"featured_media":1468,"template":"","meta":{"_acf_changed":false,"_et_pb_use_builder":"","_et_pb_old_content":"","_et_gb_content_width":""},"product_cat":[78],"product_tag":[],"class_list":{"0":"post-2309","1":"product","2":"type-product","3":"status-publish","4":"has-post-thumbnail","6":"product_cat-sistemas-de-enfriamiento","8":"first","9":"instock","10":"shipping-taxable","11":"product-type-simple"},"acf":[],"yoast_head":"<!-- This site is optimized with the Yoast SEO plugin v22.4 - https:\/\/yoast.com\/wordpress\/plugins\/seo\/ -->\n<title>Alcryo 100 - Impianti per la vinificazione - Siprem International Spa<\/title>\n<meta name=\"robots\" content=\"index, follow, max-snippet:-1, max-image-preview:large, max-video-preview:-1\" \/>\n<link rel=\"canonical\" href=\"https:\/\/www.siprem.it\/es\/prodotto\/alcryo\/\" \/>\n<meta property=\"og:locale\" content=\"es_ES\" \/>\n<meta property=\"og:type\" content=\"article\" \/>\n<meta property=\"og:title\" content=\"Alcryo 100 - Impianti per la vinificazione - Siprem International Spa\" \/>\n<meta property=\"og:description\" content=\"Instalaci\u00f3n criog\u00e9nica de pre-tratamiento ininterrumpido de la uva entera, ya sea blanca ya negra, con significativa inhibici\u00f3n de los inoportunos procesos de fermentaci\u00f3n anticipados, incremento de los componentes extra\u00eddos sin alcohol y una adecuada protecci\u00f3n de la integridad higi\u00e9nica del producto.\" \/>\n<meta property=\"og:site_name\" content=\"Impianti per la vinificazione - Siprem International Spa\" \/>\n<meta property=\"article:modified_time\" content=\"2024-12-06T13:54:36+00:00\" \/>\n<meta property=\"og:image\" content=\"https:\/\/www.siprem.it\/wp-content\/uploads\/2023\/03\/Alcryo100-1024x651-1.jpg\" \/>\n\t<meta property=\"og:image:width\" content=\"1024\" \/>\n\t<meta property=\"og:image:height\" content=\"651\" \/>\n\t<meta property=\"og:image:type\" content=\"image\/jpeg\" \/>\n<meta name=\"twitter:card\" content=\"summary_large_image\" \/>\n<meta name=\"twitter:label1\" content=\"Tiempo de lectura\" \/>\n\t<meta name=\"twitter:data1\" content=\"2 minutos\" \/>\n<script type=\"application\/ld+json\" class=\"yoast-schema-graph\">{\"@context\":\"https:\/\/schema.org\",\"@graph\":[{\"@type\":\"WebPage\",\"@id\":\"https:\/\/www.siprem.it\/es\/prodotto\/alcryo\/\",\"url\":\"https:\/\/www.siprem.it\/es\/prodotto\/alcryo\/\",\"name\":\"Alcryo 100 - Impianti per la vinificazione - Siprem International Spa\",\"isPartOf\":{\"@id\":\"https:\/\/www.siprem.it\/es\/#website\"},\"primaryImageOfPage\":{\"@id\":\"https:\/\/www.siprem.it\/es\/prodotto\/alcryo\/#primaryimage\"},\"image\":{\"@id\":\"https:\/\/www.siprem.it\/es\/prodotto\/alcryo\/#primaryimage\"},\"thumbnailUrl\":\"https:\/\/www.siprem.it\/wp-content\/uploads\/2023\/03\/Alcryo100-1024x651-1.jpg\",\"datePublished\":\"2023-03-29T07:55:11+00:00\",\"dateModified\":\"2024-12-06T13:54:36+00:00\",\"breadcrumb\":{\"@id\":\"https:\/\/www.siprem.it\/es\/prodotto\/alcryo\/#breadcrumb\"},\"inLanguage\":\"es\",\"potentialAction\":[{\"@type\":\"ReadAction\",\"target\":[\"https:\/\/www.siprem.it\/es\/prodotto\/alcryo\/\"]}]},{\"@type\":\"ImageObject\",\"inLanguage\":\"es\",\"@id\":\"https:\/\/www.siprem.it\/es\/prodotto\/alcryo\/#primaryimage\",\"url\":\"https:\/\/www.siprem.it\/wp-content\/uploads\/2023\/03\/Alcryo100-1024x651-1.jpg\",\"contentUrl\":\"https:\/\/www.siprem.it\/wp-content\/uploads\/2023\/03\/Alcryo100-1024x651-1.jpg\",\"width\":1024,\"height\":651,\"caption\":\"Alcryo100\"},{\"@type\":\"BreadcrumbList\",\"@id\":\"https:\/\/www.siprem.it\/es\/prodotto\/alcryo\/#breadcrumb\",\"itemListElement\":[{\"@type\":\"ListItem\",\"position\":1,\"name\":\"Home\",\"item\":\"https:\/\/www.siprem.it\/es\/\"},{\"@type\":\"ListItem\",\"position\":2,\"name\":\"Productos\",\"item\":\"https:\/\/www.siprem.it\/es\/shop\/\"},{\"@type\":\"ListItem\",\"position\":3,\"name\":\"Alcryo 100\"}]},{\"@type\":\"WebSite\",\"@id\":\"https:\/\/www.siprem.it\/es\/#website\",\"url\":\"https:\/\/www.siprem.it\/es\/\",\"name\":\"Impianti per la vinificazione - Siprem International Spa\",\"description\":\"Pressatura Soffice per vini di qualit\u00e0\",\"publisher\":{\"@id\":\"https:\/\/www.siprem.it\/es\/#organization\"},\"potentialAction\":[{\"@type\":\"SearchAction\",\"target\":{\"@type\":\"EntryPoint\",\"urlTemplate\":\"https:\/\/www.siprem.it\/es\/?s={search_term_string}\"},\"query-input\":\"required name=search_term_string\"}],\"inLanguage\":\"es\"},{\"@type\":\"Organization\",\"@id\":\"https:\/\/www.siprem.it\/es\/#organization\",\"name\":\"Impianti per la vinificazione - Siprem International Spa\",\"url\":\"https:\/\/www.siprem.it\/es\/\",\"logo\":{\"@type\":\"ImageObject\",\"inLanguage\":\"es\",\"@id\":\"https:\/\/www.siprem.it\/es\/#\/schema\/logo\/image\/\",\"url\":\"https:\/\/www.siprem.it\/wp-content\/uploads\/2023\/03\/LOGO_BACKEND2.png\",\"contentUrl\":\"https:\/\/www.siprem.it\/wp-content\/uploads\/2023\/03\/LOGO_BACKEND2.png\",\"width\":381,\"height\":167,\"caption\":\"Impianti per la vinificazione - Siprem International Spa\"},\"image\":{\"@id\":\"https:\/\/www.siprem.it\/es\/#\/schema\/logo\/image\/\"},\"sameAs\":[\"https:\/\/www.youtube.com\/channel\/UCw84hI8aGt0-S-05oMK1Z2g\",\"https:\/\/www.linkedin.com\/company\/siprem-international-s.p.a\/\"]}]}<\/script>\n<!-- \/ Yoast SEO plugin. -->","yoast_head_json":{"title":"Alcryo 100 - Impianti per la vinificazione - Siprem International Spa","robots":{"index":"index","follow":"follow","max-snippet":"max-snippet:-1","max-image-preview":"max-image-preview:large","max-video-preview":"max-video-preview:-1"},"canonical":"https:\/\/www.siprem.it\/es\/prodotto\/alcryo\/","og_locale":"es_ES","og_type":"article","og_title":"Alcryo 100 - Impianti per la vinificazione - Siprem International Spa","og_description":"Instalaci\u00f3n criog\u00e9nica de pre-tratamiento ininterrumpido de la uva entera, ya sea blanca ya negra, con significativa inhibici\u00f3n de los inoportunos procesos de fermentaci\u00f3n anticipados, incremento de los componentes extra\u00eddos sin alcohol y una adecuada protecci\u00f3n de la integridad higi\u00e9nica del producto.","og_site_name":"Impianti per la vinificazione - Siprem International Spa","article_modified_time":"2024-12-06T13:54:36+00:00","og_image":[{"width":1024,"height":651,"url":"https:\/\/www.siprem.it\/wp-content\/uploads\/2023\/03\/Alcryo100-1024x651-1.jpg","type":"image\/jpeg"}],"twitter_card":"summary_large_image","twitter_misc":{"Tiempo de lectura":"2 minutos"},"schema":{"@context":"https:\/\/schema.org","@graph":[{"@type":"WebPage","@id":"https:\/\/www.siprem.it\/es\/prodotto\/alcryo\/","url":"https:\/\/www.siprem.it\/es\/prodotto\/alcryo\/","name":"Alcryo 100 - Impianti per la vinificazione - Siprem International Spa","isPartOf":{"@id":"https:\/\/www.siprem.it\/es\/#website"},"primaryImageOfPage":{"@id":"https:\/\/www.siprem.it\/es\/prodotto\/alcryo\/#primaryimage"},"image":{"@id":"https:\/\/www.siprem.it\/es\/prodotto\/alcryo\/#primaryimage"},"thumbnailUrl":"https:\/\/www.siprem.it\/wp-content\/uploads\/2023\/03\/Alcryo100-1024x651-1.jpg","datePublished":"2023-03-29T07:55:11+00:00","dateModified":"2024-12-06T13:54:36+00:00","breadcrumb":{"@id":"https:\/\/www.siprem.it\/es\/prodotto\/alcryo\/#breadcrumb"},"inLanguage":"es","potentialAction":[{"@type":"ReadAction","target":["https:\/\/www.siprem.it\/es\/prodotto\/alcryo\/"]}]},{"@type":"ImageObject","inLanguage":"es","@id":"https:\/\/www.siprem.it\/es\/prodotto\/alcryo\/#primaryimage","url":"https:\/\/www.siprem.it\/wp-content\/uploads\/2023\/03\/Alcryo100-1024x651-1.jpg","contentUrl":"https:\/\/www.siprem.it\/wp-content\/uploads\/2023\/03\/Alcryo100-1024x651-1.jpg","width":1024,"height":651,"caption":"Alcryo100"},{"@type":"BreadcrumbList","@id":"https:\/\/www.siprem.it\/es\/prodotto\/alcryo\/#breadcrumb","itemListElement":[{"@type":"ListItem","position":1,"name":"Home","item":"https:\/\/www.siprem.it\/es\/"},{"@type":"ListItem","position":2,"name":"Productos","item":"https:\/\/www.siprem.it\/es\/shop\/"},{"@type":"ListItem","position":3,"name":"Alcryo 100"}]},{"@type":"WebSite","@id":"https:\/\/www.siprem.it\/es\/#website","url":"https:\/\/www.siprem.it\/es\/","name":"Impianti per la vinificazione - Siprem International Spa","description":"Pressatura Soffice per vini di qualit\u00e0","publisher":{"@id":"https:\/\/www.siprem.it\/es\/#organization"},"potentialAction":[{"@type":"SearchAction","target":{"@type":"EntryPoint","urlTemplate":"https:\/\/www.siprem.it\/es\/?s={search_term_string}"},"query-input":"required name=search_term_string"}],"inLanguage":"es"},{"@type":"Organization","@id":"https:\/\/www.siprem.it\/es\/#organization","name":"Impianti per la vinificazione - Siprem International Spa","url":"https:\/\/www.siprem.it\/es\/","logo":{"@type":"ImageObject","inLanguage":"es","@id":"https:\/\/www.siprem.it\/es\/#\/schema\/logo\/image\/","url":"https:\/\/www.siprem.it\/wp-content\/uploads\/2023\/03\/LOGO_BACKEND2.png","contentUrl":"https:\/\/www.siprem.it\/wp-content\/uploads\/2023\/03\/LOGO_BACKEND2.png","width":381,"height":167,"caption":"Impianti per la vinificazione - Siprem International Spa"},"image":{"@id":"https:\/\/www.siprem.it\/es\/#\/schema\/logo\/image\/"},"sameAs":["https:\/\/www.youtube.com\/channel\/UCw84hI8aGt0-S-05oMK1Z2g","https:\/\/www.linkedin.com\/company\/siprem-international-s.p.a\/"]}]}},"_links":{"self":[{"href":"https:\/\/www.siprem.it\/es\/wp-json\/wp\/v2\/product\/2309","targetHints":{"allow":["GET"]}}],"collection":[{"href":"https:\/\/www.siprem.it\/es\/wp-json\/wp\/v2\/product"}],"about":[{"href":"https:\/\/www.siprem.it\/es\/wp-json\/wp\/v2\/types\/product"}],"wp:featuredmedia":[{"embeddable":true,"href":"https:\/\/www.siprem.it\/es\/wp-json\/wp\/v2\/media\/1468"}],"wp:attachment":[{"href":"https:\/\/www.siprem.it\/es\/wp-json\/wp\/v2\/media?parent=2309"}],"wp:term":[{"taxonomy":"product_cat","embeddable":true,"href":"https:\/\/www.siprem.it\/es\/wp-json\/wp\/v2\/product_cat?post=2309"},{"taxonomy":"product_tag","embeddable":true,"href":"https:\/\/www.siprem.it\/es\/wp-json\/wp\/v2\/product_tag?post=2309"}],"curies":[{"name":"wp","href":"https:\/\/api.w.org\/{rel}","templated":true}]}}