{"id":2290,"date":"2023-03-29T10:24:05","date_gmt":"2023-03-29T08:24:05","guid":{"rendered":"https:\/\/www.siprem.it\/prodotto\/presse-pneumatiche-chiuse-e-aperte\/"},"modified":"2026-02-04T11:09:04","modified_gmt":"2026-02-04T10:09:04","slug":"prensas-neumaticas-cerradas-y-abiertas","status":"publish","type":"product","link":"https:\/\/www.siprem.it\/es\/prodotto\/prensas-neumaticas-cerradas-y-abiertas\/","title":{"rendered":"Prensas Neum\u00e1ticas Cerradas y Abiertas"},"content":{"rendered":"<p>Prensas neum\u00e1ticas con membrana horizontal, de tama\u00f1o peque\u00f1o, mediano y grande. Gracias a la fiabilidad, la versatilidad de empleo y la simplicidad de gesti\u00f3n, es un producto con un \u00e9xito constante que satisface cualquier exigencia.<\/p>\n<p>La lona de prensado es de PVC de uso alimentario, mientras que el bastidor y todas las superficies en contacto con el mosto son de acero inoxidable AISI 304. Gesti\u00f3n completa de las fases de trabajo mediante PLC de control y terminal de interfaz con el operador de tipo pantalla t\u00e1ctil, con posibilidad de trabajar en modo manual o autom\u00e1tico.<\/p>\n<p>Puerta de evacuaci\u00f3n del orujo de apertura manual o autom\u00e1tica, de accionamiento pneum\u00e1tico.<\/p>\n<p><strong>Otras versiones<\/strong><\/p>\n<p>MODELOS CON DEP\u00d3SITO ABIERTO CON CAPACIDADES COMPRENDIDAS ENTRE 8 Y 110 HL.<\/p>\n<p>LAS PRENSAS TAMBI\u00c9N EST\u00c1N DISPONIBLES EN LA VERSI\u00d3N CON DEP\u00d3SITO PERFORADO A 180\u00b0 CON LA SIGUIENTE DENOMINACI\u00d3N:<\/p>\n<p>PA 8\/A; PA 14\/A; PA 20\/A; PA 28\/A; PA 38\/A; PA 50\/A; PA65\/A; PA 80\/A; PA 110\/A<\/p>\n","protected":false},"excerpt":{"rendered":"<p class=\"title\">Prensas neum\u00e1ticas con membrana horizontal, de tama\u00f1o peque\u00f1o, mediano y grande. Gracias a la fiabilidad, la versatilidad de empleo y la simplicidad de gesti\u00f3n, es un producto con un \u00e9xito constante que satisface cualquier exigencia.<\/p>\n","protected":false},"featured_media":6374,"template":"","meta":{"_acf_changed":false,"_et_pb_use_builder":"","_et_pb_old_content":"","_et_gb_content_width":""},"product_cat":[82],"product_tag":[86],"class_list":{"0":"post-2290","1":"product","2":"type-product","3":"status-publish","4":"has-post-thumbnail","6":"product_cat-prensado","7":"product_tag-dati-es","9":"first","10":"instock","11":"shipping-taxable","12":"product-type-simple"},"acf":[],"yoast_head":"<!-- This site is optimized with the Yoast SEO plugin v22.4 - https:\/\/yoast.com\/wordpress\/plugins\/seo\/ -->\n<title>Prensas Neum\u00e1ticas Cerradas y Abiertas - Impianti per la vinificazione - Siprem International Spa<\/title>\n<meta name=\"robots\" content=\"index, follow, max-snippet:-1, max-image-preview:large, max-video-preview:-1\" \/>\n<link rel=\"canonical\" href=\"https:\/\/www.siprem.it\/es\/prodotto\/prensas-neumaticas-cerradas-y-abiertas\/\" \/>\n<meta property=\"og:locale\" content=\"es_ES\" \/>\n<meta property=\"og:type\" content=\"article\" \/>\n<meta property=\"og:title\" content=\"Prensas Neum\u00e1ticas Cerradas y Abiertas - Impianti per la vinificazione - Siprem International Spa\" \/>\n<meta property=\"og:description\" content=\"Prensas neum\u00e1ticas con membrana horizontal, de tama\u00f1o peque\u00f1o, mediano y grande. Gracias a la fiabilidad, la versatilidad de empleo y la simplicidad de gesti\u00f3n, es un producto con un \u00e9xito constante que satisface cualquier exigencia.\" \/>\n<meta property=\"og:site_name\" content=\"Impianti per la vinificazione - Siprem International Spa\" \/>\n<meta property=\"article:modified_time\" content=\"2026-02-04T10:09:04+00:00\" \/>\n<meta property=\"og:image\" content=\"https:\/\/www.siprem.it\/wp-content\/uploads\/2023\/03\/nuovo-telaiook-web-scaled.jpg\" \/>\n\t<meta property=\"og:image:width\" content=\"2880\" \/>\n\t<meta property=\"og:image:height\" content=\"2165\" \/>\n\t<meta property=\"og:image:type\" content=\"image\/jpeg\" \/>\n<meta name=\"twitter:card\" content=\"summary_large_image\" \/>\n<meta name=\"twitter:label1\" content=\"Tiempo de lectura\" \/>\n\t<meta name=\"twitter:data1\" content=\"2 minutos\" \/>\n<script type=\"application\/ld+json\" class=\"yoast-schema-graph\">{\"@context\":\"https:\/\/schema.org\",\"@graph\":[{\"@type\":\"WebPage\",\"@id\":\"https:\/\/www.siprem.it\/es\/prodotto\/prensas-neumaticas-cerradas-y-abiertas\/\",\"url\":\"https:\/\/www.siprem.it\/es\/prodotto\/prensas-neumaticas-cerradas-y-abiertas\/\",\"name\":\"Prensas Neum\u00e1ticas Cerradas y Abiertas - Impianti per la vinificazione - Siprem International Spa\",\"isPartOf\":{\"@id\":\"https:\/\/www.siprem.it\/es\/#website\"},\"primaryImageOfPage\":{\"@id\":\"https:\/\/www.siprem.it\/es\/prodotto\/prensas-neumaticas-cerradas-y-abiertas\/#primaryimage\"},\"image\":{\"@id\":\"https:\/\/www.siprem.it\/es\/prodotto\/prensas-neumaticas-cerradas-y-abiertas\/#primaryimage\"},\"thumbnailUrl\":\"https:\/\/www.siprem.it\/wp-content\/uploads\/2023\/03\/nuovo-telaiook-web-scaled.jpg\",\"datePublished\":\"2023-03-29T08:24:05+00:00\",\"dateModified\":\"2026-02-04T10:09:04+00:00\",\"breadcrumb\":{\"@id\":\"https:\/\/www.siprem.it\/es\/prodotto\/prensas-neumaticas-cerradas-y-abiertas\/#breadcrumb\"},\"inLanguage\":\"es\",\"potentialAction\":[{\"@type\":\"ReadAction\",\"target\":[\"https:\/\/www.siprem.it\/es\/prodotto\/prensas-neumaticas-cerradas-y-abiertas\/\"]}]},{\"@type\":\"ImageObject\",\"inLanguage\":\"es\",\"@id\":\"https:\/\/www.siprem.it\/es\/prodotto\/prensas-neumaticas-cerradas-y-abiertas\/#primaryimage\",\"url\":\"https:\/\/www.siprem.it\/wp-content\/uploads\/2023\/03\/nuovo-telaiook-web-scaled.jpg\",\"contentUrl\":\"https:\/\/www.siprem.it\/wp-content\/uploads\/2023\/03\/nuovo-telaiook-web-scaled.jpg\",\"width\":2880,\"height\":2165},{\"@type\":\"BreadcrumbList\",\"@id\":\"https:\/\/www.siprem.it\/es\/prodotto\/prensas-neumaticas-cerradas-y-abiertas\/#breadcrumb\",\"itemListElement\":[{\"@type\":\"ListItem\",\"position\":1,\"name\":\"Home\",\"item\":\"https:\/\/www.siprem.it\/es\/\"},{\"@type\":\"ListItem\",\"position\":2,\"name\":\"Productos\",\"item\":\"https:\/\/www.siprem.it\/es\/shop\/\"},{\"@type\":\"ListItem\",\"position\":3,\"name\":\"Prensas Neum\u00e1ticas Cerradas y Abiertas\"}]},{\"@type\":\"WebSite\",\"@id\":\"https:\/\/www.siprem.it\/es\/#website\",\"url\":\"https:\/\/www.siprem.it\/es\/\",\"name\":\"Impianti per la vinificazione - Siprem International Spa\",\"description\":\"Pressatura Soffice per vini di qualit\u00e0\",\"publisher\":{\"@id\":\"https:\/\/www.siprem.it\/es\/#organization\"},\"potentialAction\":[{\"@type\":\"SearchAction\",\"target\":{\"@type\":\"EntryPoint\",\"urlTemplate\":\"https:\/\/www.siprem.it\/es\/?s={search_term_string}\"},\"query-input\":\"required name=search_term_string\"}],\"inLanguage\":\"es\"},{\"@type\":\"Organization\",\"@id\":\"https:\/\/www.siprem.it\/es\/#organization\",\"name\":\"Impianti per la vinificazione - Siprem International Spa\",\"url\":\"https:\/\/www.siprem.it\/es\/\",\"logo\":{\"@type\":\"ImageObject\",\"inLanguage\":\"es\",\"@id\":\"https:\/\/www.siprem.it\/es\/#\/schema\/logo\/image\/\",\"url\":\"https:\/\/www.siprem.it\/wp-content\/uploads\/2023\/03\/LOGO_BACKEND2.png\",\"contentUrl\":\"https:\/\/www.siprem.it\/wp-content\/uploads\/2023\/03\/LOGO_BACKEND2.png\",\"width\":381,\"height\":167,\"caption\":\"Impianti per la vinificazione - Siprem International Spa\"},\"image\":{\"@id\":\"https:\/\/www.siprem.it\/es\/#\/schema\/logo\/image\/\"},\"sameAs\":[\"https:\/\/www.youtube.com\/channel\/UCw84hI8aGt0-S-05oMK1Z2g\",\"https:\/\/www.linkedin.com\/company\/siprem-international-s.p.a\/\"]}]}<\/script>\n<!-- \/ Yoast SEO plugin. -->","yoast_head_json":{"title":"Prensas Neum\u00e1ticas Cerradas y Abiertas - Impianti per la vinificazione - Siprem International Spa","robots":{"index":"index","follow":"follow","max-snippet":"max-snippet:-1","max-image-preview":"max-image-preview:large","max-video-preview":"max-video-preview:-1"},"canonical":"https:\/\/www.siprem.it\/es\/prodotto\/prensas-neumaticas-cerradas-y-abiertas\/","og_locale":"es_ES","og_type":"article","og_title":"Prensas Neum\u00e1ticas Cerradas y Abiertas - Impianti per la vinificazione - Siprem International Spa","og_description":"Prensas neum\u00e1ticas con membrana horizontal, de tama\u00f1o peque\u00f1o, mediano y grande. Gracias a la fiabilidad, la versatilidad de empleo y la simplicidad de gesti\u00f3n, es un producto con un \u00e9xito constante que satisface cualquier exigencia.","og_site_name":"Impianti per la vinificazione - Siprem International Spa","article_modified_time":"2026-02-04T10:09:04+00:00","og_image":[{"width":2880,"height":2165,"url":"https:\/\/www.siprem.it\/wp-content\/uploads\/2023\/03\/nuovo-telaiook-web-scaled.jpg","type":"image\/jpeg"}],"twitter_card":"summary_large_image","twitter_misc":{"Tiempo de lectura":"2 minutos"},"schema":{"@context":"https:\/\/schema.org","@graph":[{"@type":"WebPage","@id":"https:\/\/www.siprem.it\/es\/prodotto\/prensas-neumaticas-cerradas-y-abiertas\/","url":"https:\/\/www.siprem.it\/es\/prodotto\/prensas-neumaticas-cerradas-y-abiertas\/","name":"Prensas Neum\u00e1ticas Cerradas y Abiertas - Impianti per la vinificazione - Siprem International Spa","isPartOf":{"@id":"https:\/\/www.siprem.it\/es\/#website"},"primaryImageOfPage":{"@id":"https:\/\/www.siprem.it\/es\/prodotto\/prensas-neumaticas-cerradas-y-abiertas\/#primaryimage"},"image":{"@id":"https:\/\/www.siprem.it\/es\/prodotto\/prensas-neumaticas-cerradas-y-abiertas\/#primaryimage"},"thumbnailUrl":"https:\/\/www.siprem.it\/wp-content\/uploads\/2023\/03\/nuovo-telaiook-web-scaled.jpg","datePublished":"2023-03-29T08:24:05+00:00","dateModified":"2026-02-04T10:09:04+00:00","breadcrumb":{"@id":"https:\/\/www.siprem.it\/es\/prodotto\/prensas-neumaticas-cerradas-y-abiertas\/#breadcrumb"},"inLanguage":"es","potentialAction":[{"@type":"ReadAction","target":["https:\/\/www.siprem.it\/es\/prodotto\/prensas-neumaticas-cerradas-y-abiertas\/"]}]},{"@type":"ImageObject","inLanguage":"es","@id":"https:\/\/www.siprem.it\/es\/prodotto\/prensas-neumaticas-cerradas-y-abiertas\/#primaryimage","url":"https:\/\/www.siprem.it\/wp-content\/uploads\/2023\/03\/nuovo-telaiook-web-scaled.jpg","contentUrl":"https:\/\/www.siprem.it\/wp-content\/uploads\/2023\/03\/nuovo-telaiook-web-scaled.jpg","width":2880,"height":2165},{"@type":"BreadcrumbList","@id":"https:\/\/www.siprem.it\/es\/prodotto\/prensas-neumaticas-cerradas-y-abiertas\/#breadcrumb","itemListElement":[{"@type":"ListItem","position":1,"name":"Home","item":"https:\/\/www.siprem.it\/es\/"},{"@type":"ListItem","position":2,"name":"Productos","item":"https:\/\/www.siprem.it\/es\/shop\/"},{"@type":"ListItem","position":3,"name":"Prensas Neum\u00e1ticas Cerradas y Abiertas"}]},{"@type":"WebSite","@id":"https:\/\/www.siprem.it\/es\/#website","url":"https:\/\/www.siprem.it\/es\/","name":"Impianti per la vinificazione - Siprem International Spa","description":"Pressatura Soffice per vini di qualit\u00e0","publisher":{"@id":"https:\/\/www.siprem.it\/es\/#organization"},"potentialAction":[{"@type":"SearchAction","target":{"@type":"EntryPoint","urlTemplate":"https:\/\/www.siprem.it\/es\/?s={search_term_string}"},"query-input":"required name=search_term_string"}],"inLanguage":"es"},{"@type":"Organization","@id":"https:\/\/www.siprem.it\/es\/#organization","name":"Impianti per la vinificazione - Siprem International Spa","url":"https:\/\/www.siprem.it\/es\/","logo":{"@type":"ImageObject","inLanguage":"es","@id":"https:\/\/www.siprem.it\/es\/#\/schema\/logo\/image\/","url":"https:\/\/www.siprem.it\/wp-content\/uploads\/2023\/03\/LOGO_BACKEND2.png","contentUrl":"https:\/\/www.siprem.it\/wp-content\/uploads\/2023\/03\/LOGO_BACKEND2.png","width":381,"height":167,"caption":"Impianti per la vinificazione - Siprem International Spa"},"image":{"@id":"https:\/\/www.siprem.it\/es\/#\/schema\/logo\/image\/"},"sameAs":["https:\/\/www.youtube.com\/channel\/UCw84hI8aGt0-S-05oMK1Z2g","https:\/\/www.linkedin.com\/company\/siprem-international-s.p.a\/"]}]}},"_links":{"self":[{"href":"https:\/\/www.siprem.it\/es\/wp-json\/wp\/v2\/product\/2290","targetHints":{"allow":["GET"]}}],"collection":[{"href":"https:\/\/www.siprem.it\/es\/wp-json\/wp\/v2\/product"}],"about":[{"href":"https:\/\/www.siprem.it\/es\/wp-json\/wp\/v2\/types\/product"}],"wp:featuredmedia":[{"embeddable":true,"href":"https:\/\/www.siprem.it\/es\/wp-json\/wp\/v2\/media\/6374"}],"wp:attachment":[{"href":"https:\/\/www.siprem.it\/es\/wp-json\/wp\/v2\/media?parent=2290"}],"wp:term":[{"taxonomy":"product_cat","embeddable":true,"href":"https:\/\/www.siprem.it\/es\/wp-json\/wp\/v2\/product_cat?post=2290"},{"taxonomy":"product_tag","embeddable":true,"href":"https:\/\/www.siprem.it\/es\/wp-json\/wp\/v2\/product_tag?post=2290"}],"curies":[{"name":"wp","href":"https:\/\/api.w.org\/{rel}","templated":true}]}}