{"id":2286,"date":"2023-03-29T11:59:37","date_gmt":"2023-03-29T09:59:37","guid":{"rendered":"https:\/\/www.siprem.it\/prodotto\/presgrondo-rotante-mod-psm\/"},"modified":"2023-06-23T12:15:42","modified_gmt":"2023-06-23T10:15:42","slug":"preescurridor-giratorio-mod-ps-m","status":"publish","type":"product","link":"https:\/\/www.siprem.it\/es\/prodotto\/preescurridor-giratorio-mod-ps-m\/","title":{"rendered":"Preescurridor Giratorio MOD. PS\/M"},"content":{"rendered":"<p>Id\u00f3neo para una primera separaci\u00f3n del l\u00edquido del 50% respecto de la masa de uva pisada (descobajada y no descobajada).<\/p>\n<p>Para una producci\u00f3n equivalente a 30\/40 T\/h para el modelo PS\/M 40.<\/p>\n<p>Para una producci\u00f3n equivalente a 40\/50 T\/h para el modelo PS\/M 50.<\/p>\n<p>Jaula orbicular o de orificios redondos y h\u00e9lice interna de extracci\u00f3n provista de cepillo para la limpieza constante de la jaula.<\/p>\n<p>Jaula giratoria con movimiento contrario al sentido de rotaci\u00f3n de la h\u00e9lice de extracci\u00f3n, que se mantiene constantemente limpia por el exterior gracias a unos cepillos particulares.<\/p>\n","protected":false},"excerpt":{"rendered":"<p>Id\u00f3neo para una primera separaci\u00f3n del l\u00edquido del 50% respecto de la masa de uva pisada (descobajada y no descobajada).<\/p>\n","protected":false},"featured_media":1675,"template":"","meta":{"_acf_changed":false,"_et_pb_use_builder":"","_et_pb_old_content":"","_et_gb_content_width":""},"product_cat":[82],"product_tag":[],"class_list":{"0":"post-2286","1":"product","2":"type-product","3":"status-publish","4":"has-post-thumbnail","6":"product_cat-prensado","8":"first","9":"instock","10":"shipping-taxable","11":"product-type-simple"},"acf":[],"yoast_head":"<!-- This site is optimized with the Yoast SEO plugin v22.4 - https:\/\/yoast.com\/wordpress\/plugins\/seo\/ -->\n<title>Preescurridor Giratorio MOD. PS\/M - Impianti per la vinificazione - Siprem International Spa<\/title>\n<meta name=\"robots\" content=\"index, follow, max-snippet:-1, max-image-preview:large, max-video-preview:-1\" \/>\n<link rel=\"canonical\" href=\"https:\/\/www.siprem.it\/es\/prodotto\/preescurridor-giratorio-mod-ps-m\/\" \/>\n<meta property=\"og:locale\" content=\"es_ES\" \/>\n<meta property=\"og:type\" content=\"article\" \/>\n<meta property=\"og:title\" content=\"Preescurridor Giratorio MOD. PS\/M - Impianti per la vinificazione - Siprem International Spa\" \/>\n<meta property=\"og:description\" content=\"Id\u00f3neo para una primera separaci\u00f3n del l\u00edquido del 50% respecto de la masa de uva pisada (descobajada y no descobajada).\" \/>\n<meta property=\"og:site_name\" content=\"Impianti per la vinificazione - Siprem International Spa\" \/>\n<meta property=\"article:modified_time\" content=\"2023-06-23T10:15:42+00:00\" \/>\n<meta property=\"og:image\" content=\"https:\/\/www.siprem.it\/wp-content\/uploads\/2023\/03\/PSM2-1024x768-1.jpg\" \/>\n\t<meta property=\"og:image:width\" content=\"1024\" \/>\n\t<meta property=\"og:image:height\" content=\"768\" \/>\n\t<meta property=\"og:image:type\" content=\"image\/jpeg\" \/>\n<meta name=\"twitter:card\" content=\"summary_large_image\" \/>\n<meta name=\"twitter:label1\" content=\"Tiempo de lectura\" \/>\n\t<meta name=\"twitter:data1\" content=\"1 minuto\" \/>\n<script type=\"application\/ld+json\" class=\"yoast-schema-graph\">{\"@context\":\"https:\/\/schema.org\",\"@graph\":[{\"@type\":\"WebPage\",\"@id\":\"https:\/\/www.siprem.it\/es\/prodotto\/preescurridor-giratorio-mod-ps-m\/\",\"url\":\"https:\/\/www.siprem.it\/es\/prodotto\/preescurridor-giratorio-mod-ps-m\/\",\"name\":\"Preescurridor Giratorio MOD. PS\/M - Impianti per la vinificazione - Siprem International Spa\",\"isPartOf\":{\"@id\":\"https:\/\/www.siprem.it\/es\/#website\"},\"primaryImageOfPage\":{\"@id\":\"https:\/\/www.siprem.it\/es\/prodotto\/preescurridor-giratorio-mod-ps-m\/#primaryimage\"},\"image\":{\"@id\":\"https:\/\/www.siprem.it\/es\/prodotto\/preescurridor-giratorio-mod-ps-m\/#primaryimage\"},\"thumbnailUrl\":\"https:\/\/www.siprem.it\/wp-content\/uploads\/2023\/03\/PSM2-1024x768-1.jpg\",\"datePublished\":\"2023-03-29T09:59:37+00:00\",\"dateModified\":\"2023-06-23T10:15:42+00:00\",\"breadcrumb\":{\"@id\":\"https:\/\/www.siprem.it\/es\/prodotto\/preescurridor-giratorio-mod-ps-m\/#breadcrumb\"},\"inLanguage\":\"es\",\"potentialAction\":[{\"@type\":\"ReadAction\",\"target\":[\"https:\/\/www.siprem.it\/es\/prodotto\/preescurridor-giratorio-mod-ps-m\/\"]}]},{\"@type\":\"ImageObject\",\"inLanguage\":\"es\",\"@id\":\"https:\/\/www.siprem.it\/es\/prodotto\/preescurridor-giratorio-mod-ps-m\/#primaryimage\",\"url\":\"https:\/\/www.siprem.it\/wp-content\/uploads\/2023\/03\/PSM2-1024x768-1.jpg\",\"contentUrl\":\"https:\/\/www.siprem.it\/wp-content\/uploads\/2023\/03\/PSM2-1024x768-1.jpg\",\"width\":1024,\"height\":768,\"caption\":\"presgrondo rotante\"},{\"@type\":\"BreadcrumbList\",\"@id\":\"https:\/\/www.siprem.it\/es\/prodotto\/preescurridor-giratorio-mod-ps-m\/#breadcrumb\",\"itemListElement\":[{\"@type\":\"ListItem\",\"position\":1,\"name\":\"Home\",\"item\":\"https:\/\/www.siprem.it\/es\/\"},{\"@type\":\"ListItem\",\"position\":2,\"name\":\"Productos\",\"item\":\"https:\/\/www.siprem.it\/es\/shop\/\"},{\"@type\":\"ListItem\",\"position\":3,\"name\":\"Preescurridor Giratorio MOD. PS\/M\"}]},{\"@type\":\"WebSite\",\"@id\":\"https:\/\/www.siprem.it\/es\/#website\",\"url\":\"https:\/\/www.siprem.it\/es\/\",\"name\":\"Impianti per la vinificazione - Siprem International Spa\",\"description\":\"Pressatura Soffice per vini di qualit\u00e0\",\"publisher\":{\"@id\":\"https:\/\/www.siprem.it\/es\/#organization\"},\"potentialAction\":[{\"@type\":\"SearchAction\",\"target\":{\"@type\":\"EntryPoint\",\"urlTemplate\":\"https:\/\/www.siprem.it\/es\/?s={search_term_string}\"},\"query-input\":\"required name=search_term_string\"}],\"inLanguage\":\"es\"},{\"@type\":\"Organization\",\"@id\":\"https:\/\/www.siprem.it\/es\/#organization\",\"name\":\"Impianti per la vinificazione - Siprem International Spa\",\"url\":\"https:\/\/www.siprem.it\/es\/\",\"logo\":{\"@type\":\"ImageObject\",\"inLanguage\":\"es\",\"@id\":\"https:\/\/www.siprem.it\/es\/#\/schema\/logo\/image\/\",\"url\":\"https:\/\/www.siprem.it\/wp-content\/uploads\/2023\/03\/LOGO_BACKEND2.png\",\"contentUrl\":\"https:\/\/www.siprem.it\/wp-content\/uploads\/2023\/03\/LOGO_BACKEND2.png\",\"width\":381,\"height\":167,\"caption\":\"Impianti per la vinificazione - Siprem International Spa\"},\"image\":{\"@id\":\"https:\/\/www.siprem.it\/es\/#\/schema\/logo\/image\/\"},\"sameAs\":[\"https:\/\/www.youtube.com\/channel\/UCw84hI8aGt0-S-05oMK1Z2g\",\"https:\/\/www.linkedin.com\/company\/siprem-international-s.p.a\/\"]}]}<\/script>\n<!-- \/ Yoast SEO plugin. -->","yoast_head_json":{"title":"Preescurridor Giratorio MOD. PS\/M - Impianti per la vinificazione - Siprem International Spa","robots":{"index":"index","follow":"follow","max-snippet":"max-snippet:-1","max-image-preview":"max-image-preview:large","max-video-preview":"max-video-preview:-1"},"canonical":"https:\/\/www.siprem.it\/es\/prodotto\/preescurridor-giratorio-mod-ps-m\/","og_locale":"es_ES","og_type":"article","og_title":"Preescurridor Giratorio MOD. PS\/M - Impianti per la vinificazione - Siprem International Spa","og_description":"Id\u00f3neo para una primera separaci\u00f3n del l\u00edquido del 50% respecto de la masa de uva pisada (descobajada y no descobajada).","og_site_name":"Impianti per la vinificazione - Siprem International Spa","article_modified_time":"2023-06-23T10:15:42+00:00","og_image":[{"width":1024,"height":768,"url":"https:\/\/www.siprem.it\/wp-content\/uploads\/2023\/03\/PSM2-1024x768-1.jpg","type":"image\/jpeg"}],"twitter_card":"summary_large_image","twitter_misc":{"Tiempo de lectura":"1 minuto"},"schema":{"@context":"https:\/\/schema.org","@graph":[{"@type":"WebPage","@id":"https:\/\/www.siprem.it\/es\/prodotto\/preescurridor-giratorio-mod-ps-m\/","url":"https:\/\/www.siprem.it\/es\/prodotto\/preescurridor-giratorio-mod-ps-m\/","name":"Preescurridor Giratorio MOD. PS\/M - Impianti per la vinificazione - Siprem International Spa","isPartOf":{"@id":"https:\/\/www.siprem.it\/es\/#website"},"primaryImageOfPage":{"@id":"https:\/\/www.siprem.it\/es\/prodotto\/preescurridor-giratorio-mod-ps-m\/#primaryimage"},"image":{"@id":"https:\/\/www.siprem.it\/es\/prodotto\/preescurridor-giratorio-mod-ps-m\/#primaryimage"},"thumbnailUrl":"https:\/\/www.siprem.it\/wp-content\/uploads\/2023\/03\/PSM2-1024x768-1.jpg","datePublished":"2023-03-29T09:59:37+00:00","dateModified":"2023-06-23T10:15:42+00:00","breadcrumb":{"@id":"https:\/\/www.siprem.it\/es\/prodotto\/preescurridor-giratorio-mod-ps-m\/#breadcrumb"},"inLanguage":"es","potentialAction":[{"@type":"ReadAction","target":["https:\/\/www.siprem.it\/es\/prodotto\/preescurridor-giratorio-mod-ps-m\/"]}]},{"@type":"ImageObject","inLanguage":"es","@id":"https:\/\/www.siprem.it\/es\/prodotto\/preescurridor-giratorio-mod-ps-m\/#primaryimage","url":"https:\/\/www.siprem.it\/wp-content\/uploads\/2023\/03\/PSM2-1024x768-1.jpg","contentUrl":"https:\/\/www.siprem.it\/wp-content\/uploads\/2023\/03\/PSM2-1024x768-1.jpg","width":1024,"height":768,"caption":"presgrondo rotante"},{"@type":"BreadcrumbList","@id":"https:\/\/www.siprem.it\/es\/prodotto\/preescurridor-giratorio-mod-ps-m\/#breadcrumb","itemListElement":[{"@type":"ListItem","position":1,"name":"Home","item":"https:\/\/www.siprem.it\/es\/"},{"@type":"ListItem","position":2,"name":"Productos","item":"https:\/\/www.siprem.it\/es\/shop\/"},{"@type":"ListItem","position":3,"name":"Preescurridor Giratorio MOD. PS\/M"}]},{"@type":"WebSite","@id":"https:\/\/www.siprem.it\/es\/#website","url":"https:\/\/www.siprem.it\/es\/","name":"Impianti per la vinificazione - Siprem International Spa","description":"Pressatura Soffice per vini di qualit\u00e0","publisher":{"@id":"https:\/\/www.siprem.it\/es\/#organization"},"potentialAction":[{"@type":"SearchAction","target":{"@type":"EntryPoint","urlTemplate":"https:\/\/www.siprem.it\/es\/?s={search_term_string}"},"query-input":"required name=search_term_string"}],"inLanguage":"es"},{"@type":"Organization","@id":"https:\/\/www.siprem.it\/es\/#organization","name":"Impianti per la vinificazione - Siprem International Spa","url":"https:\/\/www.siprem.it\/es\/","logo":{"@type":"ImageObject","inLanguage":"es","@id":"https:\/\/www.siprem.it\/es\/#\/schema\/logo\/image\/","url":"https:\/\/www.siprem.it\/wp-content\/uploads\/2023\/03\/LOGO_BACKEND2.png","contentUrl":"https:\/\/www.siprem.it\/wp-content\/uploads\/2023\/03\/LOGO_BACKEND2.png","width":381,"height":167,"caption":"Impianti per la vinificazione - Siprem International Spa"},"image":{"@id":"https:\/\/www.siprem.it\/es\/#\/schema\/logo\/image\/"},"sameAs":["https:\/\/www.youtube.com\/channel\/UCw84hI8aGt0-S-05oMK1Z2g","https:\/\/www.linkedin.com\/company\/siprem-international-s.p.a\/"]}]}},"_links":{"self":[{"href":"https:\/\/www.siprem.it\/es\/wp-json\/wp\/v2\/product\/2286","targetHints":{"allow":["GET"]}}],"collection":[{"href":"https:\/\/www.siprem.it\/es\/wp-json\/wp\/v2\/product"}],"about":[{"href":"https:\/\/www.siprem.it\/es\/wp-json\/wp\/v2\/types\/product"}],"wp:featuredmedia":[{"embeddable":true,"href":"https:\/\/www.siprem.it\/es\/wp-json\/wp\/v2\/media\/1675"}],"wp:attachment":[{"href":"https:\/\/www.siprem.it\/es\/wp-json\/wp\/v2\/media?parent=2286"}],"wp:term":[{"taxonomy":"product_cat","embeddable":true,"href":"https:\/\/www.siprem.it\/es\/wp-json\/wp\/v2\/product_cat?post=2286"},{"taxonomy":"product_tag","embeddable":true,"href":"https:\/\/www.siprem.it\/es\/wp-json\/wp\/v2\/product_tag?post=2286"}],"curies":[{"name":"wp","href":"https:\/\/api.w.org\/{rel}","templated":true}]}}