{"id":2282,"date":"2023-03-29T12:04:35","date_gmt":"2023-03-29T10:04:35","guid":{"rendered":"https:\/\/www.siprem.it\/prodotto\/linee-continue-di-sgrondo-pressatura\/"},"modified":"2023-06-23T12:10:33","modified_gmt":"2023-06-23T10:10:33","slug":"lineas-continuas-de-escurrido-y-prensado","status":"publish","type":"product","link":"https:\/\/www.siprem.it\/es\/prodotto\/lineas-continuas-de-escurrido-y-prensado\/","title":{"rendered":"L\u00edneas Continuas de Escurrido y Prensado"},"content":{"rendered":"<p>L\u00edas formadas por una doble etapa de producci\u00f3n, con la prensa continua montada despu\u00e9s de la escurridor. Ideales para elevadas producciones, pensadas para lograr una extracci\u00f3n \u00f3ptima de los orujos. La vasta gama de escurridores es capaz de separar mosto flor con rendimientos aproximados del 75%, elevada calidad y m\u00ednimo contenido de extractos secos.<\/p>\n<p>La gran tolva de carga asegura un elevado grado de escurrido est\u00e1tico gracias a las superficies perforadas que la componen. El producto avanza gracias a un dispositivo anti-retorno realizado con cruz de malta. La l\u00ednea de prensas continuas garantiza una extracci\u00f3n completa de los orujos respetando la integridad de la piel y del escobajo.<\/p>\n","protected":false},"excerpt":{"rendered":"<p>L\u00edas formadas por una doble etapa de producci\u00f3n, con la prensa continua montada despu\u00e9s de la escurridor. Ideales para elevadas producciones, pensadas para lograr una extracci\u00f3n \u00f3ptima de los orujos. La vasta gama de escurridores es capaz de separar mosto flor con rendimientos aproximados del 75%, elevada calidad y m\u00ednimo contenido de extractos secos.<\/p>\n","protected":false},"featured_media":1697,"template":"","meta":{"_acf_changed":false,"_et_pb_use_builder":"","_et_pb_old_content":"","_et_gb_content_width":""},"product_cat":[82],"product_tag":[86],"class_list":{"0":"post-2282","1":"product","2":"type-product","3":"status-publish","4":"has-post-thumbnail","6":"product_cat-prensado","7":"product_tag-dati-es","9":"first","10":"instock","11":"shipping-taxable","12":"product-type-simple"},"acf":[],"yoast_head":"<!-- This site is optimized with the Yoast SEO plugin v22.4 - https:\/\/yoast.com\/wordpress\/plugins\/seo\/ -->\n<title>L\u00edneas Continuas de Escurrido y Prensado - Impianti per la vinificazione - Siprem International Spa<\/title>\n<meta name=\"robots\" content=\"index, follow, max-snippet:-1, max-image-preview:large, max-video-preview:-1\" \/>\n<link rel=\"canonical\" href=\"https:\/\/www.siprem.it\/es\/prodotto\/lineas-continuas-de-escurrido-y-prensado\/\" \/>\n<meta property=\"og:locale\" content=\"es_ES\" \/>\n<meta property=\"og:type\" content=\"article\" \/>\n<meta property=\"og:title\" content=\"L\u00edneas Continuas de Escurrido y Prensado - Impianti per la vinificazione - Siprem International Spa\" \/>\n<meta property=\"og:description\" content=\"L\u00edas formadas por una doble etapa de producci\u00f3n, con la prensa continua montada despu\u00e9s de la escurridor. Ideales para elevadas producciones, pensadas para lograr una extracci\u00f3n \u00f3ptima de los orujos. La vasta gama de escurridores es capaz de separar mosto flor con rendimientos aproximados del 75%, elevada calidad y m\u00ednimo contenido de extractos secos.\" \/>\n<meta property=\"og:site_name\" content=\"Impianti per la vinificazione - Siprem International Spa\" \/>\n<meta property=\"article:modified_time\" content=\"2023-06-23T10:10:33+00:00\" \/>\n<meta property=\"og:image\" content=\"https:\/\/www.siprem.it\/wp-content\/uploads\/2023\/03\/LINEA-SCONT-Copia-1024x491-1.jpg\" \/>\n\t<meta property=\"og:image:width\" content=\"1024\" \/>\n\t<meta property=\"og:image:height\" content=\"491\" \/>\n\t<meta property=\"og:image:type\" content=\"image\/jpeg\" \/>\n<meta name=\"twitter:card\" content=\"summary_large_image\" \/>\n<meta name=\"twitter:label1\" content=\"Tiempo de lectura\" \/>\n\t<meta name=\"twitter:data1\" content=\"1 minuto\" \/>\n<script type=\"application\/ld+json\" class=\"yoast-schema-graph\">{\"@context\":\"https:\/\/schema.org\",\"@graph\":[{\"@type\":\"WebPage\",\"@id\":\"https:\/\/www.siprem.it\/es\/prodotto\/lineas-continuas-de-escurrido-y-prensado\/\",\"url\":\"https:\/\/www.siprem.it\/es\/prodotto\/lineas-continuas-de-escurrido-y-prensado\/\",\"name\":\"L\u00edneas Continuas de Escurrido y Prensado - Impianti per la vinificazione - Siprem International Spa\",\"isPartOf\":{\"@id\":\"https:\/\/www.siprem.it\/es\/#website\"},\"primaryImageOfPage\":{\"@id\":\"https:\/\/www.siprem.it\/es\/prodotto\/lineas-continuas-de-escurrido-y-prensado\/#primaryimage\"},\"image\":{\"@id\":\"https:\/\/www.siprem.it\/es\/prodotto\/lineas-continuas-de-escurrido-y-prensado\/#primaryimage\"},\"thumbnailUrl\":\"https:\/\/www.siprem.it\/wp-content\/uploads\/2023\/03\/LINEA-SCONT-Copia-1024x491-1.jpg\",\"datePublished\":\"2023-03-29T10:04:35+00:00\",\"dateModified\":\"2023-06-23T10:10:33+00:00\",\"breadcrumb\":{\"@id\":\"https:\/\/www.siprem.it\/es\/prodotto\/lineas-continuas-de-escurrido-y-prensado\/#breadcrumb\"},\"inLanguage\":\"es\",\"potentialAction\":[{\"@type\":\"ReadAction\",\"target\":[\"https:\/\/www.siprem.it\/es\/prodotto\/lineas-continuas-de-escurrido-y-prensado\/\"]}]},{\"@type\":\"ImageObject\",\"inLanguage\":\"es\",\"@id\":\"https:\/\/www.siprem.it\/es\/prodotto\/lineas-continuas-de-escurrido-y-prensado\/#primaryimage\",\"url\":\"https:\/\/www.siprem.it\/wp-content\/uploads\/2023\/03\/LINEA-SCONT-Copia-1024x491-1.jpg\",\"contentUrl\":\"https:\/\/www.siprem.it\/wp-content\/uploads\/2023\/03\/LINEA-SCONT-Copia-1024x491-1.jpg\",\"width\":1024,\"height\":491,\"caption\":\"LINEA-SCONT\"},{\"@type\":\"BreadcrumbList\",\"@id\":\"https:\/\/www.siprem.it\/es\/prodotto\/lineas-continuas-de-escurrido-y-prensado\/#breadcrumb\",\"itemListElement\":[{\"@type\":\"ListItem\",\"position\":1,\"name\":\"Home\",\"item\":\"https:\/\/www.siprem.it\/es\/\"},{\"@type\":\"ListItem\",\"position\":2,\"name\":\"Productos\",\"item\":\"https:\/\/www.siprem.it\/es\/shop\/\"},{\"@type\":\"ListItem\",\"position\":3,\"name\":\"L\u00edneas Continuas de Escurrido y Prensado\"}]},{\"@type\":\"WebSite\",\"@id\":\"https:\/\/www.siprem.it\/es\/#website\",\"url\":\"https:\/\/www.siprem.it\/es\/\",\"name\":\"Impianti per la vinificazione - Siprem International Spa\",\"description\":\"Pressatura Soffice per vini di qualit\u00e0\",\"publisher\":{\"@id\":\"https:\/\/www.siprem.it\/es\/#organization\"},\"potentialAction\":[{\"@type\":\"SearchAction\",\"target\":{\"@type\":\"EntryPoint\",\"urlTemplate\":\"https:\/\/www.siprem.it\/es\/?s={search_term_string}\"},\"query-input\":\"required name=search_term_string\"}],\"inLanguage\":\"es\"},{\"@type\":\"Organization\",\"@id\":\"https:\/\/www.siprem.it\/es\/#organization\",\"name\":\"Impianti per la vinificazione - Siprem International Spa\",\"url\":\"https:\/\/www.siprem.it\/es\/\",\"logo\":{\"@type\":\"ImageObject\",\"inLanguage\":\"es\",\"@id\":\"https:\/\/www.siprem.it\/es\/#\/schema\/logo\/image\/\",\"url\":\"https:\/\/www.siprem.it\/wp-content\/uploads\/2023\/03\/LOGO_BACKEND2.png\",\"contentUrl\":\"https:\/\/www.siprem.it\/wp-content\/uploads\/2023\/03\/LOGO_BACKEND2.png\",\"width\":381,\"height\":167,\"caption\":\"Impianti per la vinificazione - Siprem International Spa\"},\"image\":{\"@id\":\"https:\/\/www.siprem.it\/es\/#\/schema\/logo\/image\/\"},\"sameAs\":[\"https:\/\/www.youtube.com\/channel\/UCw84hI8aGt0-S-05oMK1Z2g\",\"https:\/\/www.linkedin.com\/company\/siprem-international-s.p.a\/\"]}]}<\/script>\n<!-- \/ Yoast SEO plugin. -->","yoast_head_json":{"title":"L\u00edneas Continuas de Escurrido y Prensado - Impianti per la vinificazione - Siprem International Spa","robots":{"index":"index","follow":"follow","max-snippet":"max-snippet:-1","max-image-preview":"max-image-preview:large","max-video-preview":"max-video-preview:-1"},"canonical":"https:\/\/www.siprem.it\/es\/prodotto\/lineas-continuas-de-escurrido-y-prensado\/","og_locale":"es_ES","og_type":"article","og_title":"L\u00edneas Continuas de Escurrido y Prensado - Impianti per la vinificazione - Siprem International Spa","og_description":"L\u00edas formadas por una doble etapa de producci\u00f3n, con la prensa continua montada despu\u00e9s de la escurridor. Ideales para elevadas producciones, pensadas para lograr una extracci\u00f3n \u00f3ptima de los orujos. La vasta gama de escurridores es capaz de separar mosto flor con rendimientos aproximados del 75%, elevada calidad y m\u00ednimo contenido de extractos secos.","og_site_name":"Impianti per la vinificazione - Siprem International Spa","article_modified_time":"2023-06-23T10:10:33+00:00","og_image":[{"width":1024,"height":491,"url":"https:\/\/www.siprem.it\/wp-content\/uploads\/2023\/03\/LINEA-SCONT-Copia-1024x491-1.jpg","type":"image\/jpeg"}],"twitter_card":"summary_large_image","twitter_misc":{"Tiempo de lectura":"1 minuto"},"schema":{"@context":"https:\/\/schema.org","@graph":[{"@type":"WebPage","@id":"https:\/\/www.siprem.it\/es\/prodotto\/lineas-continuas-de-escurrido-y-prensado\/","url":"https:\/\/www.siprem.it\/es\/prodotto\/lineas-continuas-de-escurrido-y-prensado\/","name":"L\u00edneas Continuas de Escurrido y Prensado - Impianti per la vinificazione - Siprem International Spa","isPartOf":{"@id":"https:\/\/www.siprem.it\/es\/#website"},"primaryImageOfPage":{"@id":"https:\/\/www.siprem.it\/es\/prodotto\/lineas-continuas-de-escurrido-y-prensado\/#primaryimage"},"image":{"@id":"https:\/\/www.siprem.it\/es\/prodotto\/lineas-continuas-de-escurrido-y-prensado\/#primaryimage"},"thumbnailUrl":"https:\/\/www.siprem.it\/wp-content\/uploads\/2023\/03\/LINEA-SCONT-Copia-1024x491-1.jpg","datePublished":"2023-03-29T10:04:35+00:00","dateModified":"2023-06-23T10:10:33+00:00","breadcrumb":{"@id":"https:\/\/www.siprem.it\/es\/prodotto\/lineas-continuas-de-escurrido-y-prensado\/#breadcrumb"},"inLanguage":"es","potentialAction":[{"@type":"ReadAction","target":["https:\/\/www.siprem.it\/es\/prodotto\/lineas-continuas-de-escurrido-y-prensado\/"]}]},{"@type":"ImageObject","inLanguage":"es","@id":"https:\/\/www.siprem.it\/es\/prodotto\/lineas-continuas-de-escurrido-y-prensado\/#primaryimage","url":"https:\/\/www.siprem.it\/wp-content\/uploads\/2023\/03\/LINEA-SCONT-Copia-1024x491-1.jpg","contentUrl":"https:\/\/www.siprem.it\/wp-content\/uploads\/2023\/03\/LINEA-SCONT-Copia-1024x491-1.jpg","width":1024,"height":491,"caption":"LINEA-SCONT"},{"@type":"BreadcrumbList","@id":"https:\/\/www.siprem.it\/es\/prodotto\/lineas-continuas-de-escurrido-y-prensado\/#breadcrumb","itemListElement":[{"@type":"ListItem","position":1,"name":"Home","item":"https:\/\/www.siprem.it\/es\/"},{"@type":"ListItem","position":2,"name":"Productos","item":"https:\/\/www.siprem.it\/es\/shop\/"},{"@type":"ListItem","position":3,"name":"L\u00edneas Continuas de Escurrido y Prensado"}]},{"@type":"WebSite","@id":"https:\/\/www.siprem.it\/es\/#website","url":"https:\/\/www.siprem.it\/es\/","name":"Impianti per la vinificazione - Siprem International Spa","description":"Pressatura Soffice per vini di qualit\u00e0","publisher":{"@id":"https:\/\/www.siprem.it\/es\/#organization"},"potentialAction":[{"@type":"SearchAction","target":{"@type":"EntryPoint","urlTemplate":"https:\/\/www.siprem.it\/es\/?s={search_term_string}"},"query-input":"required name=search_term_string"}],"inLanguage":"es"},{"@type":"Organization","@id":"https:\/\/www.siprem.it\/es\/#organization","name":"Impianti per la vinificazione - Siprem International Spa","url":"https:\/\/www.siprem.it\/es\/","logo":{"@type":"ImageObject","inLanguage":"es","@id":"https:\/\/www.siprem.it\/es\/#\/schema\/logo\/image\/","url":"https:\/\/www.siprem.it\/wp-content\/uploads\/2023\/03\/LOGO_BACKEND2.png","contentUrl":"https:\/\/www.siprem.it\/wp-content\/uploads\/2023\/03\/LOGO_BACKEND2.png","width":381,"height":167,"caption":"Impianti per la vinificazione - Siprem International Spa"},"image":{"@id":"https:\/\/www.siprem.it\/es\/#\/schema\/logo\/image\/"},"sameAs":["https:\/\/www.youtube.com\/channel\/UCw84hI8aGt0-S-05oMK1Z2g","https:\/\/www.linkedin.com\/company\/siprem-international-s.p.a\/"]}]}},"_links":{"self":[{"href":"https:\/\/www.siprem.it\/es\/wp-json\/wp\/v2\/product\/2282","targetHints":{"allow":["GET"]}}],"collection":[{"href":"https:\/\/www.siprem.it\/es\/wp-json\/wp\/v2\/product"}],"about":[{"href":"https:\/\/www.siprem.it\/es\/wp-json\/wp\/v2\/types\/product"}],"wp:featuredmedia":[{"embeddable":true,"href":"https:\/\/www.siprem.it\/es\/wp-json\/wp\/v2\/media\/1697"}],"wp:attachment":[{"href":"https:\/\/www.siprem.it\/es\/wp-json\/wp\/v2\/media?parent=2282"}],"wp:term":[{"taxonomy":"product_cat","embeddable":true,"href":"https:\/\/www.siprem.it\/es\/wp-json\/wp\/v2\/product_cat?post=2282"},{"taxonomy":"product_tag","embeddable":true,"href":"https:\/\/www.siprem.it\/es\/wp-json\/wp\/v2\/product_tag?post=2282"}],"curies":[{"name":"wp","href":"https:\/\/api.w.org\/{rel}","templated":true}]}}