{"id":2279,"date":"2023-03-29T12:13:41","date_gmt":"2023-03-29T10:13:41","guid":{"rendered":"https:\/\/www.siprem.it\/prodotto\/sistemi-di-follatura\/"},"modified":"2023-06-23T12:03:10","modified_gmt":"2023-06-23T10:03:10","slug":"sistemas-de-bazuqueo","status":"publish","type":"product","link":"https:\/\/www.siprem.it\/es\/prodotto\/sistemas-de-bazuqueo\/","title":{"rendered":"Sistemas de Bazuqueo"},"content":{"rendered":"<p><strong>Pneumatic Fuller<\/strong><\/p>\n<div id=\"scheda_1687514524_13014\" class=\"scheda generico\">\n<div class=\"contentuto\">\n<p>Bazuqueador neum\u00e1tico para la inmersi\u00f3n suave del manto de orujo. Pist\u00f3n neum\u00e1tico de acero inoxidable con juntas de estanquidad de material para uso alimentario, amplio plato redondo con aletas m\u00f3viles de acero inoxidable y protecci\u00f3n perimetral de tefl\u00f3n. Aplicado con junta articulada de un carro, que se desplaza por una v\u00eda a\u00e9rea tipo gr\u00faa-puente, lineal o de anillo cerrado. Se realizan instalaciones personalizadas manuales y autom\u00e1ticas.<\/p>\n<\/div>\n<\/div>\n","protected":false},"excerpt":{"rendered":"<p>Bazuqueador neum\u00e1tico para la inmersi\u00f3n suave del manto de orujo.<\/p>\n","protected":false},"featured_media":1738,"template":"","meta":{"_acf_changed":false,"_et_pb_use_builder":"","_et_pb_old_content":"","_et_gb_content_width":""},"product_cat":[84],"product_tag":[],"class_list":{"0":"post-2279","1":"product","2":"type-product","3":"status-publish","4":"has-post-thumbnail","6":"product_cat-vinificacion","8":"first","9":"instock","10":"shipping-taxable","11":"product-type-simple"},"acf":[],"yoast_head":"<!-- This site is optimized with the Yoast SEO plugin v22.4 - https:\/\/yoast.com\/wordpress\/plugins\/seo\/ -->\n<title>Sistemas de Bazuqueo - Impianti per la vinificazione - Siprem International Spa<\/title>\n<meta name=\"robots\" content=\"index, follow, max-snippet:-1, max-image-preview:large, max-video-preview:-1\" \/>\n<link rel=\"canonical\" href=\"https:\/\/www.siprem.it\/es\/prodotto\/sistemas-de-bazuqueo\/\" \/>\n<meta property=\"og:locale\" content=\"es_ES\" \/>\n<meta property=\"og:type\" content=\"article\" \/>\n<meta property=\"og:title\" content=\"Sistemas de Bazuqueo - Impianti per la vinificazione - Siprem International Spa\" \/>\n<meta property=\"og:description\" content=\"Bazuqueador neum\u00e1tico para la inmersi\u00f3n suave del manto de orujo.\" \/>\n<meta property=\"og:site_name\" content=\"Impianti per la vinificazione - Siprem International Spa\" \/>\n<meta property=\"article:modified_time\" content=\"2023-06-23T10:03:10+00:00\" \/>\n<meta property=\"og:image\" content=\"https:\/\/www.siprem.it\/wp-content\/uploads\/2023\/03\/Follatore-carrellato-FC001-1024x479-1.jpg\" \/>\n\t<meta property=\"og:image:width\" content=\"1024\" \/>\n\t<meta property=\"og:image:height\" content=\"479\" \/>\n\t<meta property=\"og:image:type\" content=\"image\/jpeg\" \/>\n<meta name=\"twitter:card\" content=\"summary_large_image\" \/>\n<script type=\"application\/ld+json\" class=\"yoast-schema-graph\">{\"@context\":\"https:\/\/schema.org\",\"@graph\":[{\"@type\":\"WebPage\",\"@id\":\"https:\/\/www.siprem.it\/es\/prodotto\/sistemas-de-bazuqueo\/\",\"url\":\"https:\/\/www.siprem.it\/es\/prodotto\/sistemas-de-bazuqueo\/\",\"name\":\"Sistemas de Bazuqueo - Impianti per la vinificazione - Siprem International Spa\",\"isPartOf\":{\"@id\":\"https:\/\/www.siprem.it\/es\/#website\"},\"primaryImageOfPage\":{\"@id\":\"https:\/\/www.siprem.it\/es\/prodotto\/sistemas-de-bazuqueo\/#primaryimage\"},\"image\":{\"@id\":\"https:\/\/www.siprem.it\/es\/prodotto\/sistemas-de-bazuqueo\/#primaryimage\"},\"thumbnailUrl\":\"https:\/\/www.siprem.it\/wp-content\/uploads\/2023\/03\/Follatore-carrellato-FC001-1024x479-1.jpg\",\"datePublished\":\"2023-03-29T10:13:41+00:00\",\"dateModified\":\"2023-06-23T10:03:10+00:00\",\"breadcrumb\":{\"@id\":\"https:\/\/www.siprem.it\/es\/prodotto\/sistemas-de-bazuqueo\/#breadcrumb\"},\"inLanguage\":\"es\",\"potentialAction\":[{\"@type\":\"ReadAction\",\"target\":[\"https:\/\/www.siprem.it\/es\/prodotto\/sistemas-de-bazuqueo\/\"]}]},{\"@type\":\"ImageObject\",\"inLanguage\":\"es\",\"@id\":\"https:\/\/www.siprem.it\/es\/prodotto\/sistemas-de-bazuqueo\/#primaryimage\",\"url\":\"https:\/\/www.siprem.it\/wp-content\/uploads\/2023\/03\/Follatore-carrellato-FC001-1024x479-1.jpg\",\"contentUrl\":\"https:\/\/www.siprem.it\/wp-content\/uploads\/2023\/03\/Follatore-carrellato-FC001-1024x479-1.jpg\",\"width\":1024,\"height\":479,\"caption\":\"Follatore-carrellato\"},{\"@type\":\"BreadcrumbList\",\"@id\":\"https:\/\/www.siprem.it\/es\/prodotto\/sistemas-de-bazuqueo\/#breadcrumb\",\"itemListElement\":[{\"@type\":\"ListItem\",\"position\":1,\"name\":\"Home\",\"item\":\"https:\/\/www.siprem.it\/es\/\"},{\"@type\":\"ListItem\",\"position\":2,\"name\":\"Productos\",\"item\":\"https:\/\/www.siprem.it\/es\/shop\/\"},{\"@type\":\"ListItem\",\"position\":3,\"name\":\"Sistemas de Bazuqueo\"}]},{\"@type\":\"WebSite\",\"@id\":\"https:\/\/www.siprem.it\/es\/#website\",\"url\":\"https:\/\/www.siprem.it\/es\/\",\"name\":\"Impianti per la vinificazione - Siprem International Spa\",\"description\":\"Pressatura Soffice per vini di qualit\u00e0\",\"publisher\":{\"@id\":\"https:\/\/www.siprem.it\/es\/#organization\"},\"potentialAction\":[{\"@type\":\"SearchAction\",\"target\":{\"@type\":\"EntryPoint\",\"urlTemplate\":\"https:\/\/www.siprem.it\/es\/?s={search_term_string}\"},\"query-input\":\"required name=search_term_string\"}],\"inLanguage\":\"es\"},{\"@type\":\"Organization\",\"@id\":\"https:\/\/www.siprem.it\/es\/#organization\",\"name\":\"Impianti per la vinificazione - Siprem International Spa\",\"url\":\"https:\/\/www.siprem.it\/es\/\",\"logo\":{\"@type\":\"ImageObject\",\"inLanguage\":\"es\",\"@id\":\"https:\/\/www.siprem.it\/es\/#\/schema\/logo\/image\/\",\"url\":\"https:\/\/www.siprem.it\/wp-content\/uploads\/2023\/03\/LOGO_BACKEND2.png\",\"contentUrl\":\"https:\/\/www.siprem.it\/wp-content\/uploads\/2023\/03\/LOGO_BACKEND2.png\",\"width\":381,\"height\":167,\"caption\":\"Impianti per la vinificazione - Siprem International Spa\"},\"image\":{\"@id\":\"https:\/\/www.siprem.it\/es\/#\/schema\/logo\/image\/\"},\"sameAs\":[\"https:\/\/www.youtube.com\/channel\/UCw84hI8aGt0-S-05oMK1Z2g\",\"https:\/\/www.linkedin.com\/company\/siprem-international-s.p.a\/\"]}]}<\/script>\n<!-- \/ Yoast SEO plugin. -->","yoast_head_json":{"title":"Sistemas de Bazuqueo - Impianti per la vinificazione - Siprem International Spa","robots":{"index":"index","follow":"follow","max-snippet":"max-snippet:-1","max-image-preview":"max-image-preview:large","max-video-preview":"max-video-preview:-1"},"canonical":"https:\/\/www.siprem.it\/es\/prodotto\/sistemas-de-bazuqueo\/","og_locale":"es_ES","og_type":"article","og_title":"Sistemas de Bazuqueo - Impianti per la vinificazione - Siprem International Spa","og_description":"Bazuqueador neum\u00e1tico para la inmersi\u00f3n suave del manto de orujo.","og_site_name":"Impianti per la vinificazione - Siprem International Spa","article_modified_time":"2023-06-23T10:03:10+00:00","og_image":[{"width":1024,"height":479,"url":"https:\/\/www.siprem.it\/wp-content\/uploads\/2023\/03\/Follatore-carrellato-FC001-1024x479-1.jpg","type":"image\/jpeg"}],"twitter_card":"summary_large_image","schema":{"@context":"https:\/\/schema.org","@graph":[{"@type":"WebPage","@id":"https:\/\/www.siprem.it\/es\/prodotto\/sistemas-de-bazuqueo\/","url":"https:\/\/www.siprem.it\/es\/prodotto\/sistemas-de-bazuqueo\/","name":"Sistemas de Bazuqueo - Impianti per la vinificazione - Siprem International Spa","isPartOf":{"@id":"https:\/\/www.siprem.it\/es\/#website"},"primaryImageOfPage":{"@id":"https:\/\/www.siprem.it\/es\/prodotto\/sistemas-de-bazuqueo\/#primaryimage"},"image":{"@id":"https:\/\/www.siprem.it\/es\/prodotto\/sistemas-de-bazuqueo\/#primaryimage"},"thumbnailUrl":"https:\/\/www.siprem.it\/wp-content\/uploads\/2023\/03\/Follatore-carrellato-FC001-1024x479-1.jpg","datePublished":"2023-03-29T10:13:41+00:00","dateModified":"2023-06-23T10:03:10+00:00","breadcrumb":{"@id":"https:\/\/www.siprem.it\/es\/prodotto\/sistemas-de-bazuqueo\/#breadcrumb"},"inLanguage":"es","potentialAction":[{"@type":"ReadAction","target":["https:\/\/www.siprem.it\/es\/prodotto\/sistemas-de-bazuqueo\/"]}]},{"@type":"ImageObject","inLanguage":"es","@id":"https:\/\/www.siprem.it\/es\/prodotto\/sistemas-de-bazuqueo\/#primaryimage","url":"https:\/\/www.siprem.it\/wp-content\/uploads\/2023\/03\/Follatore-carrellato-FC001-1024x479-1.jpg","contentUrl":"https:\/\/www.siprem.it\/wp-content\/uploads\/2023\/03\/Follatore-carrellato-FC001-1024x479-1.jpg","width":1024,"height":479,"caption":"Follatore-carrellato"},{"@type":"BreadcrumbList","@id":"https:\/\/www.siprem.it\/es\/prodotto\/sistemas-de-bazuqueo\/#breadcrumb","itemListElement":[{"@type":"ListItem","position":1,"name":"Home","item":"https:\/\/www.siprem.it\/es\/"},{"@type":"ListItem","position":2,"name":"Productos","item":"https:\/\/www.siprem.it\/es\/shop\/"},{"@type":"ListItem","position":3,"name":"Sistemas de Bazuqueo"}]},{"@type":"WebSite","@id":"https:\/\/www.siprem.it\/es\/#website","url":"https:\/\/www.siprem.it\/es\/","name":"Impianti per la vinificazione - Siprem International Spa","description":"Pressatura Soffice per vini di qualit\u00e0","publisher":{"@id":"https:\/\/www.siprem.it\/es\/#organization"},"potentialAction":[{"@type":"SearchAction","target":{"@type":"EntryPoint","urlTemplate":"https:\/\/www.siprem.it\/es\/?s={search_term_string}"},"query-input":"required name=search_term_string"}],"inLanguage":"es"},{"@type":"Organization","@id":"https:\/\/www.siprem.it\/es\/#organization","name":"Impianti per la vinificazione - Siprem International Spa","url":"https:\/\/www.siprem.it\/es\/","logo":{"@type":"ImageObject","inLanguage":"es","@id":"https:\/\/www.siprem.it\/es\/#\/schema\/logo\/image\/","url":"https:\/\/www.siprem.it\/wp-content\/uploads\/2023\/03\/LOGO_BACKEND2.png","contentUrl":"https:\/\/www.siprem.it\/wp-content\/uploads\/2023\/03\/LOGO_BACKEND2.png","width":381,"height":167,"caption":"Impianti per la vinificazione - Siprem International Spa"},"image":{"@id":"https:\/\/www.siprem.it\/es\/#\/schema\/logo\/image\/"},"sameAs":["https:\/\/www.youtube.com\/channel\/UCw84hI8aGt0-S-05oMK1Z2g","https:\/\/www.linkedin.com\/company\/siprem-international-s.p.a\/"]}]}},"_links":{"self":[{"href":"https:\/\/www.siprem.it\/es\/wp-json\/wp\/v2\/product\/2279","targetHints":{"allow":["GET"]}}],"collection":[{"href":"https:\/\/www.siprem.it\/es\/wp-json\/wp\/v2\/product"}],"about":[{"href":"https:\/\/www.siprem.it\/es\/wp-json\/wp\/v2\/types\/product"}],"wp:featuredmedia":[{"embeddable":true,"href":"https:\/\/www.siprem.it\/es\/wp-json\/wp\/v2\/media\/1738"}],"wp:attachment":[{"href":"https:\/\/www.siprem.it\/es\/wp-json\/wp\/v2\/media?parent=2279"}],"wp:term":[{"taxonomy":"product_cat","embeddable":true,"href":"https:\/\/www.siprem.it\/es\/wp-json\/wp\/v2\/product_cat?post=2279"},{"taxonomy":"product_tag","embeddable":true,"href":"https:\/\/www.siprem.it\/es\/wp-json\/wp\/v2\/product_tag?post=2279"}],"curies":[{"name":"wp","href":"https:\/\/api.w.org\/{rel}","templated":true}]}}