{"id":2274,"date":"2023-03-29T12:24:08","date_gmt":"2023-03-29T10:24:08","guid":{"rendered":"https:\/\/www.siprem.it\/prodotto\/lavabarriques-manuali-con-aspirazione\/"},"modified":"2023-06-23T11:56:44","modified_gmt":"2023-06-23T09:56:44","slug":"lavabarricas-manuales-con-aspiracion","status":"publish","type":"product","link":"https:\/\/www.siprem.it\/es\/prodotto\/lavabarricas-manuales-con-aspiracion\/","title":{"rendered":"Lavabarricas Manuales con Aspiraci\u00f3n"},"content":{"rendered":"<p>Lanzas de lavado con aspiraci\u00f3n simult\u00e1nea del agua residual.<\/p>\n<p>Permiten el lavado de las barricas con agua a presi\u00f3n caliente y\/o fr\u00eda sin necesidad de desplazarlas. Con la ayuda del agua a presi\u00f3n suministrada por una hidrolimpiadora normal y de un sistema de inyecci\u00f3n integrado\u00a0en la m\u00e1quina,\u00a0si\u00a0crea\u00a0un\u00a0efecto de vac\u00edo que permite la completa\u00a0aspiraci\u00f3n del agua residual (v\u00e1lvula cerrada), o mantener bajo el nivel de agua dentro de la barrica (v\u00e1lvula abierta).<br \/>\nCabezal de lavado de rotaci\u00f3n tridimensional con dos boquillas contrapuestas para alcanzar todas las esquinas de la barrica.\u00a0 Accionamiento con\u00a0 motor\u00a0el\u00e9ctrico.<\/p>\n","protected":false},"excerpt":{"rendered":"<p>Cabezal de lavado de rotaci\u00f3n tridimensional con dos boquillas contrapuestas para alcanzar todas las esquinas de la barrica.\u00a0 Accionamiento con\u00a0 motor\u00a0el\u00e9ctrico.<\/p>\n","protected":false},"featured_media":1777,"template":"","meta":{"_acf_changed":false,"_et_pb_use_builder":"","_et_pb_old_content":"","_et_gb_content_width":""},"product_cat":[85],"product_tag":[],"class_list":{"0":"post-2274","1":"product","2":"type-product","3":"status-publish","4":"has-post-thumbnail","6":"product_cat-sistemas-de-lavado-y-desinfeccion","8":"first","9":"instock","10":"shipping-taxable","11":"product-type-simple"},"acf":[],"yoast_head":"<!-- This site is optimized with the Yoast SEO plugin v22.4 - https:\/\/yoast.com\/wordpress\/plugins\/seo\/ -->\n<title>Lavabarricas Manuales con Aspiraci\u00f3n - Impianti per la vinificazione - Siprem International Spa<\/title>\n<meta name=\"robots\" content=\"index, follow, max-snippet:-1, max-image-preview:large, max-video-preview:-1\" \/>\n<link rel=\"canonical\" href=\"https:\/\/www.siprem.it\/es\/prodotto\/lavabarricas-manuales-con-aspiracion\/\" \/>\n<meta property=\"og:locale\" content=\"es_ES\" \/>\n<meta property=\"og:type\" content=\"article\" \/>\n<meta property=\"og:title\" content=\"Lavabarricas Manuales con Aspiraci\u00f3n - Impianti per la vinificazione - Siprem International Spa\" \/>\n<meta property=\"og:description\" content=\"Cabezal de lavado de rotaci\u00f3n tridimensional con dos boquillas contrapuestas para alcanzar todas las esquinas de la barrica.\u00a0 Accionamiento con\u00a0 motor\u00a0el\u00e9ctrico.\" \/>\n<meta property=\"og:site_name\" content=\"Impianti per la vinificazione - Siprem International Spa\" \/>\n<meta property=\"article:modified_time\" content=\"2023-06-23T09:56:44+00:00\" \/>\n<meta property=\"og:image\" content=\"https:\/\/www.siprem.it\/wp-content\/uploads\/2023\/03\/Rotoklin_0_2015_in_barr.png\" \/>\n\t<meta property=\"og:image:width\" content=\"800\" \/>\n\t<meta property=\"og:image:height\" content=\"456\" \/>\n\t<meta property=\"og:image:type\" content=\"image\/png\" \/>\n<meta name=\"twitter:card\" content=\"summary_large_image\" \/>\n<meta name=\"twitter:label1\" content=\"Tiempo de lectura\" \/>\n\t<meta name=\"twitter:data1\" content=\"1 minuto\" \/>\n<script type=\"application\/ld+json\" class=\"yoast-schema-graph\">{\"@context\":\"https:\/\/schema.org\",\"@graph\":[{\"@type\":\"WebPage\",\"@id\":\"https:\/\/www.siprem.it\/es\/prodotto\/lavabarricas-manuales-con-aspiracion\/\",\"url\":\"https:\/\/www.siprem.it\/es\/prodotto\/lavabarricas-manuales-con-aspiracion\/\",\"name\":\"Lavabarricas Manuales con Aspiraci\u00f3n - Impianti per la vinificazione - Siprem International Spa\",\"isPartOf\":{\"@id\":\"https:\/\/www.siprem.it\/es\/#website\"},\"primaryImageOfPage\":{\"@id\":\"https:\/\/www.siprem.it\/es\/prodotto\/lavabarricas-manuales-con-aspiracion\/#primaryimage\"},\"image\":{\"@id\":\"https:\/\/www.siprem.it\/es\/prodotto\/lavabarricas-manuales-con-aspiracion\/#primaryimage\"},\"thumbnailUrl\":\"https:\/\/www.siprem.it\/wp-content\/uploads\/2023\/03\/Rotoklin_0_2015_in_barr.png\",\"datePublished\":\"2023-03-29T10:24:08+00:00\",\"dateModified\":\"2023-06-23T09:56:44+00:00\",\"breadcrumb\":{\"@id\":\"https:\/\/www.siprem.it\/es\/prodotto\/lavabarricas-manuales-con-aspiracion\/#breadcrumb\"},\"inLanguage\":\"es\",\"potentialAction\":[{\"@type\":\"ReadAction\",\"target\":[\"https:\/\/www.siprem.it\/es\/prodotto\/lavabarricas-manuales-con-aspiracion\/\"]}]},{\"@type\":\"ImageObject\",\"inLanguage\":\"es\",\"@id\":\"https:\/\/www.siprem.it\/es\/prodotto\/lavabarricas-manuales-con-aspiracion\/#primaryimage\",\"url\":\"https:\/\/www.siprem.it\/wp-content\/uploads\/2023\/03\/Rotoklin_0_2015_in_barr.png\",\"contentUrl\":\"https:\/\/www.siprem.it\/wp-content\/uploads\/2023\/03\/Rotoklin_0_2015_in_barr.png\",\"width\":800,\"height\":456,\"caption\":\"Lavabarriques Manuali Con Aspirazione\"},{\"@type\":\"BreadcrumbList\",\"@id\":\"https:\/\/www.siprem.it\/es\/prodotto\/lavabarricas-manuales-con-aspiracion\/#breadcrumb\",\"itemListElement\":[{\"@type\":\"ListItem\",\"position\":1,\"name\":\"Home\",\"item\":\"https:\/\/www.siprem.it\/es\/\"},{\"@type\":\"ListItem\",\"position\":2,\"name\":\"Productos\",\"item\":\"https:\/\/www.siprem.it\/es\/shop\/\"},{\"@type\":\"ListItem\",\"position\":3,\"name\":\"Lavabarricas Manuales con Aspiraci\u00f3n\"}]},{\"@type\":\"WebSite\",\"@id\":\"https:\/\/www.siprem.it\/es\/#website\",\"url\":\"https:\/\/www.siprem.it\/es\/\",\"name\":\"Impianti per la vinificazione - Siprem International Spa\",\"description\":\"Pressatura Soffice per vini di qualit\u00e0\",\"publisher\":{\"@id\":\"https:\/\/www.siprem.it\/es\/#organization\"},\"potentialAction\":[{\"@type\":\"SearchAction\",\"target\":{\"@type\":\"EntryPoint\",\"urlTemplate\":\"https:\/\/www.siprem.it\/es\/?s={search_term_string}\"},\"query-input\":\"required name=search_term_string\"}],\"inLanguage\":\"es\"},{\"@type\":\"Organization\",\"@id\":\"https:\/\/www.siprem.it\/es\/#organization\",\"name\":\"Impianti per la vinificazione - Siprem International Spa\",\"url\":\"https:\/\/www.siprem.it\/es\/\",\"logo\":{\"@type\":\"ImageObject\",\"inLanguage\":\"es\",\"@id\":\"https:\/\/www.siprem.it\/es\/#\/schema\/logo\/image\/\",\"url\":\"https:\/\/www.siprem.it\/wp-content\/uploads\/2023\/03\/LOGO_BACKEND2.png\",\"contentUrl\":\"https:\/\/www.siprem.it\/wp-content\/uploads\/2023\/03\/LOGO_BACKEND2.png\",\"width\":381,\"height\":167,\"caption\":\"Impianti per la vinificazione - Siprem International Spa\"},\"image\":{\"@id\":\"https:\/\/www.siprem.it\/es\/#\/schema\/logo\/image\/\"},\"sameAs\":[\"https:\/\/www.youtube.com\/channel\/UCw84hI8aGt0-S-05oMK1Z2g\",\"https:\/\/www.linkedin.com\/company\/siprem-international-s.p.a\/\"]}]}<\/script>\n<!-- \/ Yoast SEO plugin. -->","yoast_head_json":{"title":"Lavabarricas Manuales con Aspiraci\u00f3n - Impianti per la vinificazione - Siprem International Spa","robots":{"index":"index","follow":"follow","max-snippet":"max-snippet:-1","max-image-preview":"max-image-preview:large","max-video-preview":"max-video-preview:-1"},"canonical":"https:\/\/www.siprem.it\/es\/prodotto\/lavabarricas-manuales-con-aspiracion\/","og_locale":"es_ES","og_type":"article","og_title":"Lavabarricas Manuales con Aspiraci\u00f3n - Impianti per la vinificazione - Siprem International Spa","og_description":"Cabezal de lavado de rotaci\u00f3n tridimensional con dos boquillas contrapuestas para alcanzar todas las esquinas de la barrica.\u00a0 Accionamiento con\u00a0 motor\u00a0el\u00e9ctrico.","og_site_name":"Impianti per la vinificazione - Siprem International Spa","article_modified_time":"2023-06-23T09:56:44+00:00","og_image":[{"width":800,"height":456,"url":"https:\/\/www.siprem.it\/wp-content\/uploads\/2023\/03\/Rotoklin_0_2015_in_barr.png","type":"image\/png"}],"twitter_card":"summary_large_image","twitter_misc":{"Tiempo de lectura":"1 minuto"},"schema":{"@context":"https:\/\/schema.org","@graph":[{"@type":"WebPage","@id":"https:\/\/www.siprem.it\/es\/prodotto\/lavabarricas-manuales-con-aspiracion\/","url":"https:\/\/www.siprem.it\/es\/prodotto\/lavabarricas-manuales-con-aspiracion\/","name":"Lavabarricas Manuales con Aspiraci\u00f3n - Impianti per la vinificazione - Siprem International Spa","isPartOf":{"@id":"https:\/\/www.siprem.it\/es\/#website"},"primaryImageOfPage":{"@id":"https:\/\/www.siprem.it\/es\/prodotto\/lavabarricas-manuales-con-aspiracion\/#primaryimage"},"image":{"@id":"https:\/\/www.siprem.it\/es\/prodotto\/lavabarricas-manuales-con-aspiracion\/#primaryimage"},"thumbnailUrl":"https:\/\/www.siprem.it\/wp-content\/uploads\/2023\/03\/Rotoklin_0_2015_in_barr.png","datePublished":"2023-03-29T10:24:08+00:00","dateModified":"2023-06-23T09:56:44+00:00","breadcrumb":{"@id":"https:\/\/www.siprem.it\/es\/prodotto\/lavabarricas-manuales-con-aspiracion\/#breadcrumb"},"inLanguage":"es","potentialAction":[{"@type":"ReadAction","target":["https:\/\/www.siprem.it\/es\/prodotto\/lavabarricas-manuales-con-aspiracion\/"]}]},{"@type":"ImageObject","inLanguage":"es","@id":"https:\/\/www.siprem.it\/es\/prodotto\/lavabarricas-manuales-con-aspiracion\/#primaryimage","url":"https:\/\/www.siprem.it\/wp-content\/uploads\/2023\/03\/Rotoklin_0_2015_in_barr.png","contentUrl":"https:\/\/www.siprem.it\/wp-content\/uploads\/2023\/03\/Rotoklin_0_2015_in_barr.png","width":800,"height":456,"caption":"Lavabarriques Manuali Con Aspirazione"},{"@type":"BreadcrumbList","@id":"https:\/\/www.siprem.it\/es\/prodotto\/lavabarricas-manuales-con-aspiracion\/#breadcrumb","itemListElement":[{"@type":"ListItem","position":1,"name":"Home","item":"https:\/\/www.siprem.it\/es\/"},{"@type":"ListItem","position":2,"name":"Productos","item":"https:\/\/www.siprem.it\/es\/shop\/"},{"@type":"ListItem","position":3,"name":"Lavabarricas Manuales con Aspiraci\u00f3n"}]},{"@type":"WebSite","@id":"https:\/\/www.siprem.it\/es\/#website","url":"https:\/\/www.siprem.it\/es\/","name":"Impianti per la vinificazione - Siprem International Spa","description":"Pressatura Soffice per vini di qualit\u00e0","publisher":{"@id":"https:\/\/www.siprem.it\/es\/#organization"},"potentialAction":[{"@type":"SearchAction","target":{"@type":"EntryPoint","urlTemplate":"https:\/\/www.siprem.it\/es\/?s={search_term_string}"},"query-input":"required name=search_term_string"}],"inLanguage":"es"},{"@type":"Organization","@id":"https:\/\/www.siprem.it\/es\/#organization","name":"Impianti per la vinificazione - Siprem International Spa","url":"https:\/\/www.siprem.it\/es\/","logo":{"@type":"ImageObject","inLanguage":"es","@id":"https:\/\/www.siprem.it\/es\/#\/schema\/logo\/image\/","url":"https:\/\/www.siprem.it\/wp-content\/uploads\/2023\/03\/LOGO_BACKEND2.png","contentUrl":"https:\/\/www.siprem.it\/wp-content\/uploads\/2023\/03\/LOGO_BACKEND2.png","width":381,"height":167,"caption":"Impianti per la vinificazione - Siprem International Spa"},"image":{"@id":"https:\/\/www.siprem.it\/es\/#\/schema\/logo\/image\/"},"sameAs":["https:\/\/www.youtube.com\/channel\/UCw84hI8aGt0-S-05oMK1Z2g","https:\/\/www.linkedin.com\/company\/siprem-international-s.p.a\/"]}]}},"_links":{"self":[{"href":"https:\/\/www.siprem.it\/es\/wp-json\/wp\/v2\/product\/2274","targetHints":{"allow":["GET"]}}],"collection":[{"href":"https:\/\/www.siprem.it\/es\/wp-json\/wp\/v2\/product"}],"about":[{"href":"https:\/\/www.siprem.it\/es\/wp-json\/wp\/v2\/types\/product"}],"wp:featuredmedia":[{"embeddable":true,"href":"https:\/\/www.siprem.it\/es\/wp-json\/wp\/v2\/media\/1777"}],"wp:attachment":[{"href":"https:\/\/www.siprem.it\/es\/wp-json\/wp\/v2\/media?parent=2274"}],"wp:term":[{"taxonomy":"product_cat","embeddable":true,"href":"https:\/\/www.siprem.it\/es\/wp-json\/wp\/v2\/product_cat?post=2274"},{"taxonomy":"product_tag","embeddable":true,"href":"https:\/\/www.siprem.it\/es\/wp-json\/wp\/v2\/product_tag?post=2274"}],"curies":[{"name":"wp","href":"https:\/\/api.w.org\/{rel}","templated":true}]}}