{"id":2269,"date":"2023-03-29T12:39:42","date_gmt":"2023-03-29T10:39:42","guid":{"rendered":"https:\/\/www.siprem.it\/prodotto\/lavaggio-botti-e-serbatoi-inox\/"},"modified":"2023-06-23T11:48:12","modified_gmt":"2023-06-23T09:48:12","slug":"lavado-de-toneles-y-depositos-de-acero-inoxidable","status":"publish","type":"product","link":"https:\/\/www.siprem.it\/es\/prodotto\/lavado-de-toneles-y-depositos-de-acero-inoxidable\/","title":{"rendered":"Lavado de Toneles y Dep\u00f3sitos de Acero Inoxidable"},"content":{"rendered":"<p>Lanzas de lavado de alta presi\u00f3n para toneles, cubas y recipientes en general. Posibilidad de introducci\u00f3n por arriba, por delante mediante una falsa puerta con dispositivo de sost\u00e9n y regulaci\u00f3n de la lanza, introducida y fijada a trav\u00e9s de un racor preparado en la pared, o bien completamente\u00a0en el interior,\u00a0mantenida en suspensi\u00f3n por un cable de acero.<\/p>\n<div id=\"scheda_1680086063_29600\" class=\"scheda generico\">\n<div class=\"contentuto\">\n<p>Cabezales de lavado de diferentes formas, dimensiones y caracter\u00edsticas seg\u00fan el dep\u00f3sito que deba lavarse.<\/p>\n<\/div>\n<\/div>\n<div id=\"scheda_1680086063_10180\" class=\"scheda generico\">\n<div class=\"contentuto\">\n<div id=\"gallery_shortcode_1680086063_92318\" class=\"gallery_shortcode\">\n<div class=\"row\">\n<div class=\"cell col-xs-12 col-sm-6 col-md-6 col-lg-6\">\n<div class=\"tile\">\n<div class=\"display\">\n<div class=\"stretch_aspect_ratio_aware portrait\"><\/div>\n<\/div>\n<\/div>\n<\/div>\n<\/div>\n<\/div>\n<\/div>\n<\/div>\n","protected":false},"excerpt":{"rendered":"<p>Lanzas de lavado de alta presi\u00f3n para toneles, cubas y recipientes en general. Posibilidad de introducci\u00f3n por arriba, por delante mediante una falsa puerta con dispositivo de sost\u00e9n y regulaci\u00f3n de la lanza, introducida y fijada a trav\u00e9s de un racor preparado en la pared, o bien completamente\u00a0en el interior,\u00a0mantenida en suspensi\u00f3n por un cable de acero.<\/p>\n","protected":false},"featured_media":1853,"template":"","meta":{"_acf_changed":false,"_et_pb_use_builder":"","_et_pb_old_content":"","_et_gb_content_width":""},"product_cat":[85],"product_tag":[],"class_list":{"0":"post-2269","1":"product","2":"type-product","3":"status-publish","4":"has-post-thumbnail","6":"product_cat-sistemas-de-lavado-y-desinfeccion","8":"first","9":"instock","10":"shipping-taxable","11":"product-type-simple"},"acf":[],"yoast_head":"<!-- This site is optimized with the Yoast SEO plugin v22.4 - https:\/\/yoast.com\/wordpress\/plugins\/seo\/ -->\n<title>Lavado de Toneles y Dep\u00f3sitos de Acero Inoxidable - Impianti per la vinificazione - Siprem International Spa<\/title>\n<meta name=\"robots\" content=\"index, follow, max-snippet:-1, max-image-preview:large, max-video-preview:-1\" \/>\n<link rel=\"canonical\" href=\"https:\/\/www.siprem.it\/es\/prodotto\/lavado-de-toneles-y-depositos-de-acero-inoxidable\/\" \/>\n<meta property=\"og:locale\" content=\"es_ES\" \/>\n<meta property=\"og:type\" content=\"article\" \/>\n<meta property=\"og:title\" content=\"Lavado de Toneles y Dep\u00f3sitos de Acero Inoxidable - Impianti per la vinificazione - Siprem International Spa\" \/>\n<meta property=\"og:description\" content=\"Lanzas de lavado de alta presi\u00f3n para toneles, cubas y recipientes en general. Posibilidad de introducci\u00f3n por arriba, por delante mediante una falsa puerta con dispositivo de sost\u00e9n y regulaci\u00f3n de la lanza, introducida y fijada a trav\u00e9s de un racor preparado en la pared, o bien completamente\u00a0en el interior,\u00a0mantenida en suspensi\u00f3n por un cable de acero.\" \/>\n<meta property=\"og:site_name\" content=\"Impianti per la vinificazione - Siprem International Spa\" \/>\n<meta property=\"article:modified_time\" content=\"2023-06-23T09:48:12+00:00\" \/>\n<meta property=\"og:image\" content=\"https:\/\/www.siprem.it\/wp-content\/uploads\/2023\/03\/lancia-ER_55-serbatoio-spaccato.jpg\" \/>\n\t<meta property=\"og:image:width\" content=\"411\" \/>\n\t<meta property=\"og:image:height\" content=\"645\" \/>\n\t<meta property=\"og:image:type\" content=\"image\/jpeg\" \/>\n<meta name=\"twitter:card\" content=\"summary_large_image\" \/>\n<script type=\"application\/ld+json\" class=\"yoast-schema-graph\">{\"@context\":\"https:\/\/schema.org\",\"@graph\":[{\"@type\":\"WebPage\",\"@id\":\"https:\/\/www.siprem.it\/es\/prodotto\/lavado-de-toneles-y-depositos-de-acero-inoxidable\/\",\"url\":\"https:\/\/www.siprem.it\/es\/prodotto\/lavado-de-toneles-y-depositos-de-acero-inoxidable\/\",\"name\":\"Lavado de Toneles y Dep\u00f3sitos de Acero Inoxidable - Impianti per la vinificazione - Siprem International Spa\",\"isPartOf\":{\"@id\":\"https:\/\/www.siprem.it\/es\/#website\"},\"primaryImageOfPage\":{\"@id\":\"https:\/\/www.siprem.it\/es\/prodotto\/lavado-de-toneles-y-depositos-de-acero-inoxidable\/#primaryimage\"},\"image\":{\"@id\":\"https:\/\/www.siprem.it\/es\/prodotto\/lavado-de-toneles-y-depositos-de-acero-inoxidable\/#primaryimage\"},\"thumbnailUrl\":\"https:\/\/www.siprem.it\/wp-content\/uploads\/2023\/03\/lancia-ER_55-serbatoio-spaccato.jpg\",\"datePublished\":\"2023-03-29T10:39:42+00:00\",\"dateModified\":\"2023-06-23T09:48:12+00:00\",\"breadcrumb\":{\"@id\":\"https:\/\/www.siprem.it\/es\/prodotto\/lavado-de-toneles-y-depositos-de-acero-inoxidable\/#breadcrumb\"},\"inLanguage\":\"es\",\"potentialAction\":[{\"@type\":\"ReadAction\",\"target\":[\"https:\/\/www.siprem.it\/es\/prodotto\/lavado-de-toneles-y-depositos-de-acero-inoxidable\/\"]}]},{\"@type\":\"ImageObject\",\"inLanguage\":\"es\",\"@id\":\"https:\/\/www.siprem.it\/es\/prodotto\/lavado-de-toneles-y-depositos-de-acero-inoxidable\/#primaryimage\",\"url\":\"https:\/\/www.siprem.it\/wp-content\/uploads\/2023\/03\/lancia-ER_55-serbatoio-spaccato.jpg\",\"contentUrl\":\"https:\/\/www.siprem.it\/wp-content\/uploads\/2023\/03\/lancia-ER_55-serbatoio-spaccato.jpg\",\"width\":411,\"height\":645,\"caption\":\"Lavaggio Botti e Serbatoi Inox\"},{\"@type\":\"BreadcrumbList\",\"@id\":\"https:\/\/www.siprem.it\/es\/prodotto\/lavado-de-toneles-y-depositos-de-acero-inoxidable\/#breadcrumb\",\"itemListElement\":[{\"@type\":\"ListItem\",\"position\":1,\"name\":\"Home\",\"item\":\"https:\/\/www.siprem.it\/es\/\"},{\"@type\":\"ListItem\",\"position\":2,\"name\":\"Productos\",\"item\":\"https:\/\/www.siprem.it\/es\/shop\/\"},{\"@type\":\"ListItem\",\"position\":3,\"name\":\"Lavado de Toneles y Dep\u00f3sitos de Acero Inoxidable\"}]},{\"@type\":\"WebSite\",\"@id\":\"https:\/\/www.siprem.it\/es\/#website\",\"url\":\"https:\/\/www.siprem.it\/es\/\",\"name\":\"Impianti per la vinificazione - Siprem International Spa\",\"description\":\"Pressatura Soffice per vini di qualit\u00e0\",\"publisher\":{\"@id\":\"https:\/\/www.siprem.it\/es\/#organization\"},\"potentialAction\":[{\"@type\":\"SearchAction\",\"target\":{\"@type\":\"EntryPoint\",\"urlTemplate\":\"https:\/\/www.siprem.it\/es\/?s={search_term_string}\"},\"query-input\":\"required name=search_term_string\"}],\"inLanguage\":\"es\"},{\"@type\":\"Organization\",\"@id\":\"https:\/\/www.siprem.it\/es\/#organization\",\"name\":\"Impianti per la vinificazione - Siprem International Spa\",\"url\":\"https:\/\/www.siprem.it\/es\/\",\"logo\":{\"@type\":\"ImageObject\",\"inLanguage\":\"es\",\"@id\":\"https:\/\/www.siprem.it\/es\/#\/schema\/logo\/image\/\",\"url\":\"https:\/\/www.siprem.it\/wp-content\/uploads\/2023\/03\/LOGO_BACKEND2.png\",\"contentUrl\":\"https:\/\/www.siprem.it\/wp-content\/uploads\/2023\/03\/LOGO_BACKEND2.png\",\"width\":381,\"height\":167,\"caption\":\"Impianti per la vinificazione - Siprem International Spa\"},\"image\":{\"@id\":\"https:\/\/www.siprem.it\/es\/#\/schema\/logo\/image\/\"},\"sameAs\":[\"https:\/\/www.youtube.com\/channel\/UCw84hI8aGt0-S-05oMK1Z2g\",\"https:\/\/www.linkedin.com\/company\/siprem-international-s.p.a\/\"]}]}<\/script>\n<!-- \/ Yoast SEO plugin. -->","yoast_head_json":{"title":"Lavado de Toneles y Dep\u00f3sitos de Acero Inoxidable - Impianti per la vinificazione - Siprem International Spa","robots":{"index":"index","follow":"follow","max-snippet":"max-snippet:-1","max-image-preview":"max-image-preview:large","max-video-preview":"max-video-preview:-1"},"canonical":"https:\/\/www.siprem.it\/es\/prodotto\/lavado-de-toneles-y-depositos-de-acero-inoxidable\/","og_locale":"es_ES","og_type":"article","og_title":"Lavado de Toneles y Dep\u00f3sitos de Acero Inoxidable - Impianti per la vinificazione - Siprem International Spa","og_description":"Lanzas de lavado de alta presi\u00f3n para toneles, cubas y recipientes en general. Posibilidad de introducci\u00f3n por arriba, por delante mediante una falsa puerta con dispositivo de sost\u00e9n y regulaci\u00f3n de la lanza, introducida y fijada a trav\u00e9s de un racor preparado en la pared, o bien completamente\u00a0en el interior,\u00a0mantenida en suspensi\u00f3n por un cable de acero.","og_site_name":"Impianti per la vinificazione - Siprem International Spa","article_modified_time":"2023-06-23T09:48:12+00:00","og_image":[{"width":411,"height":645,"url":"https:\/\/www.siprem.it\/wp-content\/uploads\/2023\/03\/lancia-ER_55-serbatoio-spaccato.jpg","type":"image\/jpeg"}],"twitter_card":"summary_large_image","schema":{"@context":"https:\/\/schema.org","@graph":[{"@type":"WebPage","@id":"https:\/\/www.siprem.it\/es\/prodotto\/lavado-de-toneles-y-depositos-de-acero-inoxidable\/","url":"https:\/\/www.siprem.it\/es\/prodotto\/lavado-de-toneles-y-depositos-de-acero-inoxidable\/","name":"Lavado de Toneles y Dep\u00f3sitos de Acero Inoxidable - Impianti per la vinificazione - Siprem International Spa","isPartOf":{"@id":"https:\/\/www.siprem.it\/es\/#website"},"primaryImageOfPage":{"@id":"https:\/\/www.siprem.it\/es\/prodotto\/lavado-de-toneles-y-depositos-de-acero-inoxidable\/#primaryimage"},"image":{"@id":"https:\/\/www.siprem.it\/es\/prodotto\/lavado-de-toneles-y-depositos-de-acero-inoxidable\/#primaryimage"},"thumbnailUrl":"https:\/\/www.siprem.it\/wp-content\/uploads\/2023\/03\/lancia-ER_55-serbatoio-spaccato.jpg","datePublished":"2023-03-29T10:39:42+00:00","dateModified":"2023-06-23T09:48:12+00:00","breadcrumb":{"@id":"https:\/\/www.siprem.it\/es\/prodotto\/lavado-de-toneles-y-depositos-de-acero-inoxidable\/#breadcrumb"},"inLanguage":"es","potentialAction":[{"@type":"ReadAction","target":["https:\/\/www.siprem.it\/es\/prodotto\/lavado-de-toneles-y-depositos-de-acero-inoxidable\/"]}]},{"@type":"ImageObject","inLanguage":"es","@id":"https:\/\/www.siprem.it\/es\/prodotto\/lavado-de-toneles-y-depositos-de-acero-inoxidable\/#primaryimage","url":"https:\/\/www.siprem.it\/wp-content\/uploads\/2023\/03\/lancia-ER_55-serbatoio-spaccato.jpg","contentUrl":"https:\/\/www.siprem.it\/wp-content\/uploads\/2023\/03\/lancia-ER_55-serbatoio-spaccato.jpg","width":411,"height":645,"caption":"Lavaggio Botti e Serbatoi Inox"},{"@type":"BreadcrumbList","@id":"https:\/\/www.siprem.it\/es\/prodotto\/lavado-de-toneles-y-depositos-de-acero-inoxidable\/#breadcrumb","itemListElement":[{"@type":"ListItem","position":1,"name":"Home","item":"https:\/\/www.siprem.it\/es\/"},{"@type":"ListItem","position":2,"name":"Productos","item":"https:\/\/www.siprem.it\/es\/shop\/"},{"@type":"ListItem","position":3,"name":"Lavado de Toneles y Dep\u00f3sitos de Acero Inoxidable"}]},{"@type":"WebSite","@id":"https:\/\/www.siprem.it\/es\/#website","url":"https:\/\/www.siprem.it\/es\/","name":"Impianti per la vinificazione - Siprem International Spa","description":"Pressatura Soffice per vini di qualit\u00e0","publisher":{"@id":"https:\/\/www.siprem.it\/es\/#organization"},"potentialAction":[{"@type":"SearchAction","target":{"@type":"EntryPoint","urlTemplate":"https:\/\/www.siprem.it\/es\/?s={search_term_string}"},"query-input":"required name=search_term_string"}],"inLanguage":"es"},{"@type":"Organization","@id":"https:\/\/www.siprem.it\/es\/#organization","name":"Impianti per la vinificazione - Siprem International Spa","url":"https:\/\/www.siprem.it\/es\/","logo":{"@type":"ImageObject","inLanguage":"es","@id":"https:\/\/www.siprem.it\/es\/#\/schema\/logo\/image\/","url":"https:\/\/www.siprem.it\/wp-content\/uploads\/2023\/03\/LOGO_BACKEND2.png","contentUrl":"https:\/\/www.siprem.it\/wp-content\/uploads\/2023\/03\/LOGO_BACKEND2.png","width":381,"height":167,"caption":"Impianti per la vinificazione - Siprem International Spa"},"image":{"@id":"https:\/\/www.siprem.it\/es\/#\/schema\/logo\/image\/"},"sameAs":["https:\/\/www.youtube.com\/channel\/UCw84hI8aGt0-S-05oMK1Z2g","https:\/\/www.linkedin.com\/company\/siprem-international-s.p.a\/"]}]}},"_links":{"self":[{"href":"https:\/\/www.siprem.it\/es\/wp-json\/wp\/v2\/product\/2269","targetHints":{"allow":["GET"]}}],"collection":[{"href":"https:\/\/www.siprem.it\/es\/wp-json\/wp\/v2\/product"}],"about":[{"href":"https:\/\/www.siprem.it\/es\/wp-json\/wp\/v2\/types\/product"}],"wp:featuredmedia":[{"embeddable":true,"href":"https:\/\/www.siprem.it\/es\/wp-json\/wp\/v2\/media\/1853"}],"wp:attachment":[{"href":"https:\/\/www.siprem.it\/es\/wp-json\/wp\/v2\/media?parent=2269"}],"wp:term":[{"taxonomy":"product_cat","embeddable":true,"href":"https:\/\/www.siprem.it\/es\/wp-json\/wp\/v2\/product_cat?post=2269"},{"taxonomy":"product_tag","embeddable":true,"href":"https:\/\/www.siprem.it\/es\/wp-json\/wp\/v2\/product_tag?post=2269"}],"curies":[{"name":"wp","href":"https:\/\/api.w.org\/{rel}","templated":true}]}}