{"id":2268,"date":"2023-03-29T12:42:50","date_gmt":"2023-03-29T10:42:50","guid":{"rendered":"https:\/\/www.siprem.it\/prodotto\/lavacassette\/"},"modified":"2023-06-23T11:46:19","modified_gmt":"2023-06-23T09:46:19","slug":"lavadora-de-cajas","status":"publish","type":"product","link":"https:\/\/www.siprem.it\/es\/prodotto\/lavadora-de-cajas\/","title":{"rendered":"Lavadora de Cajas"},"content":{"rendered":"<p>LP Simplex, con paneles de polietileno reforzados con bastidor de acero inoxidable AISI 304, bomba centr\u00edfuga, cadena de arrastre de cajas con variador mec\u00e1nico, enjuague final con agua corriente. Cepillo superior horizontal giratorio para la limpieza de residuos de tierra\/arcilla (opcional).<\/p>\n<p>Varios tipos de m\u00e1quinas de acero inoxidable. Soluciones en un \u00fanico sector para el lavado y el aclarado o con sectores separados para una limpieza m\u00e1s a fondo. Todas con cadena de transporte con variador de velocidad. Soluciones con boquillas fijas o con brazos giratorios motorizados, con cepillo superior, un par de cepillos laterales, dispositivo de ahorro de agua para bloquear el agua entrante cuando no hay cajas en la m\u00e1quina, etc.<\/p>\n","protected":false},"excerpt":{"rendered":"<p>LP Simplex, con paneles de polietileno reforzados con bastidor de acero inoxidable AISI 304, bomba centr\u00edfuga, cadena de arrastre de cajas con variador mec\u00e1nico, enjuague final con agua corriente. Cepillo superior horizontal giratorio para la limpieza de residuos de tierra\/arcilla (opcional).<\/p>\n","protected":false},"featured_media":1894,"template":"","meta":{"_acf_changed":false,"_et_pb_use_builder":"","_et_pb_old_content":"","_et_gb_content_width":""},"product_cat":[85],"product_tag":[],"class_list":{"0":"post-2268","1":"product","2":"type-product","3":"status-publish","4":"has-post-thumbnail","6":"product_cat-sistemas-de-lavado-y-desinfeccion","8":"first","9":"instock","10":"shipping-taxable","11":"product-type-simple"},"acf":[],"yoast_head":"<!-- This site is optimized with the Yoast SEO plugin v22.4 - https:\/\/yoast.com\/wordpress\/plugins\/seo\/ -->\n<title>Lavadora de Cajas - Impianti per la vinificazione - Siprem International Spa<\/title>\n<meta name=\"robots\" content=\"index, follow, max-snippet:-1, max-image-preview:large, max-video-preview:-1\" \/>\n<link rel=\"canonical\" href=\"https:\/\/www.siprem.it\/es\/prodotto\/lavadora-de-cajas\/\" \/>\n<meta property=\"og:locale\" content=\"es_ES\" \/>\n<meta property=\"og:type\" content=\"article\" \/>\n<meta property=\"og:title\" content=\"Lavadora de Cajas - Impianti per la vinificazione - Siprem International Spa\" \/>\n<meta property=\"og:description\" content=\"LP Simplex, con paneles de polietileno reforzados con bastidor de acero inoxidable AISI 304, bomba centr\u00edfuga, cadena de arrastre de cajas con variador mec\u00e1nico, enjuague final con agua corriente. Cepillo superior horizontal giratorio para la limpieza de residuos de tierra\/arcilla (opcional).\" \/>\n<meta property=\"og:site_name\" content=\"Impianti per la vinificazione - Siprem International Spa\" \/>\n<meta property=\"article:modified_time\" content=\"2023-06-23T09:46:19+00:00\" \/>\n<meta property=\"og:image\" content=\"https:\/\/www.siprem.it\/wp-content\/uploads\/2023\/03\/2013-08-13-12.35.39-1024x508-1.jpg\" \/>\n\t<meta property=\"og:image:width\" content=\"1024\" \/>\n\t<meta property=\"og:image:height\" content=\"508\" \/>\n\t<meta property=\"og:image:type\" content=\"image\/jpeg\" \/>\n<meta name=\"twitter:card\" content=\"summary_large_image\" \/>\n<meta name=\"twitter:label1\" content=\"Tiempo de lectura\" \/>\n\t<meta name=\"twitter:data1\" content=\"1 minuto\" \/>\n<script type=\"application\/ld+json\" class=\"yoast-schema-graph\">{\"@context\":\"https:\/\/schema.org\",\"@graph\":[{\"@type\":\"WebPage\",\"@id\":\"https:\/\/www.siprem.it\/es\/prodotto\/lavadora-de-cajas\/\",\"url\":\"https:\/\/www.siprem.it\/es\/prodotto\/lavadora-de-cajas\/\",\"name\":\"Lavadora de Cajas - Impianti per la vinificazione - Siprem International Spa\",\"isPartOf\":{\"@id\":\"https:\/\/www.siprem.it\/es\/#website\"},\"primaryImageOfPage\":{\"@id\":\"https:\/\/www.siprem.it\/es\/prodotto\/lavadora-de-cajas\/#primaryimage\"},\"image\":{\"@id\":\"https:\/\/www.siprem.it\/es\/prodotto\/lavadora-de-cajas\/#primaryimage\"},\"thumbnailUrl\":\"https:\/\/www.siprem.it\/wp-content\/uploads\/2023\/03\/2013-08-13-12.35.39-1024x508-1.jpg\",\"datePublished\":\"2023-03-29T10:42:50+00:00\",\"dateModified\":\"2023-06-23T09:46:19+00:00\",\"breadcrumb\":{\"@id\":\"https:\/\/www.siprem.it\/es\/prodotto\/lavadora-de-cajas\/#breadcrumb\"},\"inLanguage\":\"es\",\"potentialAction\":[{\"@type\":\"ReadAction\",\"target\":[\"https:\/\/www.siprem.it\/es\/prodotto\/lavadora-de-cajas\/\"]}]},{\"@type\":\"ImageObject\",\"inLanguage\":\"es\",\"@id\":\"https:\/\/www.siprem.it\/es\/prodotto\/lavadora-de-cajas\/#primaryimage\",\"url\":\"https:\/\/www.siprem.it\/wp-content\/uploads\/2023\/03\/2013-08-13-12.35.39-1024x508-1.jpg\",\"contentUrl\":\"https:\/\/www.siprem.it\/wp-content\/uploads\/2023\/03\/2013-08-13-12.35.39-1024x508-1.jpg\",\"width\":1024,\"height\":508,\"caption\":\"lavacassette\"},{\"@type\":\"BreadcrumbList\",\"@id\":\"https:\/\/www.siprem.it\/es\/prodotto\/lavadora-de-cajas\/#breadcrumb\",\"itemListElement\":[{\"@type\":\"ListItem\",\"position\":1,\"name\":\"Home\",\"item\":\"https:\/\/www.siprem.it\/es\/\"},{\"@type\":\"ListItem\",\"position\":2,\"name\":\"Productos\",\"item\":\"https:\/\/www.siprem.it\/es\/shop\/\"},{\"@type\":\"ListItem\",\"position\":3,\"name\":\"Lavadora de Cajas\"}]},{\"@type\":\"WebSite\",\"@id\":\"https:\/\/www.siprem.it\/es\/#website\",\"url\":\"https:\/\/www.siprem.it\/es\/\",\"name\":\"Impianti per la vinificazione - Siprem International Spa\",\"description\":\"Pressatura Soffice per vini di qualit\u00e0\",\"publisher\":{\"@id\":\"https:\/\/www.siprem.it\/es\/#organization\"},\"potentialAction\":[{\"@type\":\"SearchAction\",\"target\":{\"@type\":\"EntryPoint\",\"urlTemplate\":\"https:\/\/www.siprem.it\/es\/?s={search_term_string}\"},\"query-input\":\"required name=search_term_string\"}],\"inLanguage\":\"es\"},{\"@type\":\"Organization\",\"@id\":\"https:\/\/www.siprem.it\/es\/#organization\",\"name\":\"Impianti per la vinificazione - Siprem International Spa\",\"url\":\"https:\/\/www.siprem.it\/es\/\",\"logo\":{\"@type\":\"ImageObject\",\"inLanguage\":\"es\",\"@id\":\"https:\/\/www.siprem.it\/es\/#\/schema\/logo\/image\/\",\"url\":\"https:\/\/www.siprem.it\/wp-content\/uploads\/2023\/03\/LOGO_BACKEND2.png\",\"contentUrl\":\"https:\/\/www.siprem.it\/wp-content\/uploads\/2023\/03\/LOGO_BACKEND2.png\",\"width\":381,\"height\":167,\"caption\":\"Impianti per la vinificazione - Siprem International Spa\"},\"image\":{\"@id\":\"https:\/\/www.siprem.it\/es\/#\/schema\/logo\/image\/\"},\"sameAs\":[\"https:\/\/www.youtube.com\/channel\/UCw84hI8aGt0-S-05oMK1Z2g\",\"https:\/\/www.linkedin.com\/company\/siprem-international-s.p.a\/\"]}]}<\/script>\n<!-- \/ Yoast SEO plugin. -->","yoast_head_json":{"title":"Lavadora de Cajas - Impianti per la vinificazione - Siprem International Spa","robots":{"index":"index","follow":"follow","max-snippet":"max-snippet:-1","max-image-preview":"max-image-preview:large","max-video-preview":"max-video-preview:-1"},"canonical":"https:\/\/www.siprem.it\/es\/prodotto\/lavadora-de-cajas\/","og_locale":"es_ES","og_type":"article","og_title":"Lavadora de Cajas - Impianti per la vinificazione - Siprem International Spa","og_description":"LP Simplex, con paneles de polietileno reforzados con bastidor de acero inoxidable AISI 304, bomba centr\u00edfuga, cadena de arrastre de cajas con variador mec\u00e1nico, enjuague final con agua corriente. Cepillo superior horizontal giratorio para la limpieza de residuos de tierra\/arcilla (opcional).","og_site_name":"Impianti per la vinificazione - Siprem International Spa","article_modified_time":"2023-06-23T09:46:19+00:00","og_image":[{"width":1024,"height":508,"url":"https:\/\/www.siprem.it\/wp-content\/uploads\/2023\/03\/2013-08-13-12.35.39-1024x508-1.jpg","type":"image\/jpeg"}],"twitter_card":"summary_large_image","twitter_misc":{"Tiempo de lectura":"1 minuto"},"schema":{"@context":"https:\/\/schema.org","@graph":[{"@type":"WebPage","@id":"https:\/\/www.siprem.it\/es\/prodotto\/lavadora-de-cajas\/","url":"https:\/\/www.siprem.it\/es\/prodotto\/lavadora-de-cajas\/","name":"Lavadora de Cajas - Impianti per la vinificazione - Siprem International Spa","isPartOf":{"@id":"https:\/\/www.siprem.it\/es\/#website"},"primaryImageOfPage":{"@id":"https:\/\/www.siprem.it\/es\/prodotto\/lavadora-de-cajas\/#primaryimage"},"image":{"@id":"https:\/\/www.siprem.it\/es\/prodotto\/lavadora-de-cajas\/#primaryimage"},"thumbnailUrl":"https:\/\/www.siprem.it\/wp-content\/uploads\/2023\/03\/2013-08-13-12.35.39-1024x508-1.jpg","datePublished":"2023-03-29T10:42:50+00:00","dateModified":"2023-06-23T09:46:19+00:00","breadcrumb":{"@id":"https:\/\/www.siprem.it\/es\/prodotto\/lavadora-de-cajas\/#breadcrumb"},"inLanguage":"es","potentialAction":[{"@type":"ReadAction","target":["https:\/\/www.siprem.it\/es\/prodotto\/lavadora-de-cajas\/"]}]},{"@type":"ImageObject","inLanguage":"es","@id":"https:\/\/www.siprem.it\/es\/prodotto\/lavadora-de-cajas\/#primaryimage","url":"https:\/\/www.siprem.it\/wp-content\/uploads\/2023\/03\/2013-08-13-12.35.39-1024x508-1.jpg","contentUrl":"https:\/\/www.siprem.it\/wp-content\/uploads\/2023\/03\/2013-08-13-12.35.39-1024x508-1.jpg","width":1024,"height":508,"caption":"lavacassette"},{"@type":"BreadcrumbList","@id":"https:\/\/www.siprem.it\/es\/prodotto\/lavadora-de-cajas\/#breadcrumb","itemListElement":[{"@type":"ListItem","position":1,"name":"Home","item":"https:\/\/www.siprem.it\/es\/"},{"@type":"ListItem","position":2,"name":"Productos","item":"https:\/\/www.siprem.it\/es\/shop\/"},{"@type":"ListItem","position":3,"name":"Lavadora de Cajas"}]},{"@type":"WebSite","@id":"https:\/\/www.siprem.it\/es\/#website","url":"https:\/\/www.siprem.it\/es\/","name":"Impianti per la vinificazione - Siprem International Spa","description":"Pressatura Soffice per vini di qualit\u00e0","publisher":{"@id":"https:\/\/www.siprem.it\/es\/#organization"},"potentialAction":[{"@type":"SearchAction","target":{"@type":"EntryPoint","urlTemplate":"https:\/\/www.siprem.it\/es\/?s={search_term_string}"},"query-input":"required name=search_term_string"}],"inLanguage":"es"},{"@type":"Organization","@id":"https:\/\/www.siprem.it\/es\/#organization","name":"Impianti per la vinificazione - Siprem International Spa","url":"https:\/\/www.siprem.it\/es\/","logo":{"@type":"ImageObject","inLanguage":"es","@id":"https:\/\/www.siprem.it\/es\/#\/schema\/logo\/image\/","url":"https:\/\/www.siprem.it\/wp-content\/uploads\/2023\/03\/LOGO_BACKEND2.png","contentUrl":"https:\/\/www.siprem.it\/wp-content\/uploads\/2023\/03\/LOGO_BACKEND2.png","width":381,"height":167,"caption":"Impianti per la vinificazione - Siprem International Spa"},"image":{"@id":"https:\/\/www.siprem.it\/es\/#\/schema\/logo\/image\/"},"sameAs":["https:\/\/www.youtube.com\/channel\/UCw84hI8aGt0-S-05oMK1Z2g","https:\/\/www.linkedin.com\/company\/siprem-international-s.p.a\/"]}]}},"_links":{"self":[{"href":"https:\/\/www.siprem.it\/es\/wp-json\/wp\/v2\/product\/2268","targetHints":{"allow":["GET"]}}],"collection":[{"href":"https:\/\/www.siprem.it\/es\/wp-json\/wp\/v2\/product"}],"about":[{"href":"https:\/\/www.siprem.it\/es\/wp-json\/wp\/v2\/types\/product"}],"wp:featuredmedia":[{"embeddable":true,"href":"https:\/\/www.siprem.it\/es\/wp-json\/wp\/v2\/media\/1894"}],"wp:attachment":[{"href":"https:\/\/www.siprem.it\/es\/wp-json\/wp\/v2\/media?parent=2268"}],"wp:term":[{"taxonomy":"product_cat","embeddable":true,"href":"https:\/\/www.siprem.it\/es\/wp-json\/wp\/v2\/product_cat?post=2268"},{"taxonomy":"product_tag","embeddable":true,"href":"https:\/\/www.siprem.it\/es\/wp-json\/wp\/v2\/product_tag?post=2268"}],"curies":[{"name":"wp","href":"https:\/\/api.w.org\/{rel}","templated":true}]}}