{"id":2960,"date":"2023-06-21T12:54:44","date_gmt":"2023-06-21T10:54:44","guid":{"rendered":"https:\/\/www.siprem.it\/siprem-international-club\/"},"modified":"2023-08-03T17:15:24","modified_gmt":"2023-08-03T15:15:24","slug":"siprem-international-club","status":"publish","type":"page","link":"https:\/\/www.siprem.it\/es\/siprem-international-club\/","title":{"rendered":"siprem international club"},"content":{"rendered":"<p>[et_pb_section fb_built=\u00bb1&#8243; disabled_on=\u00bboff|off|off\u00bb admin_label=\u00bbHeader\u00bb _builder_version=\u00bb4.21.0&#8243; _module_preset=\u00bbdefault\u00bb background_enable_color=\u00bboff\u00bb background_image=\u00bbhttps:\/\/www.siprem.it\/wp-content\/uploads\/2023\/06\/uva-bianca_h1-scaled.jpg\u00bb background_position=\u00bbcenter_right\u00bb background_enable_video_mp4=\u00bboff\u00bb custom_margin=\u00bb||||false|false\u00bb custom_padding=\u00bb0px||0px||false|false\u00bb bottom_divider_height=\u00bb6vw\u00bb bottom_divider_arrangement=\u00bbabove_content\u00bb bottom_divider_height_tablet=\u00bb98px\u00bb bottom_divider_height_phone=\u00bb87px\u00bb bottom_divider_height_last_edited=\u00bboff|desktop\u00bb custom_css_main_element=\u00bboverflow:visible;\u00bb da_disable_devices=\u00bboff|off|off\u00bb border_color_all=\u00bb#FFFFFF\u00bb global_colors_info=\u00bb{%22gcid-635f7134-905b-4fb7-a1cd-9731d1830fe6%22:%91%22background_mask_color%22,%22background_color%22%93}\u00bb da_is_popup=\u00bboff\u00bb da_exit_intent=\u00bboff\u00bb da_has_close=\u00bbon\u00bb da_alt_close=\u00bboff\u00bb da_dark_close=\u00bboff\u00bb da_not_modal=\u00bbon\u00bb da_is_singular=\u00bboff\u00bb da_with_loader=\u00bboff\u00bb da_has_shadow=\u00bbon\u00bb][et_pb_row use_custom_gutter=\u00bbon\u00bb gutter_width=\u00bb1&#8243; make_equal=\u00bbon\u00bb _builder_version=\u00bb4.21.0&#8243; _module_preset=\u00bbdefault\u00bb background_enable_video_mp4=\u00bboff\u00bb z_index=\u00bb12&#8243; module_alignment=\u00bbcenter\u00bb custom_margin=\u00bb0px||0px||false|false\u00bb custom_padding=\u00bb0px||0px||false|false\u00bb border_radii=\u00bboff||||\u00bb global_colors_info=\u00bb{}\u00bb][et_pb_column type=\u00bb4_4&#8243; _builder_version=\u00bb4.20.2&#8243; _module_preset=\u00bbdefault\u00bb background_enable_video_mp4=\u00bboff\u00bb custom_padding=\u00bb5px||5px||true|false\u00bb global_colors_info=\u00bb{}\u00bb][et_pb_text _builder_version=\u00bb4.21.0&#8243; _module_preset=\u00bbdefault\u00bb text_font=\u00bbPoppins|300|||||||\u00bb text_font_size=\u00bb20px\u00bb text_line_height=\u00bb1.4em\u00bb link_font=\u00bb|600|||||||\u00bb link_text_color=\u00bb#FFFFFF\u00bb link_font_size=\u00bb22px\u00bb header_font=\u00bbPoppins|700|||||||\u00bb header_text_align=\u00bbcenter\u00bb header_text_color=\u00bb#FFFFFF\u00bb header_font_size=\u00bb60px\u00bb header_line_height=\u00bb1.2em\u00bb background_enable_color=\u00bboff\u00bb background_layout=\u00bbdark\u00bb custom_margin=\u00bb||||false|false\u00bb custom_padding=\u00bb80px||80px||true|false\u00bb header_font_size_tablet=\u00bb40px\u00bb header_font_size_phone=\u00bb24px\u00bb header_font_size_last_edited=\u00bbon|tablet\u00bb text_text_shadow_style=\u00bbpreset5&#8243; text_text_shadow_color=\u00bbrgba(0,0,0,0.6)\u00bb link_text_shadow_style=\u00bbpreset5&#8243; link_text_shadow_color=\u00bb#000000&#8243; border_radii=\u00bboff||||\u00bb global_colors_info=\u00bb{%22gcid-635f7134-905b-4fb7-a1cd-9731d1830fe6%22:%91%22background_color%22%93}\u00bb]<\/p>\n<h1>Siprem International Club<\/h1>\n<p>[\/et_pb_text][\/et_pb_column][\/et_pb_row][\/et_pb_section][et_pb_section fb_built=\u00bb1&#8243; admin_label=\u00bbSection\u00bb _builder_version=\u00bb4.20.2&#8243; _module_preset=\u00bbdefault\u00bb custom_margin=\u00bb||||false|false\u00bb custom_padding=\u00bb||20px||false|false\u00bb da_disable_devices=\u00bboff|off|off\u00bb global_colors_info=\u00bb{}\u00bb da_is_popup=\u00bboff\u00bb da_exit_intent=\u00bboff\u00bb da_has_close=\u00bbon\u00bb da_alt_close=\u00bboff\u00bb da_dark_close=\u00bboff\u00bb da_not_modal=\u00bbon\u00bb da_is_singular=\u00bboff\u00bb da_with_loader=\u00bboff\u00bb da_has_shadow=\u00bbon\u00bb][et_pb_row _builder_version=\u00bb4.20.2&#8243; _module_preset=\u00bbdefault\u00bb custom_margin=\u00bb|auto|26px|auto|false|false\u00bb global_colors_info=\u00bb{}\u00bb][et_pb_column type=\u00bb4_4&#8243; _builder_version=\u00bb4.19.4&#8243; _module_preset=\u00bbdefault\u00bb global_colors_info=\u00bb{}\u00bb][et_pb_text quote_border_weight=\u00bb0px\u00bb _builder_version=\u00bb4.21.0&#8243; _module_preset=\u00bbdefault\u00bb text_font=\u00bb|300|||||||\u00bb text_font_size=\u00bb17px\u00bb text_line_height=\u00bb1.6em\u00bb quote_text_color=\u00bb#cc0000&#8243; quote_font_size=\u00bb16px\u00bb header_font=\u00bb|700|||||||\u00bb header_text_color=\u00bb#cc0000&#8243; header_font_size=\u00bb70px\u00bb width=\u00bb80%\u00bb width_tablet=\u00bb80%\u00bb width_phone=\u00bb100%\u00bb width_last_edited=\u00bbon|phone\u00bb module_alignment=\u00bbcenter\u00bb custom_margin=\u00bb|||9px||\u00bb text_orientation_tablet=\u00bbcenter\u00bb text_orientation_phone=\u00bbcenter\u00bb text_orientation_last_edited=\u00bbon|tablet\u00bb global_colors_info=\u00bb{}\u00bb]<\/p>\n<p><span style=\"color: #cc0000;\"><strong>Siprem International Club<\/strong><\/span> es una asociaci\u00f3n que re\u00fane a los clientes m\u00e1s prestigiosos, fieles y representativos de nuestra empresa. Referencias de primer orden, nombres universalmente conocidos que dan fama a nuestra marca, persiguiendo, sobre la base de una sinergia ganadora, la calidad de su reconocido producto gracias a la notoria calidad de la gama Siprem International.[\/et_pb_text][et_pb_toggle title=\u00bbPLATINUM CARD\u00bb open_toggle_text_color=\u00bbgcid-635f7134-905b-4fb7-a1cd-9731d1830fe6&#8243; open_toggle_background_color=\u00bb#FFFFFF\u00bb icon_color=\u00bb#FFFFFF\u00bb _builder_version=\u00bb4.21.0&#8243; _module_preset=\u00bbdefault\u00bb title_text_color=\u00bb#FFFFFF\u00bb title_font=\u00bb|700|||||||\u00bb title_font_size=\u00bb35px\u00bb body_font=\u00bb|300|||||||\u00bb body_font_size=\u00bb17px\u00bb body_line_height=\u00bb1.8em\u00bb width=\u00bb80%\u00bb width_tablet=\u00bb80%\u00bb width_phone=\u00bb80%\u00bb width_last_edited=\u00bbon|phone\u00bb module_alignment=\u00bbcenter\u00bb text_orientation_tablet=\u00bbcenter\u00bb text_orientation_phone=\u00bbcenter\u00bb text_orientation_last_edited=\u00bbon|tablet\u00bb global_colors_info=\u00bb{%22gcid-635f7134-905b-4fb7-a1cd-9731d1830fe6%22:%91%22background_color%22,%22open_toggle_text_color%22,%22background_color%22,%22open_toggle_text_color%22,%22background_color%22,%22open_toggle_text_color%22%93}\u00bb title_font_size_tablet=\u00bb27px\u00bb title_font_size_phone=\u00bb23px\u00bb title_font_size_last_edited=\u00bbon|desktop\u00bb background_color=\u00bbgcid-635f7134-905b-4fb7-a1cd-9731d1830fe6&#8243;]<\/p>\n<p>El Platinum es una selecci\u00f3n limitada de nuestros mejores clientes, empresas que eligen nuestros servicios de consultor\u00eda en repetidas ocasiones, desarrollando as\u00ed excelentes sistemas de producci\u00f3n. Como parte de un club privilegiado, se benefician de beneficios exclusivos, servicios de consultor\u00eda personalizados y viajes de capacitaci\u00f3n exclusivos en lugares reservados para ellos.<\/p>\n<p><strong>Azienda Agricola Borgo Tintor<\/strong>&#8211; Gragisca d\u2019Isonzo (GO)<br \/><strong>Societ\u00e0 Agricola Toffoli<\/strong> &#8211; Refrontolo (TV)<br \/><strong>Azienda Agricola Francesco D\u2019Onofrio<\/strong> &#8211; Loreto Aprutino (PE)<br \/><strong>Azienda Agricola Quinta della Luna<\/strong> &#8211; San Quirino (PN)<br \/><strong>Livio Felluga Srl<\/strong> &#8211; Brazzano di Cormons (GO)<br \/><strong>Cantina Mareno<\/strong> &#8211; Mareno di Piave (TV)<br \/><strong>Societ\u00e0 Cooperativa Agricola Agrintesa<\/strong> &#8211; Faenza (RA)<br \/><strong>Podere CastoraniAz.<\/strong> &#8211; Alanno (PE)<br \/><strong>Az. Agr. Zucchetto Graziano<\/strong> &#8211; Sesto al Reghena (PN)<\/p>\n<p>[\/et_pb_toggle][et_pb_toggle title=\u00bbFIDELTY CARD\u00bb open_toggle_text_color=\u00bbgcid-635f7134-905b-4fb7-a1cd-9731d1830fe6&#8243; open_toggle_background_color=\u00bb#FFFFFF\u00bb icon_color=\u00bb#FFFFFF\u00bb _builder_version=\u00bb4.21.0&#8243; _module_preset=\u00bbdefault\u00bb title_text_color=\u00bb#FFFFFF\u00bb title_font=\u00bb|700|||||||\u00bb title_font_size=\u00bb35px\u00bb body_font=\u00bb|300|||||||\u00bb body_font_size=\u00bb17px\u00bb body_line_height=\u00bb1.8em\u00bb width=\u00bb80%\u00bb width_tablet=\u00bb80%\u00bb width_phone=\u00bb80%\u00bb width_last_edited=\u00bbon|phone\u00bb module_alignment=\u00bbcenter\u00bb text_orientation_tablet=\u00bbcenter\u00bb text_orientation_phone=\u00bbcenter\u00bb text_orientation_last_edited=\u00bbon|tablet\u00bb global_colors_info=\u00bb{%22gcid-635f7134-905b-4fb7-a1cd-9731d1830fe6%22:%91%22background_color%22,%22open_toggle_text_color%22,%22background_color%22,%22open_toggle_text_color%22,%22background_color%22,%22open_toggle_text_color%22,%22background_color%22%93}\u00bb title_font_size_tablet=\u00bb27px\u00bb title_font_size_phone=\u00bb23px\u00bb title_font_size_last_edited=\u00bbon|desktop\u00bb background_color=\u00bbgcid-635f7134-905b-4fb7-a1cd-9731d1830fe6&#8243;]<\/p>\n<p>Nuestro Fidelity incluye una selecci\u00f3n de clientes leales que han elegido la calidad de nuestra maquinaria durante varios a\u00f1os y se benefician de ventajas exclusivas reservadas para ellos.<\/p>\n<p><strong>Az. Agr. Degiorgis<\/strong> &#8211; Mango (CN)<br \/><strong>Azienda Agricola Poderi Cellario<\/strong> &#8211; Carr\u00f9 (CN)<br \/><strong>Castello del Poggio<\/strong> &#8211; Asti<br \/><strong>Morenica Soc. Agr<\/strong>. &#8211; Lonato (BS)<br \/><strong>Az. Agr. Le Cantorie<\/strong> &#8211; Gussago (BS)<br \/><strong>Coop. Agr. Soc. Eno Caccia<\/strong> &#8211; Pozzolengo (BS)<br \/><strong>Az. Agr. Romano Dal Forno<\/strong> &#8211; Cellore D\u2019Illasi (VR)<br \/><strong>Soc. Agr. C\u00e0 Rugate<\/strong> &#8211; Montecchia di Crosara (VR)<br \/><strong>Az. Agr. Sandro De Bruno<\/strong> &#8211; Terrossa di Ronc\u00e0 (VR)<br \/><strong>Az. Agr. Tanor\u00e8<\/strong> &#8211; S.Stefano di Valdobbiadene (TV)<br \/><strong>Villa Maria S.S.<\/strong> &#8211; Farra di Soligo (TV)<br \/><strong>Cantina Montelliana e dei Colli Asolani Sca<\/strong> &#8211; Montebelluna (TV)<br \/><strong>Cantina Soc. Coop. Tezze di Piave<\/strong> &#8211; Tezze di Piave (TV)<br \/><strong>Tenuta Bonotto delle Tezze<\/strong> &#8211; Tezze di Piave (TV)<br \/><strong>Az. Agr. Lis Neris<\/strong> &#8211; San Lorenzo Isontino (GO)<br \/><strong>Livio Felluga Srl<\/strong> &#8211; Brazzano di Cormons (GO)<br \/><strong>Borgo Tintor Az. Agr<\/strong>. &#8211; Gradisca d\u2019Isonzo (GO)<br \/><strong>Vigneti Piero Pittaro<\/strong> &#8211; Codroipo (UD)<br \/><strong>Viticoltori Friulani La Delizia Sca<\/strong> &#8211; Casarsa (PN)<br \/><strong>Cantina Mareno.<\/strong>&#8211; Mareno di Piave (TV)<br \/><strong>Valentino Butussi<\/strong> &#8211; Corno di Rosazzo (UD)<br \/><strong>Az. Agr. Zucchetto Graziano<\/strong> &#8211; Sesto al Reghena (PN)<br \/><strong>Az. Agr. Anselmi Giuseppe e Luigi<\/strong> &#8211; Pocenia (UD)<br \/><strong>Az. Agr. Muzic<\/strong> &#8211; San Floriano del Collio (GO)<br \/><strong>Cantina di Bertiolo<\/strong> &#8211; Bertiolo (UD)<br \/><strong>Agrintesa Soc. Coop. Agr<\/strong>. &#8211; Faenza (RA)<br \/><strong>Le Romagnole Soc. Coop. Agr.<\/strong> &#8211; Lugo di Romagna (RA)<br \/><strong>Tenuta del Monsignore<\/strong> &#8211; S.Giovanni in Mar. (RN)<br \/><strong>Gest. Agr. Colonna<\/strong> &#8211; Savignano sul Rub. (FO)<br \/><strong>Az. Agr. Branchini<\/strong> &#8211; Toscanella di Dozza (BO)<br \/><strong>Fattoria del Monticino Rosso<\/strong> &#8211; Imola (BO)<br \/><strong>C.S. Arceto<\/strong> &#8211; Arceto di Scandiano (RE)<br \/><strong>Az. Santa Barbara<\/strong> &#8211; Barbara (AN)<br \/><strong>La Vite Spa<\/strong> &#8211; Maiolati Spontini (AN)<br \/><strong>Az. Conti di Buscareto<\/strong> &#8211; Ostra (AN)<br \/><strong>Soc. Agr. Il Conventino di Monteciccardo<\/strong> &#8211; Monteciccardo (PU)<br \/><strong>Az. Agr. Roberto Lucarelli<\/strong> &#8211; Cartoceto (PU)<br \/><strong>Az. Agr. Filiberto Venturi<\/strong> &#8211; Castelleone di Suasa (AN)<br \/><strong>Az. Agr. Scacciadiavoli<\/strong> &#8211; Localit\u00e0 Cantinone, Montefalco (PG)<br \/><strong>Cantina Monrubio Scarl<\/strong> &#8211; Localit\u00e0 Le Prese 22 Monterubiaglio (TR)<br \/><strong>Cantine Bettona<\/strong> &#8211; Passaggio di Bettona (PG)<br \/><strong>Giancarlo Allegrini<\/strong> &#8211; Marino (RM)<br \/><strong>Tenuta Ulisse<\/strong> &#8211; Crecchio (CH)<br \/><strong>Az. Agr. Ciccio Zaccagnini<\/strong> &#8211; Bolognano (PE)<br \/><strong>Az. Vin. Torre Zambra<\/strong> &#8211; Villamagna (CH)<br \/><strong>Az. Agr. Jasci Donatello<\/strong> &#8211; Vasto (CH)<br \/><strong>Soc. Agr. D\u2019Alesio<\/strong> &#8211; Citt\u00e0 Sant\u2019Angelo (PE)<br \/><strong>Beringer Blass Italia Srl<\/strong> &#8211; Mercatale Val di Pesa (FI)<br \/><strong>Casa Vinicola Cecchi Sr<\/strong>l &#8211; Castellina in Chianti (SI)<br \/><strong>Podere Canneta Srl<\/strong> &#8211; Montalcino (SI)<br \/><strong>Cantina Pitigliano Coop a R.L<\/strong>. &#8211; Pitigliano (GR)<br \/><strong>Az. Vitivin. I Borboni<\/strong> -Lusciano (CE)<br \/><strong>Cantine Antonio Mazzella<\/strong> &#8211; Campagnano d\u2019Ischia (NA)<br \/><strong>Cantine Domenico Pulcino<\/strong> &#8211; Torrecuso (BN)<br \/><strong>Borgo Libert\u00e0 Csc<\/strong> &#8211; Cerignola (FG)<br \/><strong>Cantina Cliternia Soc. Coop. Agr.<\/strong> &#8211; Campomarino (CB)<br \/><strong>Frantoio Oleario Intini Pasquale<\/strong> &#8211; Putignano (BA)<br \/><strong>Produttori Agricoli Soc. Coop.<\/strong> &#8211; Canosa di Puglia (BA)<br \/><strong>Di Majo Norante<\/strong> &#8211; Campomarino (CB)<br \/><strong>Vinicola Mastricci<\/strong> &#8211; Cerignola (FG)<br \/><strong>Fina Vini Srl<\/strong> &#8211; Marsala (TP)<br \/><strong>Vivera Soc. Cons.<\/strong> &#8211; Catania (CT)<br \/><strong>Terradeicieli di Giambalvo Antonino &amp; C Sas<\/strong> &#8211; Menfi (AG)<br \/><strong>Argiolas Spa<\/strong> &#8211; Serdiana (CA)<br \/><strong>S. Dolianova<\/strong> &#8211; Dolianova (CA)<br \/><strong>Cantina Giogantinu<\/strong> &#8211; Berchidda (SS)<br \/><strong>Sella &amp; Mosca Spa<\/strong> &#8211; Alghero (SS)<br \/><strong>Vini &amp; Distillati Angelo Delea SA<\/strong> &#8211; Losone (Svizzera)<br \/><strong>Movia Kristancic Ales<\/strong> &#8211; Dobrovo (Slovenia)<br \/><strong>Az. Agr. Le Manzan<\/strong>e &#8211; S. Pietro di Feletto (TV)<br \/><strong>Villa Schinosa<\/strong> &#8211; Trani (BA)<br \/><strong>Soc. Agr. Bisci<\/strong> &#8211; Matelica (MC)<br \/><strong>Vinicola San Martino<\/strong> &#8211; Farra di Soligo (TV)<br \/><strong>C. S. Puianello e Coviolo<\/strong> &#8211; Puianello di Quatto C. (RE)<\/p>\n<p>[\/et_pb_toggle][\/et_pb_column][\/et_pb_row][\/et_pb_section]<\/p>\n","protected":false},"excerpt":{"rendered":"<p>Siprem International ClubSiprem International Club es una asociaci\u00f3n que re\u00fane a los clientes m\u00e1s prestigiosos, fieles y representativos de nuestra empresa. Referencias de primer orden, nombres universalmente conocidos que dan fama a nuestra marca, persiguiendo, sobre la base de una sinergia ganadora, la calidad de su reconocido producto gracias a la notoria calidad de la [&hellip;]<\/p>\n","protected":false},"author":1,"featured_media":2784,"parent":0,"menu_order":0,"comment_status":"closed","ping_status":"closed","template":"","meta":{"_acf_changed":false,"_et_pb_use_builder":"on","_et_pb_old_content":"","_et_gb_content_width":"","footnotes":""},"class_list":["post-2960","page","type-page","status-publish","has-post-thumbnail","hentry"],"acf":[],"yoast_head":"<!-- This site is optimized with the Yoast SEO plugin v22.4 - https:\/\/yoast.com\/wordpress\/plugins\/seo\/ -->\n<title>siprem international club - Impianti per la vinificazione - Siprem International Spa<\/title>\n<meta name=\"robots\" content=\"index, follow, max-snippet:-1, max-image-preview:large, max-video-preview:-1\" \/>\n<link rel=\"canonical\" href=\"https:\/\/www.siprem.it\/es\/siprem-international-club\/\" \/>\n<meta property=\"og:locale\" content=\"es_ES\" \/>\n<meta property=\"og:type\" content=\"article\" \/>\n<meta property=\"og:title\" content=\"siprem international club - Impianti per la vinificazione - Siprem International Spa\" \/>\n<meta property=\"og:description\" content=\"Siprem International ClubSiprem International Club es una asociaci\u00f3n que re\u00fane a los clientes m\u00e1s prestigiosos, fieles y representativos de nuestra empresa. Referencias de primer orden, nombres universalmente conocidos que dan fama a nuestra marca, persiguiendo, sobre la base de una sinergia ganadora, la calidad de su reconocido producto gracias a la notoria calidad de la [&hellip;]\" \/>\n<meta property=\"og:site_name\" content=\"Impianti per la vinificazione - Siprem International Spa\" \/>\n<meta property=\"article:modified_time\" content=\"2023-08-03T15:15:24+00:00\" \/>\n<meta property=\"og:image\" content=\"https:\/\/www.siprem.it\/wp-content\/uploads\/2023\/07\/siprem-thumbnail.jpg\" \/>\n\t<meta property=\"og:image:width\" content=\"1920\" \/>\n\t<meta property=\"og:image:height\" content=\"1080\" \/>\n\t<meta property=\"og:image:type\" content=\"image\/jpeg\" \/>\n<meta name=\"twitter:card\" content=\"summary_large_image\" \/>\n<meta name=\"twitter:label1\" content=\"Tiempo de lectura\" \/>\n\t<meta name=\"twitter:data1\" content=\"8 minutos\" \/>\n<script type=\"application\/ld+json\" class=\"yoast-schema-graph\">{\"@context\":\"https:\/\/schema.org\",\"@graph\":[{\"@type\":\"WebPage\",\"@id\":\"https:\/\/www.siprem.it\/es\/siprem-international-club\/\",\"url\":\"https:\/\/www.siprem.it\/es\/siprem-international-club\/\",\"name\":\"siprem international club - Impianti per la vinificazione - Siprem International Spa\",\"isPartOf\":{\"@id\":\"https:\/\/www.siprem.it\/es\/#website\"},\"primaryImageOfPage\":{\"@id\":\"https:\/\/www.siprem.it\/es\/siprem-international-club\/#primaryimage\"},\"image\":{\"@id\":\"https:\/\/www.siprem.it\/es\/siprem-international-club\/#primaryimage\"},\"thumbnailUrl\":\"https:\/\/www.siprem.it\/wp-content\/uploads\/2023\/07\/siprem-thumbnail.jpg\",\"datePublished\":\"2023-06-21T10:54:44+00:00\",\"dateModified\":\"2023-08-03T15:15:24+00:00\",\"breadcrumb\":{\"@id\":\"https:\/\/www.siprem.it\/es\/siprem-international-club\/#breadcrumb\"},\"inLanguage\":\"es\",\"potentialAction\":[{\"@type\":\"ReadAction\",\"target\":[\"https:\/\/www.siprem.it\/es\/siprem-international-club\/\"]}]},{\"@type\":\"ImageObject\",\"inLanguage\":\"es\",\"@id\":\"https:\/\/www.siprem.it\/es\/siprem-international-club\/#primaryimage\",\"url\":\"https:\/\/www.siprem.it\/wp-content\/uploads\/2023\/07\/siprem-thumbnail.jpg\",\"contentUrl\":\"https:\/\/www.siprem.it\/wp-content\/uploads\/2023\/07\/siprem-thumbnail.jpg\",\"width\":1920,\"height\":1080},{\"@type\":\"BreadcrumbList\",\"@id\":\"https:\/\/www.siprem.it\/es\/siprem-international-club\/#breadcrumb\",\"itemListElement\":[{\"@type\":\"ListItem\",\"position\":1,\"name\":\"Home\",\"item\":\"https:\/\/www.siprem.it\/es\/\"},{\"@type\":\"ListItem\",\"position\":2,\"name\":\"siprem international club\"}]},{\"@type\":\"WebSite\",\"@id\":\"https:\/\/www.siprem.it\/es\/#website\",\"url\":\"https:\/\/www.siprem.it\/es\/\",\"name\":\"Impianti per la vinificazione - Siprem International Spa\",\"description\":\"Pressatura Soffice per vini di qualit\u00e0\",\"publisher\":{\"@id\":\"https:\/\/www.siprem.it\/es\/#organization\"},\"potentialAction\":[{\"@type\":\"SearchAction\",\"target\":{\"@type\":\"EntryPoint\",\"urlTemplate\":\"https:\/\/www.siprem.it\/es\/?s={search_term_string}\"},\"query-input\":\"required name=search_term_string\"}],\"inLanguage\":\"es\"},{\"@type\":\"Organization\",\"@id\":\"https:\/\/www.siprem.it\/es\/#organization\",\"name\":\"Impianti per la vinificazione - Siprem International Spa\",\"url\":\"https:\/\/www.siprem.it\/es\/\",\"logo\":{\"@type\":\"ImageObject\",\"inLanguage\":\"es\",\"@id\":\"https:\/\/www.siprem.it\/es\/#\/schema\/logo\/image\/\",\"url\":\"https:\/\/www.siprem.it\/wp-content\/uploads\/2023\/03\/LOGO_BACKEND2.png\",\"contentUrl\":\"https:\/\/www.siprem.it\/wp-content\/uploads\/2023\/03\/LOGO_BACKEND2.png\",\"width\":381,\"height\":167,\"caption\":\"Impianti per la vinificazione - Siprem International Spa\"},\"image\":{\"@id\":\"https:\/\/www.siprem.it\/es\/#\/schema\/logo\/image\/\"},\"sameAs\":[\"https:\/\/www.youtube.com\/channel\/UCw84hI8aGt0-S-05oMK1Z2g\",\"https:\/\/www.linkedin.com\/company\/siprem-international-s.p.a\/\"]}]}<\/script>\n<!-- \/ Yoast SEO plugin. -->","yoast_head_json":{"title":"siprem international club - Impianti per la vinificazione - Siprem International Spa","robots":{"index":"index","follow":"follow","max-snippet":"max-snippet:-1","max-image-preview":"max-image-preview:large","max-video-preview":"max-video-preview:-1"},"canonical":"https:\/\/www.siprem.it\/es\/siprem-international-club\/","og_locale":"es_ES","og_type":"article","og_title":"siprem international club - Impianti per la vinificazione - Siprem International Spa","og_description":"Siprem International ClubSiprem International Club es una asociaci\u00f3n que re\u00fane a los clientes m\u00e1s prestigiosos, fieles y representativos de nuestra empresa. Referencias de primer orden, nombres universalmente conocidos que dan fama a nuestra marca, persiguiendo, sobre la base de una sinergia ganadora, la calidad de su reconocido producto gracias a la notoria calidad de la [&hellip;]","og_site_name":"Impianti per la vinificazione - Siprem International Spa","article_modified_time":"2023-08-03T15:15:24+00:00","og_image":[{"width":1920,"height":1080,"url":"https:\/\/www.siprem.it\/wp-content\/uploads\/2023\/07\/siprem-thumbnail.jpg","type":"image\/jpeg"}],"twitter_card":"summary_large_image","twitter_misc":{"Tiempo de lectura":"8 minutos"},"schema":{"@context":"https:\/\/schema.org","@graph":[{"@type":"WebPage","@id":"https:\/\/www.siprem.it\/es\/siprem-international-club\/","url":"https:\/\/www.siprem.it\/es\/siprem-international-club\/","name":"siprem international club - Impianti per la vinificazione - Siprem International Spa","isPartOf":{"@id":"https:\/\/www.siprem.it\/es\/#website"},"primaryImageOfPage":{"@id":"https:\/\/www.siprem.it\/es\/siprem-international-club\/#primaryimage"},"image":{"@id":"https:\/\/www.siprem.it\/es\/siprem-international-club\/#primaryimage"},"thumbnailUrl":"https:\/\/www.siprem.it\/wp-content\/uploads\/2023\/07\/siprem-thumbnail.jpg","datePublished":"2023-06-21T10:54:44+00:00","dateModified":"2023-08-03T15:15:24+00:00","breadcrumb":{"@id":"https:\/\/www.siprem.it\/es\/siprem-international-club\/#breadcrumb"},"inLanguage":"es","potentialAction":[{"@type":"ReadAction","target":["https:\/\/www.siprem.it\/es\/siprem-international-club\/"]}]},{"@type":"ImageObject","inLanguage":"es","@id":"https:\/\/www.siprem.it\/es\/siprem-international-club\/#primaryimage","url":"https:\/\/www.siprem.it\/wp-content\/uploads\/2023\/07\/siprem-thumbnail.jpg","contentUrl":"https:\/\/www.siprem.it\/wp-content\/uploads\/2023\/07\/siprem-thumbnail.jpg","width":1920,"height":1080},{"@type":"BreadcrumbList","@id":"https:\/\/www.siprem.it\/es\/siprem-international-club\/#breadcrumb","itemListElement":[{"@type":"ListItem","position":1,"name":"Home","item":"https:\/\/www.siprem.it\/es\/"},{"@type":"ListItem","position":2,"name":"siprem international club"}]},{"@type":"WebSite","@id":"https:\/\/www.siprem.it\/es\/#website","url":"https:\/\/www.siprem.it\/es\/","name":"Impianti per la vinificazione - Siprem International Spa","description":"Pressatura Soffice per vini di qualit\u00e0","publisher":{"@id":"https:\/\/www.siprem.it\/es\/#organization"},"potentialAction":[{"@type":"SearchAction","target":{"@type":"EntryPoint","urlTemplate":"https:\/\/www.siprem.it\/es\/?s={search_term_string}"},"query-input":"required name=search_term_string"}],"inLanguage":"es"},{"@type":"Organization","@id":"https:\/\/www.siprem.it\/es\/#organization","name":"Impianti per la vinificazione - Siprem International Spa","url":"https:\/\/www.siprem.it\/es\/","logo":{"@type":"ImageObject","inLanguage":"es","@id":"https:\/\/www.siprem.it\/es\/#\/schema\/logo\/image\/","url":"https:\/\/www.siprem.it\/wp-content\/uploads\/2023\/03\/LOGO_BACKEND2.png","contentUrl":"https:\/\/www.siprem.it\/wp-content\/uploads\/2023\/03\/LOGO_BACKEND2.png","width":381,"height":167,"caption":"Impianti per la vinificazione - Siprem International Spa"},"image":{"@id":"https:\/\/www.siprem.it\/es\/#\/schema\/logo\/image\/"},"sameAs":["https:\/\/www.youtube.com\/channel\/UCw84hI8aGt0-S-05oMK1Z2g","https:\/\/www.linkedin.com\/company\/siprem-international-s.p.a\/"]}]}},"_links":{"self":[{"href":"https:\/\/www.siprem.it\/es\/wp-json\/wp\/v2\/pages\/2960","targetHints":{"allow":["GET"]}}],"collection":[{"href":"https:\/\/www.siprem.it\/es\/wp-json\/wp\/v2\/pages"}],"about":[{"href":"https:\/\/www.siprem.it\/es\/wp-json\/wp\/v2\/types\/page"}],"author":[{"embeddable":true,"href":"https:\/\/www.siprem.it\/es\/wp-json\/wp\/v2\/users\/1"}],"replies":[{"embeddable":true,"href":"https:\/\/www.siprem.it\/es\/wp-json\/wp\/v2\/comments?post=2960"}],"version-history":[{"count":4,"href":"https:\/\/www.siprem.it\/es\/wp-json\/wp\/v2\/pages\/2960\/revisions"}],"predecessor-version":[{"id":5132,"href":"https:\/\/www.siprem.it\/es\/wp-json\/wp\/v2\/pages\/2960\/revisions\/5132"}],"wp:featuredmedia":[{"embeddable":true,"href":"https:\/\/www.siprem.it\/es\/wp-json\/wp\/v2\/media\/2784"}],"wp:attachment":[{"href":"https:\/\/www.siprem.it\/es\/wp-json\/wp\/v2\/media?parent=2960"}],"curies":[{"name":"wp","href":"https:\/\/api.w.org\/{rel}","templated":true}]}}